{"id":10921,"date":"2024-09-30T16:23:46","date_gmt":"2024-09-30T14:23:46","guid":{"rendered":"https:\/\/www.panoramamarbella.com\/marbella-immobilienmarktbericht\/2023-edition"},"modified":"2025-06-30T17:02:51","modified_gmt":"2025-06-30T15:02:51","slug":"2023-auflage","status":"publish","type":"page","link":"https:\/\/www.panoramamarbella.com\/de\/marbella-immobilienmarktbericht\/2023-auflage","title":{"rendered":"Der Marbella-Immobilienmarktbericht 2023"},"content":{"rendered":"<div class=\"lead\"><p>Es gibt eine <a href=\"https:\/\/www.panoramamarbella.com\/de\/marbella-immobilienmarktbericht\">neue Version des preisgekr\u00f6nten Marbella-Immobilienmarktberichts<\/a> von Christopher Clover, Gesch\u00e4ftsf\u00fchrer von Panorama, Marbellas \u00e4ltestem Immobilienb\u00fcro.<\/p>\n<p>Christopher Clover, Gesch\u00e4ftsf\u00fchrer von Panorama, schreibt diesen Bericht 2023 \u00fcber den Immobilienmarkt in Marbella, Costa del Sol, Spanien.<\/p>\n<\/div>\n\n\n\n<div style=\"position:relative;padding-top:max(60%,326px);height:0;width:100%\" class=\"mb-6\"><iframe allow=\"clipboard-write\" sandbox=\"allow-top-navigation allow-top-navigation-by-user-activation allow-downloads allow-scripts allow-same-origin allow-popups allow-modals allow-popups-to-escape-sandbox allow-forms\" allowfullscreen=\"true\" style=\"position:absolute;border:none;width:100%;height:100%;left:0;right:0;top:0;bottom:0;\" src=\"https:\/\/e.issuu.com\/embed.html?d=bericht_u_ber_den_immobilienmarkt_in_marbella_2023&#038;u=panorama\" class=\"mt-2\"><\/iframe><\/div>\n\n\n\n\n\n&nbsp;\n\n","protected":false},"excerpt":{"rendered":"","protected":false},"author":2,"featured_media":0,"parent":29884,"menu_order":1,"comment_status":"closed","ping_status":"closed","template":"","meta":{"_acf_changed":false,"footnotes":""},"class_list":["post-10921","page","type-page","status-publish","hentry"],"acf":[],"_links":{"self":[{"href":"https:\/\/www.panoramamarbella.com\/de\/wp-json\/wp\/v2\/pages\/10921","targetHints":{"allow":["GET"]}}],"collection":[{"href":"https:\/\/www.panoramamarbella.com\/de\/wp-json\/wp\/v2\/pages"}],"about":[{"href":"https:\/\/www.panoramamarbella.com\/de\/wp-json\/wp\/v2\/types\/page"}],"author":[{"embeddable":true,"href":"https:\/\/www.panoramamarbella.com\/de\/wp-json\/wp\/v2\/users\/2"}],"replies":[{"embeddable":true,"href":"https:\/\/www.panoramamarbella.com\/de\/wp-json\/wp\/v2\/comments?post=10921"}],"version-history":[{"count":1,"href":"https:\/\/www.panoramamarbella.com\/de\/wp-json\/wp\/v2\/pages\/10921\/revisions"}],"predecessor-version":[{"id":19247,"href":"https:\/\/www.panoramamarbella.com\/de\/wp-json\/wp\/v2\/pages\/10921\/revisions\/19247"}],"up":[{"embeddable":true,"href":"https:\/\/www.panoramamarbella.com\/de\/wp-json\/wp\/v2\/pages\/29884"}],"wp:attachment":[{"href":"https:\/\/www.panoramamarbella.com\/de\/wp-json\/wp\/v2\/media?parent=10921"}],"curies":[{"name":"wp","href":"https:\/\/api.w.org\/{rel}","templated":true}]}}