{"id":30698,"date":"2025-10-23T17:47:55","date_gmt":"2025-10-23T15:47:55","guid":{"rendered":"https:\/\/www.panoramamarbella.com\/marbella-immobilienmarktbericht\/2024-2025-edition"},"modified":"2025-12-16T13:58:40","modified_gmt":"2025-12-16T12:58:40","slug":"2024-2025-auflage","status":"publish","type":"page","link":"https:\/\/www.panoramamarbella.com\/de\/marbella-immobilienmarktbericht\/2024-2025-auflage","title":{"rendered":"Der Marbella-Immobilienmarktbericht 2024-2025"},"content":{"rendered":"<div class=\"lead\"><p>Es gibt eine <a title=\"Der Immobilienmarktbericht f\u00fcr Marbella\" href=\"\/de\/marbella-immobilienmarktbericht\">neue Version<\/a> des preisgekr\u00f6nten Immobilienmarktberichts f\u00fcr Marbella von Christopher Clover, Gesch\u00e4ftsf\u00fchrer von Panorama, Marbellas \u00e4ltester Immobilienagentur.<\/p>\n<p>Christopher Clover, Gesch\u00e4ftsf\u00fchrer von Panorama, verfasst diesen Bericht f\u00fcr 2024-2025 \u00fcber den Immobilienmarkt in Marbella, Costa del Sol, Spanien.<\/p>\n<\/div>\n\n\n\n<div style=\"position:relative;padding-top:max(60%,326px);height:0;width:100%\" class=\"mb-6\"><iframe allow=\"clipboard-write\" sandbox=\"allow-top-navigation allow-top-navigation-by-user-activation allow-downloads allow-scripts allow-same-origin allow-popups allow-modals allow-popups-to-escape-sandbox allow-forms\" allowfullscreen=\"true\" style=\"position:absolute;border:none;width:100%;height:100%;left:0;right:0;top:0;bottom:0;\" src=\"https:\/\/e.issuu.com\/embed.html?d=immobilienmarktbericht_marbella_2024-2025&#038;u=panorama\" class=\"mt-2\"><\/iframe><\/div>\n\n\n\n\n\n<a href=\"https:\/\/www.panoramamarbella.com\/de\/marbella-immobilienmarktbericht\" class=\"pb-6\">Lesen Sie die neueste Ausgabe.<\/a>\n<p>&nbsp;<\/p>\n\n","protected":false},"excerpt":{"rendered":"","protected":false},"author":8,"featured_media":0,"parent":29884,"menu_order":0,"comment_status":"closed","ping_status":"closed","template":"","meta":{"_acf_changed":false,"footnotes":""},"class_list":["post-30698","page","type-page","status-publish","hentry"],"acf":[],"_links":{"self":[{"href":"https:\/\/www.panoramamarbella.com\/de\/wp-json\/wp\/v2\/pages\/30698","targetHints":{"allow":["GET"]}}],"collection":[{"href":"https:\/\/www.panoramamarbella.com\/de\/wp-json\/wp\/v2\/pages"}],"about":[{"href":"https:\/\/www.panoramamarbella.com\/de\/wp-json\/wp\/v2\/types\/page"}],"author":[{"embeddable":true,"href":"https:\/\/www.panoramamarbella.com\/de\/wp-json\/wp\/v2\/users\/8"}],"replies":[{"embeddable":true,"href":"https:\/\/www.panoramamarbella.com\/de\/wp-json\/wp\/v2\/comments?post=30698"}],"version-history":[{"count":1,"href":"https:\/\/www.panoramamarbella.com\/de\/wp-json\/wp\/v2\/pages\/30698\/revisions"}],"predecessor-version":[{"id":31710,"href":"https:\/\/www.panoramamarbella.com\/de\/wp-json\/wp\/v2\/pages\/30698\/revisions\/31710"}],"up":[{"embeddable":true,"href":"https:\/\/www.panoramamarbella.com\/de\/wp-json\/wp\/v2\/pages\/29884"}],"wp:attachment":[{"href":"https:\/\/www.panoramamarbella.com\/de\/wp-json\/wp\/v2\/media?parent=30698"}],"curies":[{"name":"wp","href":"https:\/\/api.w.org\/{rel}","templated":true}]}}