{"id":4003,"date":"2024-06-14T11:36:11","date_gmt":"2024-06-14T09:36:11","guid":{"rendered":"https:\/\/www.panoramamarbella.com\/?page_id=4003"},"modified":"2024-06-14T12:05:20","modified_gmt":"2024-06-14T10:05:20","slug":"rechtliche-regulatorische-informationen","status":"publish","type":"page","link":"https:\/\/www.panoramamarbella.com\/de\/rechtliche-regulatorische-informationen","title":{"rendered":"Rechtliche &amp; Regulatorische Informationen"},"content":{"rendered":"\n\n<h2 class=\"wp-block-heading\">1. Rechtliche Informationen und Akzeptanz<\/h2>\n\n\n\n<p>In \u00dcbereinstimmung mit Artikel <strong>10 des Gesetzes 34\/2002<\/strong> vom 11. Juli \u00fcber die Dienste der Informationsgesellschaft und den elektronischen Handel werden im Folgenden die Identifikationsdaten des Unternehmens angegeben. Dieses Internetportal wird den Nutzern von dem Unternehmen zur Verf\u00fcgung gestellt, dessen Identifikationsdaten lauten:<\/p>\n\n\n\n<table class=\"table table-bordered table-striped\"><tbody><tr><td>Name des Unternehmens:<\/td><td><strong>Panorama Properties, S.L<\/strong><\/td><\/tr><tr><td>C.I.F.:<\/td><td>B29748340<\/td><\/tr><tr><td>Firmenanschrift:<\/td><td>Avenida Alfonso de Hohenlohe s\/n, Edificio Centro Expo. Local 30 29602 Marbella M\u00e1laga<\/td><\/tr><tr><td>Telefon<\/td><td>952774266<\/td><\/tr><tr><td><a href=\"E-Mail:\">E-Mail:<\/a><\/td><td>info@panorama.es<\/td><\/tr><tr><td><a href=\"Registrierungsdaten:\">Registrierungsdaten:<\/a><\/td><td>Registro Mercantil de M\u00e1laga, Tomo 1744, Libro 657, Folio 5, Secci\u00f3n 8, Hoja MA 22614, Inscripci\u00f3n 5\u00aa (8.02.06)<\/td><\/tr><\/tbody><\/table>\n\n\n\n<p>In diesem rechtlichen Hinweis werden die allgemeinen Bedingungen f\u00fcr den Zugang zu und die Nutzung dieser Website, im Folgenden &#8222;die Website&#8220; genannt, dargelegt. Die Nutzung der Website setzt die ausdr\u00fcckliche und vollst\u00e4ndige Annahme dieser allgemeinen Bedingungen in der zum Zeitpunkt des Zugriffs des Nutzers auf die Website ver\u00f6ffentlichten Fassung voraus, unbeschadet der besonderen Bedingungen, die f\u00fcr einige der spezifischen Dienste der Website gelten k\u00f6nnen.<\/p>\n\n\n\n<p>Der Zugang zur Website ist kostenlos, mit Ausnahme der Kosten f\u00fcr die Verbindung \u00fcber das Telekommunikationsnetz, die von dem von den Nutzern beauftragten Zugangsanbieter bereitgestellt werden. Bestimmte Dienste sind exklusiv f\u00fcr unsere Kunden und der Zugang zu ihnen ist beschr\u00e4nkt.<\/p>\n\n\n\n<p>Die Nutzung des Portals verleiht die Eigenschaft eines Portalbenutzers (im Folgenden &#8222;Benutzer&#8220; genannt) und setzt die Annahme aller in diesem rechtlichen Hinweis enthaltenen Bedingungen voraus. Die Bereitstellung des Portaldienstes ist auf die Zeit beschr\u00e4nkt, in der der Nutzer mit dem Portal oder einem der \u00fcber das Portal angebotenen Dienste verbunden ist. Daher muss der Nutzer diesen rechtlichen Hinweis jedes Mal, wenn er das Portal nutzen m\u00f6chte, sorgf\u00e4ltig lesen, da das Portal und die in diesem rechtlichen Hinweis dargelegten Nutzungsbedingungen \u00c4nderungen unterliegen k\u00f6nnen.<\/p>\n\n\n\n<p>Einige Dienstleistungen des Portals, die den Internetnutzern zug\u00e4nglich sind oder ausschlie\u00dflich den Kunden von <strong>Panorama Properties, S.L<\/strong> vorbehalten sind, k\u00f6nnen besonderen Bedingungen, Vorschriften und Anweisungen unterliegen, die gegebenenfalls diesen rechtlichen Hinweis ersetzen, erg\u00e4nzen und\/oder ab\u00e4ndern und die vom Nutzer akzeptiert werden m\u00fcssen, bevor die entsprechende Dienstleistung erbracht wird.<\/p>\n\n\n\n<h2 class=\"wp-block-heading\">2. Geistiges und gewerbliches Eigentum<\/h2>\n\n\n\n<p>Diese Website und ihr Inhalt sind durch die geltenden Rechtsvorschriften \u00fcber geistiges Eigentum gesch\u00fctzt.<\/p>\n\n\n\n<p><strong>Panorama Properties, S.L<\/strong> ist Eigent\u00fcmer oder Lizenznehmer aller geistigen und gewerblichen Eigentumsrechte an seiner Website sowie an den darin enthaltenen Elementen. Daher ist die Vervielf\u00e4ltigung, Verbreitung, \u00f6ffentliche Bekanntmachung und Umwandlung des gesamten oder eines Teils des Inhalts dieser Website zu kommerziellen Zwecken in jedem Medium und mit jedem technischen Mittel ohne die in den Nutzungsbedingungen enthaltene Genehmigung von <strong>Panorama Properties, S.L<\/strong> ausdr\u00fccklich verboten.<\/p>\n\n\n\n<p>Die Marken, Handelsnamen oder Unterscheidungszeichen sind Eigentum von <strong>Panorama Properties, S.L<\/strong>, entweder durch gewerbliches oder geistiges Eigentum, und der Zugriff auf das Portal darf nicht so ausgelegt werden, dass ein Recht auf die genannten Marken, Handelsnamen und\/oder Unterscheidungszeichen \u00fcbertragen wird.<\/p>\n\n\n\n<p>Alle Produkte und Dienstleistungen auf diesen Seiten, die NICHT Eigentum von <strong>Panorama Properties, S.L<\/strong> sind, sind eingetragene Marken der jeweiligen Eigent\u00fcmer und werden von unserem Unternehmen als solche anerkannt. Sie erscheinen auf der Website von <strong>Panorama Properties, S.L<\/strong> nur zu Werbe- und Informationszwecken. Diese Eigent\u00fcmer k\u00f6nnen die \u00c4nderung oder L\u00f6schung der ihnen geh\u00f6renden Informationen verlangen.<\/p>\n\n\n\n<h2 class=\"wp-block-heading\">3. Bedingungen f\u00fcr die Nutzung des Portals<\/h2>\n\n\n\n<h3 class=\"wp-block-heading\">3.1 Allgemein<\/h3>\n\n\n\n<p>Der Nutzer verpflichtet sich zu einer korrekten Nutzung des Portals in \u00dcbereinstimmung mit dem Gesetz und diesem rechtlichen Hinweis. Der Nutzer haftet gegen\u00fcber <strong>Panorama Properties, S.L<\/strong> oder gegen\u00fcber Dritten f\u00fcr alle Sch\u00e4den, die durch die Verletzung dieser Verpflichtung entstehen k\u00f6nnen.<\/p>\n\n\n\n<p>Es ist ausdr\u00fccklich verboten, das Portal zu Zwecken zu nutzen, die dem Eigentum oder den Interessen von <strong>Panorama Properties, S.L<\/strong> oder Dritten schaden oder die in irgendeiner Weise die Netzwerke, Server und andere Computerausr\u00fcstung (Hardware) oder Computerprodukte und -anwendungen (Software) von <strong>Panorama Properties, S.L<\/strong> oder Dritten \u00fcberlasten, besch\u00e4digen oder unbrauchbar machen.<\/p>\n\n\n\n<h3 class=\"wp-block-heading\">3.2 Inhalt<\/h3>\n\n\n\n<p>Der Nutzer verpflichtet sich, die Inhalte in \u00dcbereinstimmung mit dem Gesetz und den vorliegenden rechtlichen Hinweisen sowie mit allen anderen Bedingungen, Vorschriften und Anweisungen zu nutzen, die gem\u00e4\u00df den Bestimmungen von Klausel 1 anwendbar sein k\u00f6nnen..<\/p>\n\n\n\n<p>So muss der Nutzer beispielsweise gem\u00e4\u00df den geltenden Rechtsvorschriften auf Folgendes verzichten:<\/p>\n\n\n\n<ul class=\"wp-block-list\">\n<li>Die Inhalte zu reproduzieren, zu kopieren, zu verbreiten, zur Verf\u00fcgung zu stellen, \u00f6ffentlich zu kommunizieren, zu transformieren oder zu modifizieren, au\u00dfer in den F\u00e4llen, in denen dies gesetzlich erlaubt ist oder ausdr\u00fccklich von <strong>Panorama Properties, S.L<\/strong> oder dem Inhaber der Nutzungsrechte genehmigt wurde, je nach Fall.<\/li>\n\n\n\n<li>die Inhalte, die gem\u00e4\u00df der geltenden Gesetzgebung zum geistigen Eigentum als Software oder Datenbank betrachtet werden k\u00f6nnen, f\u00fcr den privaten Gebrauch zu vervielf\u00e4ltigen oder zu kopieren, sowie sie \u00f6ffentlich zu verbreiten oder Dritten zur Verf\u00fcgung zu stellen, wenn diese Handlungen notwendigerweise eine Vervielf\u00e4ltigung durch den Nutzer oder einen Dritten beinhalten.<\/li>\n\n\n\n<li>den gesamten oder einen wesentlichen Teil des Inhalts des Portals und der Datenbanken, die <strong>Panorama Properties, S.L<\/strong> den Benutzern zur Verf\u00fcgung stellt, zu extrahieren und\/oder wiederzuverwenden.<\/li>\n<\/ul>\n\n\n\n<h3 class=\"wp-block-heading\">3.3 Einf\u00fchrung von Links zum Portal<\/h3>\n\n\n\n<p>Internetnutzer, die Links von ihren eigenen Webseiten zum Portal einrichten m\u00f6chten, m\u00fcssen die nachstehenden Bedingungen einhalten, ohne dass die Unkenntnis dieser Bedingungen die sich aus dem Gesetz ergebende Verantwortung umgeht:<\/p>\n\n\n\n<ul class=\"wp-block-list\">\n<li>Der Link verweist nur auf die Homepage oder die Hauptseite des Portals, darf diese aber in keiner Weise reproduzieren (Online-Links, Kopien von Texten, Grafiken usw.).<\/li>\n\n\n\n<li>Es ist in jedem Fall verboten, in \u00dcbereinstimmung mit der jeweils geltenden Gesetzgebung, Frames jeglicher Art einzurichten, die das Portal umgeben oder es erm\u00f6glichen, dass die Inhalte \u00fcber andere Internetadressen als die des Portals angesehen werden, und in jedem Fall, wenn sie zusammen mit Inhalten au\u00dferhalb des Portals in einer Weise angesehen werden, die: (I) bei den Nutzern Irrtum, Verwirrung oder T\u00e4uschung \u00fcber die wahre Herkunft des Dienstes oder der Inhalte hervorruft oder hervorrufen kann; (II) einen Akt des unlauteren Vergleichs oder der Nachahmung beinhaltet; (III) dazu dient, den Ruf der Marke und das Prestige von <strong>Panorama Properties, S.L<\/strong> auszunutzen oder (IV) anderweitig nach geltendem Recht verboten ist..<\/li>\n\n\n\n<li>Die Seite, die den Link einf\u00fchrt, darf keine falschen, ungenauen oder inkorrekten Aussagen \u00fcber <strong>Panorama Properties, S.L<\/strong>, seine Partner, Mitarbeiter, Kunden oder \u00fcber die Qualit\u00e4t der von ihm angebotenen Dienstleistungen machen.<\/li>\n\n\n\n<li>In keinem Fall darf auf der Seite, auf der sich der Link befindet, angegeben werden, dass <strong>Panorama Properties, S.L<\/strong> der Aufnahme des Links zugestimmt hat oder dass sie die Dienstleistungen des Absenders anderweitig sponsert, mit ihm zusammenarbeitet, ihn \u00fcberpr\u00fcft oder \u00fcberwacht.<\/li>\n\n\n\n<li>Die Verwendung eines Wortes, einer Grafik oder einer gemischten Marke oder eines anderen Unterscheidungszeichens von <strong>Panorama Properties, S.L<\/strong> auf der Seite des Absenders ist verboten, au\u00dfer in gesetzlich zul\u00e4ssigen oder von <strong>Panorama Properties, S.L<\/strong> ausdr\u00fccklich genehmigten F\u00e4llen und unter der Voraussetzung, dass in diesen F\u00e4llen ein direkter Link zum Portal in der in dieser Klausel festgelegten Weise zul\u00e4ssig ist.<\/li>\n\n\n\n<li>Die Seite, die den Link herstellt, muss sich getreu an das Gesetz halten und darf unter keinen Umst\u00e4nden eigene oder fremde Inhalte anbieten oder verlinken, die: (I) ungesetzlich, sch\u00e4dlich oder gegen die Moral und die guten Sitten versto\u00dfend sind (pornographisch, gewaltt\u00e4tig, rassistisch, etc.); (II) beim Benutzer die falsche Vorstellung hervorrufen oder hervorrufen k\u00f6nnen, dass <strong>Panorama Properties, S.L <\/strong>die Ideen, Aussagen oder \u00c4u\u00dferungen des Absenders, ob rechtm\u00e4\u00dfig oder unrechtm\u00e4\u00dfig, unterst\u00fctzt; (III) angesichts des Ortes, des Inhalts und des Themas der Website des Absenders unangemessen oder irrelevant f\u00fcr die T\u00e4tigkeit von <strong>Panorama Properties, S.L<\/strong> sind.<\/li>\n<\/ul>\n\n\n\n<h2 class=\"wp-block-heading\">4. Ausschluss der Haftung<\/h2>\n\n\n\n<h3 class=\"wp-block-heading\">4.1 Aus den Informationen<\/h3>\n\n\n\n<p><strong>Panorama Properties, S.L<\/strong> no se responsabiliza de las decisiones tomadas a partir de la informaci\u00f3n suministrada en el Portal ni de los da\u00f1os y perjuicios producidos en el Usuario o terceros con motivo de actuaciones que tengan como \u00fanico fundamento la informaci\u00f3n obtenida en el Portal.<\/p>\n\n\n\n<h3 class=\"wp-block-heading\">4.2 Qualit\u00e4t der Dienstleistung<\/h3>\n\n\n\n<p>Der Zugang zum Portal impliziert keine Verpflichtung seitens <strong>Panorama Properties, S.L<\/strong>, die Abwesenheit von Viren, W\u00fcrmern oder anderen sch\u00e4dlichen Computerelementen zu kontrollieren;&nbsp;&nbsp;&nbsp;&nbsp;&nbsp;<\/p>\n\n\n\n<p>Es liegt in jedem Fall in der Verantwortung des Nutzers, daf\u00fcr zu sorgen, dass geeignete Instrumente zur Erkennung und Desinfektion von sch\u00e4dlichen Computerprogrammen zur Verf\u00fcgung stehen.<\/p>\n\n\n\n<p><strong>Panorama Properties, S.L<\/strong> haftet nicht f\u00fcr Sch\u00e4den, die w\u00e4hrend der Erbringung der Dienstleistung des Portals an der Computerausr\u00fcstung der Nutzer oder Dritter entstehen.<\/p>\n\n\n\n<h3 class=\"wp-block-heading\">4.3 Verf\u00fcgbarkeit des Dienstes<\/h3>\n\n\n\n<p>Der Zugang zum Portal erfordert Dienstleistungen und Lieferungen von Dritten, einschlie\u00dflich des Transports \u00fcber Telekommunikationsnetze, deren Zuverl\u00e4ssigkeit, Qualit\u00e4t, Kontinuit\u00e4t und Betrieb nicht <strong>Panorama Properties, S.L<\/strong> entspricht. Infolgedessen k\u00f6nnen die \u00fcber das Portal erbrachten Dienstleistungen vor oder gleichzeitig mit der Erbringung der Dienstleistung des Portals ausgesetzt, annulliert oder unzug\u00e4nglich werden.<\/p>\n\n\n\n<p><strong>Panorama Properties, S.L<\/strong> haftet nicht f\u00fcr Sch\u00e4den jeglicher Art, die dem Nutzer infolge von St\u00f6rungen oder Unterbrechungen der Telekommunikationsnetze entstehen, die zur Aussetzung, Annullierung oder Unterbrechung des Portalservices w\u00e4hrend oder vor der Bereitstellung desselben f\u00fchren.<\/p>\n\n\n\n<h3 class=\"wp-block-heading\">4.4 \u00dcber das Portal verlinkte Inhalte und Dienste<\/h3>\n\n\n\n<p>Der Zugangsservice zum Portal umfasst technische Verkn\u00fcpfungen, Verzeichnisse und sogar Suchwerkzeuge, die es dem Nutzer erm\u00f6glichen, auf andere Internetseiten und Portale zuzugreifen (im Folgenden &#8222;verlinkte Seiten&#8220;). In diesen F\u00e4llen handelt <strong>Panorama Properties, S.L<\/strong> als Anbieter von Vermittlungsdiensten gem\u00e4\u00df Artikel 17 des Gesetzes 34\/2002 vom 12. Juli \u00fcber die Dienste der Informationsgesellschaft und den elektronischen Gesch\u00e4ftsverkehr (LSSI) und haftet f\u00fcr die auf den verlinkten Seiten bereitgestellten Inhalte und Dienste nur in dem Ma\u00dfe, in dem sie tats\u00e4chlich Kenntnis von der Rechtswidrigkeit hat und den Link nicht mit der gebotenen Sorgfalt deaktiviert hat. Sollte der Nutzer der Ansicht sein, dass eine verlinkte Seite rechtswidrige oder unangemessene Inhalte aufweist, kann er <strong>Panorama Properties, S.L<\/strong> gem\u00e4\u00df dem in Klausel 6 festgelegten Verfahren und mit den dort festgelegten Auswirkungen benachrichtigen, ohne dass diese Benachrichtigung in jedem Fall die Verpflichtung mit sich bringt, den entsprechenden Link zu entfernen.<\/p>\n\n\n\n<p>Das Vorhandensein von verlinkten Seiten bedeutet keinesfalls, dass Vereinbarungen mit den Betreibern oder Eigent\u00fcmern dieser Seiten bestehen, noch dass <strong>Panorama Properties, S.L<\/strong> mit den Aussagen, Inhalten oder Dienstleistungen, die dort angeboten werden, empfohlen, gef\u00f6rdert oder identifiziert wird.<\/p>\n\n\n\n<p><strong>Panorama Properties, S.L<\/strong> hat keine Kenntnis von den Inhalten und Dienstleistungen der verlinkten Seiten und haftet daher nicht f\u00fcr Sch\u00e4den, die durch die Rechtswidrigkeit, die Qualit\u00e4t, die Nichtaktualisierung, die Nichtverf\u00fcgbarkeit, den Fehler oder die Unbrauchbarkeit der Inhalte und\/oder Dienstleistungen der verlinkten Seiten verursacht werden oder f\u00fcr andere Sch\u00e4den, die nicht direkt <strong>Panorama Properties, S.L<\/strong> zuzuschreiben sind.<\/p>\n\n\n\n<h2 class=\"wp-block-heading\">5. Datenschutz<\/h2>\n\n\n\n<p>Bitte lesen Sie unsere <a href=\"https:\/\/www.panoramamarbella.com\/es\/politica-de-privacidad\">Datenschutzrichtlinie<\/a>, um mehr dar\u00fcber zu erfahren, wie wir Ihre pers\u00f6nlichen Daten verwenden.<\/p>\n\n\n\n<h2 class=\"wp-block-heading\">6. Meldung von illegalen und unangemessenen Aktivit\u00e4ten<\/h2>\n\n\n\n<p>Sollte der Nutzer oder ein anderer Internetnutzer feststellen, dass die verlinkten Seiten auf Seiten verweisen, deren Inhalt oder Dienstleistungen rechtswidrig, sch\u00e4dlich, verunglimpfend, gewaltt\u00e4tig oder gegen die guten Sitten versto\u00dfend sind, kann er sich mit <strong>Panorama Properties, S.L<\/strong> in Verbindung setzen und Folgendes angeben:<\/p>\n\n\n\n<ol class=\"wp-block-list\">\n<li>Pers\u00f6nliche Daten des Anrufers: Name, Adresse, Telefonnummer und E-Mail-Adresse;<\/li>\n\n\n\n<li>Beschreibung der Tatsachen, die den rechtswidrigen oder unangemessenen Charakter der verlinkten Website erkennen lassen;<\/li>\n\n\n\n<li>Im Falle der Verletzung von Rechten, wie geistigen und gewerblichen Eigentumsrechten, die pers\u00f6nlichen Daten des Inhabers des verletzten Rechts, wenn es sich dabei um eine andere Person als den Mitteilenden handelt.<\/li>\n\n\n\n<li>Sie muss auch den Titel enthalten, der die Befugnis des Inhabers der Rechte und gegebenenfalls die der Vertretung best\u00e4tigt, im Namen des Inhabers zu handeln, wenn dieser eine andere Person als der Mitteilende ist;<\/li>\n\n\n\n<li>Ausdr\u00fcckliche Erkl\u00e4rung, dass die in dem Antrag enthaltenen Angaben richtig sind.<\/li>\n<\/ol>\n\n\n\n<p>Der Erhalt der in dieser Klausel vorgesehenen Mitteilung durch <strong>Panorama Properties, S.L<\/strong> bedeutet gem\u00e4\u00df den Bestimmungen des LSSI keine tats\u00e4chliche Kenntnis der von der mitteilenden Partei angegebenen T\u00e4tigkeiten und\/oder Inhalte.<\/p>\n\n\n\n<p>Sie muss auch den Titel enthalten, der die Befugnis des Inhabers der Rechte und gegebenenfalls die der Vertretung best\u00e4tigt, im Namen des Inhabers zu handeln, wenn dieser eine andere Person als der Mitteilende ist.<\/p>\n\n\n\n<h2 class=\"wp-block-heading\">7. Benachrichtigungen<\/h2>\n\n\n\n<p>Alle Benachrichtigungen und Mitteilungen der Parteien sind in \u00dcbereinstimmung mit den gesetzlich zul\u00e4ssigen Mitteln g\u00fcltig. Diejenigen, die sich auf dieses Portal beziehen, gelten f\u00fcr alle Zwecke als wirksam, wenn sie \u00fcber das Portal selbst erfolgen.<\/p>\n\n\n\n<h2 class=\"wp-block-heading\">8. \u00c4nderungen<\/h2>\n\n\n\n<p><strong>Panorama Properties, S.L<\/strong> beh\u00e4lt sich das Recht vor, ohne Vorank\u00fcndigung \u00c4nderungen an seiner Website vorzunehmen und sowohl den Inhalt und die Dienstleistungen, die \u00fcber die Website angeboten werden, als auch die Art und Weise, wie sie pr\u00e4sentiert werden, zu \u00e4ndern, zu l\u00f6schen oder hinzuzuf\u00fcgen.<\/p>\n\n\n\n<p>Dar\u00fcber hinaus k\u00f6nnen diese Bedingungen jederzeit ge\u00e4ndert werden. Die \u00c4nderungen treten mit dem Zeitpunkt ihrer Ver\u00f6ffentlichung in Kraft.<\/p>\n\n\n\n<h2 class=\"wp-block-heading\">9. Soziale Netzwerke<\/h2>\n\n\n\n<p><strong>Panorama Properties, S.L <\/strong>ist in verschiedenen sozialen Netzwerken und Plattformen vertreten, daher muss beim Zugriff auf eines dieser oder andere Netzwerke ber\u00fccksichtigt werden, dass die geltenden Nutzungsbedingungen die von der jeweiligen Plattform festgelegten sind, in die <strong>Panorama Properties, S.L <\/strong>nicht eingreift.<\/p>\n\n\n\n<h2 class=\"wp-block-heading\">10. Gesetzgebung<\/h2>\n\n\n\n<p>Sofern das anwendbare Recht den Verzicht auf einen Gerichtsstand zul\u00e4sst, werden die Gerichte von M\u00e1laga als Gerichtsstand f\u00fcr die Beilegung eventueller Streitigkeiten bestimmt, wobei der Nutzer ausdr\u00fccklich auf jeden anderen anwendbaren Gerichtsstand verzichtet.<\/p>\n\n","protected":false},"excerpt":{"rendered":"","protected":false},"author":2,"featured_media":0,"parent":0,"menu_order":20,"comment_status":"closed","ping_status":"closed","template":"","meta":{"_acf_changed":true,"footnotes":""},"class_list":["post-4003","page","type-page","status-publish","hentry"],"acf":[],"_links":{"self":[{"href":"https:\/\/www.panoramamarbella.com\/de\/wp-json\/wp\/v2\/pages\/4003","targetHints":{"allow":["GET"]}}],"collection":[{"href":"https:\/\/www.panoramamarbella.com\/de\/wp-json\/wp\/v2\/pages"}],"about":[{"href":"https:\/\/www.panoramamarbella.com\/de\/wp-json\/wp\/v2\/types\/page"}],"author":[{"embeddable":true,"href":"https:\/\/www.panoramamarbella.com\/de\/wp-json\/wp\/v2\/users\/2"}],"replies":[{"embeddable":true,"href":"https:\/\/www.panoramamarbella.com\/de\/wp-json\/wp\/v2\/comments?post=4003"}],"version-history":[{"count":0,"href":"https:\/\/www.panoramamarbella.com\/de\/wp-json\/wp\/v2\/pages\/4003\/revisions"}],"wp:attachment":[{"href":"https:\/\/www.panoramamarbella.com\/de\/wp-json\/wp\/v2\/media?parent=4003"}],"curies":[{"name":"wp","href":"https:\/\/api.w.org\/{rel}","templated":true}]}}