{"id":4025,"date":"2024-06-14T15:50:43","date_gmt":"2024-06-14T13:50:43","guid":{"rendered":"https:\/\/www.panoramamarbella.com\/?page_id=4025"},"modified":"2024-08-08T09:59:20","modified_gmt":"2024-08-08T07:59:20","slug":"cookie-politik","status":"publish","type":"page","link":"https:\/\/www.panoramamarbella.com\/de\/cookie-politik","title":{"rendered":"Cookie Politik"},"content":{"rendered":"\n<section class=\"wp-block-inm-maincontent mb-5\">\n<h2 class=\"wp-block-heading\">1.&nbsp;Was sind Cookies?<\/h2>\n\n\n\n<p><strong>Panorama Properties, S.L<\/strong> ist f\u00fcr die Website <a href=\"https:\/\/www.panoramamarbella.com\">https:\/\/www.panoramamarbella.com<\/a> verantwortlich und verwendet Cookies und\/oder andere Dateien mit \u00e4hnlicher Funktionalit\u00e4t (im Folgenden &#8222;Cookies&#8220;).<\/p>\n\n\n\n<p>Ein Cookie ist eine Textdatei, die eine Website, eine App oder eine andere Plattform auf Ihrem Ger\u00e4t, z. B. Ihrem Computer, Tablet oder Smartphone, speichert. Es enth\u00e4lt Informationen \u00fcber Ihr Browsing oder Ihre Nutzung, wie z. B. ein Tag, das Ihr Ger\u00e4t identifiziert. Cookies sind notwendig, um die Navigation zu erleichtern und zu verstehen, wie Nutzer mit Websites interagieren, so dass Verbesserungen vorgenommen werden k\u00f6nnen. Sie sind auch n\u00fctzlich, um Werbung entsprechend Ihren Pr\u00e4ferenzen zu personalisieren und f\u00fcr andere Zwecke, die weiter unten beschrieben werden. Cookies schaden Ihrem Ger\u00e4t nicht.<\/p>\n\n\n\n<h2 class=\"wp-block-heading\">2.&nbsp;Arten von Cookies<\/h2>\n\n\n\n<p>Bitte lesen Sie diesen Abschnitt, der einen \u00dcberblick \u00fcber die verschiedenen Arten von Cookies gibt, die in einer Online-Umgebung verwendet werden k\u00f6nnen.<\/p>\n\n\n\n<p>Je nach Eigent\u00fcmer der Cookies k\u00f6nnen diese wie folgt klassifiziert werden:<\/p>\n\n\n\n<ol style=\"list-style-type:lower-alpha\" class=\"wp-block-list\">\n<li><strong>Eigene Cookies<\/strong>: Diese Cookies werden an den Computer oder das Ger\u00e4t des Nutzers von der Einrichtung oder Dom\u00e4ne gesendet, die vom Herausgeber selbst verwaltet wird, der die vom Nutzer angeforderte Website oder Dienstleistung bereitstellt.<\/li>\n\n\n\n<li><strong>Cookies von Drittanbietern<\/strong>: Diese Cookies werden an den Computer oder das Ger\u00e4t des Benutzers von einem Computer oder einer Dom\u00e4ne gesendet, die nicht vom Herausgeber verwaltet wird, sondern von einer anderen Einheit, die die durch die Cookies erhaltenen Daten verarbeitet.<\/li>\n<\/ol>\n\n\n\n<p>Je nach Zweck des Cookies k\u00f6nnen sie wie folgt klassifiziert werden:<\/p>\n\n\n\n<ul class=\"wp-block-list\">\n<li>Die <strong>streng notwendigen (technischen)<\/strong> Cookies sind diejenigen, die es dem Nutzer erm\u00f6glichen, auf einer Website, einer Plattform oder einer Anwendung zu surfen und die verschiedenen darin angebotenen Optionen oder Dienste zu nutzen. Diese Cookies erf\u00fcllen wesentliche Funktionen, wie die Steuerung des Datenverkehrs, die Identifizierung von Daten oder Sitzungen, den Zugang zu eingeschr\u00e4nkten Bereichen, die Erinnerung an Elemente einer Bestellung, die Verwaltung von Zahlungen, die Gew\u00e4hrleistung der Sicherheit des Dienstes, die Erm\u00f6glichung der Teilnahme an Veranstaltungen, die Speicherung von Multimedia-Inhalten und die gemeinsame Nutzung von Inhalten in sozialen Netzwerken. Diese technischen Cookies werden automatisch heruntergeladen, wenn die Website angezeigt wird oder die vom Nutzer angeforderte Dienstleistung erbracht wird.<\/li>\n<\/ul>\n\n\n\n<ul class=\"wp-block-list\">\n<li>Die <strong>Funktionalit\u00e4ts- oder Personalisierungs-Cookies<\/strong> sind solche, die es erm\u00f6glichen, Informationen zu speichern, um dem Nutzer eine Dienstleistung oder Plattform mit spezifischen Merkmalen zur Verf\u00fcgung zu stellen, die seine Erfahrung von der anderer Nutzer unterscheidet. Zu diesen Merkmalen geh\u00f6ren u. a. die Sprache, die Anzahl der bei einer Suche angezeigten Ergebnisse, das Aussehen oder der Inhalt des Dienstes je nach dem verwendeten Browser oder der Region, aus der der Dienst aufgerufen wird. Wenn Sie diese Cookies nicht akzeptieren, kann dies zu einer langsamen Leistung der Website oder zu unangemessenen Empfehlungen f\u00fchren.<\/li>\n<\/ul>\n\n\n\n<ul class=\"wp-block-list\">\n<li>Die <strong>Analyse-Cookies<\/strong> werden verwendet, um Informationen \u00fcber die Anzahl der Nutzer, die besuchten Bereiche der Website und ihre Interaktion mit der Website zu sammeln. Diese Daten werden verwendet, um eine statistische Analyse der Nutzung des Dienstes durch die Nutzer durchzuf\u00fchren, mit dem Ziel, auf der Grundlage der Nutzungsmuster verbesserungsw\u00fcrdige Bereiche zu ermitteln.<\/li>\n<\/ul>\n\n\n\n<ul class=\"wp-block-list\">\n<li>Die <strong>Verhaltens-Werbe-Cookies<\/strong> erfassen und speichern Informationen \u00fcber die Surfgewohnheiten der Nutzer, was die Erstellung spezifischer Profile zur Anzeige personalisierter Werbung erleichtert. Diese Cookies erm\u00f6glichen eine effiziente Verwaltung der Werbefl\u00e4chen, die der Herausgeber entweder direkt oder in Zusammenarbeit mit Dritten eingebunden hat.<\/li>\n<\/ul>\n\n\n\n<h2 class=\"wp-block-heading\">3.&nbsp;Zweck der Cookies auf unserer Website<\/h2>\n\n\n\n<p>Cookies spielen eine grundlegende Rolle f\u00fcr den Betrieb unserer Website. Ihr Hauptzweck ist es, das Surfen bequemer und effizienter zu machen. Sie werden zum Beispiel verwendet, um Ihre Pr\u00e4ferenzen w\u00e4hrend des Browsens und bei zuk\u00fcnftigen Besuchen zu speichern.<\/p>\n\n\n\n<p>Sie helfen uns auch, Werbung auf der Grundlage Ihrer Surfgewohnheiten zu personalisieren. Die durch Cookies gesammelten Informationen erm\u00f6glichen uns statistische Sch\u00e4tzungen und Nutzungsanalysen, wie z. B. die Anzahl der Besuche und die meistbesuchten Bereiche. So k\u00f6nnen wir unsere Dienste verbessern und die Plattform an Ihre individuellen Interessen anpassen.<\/p>\n\n\n\n<p>Wir verwenden manchmal Cookies, um Informationen zu sammeln, die es uns erm\u00f6glichen, Werbung auf der Grundlage Ihrer Surfgewohnheiten auf unserer Plattform und auf Plattformen Dritter anzuzeigen.<\/p>\n\n\n\n<p>Die Drittparteien, die Cookies auf Ihrem Computer konfigurieren und darauf zugreifen k\u00f6nnen, sowie die Zwecke, f\u00fcr die die von ihnen gespeicherten Informationen verwendet werden, sind im Folgenden aufgef\u00fchrt:<\/p>\n\n\n\n<table class=\"table table-bordered table-striped\"><tbody><tr><td><strong>ZWECK<\/strong><\/td><td><strong>DRITTES<\/strong><\/td><td><strong>MEHR INFORMATIONEN<\/strong><\/td><\/tr><tr><td>Analyse: Analytische Cookies werden verwendet, um Browsing-Profile zu erstellen und die Pr\u00e4ferenzen der Nutzer zu ermitteln, um das Angebot an Produkten und Dienstleistungen zu verbessern.<\/td><td>Google<\/td><td><a href=\"https:\/\/developers.google.com\/analytics\/devguides\/collection\/analyticsjs\/cookie-usage\" target=\"_blank\" rel=\"noreferrer noopener nofollow\">Klicken Sie hier<\/a><\/td><\/tr><tr><td>Soziale Netzwerke: Diejenigen, mit denen wir auf unserer Website interagieren, verwenden Cookies in ihren Sharing-Schaltfl\u00e4chen. Wir haben keinen Einfluss auf die Ergebnisse, sie liegen in der Verantwortung des jeweiligen sozialen Netzwerks. Wenn sich der Nutzer mit den Anmeldedaten eines sozialen Netzwerks f\u00fcr einen Dienst registriert, erlaubt er dem sozialen Netzwerk, ein dauerhaftes Cookie zu speichern, das seine Identit\u00e4t speichert und den Zugang zu den Diensten bis zum Ablauf des Cookies erm\u00f6glicht. Der Nutzer kann dieses Cookie l\u00f6schen und den Zugang zu den Diensten \u00fcber soziale Netzwerke widerrufen, indem er seine Einstellungen in dem jeweiligen sozialen Netzwerk aktualisiert. &nbsp;<\/td><td>Facebook Connect<\/td><td><a href=\"https:\/\/www.facebook.com\/about\/privacy\" target=\"_blank\" rel=\"noreferrer noopener nofollow\">Klicken Sie hier<\/a><\/td><\/tr><\/tbody><\/table>\n\n\n<div class=\"table-responsive\">\n    <script type=\"text\/javascript\" charset=\"UTF-8\" data-cookiescriptreport=\"report\" src=\"\/\/report.cookie-script.com\/r\/92253e3cb816ed26265fb15472e015cc.js\"><\/script>\n<\/div>\n<a href=\"javascript:void(0)\" class=\"csconsentlink d-block mt-3\" rel=\"nofollow\">Cookie-Einstellungen<\/a>\n\n\n\n<h2 class=\"wp-block-heading\">4.&nbsp;Cookie-Verwaltung auf unserer Website<\/h2>\n\n\n\n<p>In den Cookie-Einstellungen, auf die Sie auf unserer Plattform jederzeit zugreifen k\u00f6nnen, finden Sie detaillierte Informationen \u00fcber die von uns verwendeten Cookies. Hier werden ihr Zweck, ihre Dauer und die Person, die sie verwaltet (wir oder Dritte), angegeben. \u00dcber dieses Panel k\u00f6nnen Sie die Aktivierung und Deaktivierung von Cookies verwalten, die f\u00fcr den Betrieb der Plattform nicht unbedingt erforderlich sind, und Sie k\u00f6nnen Ihre Zustimmung jederzeit \u00e4ndern.<\/p>\n\n\n\n<p>Sie k\u00f6nnen auf die Einstellungen zugreifen, indem Sie hier klicken, um Ihre Pr\u00e4ferenzen zu \u00e4ndern oder Ihre Zustimmung zu widerrufen.<\/p>\n\n\n\n<p>Andererseits haben Sie auch die M\u00f6glichkeit, die Verwendung von Cookies in Ihrem Browser zu deaktivieren, wenn Sie im Internet surfen. Im Folgenden zeigen wir Ihnen, wie Sie diese Einstellungen in den g\u00e4ngigsten Browsern vornehmen k\u00f6nnen:<\/p>\n\n\n\n<ul class=\"wp-block-list\">\n<li><a href=\"https:\/\/support.google.com\/chrome\/answer\/95647?co=GENIE.Platform=Desktop&amp;&amp;hl=es\" target=\"_blank\" rel=\"noreferrer noopener nofollow\"><strong>Google Chrome<\/strong><\/a><\/li>\n\n\n\n<li><a href=\"https:\/\/support.mozilla.org\/es\/kb\/impedir-que-los-sitios-web-guarden-sus-preferencia\" target=\"_blank\" rel=\"noreferrer noopener nofollow\"><strong>Mozilla Firefox<\/strong><\/a><\/li>\n\n\n\n<li><a href=\"https:\/\/support.microsoft.com\/es-es\/help\/17442\/windows-internet-explorer-delete-manage-cookies\" target=\"_blank\" rel=\"noreferrer noopener nofollow\"><strong>Internet Explorer<\/strong><\/a><\/li>\n\n\n\n<li><a href=\"https:\/\/privacy.microsoft.com\/es-ES\/windows-10-microsoft-edge-and-privacy\" target=\"_blank\" rel=\"noreferrer noopener nofollow\"><strong>Microsoft Edge<\/strong><\/a><\/li>\n\n\n\n<li><a href=\"https:\/\/support.apple.com\/es-es\/HT201265\" target=\"_blank\" rel=\"noreferrer noopener nofollow\"><strong>Safari<\/strong><\/a><\/li>\n\n\n\n<li><a href=\"http:\/\/help.opera.com\/Linux\/10.60\/es-ES\/cookies.html\" target=\"_blank\" rel=\"noreferrer noopener nofollow\"><strong>Opera<\/strong><\/a><\/li>\n<\/ul>\n\n\n\n<p>Sie k\u00f6nnen diese Option jederzeit nutzen, um die Verwendung von Cookies zu verhindern. Bitte beachten Sie, dass die Verwaltung des Konfigurationspanels f\u00fcr Cookies und die M\u00f6glichkeit, sie abzulehnen, f\u00fcr jeden von Ihnen verwendeten Browser spezifisch sind.<\/p>\n\n\n\n<p>Wenn Sie also auf einem Ger\u00e4t eine bestimmte Einstellung f\u00fcr Cookies vornehmen und m\u00f6chten, dass diese Einstellung auf einem anderen Ger\u00e4t in \u00e4hnlicher Weise gilt, m\u00fcssen Sie die gleiche Einstellung auf dem anderen Ger\u00e4t aktivieren.<\/p>\n\n\n\n<p>Der Nutzer muss ber\u00fccksichtigen, dass einige Funktionen der Inhalte unserer Website nur verf\u00fcgbar sind, wenn die Installation von Cookies in Ihrem Browser erlaubt ist. Wenn Sie sich entscheiden, bestimmte Cookies (je nach deren Zweck) nicht zu akzeptieren oder zu blockieren, kann dies den normalen Betrieb der Website ganz oder teilweise beeintr\u00e4chtigen oder den Zugang zu einigen ihrer Dienste verhindern.<\/p>\n\n\n\n<h2 class=\"wp-block-heading\">5.&nbsp;Verwendung von in Cookies gespeicherten Informationen<\/h2>\n\n\n\n<p>Die in Cookies auf unserer Website gespeicherten Informationen werden ausschlie\u00dflich von uns verwendet. Einige Cookies von Drittanbietern, die von externen Unternehmen verwaltet werden, k\u00f6nnen jedoch verwendet werden, um uns zus\u00e4tzliche Dienste anzubieten. Weitere Einzelheiten finden Sie in unserem Cookie-Einstellungsfeld, das jederzeit auf unserer Website zug\u00e4nglich ist.<\/p>\n\n\n\n<p>Wir empfehlen Ihnen, unsere Datenschutzrichtlinien auf unserer Website zu lesen, um detaillierte Informationen dar\u00fcber zu erhalten, wie Ihre personenbezogenen Daten in unserer Zusammenarbeit mit Dritten sowie bei internationalen Daten\u00fcbertragungen behandelt werden. Dar\u00fcber hinaus empfehlen wir Ihnen, die Datenschutzrichtlinien und -einstellungen dieser Drittpartner \u00fcber deren eigene Plattformen zu konsultieren.<\/p>\n\n\n\n<h2 class=\"wp-block-heading\">6. Aktualisierungen und \u00c4nderungen an der Cookie-Richtlinie<\/h2>\n\n\n\n<p><strong>Panorama Properties, S.L<\/strong> beh\u00e4lt sich vor, diese Cookie-Richtlinie zu \u00e4ndern, wenn neue gesetzliche oder beh\u00f6rdliche Vorschriften dies erfordern oder um die Richtlinie an die Anweisungen der spanischen Datenschutzbeh\u00f6rde anzupassen.<\/p>\n\n\n\n<p>Wenn Sie weitere Informationen dar\u00fcber w\u00fcnschen, wie wir Cookies verwenden, k\u00f6nnen Sie uns eine E-Mail schicken an: <a href=\"mailto:info@panorama.es\">info@panorama.es<\/a><\/p>\n<\/section>\n","protected":false},"excerpt":{"rendered":"","protected":false},"author":2,"featured_media":0,"parent":0,"menu_order":21,"comment_status":"closed","ping_status":"closed","template":"","meta":{"_acf_changed":true,"footnotes":""},"class_list":["post-4025","page","type-page","status-publish","hentry"],"acf":[],"_links":{"self":[{"href":"https:\/\/www.panoramamarbella.com\/de\/wp-json\/wp\/v2\/pages\/4025","targetHints":{"allow":["GET"]}}],"collection":[{"href":"https:\/\/www.panoramamarbella.com\/de\/wp-json\/wp\/v2\/pages"}],"about":[{"href":"https:\/\/www.panoramamarbella.com\/de\/wp-json\/wp\/v2\/types\/page"}],"author":[{"embeddable":true,"href":"https:\/\/www.panoramamarbella.com\/de\/wp-json\/wp\/v2\/users\/2"}],"replies":[{"embeddable":true,"href":"https:\/\/www.panoramamarbella.com\/de\/wp-json\/wp\/v2\/comments?post=4025"}],"version-history":[{"count":0,"href":"https:\/\/www.panoramamarbella.com\/de\/wp-json\/wp\/v2\/pages\/4025\/revisions"}],"wp:attachment":[{"href":"https:\/\/www.panoramamarbella.com\/de\/wp-json\/wp\/v2\/media?parent=4025"}],"curies":[{"name":"wp","href":"https:\/\/api.w.org\/{rel}","templated":true}]}}