{"id":5178,"date":"2024-03-04T11:25:56","date_gmt":"2024-03-04T10:25:56","guid":{"rendered":"https:\/\/www.panoramamarbella.com\/about"},"modified":"2025-05-19T11:28:32","modified_gmt":"2025-05-19T09:28:32","slug":"ueber-uns","status":"publish","type":"page","link":"https:\/\/www.panoramamarbella.com\/de\/ueber-uns","title":{"rendered":"\u00dcber Panorama, Marbellas \u00e4ltestes Immobilienb\u00fcro"},"content":{"rendered":"\n<section class=\"wp-block-inm-maincontent wp-content mt-5\"><div class=\"lead\"><p>Panorama, Marbellas \u00e4ltestes Immobilienb\u00fcro, er\u00f6ffnete sein erstes B\u00fcro in Marbella im Jahr 1970 und wird von seinem Eigent\u00fcmer und Gesch\u00e4ftsf\u00fchrer <a href=\"https:\/\/www.panoramamarbella.com\/de\/ueber-uns\/team\/christopher-clover\">Christopher Clover<\/a> in Zusammenarbeit mit seiner Tochter <a href=\"https:\/\/www.panoramamarbella.com\/de\/ueber-uns\/team\/katinka-clover\">Katinka<\/a> und seinem Sohn <a href=\"https:\/\/www.panoramamarbella.com\/de\/ueber-uns\/team\/alex-clover\">Alex<\/a> geleitet.<\/p>\n<\/div>\n\n\n<p>Panorama ist auf den <a href=\"\/de\/immobilien\">Verkauf<\/a> und die <a href=\"\/de\/mieten\">Vermietung<\/a> hochwertiger <a href=\"\/de\/immobilien\/villen\">Villen<\/a>, <a href=\"\/de\/immobilien\/wohnungen\">Apartments<\/a> und <a href=\"\/de\/immobilien\/reihenhauser\">Stadth\u00e4user<\/a> entlang der prestigetr\u00e4chtigen <a href=\"https:\/\/www.panoramamarbella.com\/de\/gegenden\/marbella-goldene-meile\" data-type=\"areas\" data-id=\"1495\">Golden Mile von Marbella<\/a> sowie in den umliegenden Gebieten wie Benahav\u00eds und Estepona-Ost spezialisiert.<\/p>\n\n\n\n<p>Zus\u00e4tzlich zu unseren Kernleistungen im Bereich Verkauf und Vermietung bieten wir den Verkauf von <a href=\"\/de\/immobilien\/geschaftsraume\">Gewerbe- und Anlageimmobilien<\/a>, einschlie\u00dflich Entwicklungsgel\u00e4nde, sowie <a href=\"https:\/\/www.panoramamarbella.com\/de\/investment-und-gewerbeimmobilien-service\" data-type=\"page\" data-id=\"5211\">spezialisierte Beratungsdienste f\u00fcr Investoren und Entwickler an<\/a>.<br><br>Unser engagiertes <a href=\"https:\/\/www.panoramamarbella.com\/de\/kundenservice\" data-type=\"page\" data-id=\"5287\">Kundenserviceteam<\/a> unterst\u00fctzt die Kunden in allen Aspekten ihres Kaufs, von Renovierungen und Innenarchitektur bis hin zur Organisation von Hypotheken und anderen wichtigen Dienstleistungen, um eine reibungslose Erfahrung zu gew\u00e4hrleisten.<\/p>\n\n\n\n<ul class=\"table-index list-unstyled p-4 p-lg-5 ms-0 bg-light\"><li class=\"text-uppercase fw-bold mb-3\">Inhaltsverzeichnis<\/li><li><a href=\"#ein+wenig+uber+unsere+geschichte\">\nEin wenig \u00fcber unsere Geschichte\n<\/a><\/li>\n<li><a href=\"#unsere+buros\">\nUnsere B\u00fcros\n<\/a><\/li>\n<li><a href=\"#unsere+immobilienexperten\">\nUnsere Immobilienexperten\n<\/a><\/li>\n<li><a href=\"#was+unsere+kunden+uber+uns+sagen\">\nWas unsere Kunden \u00fcber uns sagen\n<\/a><\/li>\n<li><a href=\"#warum+panorama\">\nWarum Panorama?\n<\/a><\/li>\n<li><a href=\"#das+magazin+von+panorama+the+marbella+property+magazine\">\nDas Magazin von Panorama, The Marbella Property Magazine\u00ae\n<\/a><\/li><\/ul>\n\n\n\n<h2 class=\"wp-block-heading\">Ein wenig \u00fcber unsere Geschichte<\/h2>\n\n\n\n<p id=\"block-58ea5a3d-823d-4002-ad15-af2f77df0433\">Panorama wurde 1970 gegr\u00fcndet und ist das \u00e4lteste und angesehenste Immobilienb\u00fcro in Marbella. Unter der Leitung von Christopher Clover hat Panorama zahlreiche Auszeichnungen erhalten, darunter drei Jahre in Folge die prestigetr\u00e4chtige 5-Sterne-Auszeichnung der International Property Awards als <a href=\"https:\/\/www.panoramamarbella.com\/de\/news\/beste-immobilienagentur-in-spanien\">beste Immobilienagentur in Spanien.<\/a><\/p>\n\n\n\n<p id=\"block-d8e008bf-8f8e-4308-9b7b-82b493e24114\">Nachfolgend finden Sie eine Reihe von ausf\u00fchrlichen Artikeln \u00fcber unsere reiche Geschichte und unser Erbe.<\/p>\n\n\n\t<figure class=\"wp-caption alignright wp-block-acf-wpimage\">\n\t<picture><source width=\"500\" height=\"500\" srcset=\"https:\/\/media.panoramamarbella.com\/imgV1\/B95mbh8olwFQm~uCT2wPZMb8hll4wghQQQq6YWg0~c~U_DrmgY8pGP8pqaDzA6mvjyI_OPtcrHD_aKxCvYKJMNaVAFRLTr2rPMoo31H4NyLTsYeMiLSuX74X9Tqdjd~ALLOfp9SL9oey3fvOnjT_Ts4RHkA78LOXTeFmXThD13hL8I14J_c-.webp 500w\" type=\"image\/webp\"><img decoding=\"async\" class=\"img-fluid\" loading=\"lazy\" width=\"500\" height=\"500\" alt=\"Panorama: Over 50 years in Marbella.\" src=\"https:\/\/media.panoramamarbella.com\/imgV1\/B95mbh8olwFQm~uCT2wPZMb8hll4wghQQQq6YWg0~c~U_DrmgY8pGP8pqaDzA6mvjyI_OPtcrHD_aKxCvYKJMNaVAFRLTr2rPMoo31H4NyLTsYeMiLSuX74X9Tqdjd~ALLOBTrIbxn8W_C92Q~jxO8OEHg--.jpg\"><\/picture>\t\t\t<figcaption class=\"wp-caption-text\">\n\t\tPanorama: \u00dcber 50 Jahre in Marbella.\t\t<\/figcaption>\n\t\t\t<\/figure>\n\t\n\n\n<h3 class=\"wp-block-heading\">\u00dcber 50 Jahre in Marbella zu feiern<\/h3>\n\n\n\n<p class=\"clearfix\">50 Jahre ununterbrochene Gesch\u00e4ftst\u00e4tigkeit ist f\u00fcr jedes Unternehmen ein Meilenstein, aber auf dem hart umk\u00e4mpften Immobilienmarkt von Marbella, dem vielleicht am st\u00e4rksten umk\u00e4mpften Immobiliensektor der Welt, ist dies eine echte Leistung. Lesen Sie mehr \u00fcber die Geschichte von Panorama, das <a href=\"https:\/\/www.panoramamarbella.com\/de\/ueber-uns\/mehr-als-50-jahre-in-marbella\">seit \u00fcber 50 Jahren in Marbella<\/a> t\u00e4tig ist.<\/p>\n\n\n\t<figure class=\"wp-caption alignleft wp-block-acf-wpimage\">\n\t<picture><source width=\"500\" height=\"500\" srcset=\"https:\/\/media.panoramamarbella.com\/imgV1\/B95mbh8olwFQm~uCT2wPZMb8hll4wghQQQq6YWg0~c~U_DrmgY8pGP8pqaDzA6mvjyI_OPtcrHD_aKxCvYKJMJcOwFD_onKbUMM43ehHLIBpWSr0zgrFxcn04ccksyuCiOpiRy8aI_w8Yxa4DVtWwY0bg2Jrbf2FFBn_idVeMbXLijohzYxGijKJJ13HLq29L8I-.webp 500w\" type=\"image\/webp\"><img decoding=\"async\" class=\"img-fluid\" loading=\"lazy\" width=\"500\" height=\"500\" alt=\"Timeline of Panorama.\" src=\"https:\/\/media.panoramamarbella.com\/imgV1\/B95mbh8olwFQm~uCT2wPZMb8hll4wghQQQq6YWg0~c~U_DrmgY8pGP8pqaDzA6mvjyI_OPtcrHD_aKxCvYKJMJcOwFD_onKbUMM43ehHLIBpWSr0zgrFxcn04ccksyuCiOpiRy8aI_w8Yxa4DVtIZdLa8r2WQxBnoN2AX3pqRg--.jpg\"><\/picture>\t\t\t<figcaption class=\"wp-caption-text\">\n\t\tA family dedicated to Real Estate.\t\t<\/figcaption>\n\t\t\t<\/figure>\n\t\n\n\n<h3 class=\"wp-block-heading\">Eine Familie, die sich seit \u00fcber 120 Jahren dem Immobiliengesch\u00e4ft widmet<\/h3>\n\n\n\n<p id=\"block-7d2bb992-02e1-428c-88eb-6c0858827e9a\">Die meisten Menschen wissen nicht, dass Christopher Clover, der Eigent\u00fcmer und Gesch\u00e4ftsf\u00fchrer von Panorama, aus einer drei Generationen alten Familie von Immobilienmaklern und Unternehmern stammt. Die vierte Generation von Fachleuten, Christophers Kinder, Alex und Katinka, sind heute ebenfalls ein integraler Bestandteil der Panorama-Geschichte.<br><br>Lesen Sie mehr \u00fcber die Geschichte der Familie hinter Panorama: <a href=\"https:\/\/www.panoramamarbella.com\/de\/ueber-uns\/mehr-als-120-jahre-familienbetrieb\">Eine Familie, die sich seit \u00fcber 120 Jahren der Immobilienbranche verschrieben<\/a> hat.<\/p>\n\n\n\n<p id=\"block-53d9573f-0d25-48cc-9f46-0eb3c43dcbb8\">Werfen Sie einen detaillierten Blick auf die ersten Jahre von Panorama in Marbella in den 1970er Jahren: <a href=\"https:\/\/www.panoramamarbella.com\/de\/ueber-uns\/der-anfang-von-panorama-in-marbella\">Wie das Panorama in Marbella in den 1970er Jahren begann<\/a><\/p>\n\n\n\n<p>&nbsp;<\/p>\n\n\n\t<figure class=\"wp-caption alignright wp-block-acf-wpimage\">\n\t<picture><source width=\"500\" height=\"400\" srcset=\"https:\/\/media.panoramamarbella.com\/imgV1\/B95mbh8olwFQm~uCT2wPZMb8hll4wghQQQq6YWg0~c~U_DrmgY8pGP8pqaDzA6mvjyI_OPtcrHD_aKxCvYKJMI6YlmbAZirzGgB4hKbRxMify8vz_igKvy85_enp29LFNIyygq9ha2uIDAJNsNHvnm9MrtEh1Qmopza0zeVO0Zt6tiitHyFy_m2Y6WPtGvm00w--.webp 500w\" type=\"image\/webp\"><img decoding=\"async\" class=\"img-fluid\" loading=\"lazy\" width=\"500\" height=\"400\" alt=\"How Panorama began in Marbella in the 1970&#039;s\" src=\"https:\/\/media.panoramamarbella.com\/imgV1\/B95mbh8olwFQm~uCT2wPZMb8hll4wghQQQq6YWg0~c~U_DrmgY8pGP8pqaDzA6mvjyI_OPtcrHD_aKxCvYKJMI6YlmbAZirzGgB4hKbRxMify8vz_igKvy85_enp29LFNIyygq9ha2uIDAJNsM8LZgyefGrZn9Hoh9m5zIIc.jpg\"><\/picture>\t\t\t<figcaption class=\"wp-caption-text\">\n\t\tWie das Panorama in Marbella in den 1970er Jahren begann. \t\t<\/figcaption>\n\t\t\t<\/figure>\n\t\n\n\n<h3 class=\"wp-block-heading\">Wie das Panorama in Marbella in den 1970er Jahren begann<\/h3>\n\n\n\n<p id=\"block-92f057f7-5e14-4bd1-8485-9452f296b77e\">Die Geschichte der ersten Jahre von Panorama in Marbella und warum Marbella 1970 so attraktiv f\u00fcr uns wurde, dass wir beschlossen, hier ein B\u00fcro zu er\u00f6ffnen.<\/p>\n\n\n\n<p id=\"block-2cdb9c9d-483f-4e17-b054-92c7fde94d49\">Werfen Sie einen detaillierten Blick auf die ersten Jahre von Panorama in Marbella in den 1970er Jahren: <a href=\"https:\/\/www.panoramamarbella.com\/de\/ueber-uns\/der-anfang-von-panorama-in-marbella\">Wie das Panorama in Marbella in den 1970er Jahren begann<\/a>.<\/p>\n\n\n\n<p>&nbsp;<\/p>\n\n\n\n<p>&nbsp;<\/p>\n\n\n\t<figure class=\"wp-caption alignleft wp-block-acf-wpimage\">\n\t<picture><source width=\"500\" height=\"352\" srcset=\"https:\/\/media.panoramamarbella.com\/imgV1\/B95mbh8olwFQm~uCT2wPZMb8hll4wghQQQq6YWg0~c~U_DrmgY8pGP8pqaDzA6mvjyI_OPtcrHD_aKxCvYKJMIUQAU5IasXufdyk5ygjyd8ZDtB1aY3i_CVysbjv7qM_t7meePiv8aad1_S7cZniNKmS0QwMlAt9CrE7NcdDuSgxF5BOiYvH~bTfBwBbGN60.webp 500w\" type=\"image\/webp\"><img decoding=\"async\" class=\"img-fluid\" loading=\"lazy\" width=\"500\" height=\"352\" alt=\"A family dedicated to Real Estate.\" src=\"https:\/\/media.panoramamarbella.com\/imgV1\/B95mbh8olwFQm~uCT2wPZMb8hll4wghQQQq6YWg0~c~U_DrmgY8pGP8pqaDzA6mvjyI_OPtcrHD_aKxCvYKJMIUQAU5IasXufdyk5ygjyd8ZDtB1aY3i_CVysbjv7qM_t7meePiv8aad1_S7b1G7vzas_hWMzoW6HP2fsQk-.jpg\"><\/picture>\t\t\t<figcaption class=\"wp-caption-text\">\n\t\tA visual timeline of Panorama&#8217;s history.\t\t<\/figcaption>\n\t\t\t<\/figure>\n\t\n\n\n<h3 class=\"wp-block-heading\"><a href=\"Panorama: eine visuelle Chronologie\">Panorama: eine visuelle Chronologie<\/a><\/h3>\n\n\n\n<p>Von den Urspr\u00fcngen der Familie Clover, die 1904 in Chicago mit Immobiliengesch\u00e4ften begann, bis hin zur Festigung des Status als moderne Institution in Marbella &#8211; sehen Sie sich die visuelle Dokumentation an, wie das Panorama dorthin kam, wo es heute ist.<\/p>\n\n\n\n<p class=\"clearfix\">Lesen Sie mehr in der <a href=\"https:\/\/www.panoramamarbella.com\/de\/ueber-uns\/zeitleiste\">Zeitleiste von <\/a><a href=\"https:\/\/www.panoramamarbella.com\/de\/ueber-uns\/zeitleiste\">Panorama<\/a>.<\/p>\n\n\n<hr class=\"w-75 mt-3 mt-md-5 mb-3 mb-md-6 mx-auto border-1 border-secondary opacity-50\">\n\n\n\n\t<figure class=\"wp-caption alignright wp-block-acf-wpimage\">\n\t<picture><source width=\"500\" height=\"500\" srcset=\"https:\/\/media.panoramamarbella.com\/imgV1\/B95mbh8olwFQm~uCT2wPZMb8hll4wghQQQq6YWg0~c~U_DrmgY8pGP8pqaDzA6mvjyI_OPtcrHD_aKxCvYKJMIxJB8FgNJIAWdCknu3UgCDo6mBfrEBL0dcp4eJ68blsuaIclNqqlSGn_yA5xOm7kvX~w7xGhaKt3My8Dfb1K7~ClokkPfwidA0-.webp 500w\" type=\"image\/webp\"><img decoding=\"async\" class=\"img-fluid\" loading=\"lazy\" width=\"500\" height=\"500\" alt=\"Panorama: Our offices.\" src=\"https:\/\/media.panoramamarbella.com\/imgV1\/B95mbh8olwFQm~uCT2wPZMb8hll4wghQQQq6YWg0~c~U_DrmgY8pGP8pqaDzA6mvjyI_OPtcrHD_aKxCvYKJMIxJB8FgNJIAWdCknu3UgCDo6mBfrEBL0dcp4eJ68blsuaIclNq0fXvI2uLK1zrJJFj2oHL_LQ--.jpg\"><\/picture>\t\t\t<figcaption class=\"wp-caption-text\">\n\t\tPanorama: Unsere B\u00fcros.\t\t<\/figcaption>\n\t\t\t<\/figure>\n\t\n\n\n<h2 class=\"wp-block-heading\">Unsere B\u00fcros<\/h2>\n\n\n\n<p id=\"block-6e350ad2-50d3-4990-9dfb-19090ec7158f\">Panorama ist von zwei strategisch g\u00fcnstig gelegenen B\u00fcros an der Goldenen Meile von Marbella aus t\u00e4tig. Unser Hauptb\u00fcro befindet sich im luxuri\u00f6sen <strong>Puente Romano Beach Resort<\/strong>, w\u00e4hrend sich unsere Unternehmenszentrale gegen\u00fcber dem renommierten <strong>Marbella Club Hotel<\/strong> befindet.<\/p>\n\n\n\n<p id=\"block-df3264e8-cd18-4d13-98f8-66a78094eeed\">Diese erstklassigen Standorte erm\u00f6glichen es uns, unseren Kunden einen unvergleichlichen Service zu bieten.<\/p>\n\n\n\n<p id=\"block-a39a5f5e-9795-40a5-b34c-7e70043d1f79\">Die Lage und Kontaktdaten unserer B\u00fcros in Marbella finden Sie in unserem Abschnitt <a href=\"https:\/\/www.panoramamarbella.com\/de\/ueber-uns\/panorama-bueros\">Panorama-B\u00fcros<\/a>.<\/p>\n\n\n<hr class=\"w-75 mt-3 mt-md-5 mb-3 mb-md-6 mx-auto border-1 border-secondary opacity-50\">\n\n\n\n\t<figure class=\"wp-caption alignright wp-block-acf-wpimage\">\n\t<picture><source width=\"500\" height=\"500\" srcset=\"https:\/\/media.panoramamarbella.com\/imgV1\/B95mbh8olwFQm~uCT2wPZMb8hll4wghQQQq6YWg0~c~U_DrmgY8pGP8pqaDzA6mvjyI_OPtcrHD_aKxCvYKJMJP54VPSZ7AvK60kWoC~hMLCP~PE7aJjxQF0dfI5hRzIwySncWiVIM9FuQVtoBViuBjK3mDUFZ2CVgvzfnHTp7jRt1fl47dGisPX4RzMXiHn.webp 500w\" type=\"image\/webp\"><img decoding=\"async\" class=\"img-fluid\" loading=\"lazy\" width=\"500\" height=\"500\" alt=\"Panorama team in 2024.\" src=\"https:\/\/media.panoramamarbella.com\/imgV1\/B95mbh8olwFQm~uCT2wPZMb8hll4wghQQQq6YWg0~c~U_DrmgY8pGP8pqaDzA6mvjyI_OPtcrHD_aKxCvYKJMJP54VPSZ7AvK60kWoC~hMLCP~PE7aJjxQF0dfI5hRzIwySncWiVIM9FuQVtvpSEamyLD2_FmusOr_o6JWs-.jpg\"><\/picture>\t\t\t<figcaption class=\"wp-caption-text\">\n\t\tPanorama-Team im Jahr 2024.\t\t<\/figcaption>\n\t\t\t<\/figure>\n\t\n\n\n<h2 class=\"wp-block-heading\">Unsere Immobilienexperten<\/h2>\n\n\n\n<p>Panorama hat sich in der Branche durch unseren professionellen, ehrlichen und transparenten Ansatz in allen Kundeninteraktionen einen seltenen Ruf erworben. Mit umfassender Erfahrung in allen Bereichen der Immobilienbranche versteht unser Team die Bedeutung klarer Kommunikation und bietet unseren Kunden einen unvergleichlichen Vor- und Nachverkaufsservice. Bei Panorama sind wir bestrebt, den besten Immobilienservice zu bieten, \u00fcberall.<\/p>\n\n\n\n<p id=\"block-ba4f04b2-73f4-40df-9bf1-b3ea6344d779\">Unser Team besteht aus \u00fcber 30 mehrsprachigen Fachleuten, die zusammen 13 verschiedene Sprachen sprechen. Jedes Teammitglied ist bestrebt, einen au\u00dfergew\u00f6hnlichen Service zu bieten, indem es sein umfangreiches Wissen \u00fcber den Immobilienmarkt von Marbella einsetzt. Unser Engagement f\u00fcr Professionalit\u00e4t, Integrit\u00e4t und Kundenzufriedenheit hat uns einen Ruf als Branchenf\u00fchrer eingebracht.<\/p>\n\n\n\n<p id=\"block-796af8d9-f8c3-4e74-b313-45b4ac8f4ae0\">Lernen Sie jeden einzelnen der Immobilienprofis kennen, die Teil dieser gro\u00dfen Familie sind: <a href=\"https:\/\/www.panoramamarbella.com\/de\/ueber-uns\/team\">das <\/a><a href=\"https:\/\/www.panoramamarbella.com\/de\/ueber-uns\/team\">Panorama<\/a><a href=\"https:\/\/www.panoramamarbella.com\/de\/ueber-uns\/team\">-Team.<\/a><\/p>\n\n\n<blockquote class=\"testimonial bg-secondary bg-opacity-10 text-dark wp-block-acf-blockquote\">\n    <p>&#8222;Wir haben nach und nach das beste Team von Branchenexperten aufgebaut, das wir je hatten, einschlie\u00dflich unseres Support-Teams, was vielleicht der Schl\u00fcsselfaktor f\u00fcr unseren Erfolg und unsere Langlebigkeit ist&#8220;, so Christopher Clover.<\/p>\n    \n<\/blockquote>\n\n\n<hr class=\"w-75 mt-3 mt-md-5 mb-3 mb-md-6 mx-auto border-1 border-secondary opacity-50\">\n\n\n\n\t<figure class=\"wp-caption alignright wp-block-acf-wpimage\">\n\t<picture><source width=\"500\" height=\"500\" srcset=\"https:\/\/media.panoramamarbella.com\/imgV1\/B95mbh8olwFQm~uCT2wPZMb8hll4wghQQQq6YWg0~c~U_DrmgY8pGP8pqaDzA6mvjyI_OPtcrHD_aKxCvYKJMJcCorffxjbrLXtG3QUVLUX4jUUQCcak3Ooy0SIcXm8CsOZlWQiV2anbjknvqPa6WCBUDZuTPLfQCkyZ6eDxfp3_xDe6o4m7lQk6.webp 500w\" type=\"image\/webp\"><img decoding=\"async\" class=\"img-fluid\" loading=\"lazy\" width=\"500\" height=\"500\" alt=\"Testimonials about Panorama.\" src=\"https:\/\/media.panoramamarbella.com\/imgV1\/B95mbh8olwFQm~uCT2wPZMb8hll4wghQQQq6YWg0~c~U_DrmgY8pGP8pqaDzA6mvjyI_OPtcrHD_aKxCvYKJMJcCorffxjbrLXtG3QUVLUX4jUUQCcak3Ooy0SIcXm8CsOZlWQiVx~Y__gAfV_cEVbRiwiMyURA-.jpg\"><\/picture>\t\t\t<figcaption class=\"wp-caption-text\">\n\t\tErfahrungsberichte \u00fcber Panorama.\t\t<\/figcaption>\n\t\t\t<\/figure>\n\t\n\n\n<h2 class=\"wp-block-heading\">Was unsere Kunden \u00fcber uns sagen<\/h2>\n\n\n\n<p id=\"block-12b07e36-bdf7-43f5-a1ca-def97824d23b\">Die Zufriedenheit unserer Kunden hat f\u00fcr uns oberste Priorit\u00e4t, und ihr positives Feedback spiegelt unser Engagement wider. Kunden loben unsere transparente Kommunikation, unser Fachwissen und unseren au\u00dfergew\u00f6hnlichen Service sowohl vor als auch nach dem Verkauf.<\/p>\n\n\n\n<p id=\"block-ecdce5fc-6c12-4d5f-8ab2-e94e73e7de6c\">Wir sind stolz darauf, langfristige Beziehungen zu pflegen und unseren Kunden dabei zu helfen, ihre Immobilienziele mit Vertrauen und Seelenfrieden zu erreichen.<\/p>\n\n\n\n<p id=\"block-6ecafc54-490f-4ac2-b423-cd80c0b9ea29\">Wir freuen uns, mit Ihnen einige der freundlichen Kommentare zu teilen, die <a href=\"https:\/\/www.panoramamarbella.com\/de\/ueber-uns\/erfahrungsberichte\">unsere angesehenen<\/a><a href=\"https:\/\/www.panoramamarbella.com\/de\/ueber-uns\/erfahrungsberichte\"> <\/a><a href=\"https:\/\/www.panoramamarbella.com\/de\/ueber-uns\/erfahrungsberichte\">Kunden uns hinterlassen haben<\/a>.<\/p>\n\n\n<hr class=\"w-75 mt-3 mt-md-5 mb-3 mb-md-6 mx-auto border-1 border-secondary opacity-50\">\n\n\n\n\t<figure class=\"wp-caption alignright wp-block-acf-wpimage\">\n\t<picture><source width=\"500\" height=\"500\" srcset=\"https:\/\/media.panoramamarbella.com\/imgV1\/B95mbh8olwFQm~uCT2wPZMb8hll4wghQQQq6YWg0~c~U_DrmgY8pGP8pqaDzA6mvjyI_OPtcrHD_aKxCvYKJMJSkapmq6RRMcrBOrp29Srtf55XwYn7398tr0QjpN0AdcI4D43n0sWDpA3jrl~Z0NCfngcitrzlNXUvpNK3IVfhwG~rRIhKYsfv0bP4-.webp 500w\" type=\"image\/webp\"><img decoding=\"async\" class=\"img-fluid\" loading=\"lazy\" width=\"500\" height=\"500\" alt=\"Why choose Panorama?\" src=\"https:\/\/media.panoramamarbella.com\/imgV1\/B95mbh8olwFQm~uCT2wPZMb8hll4wghQQQq6YWg0~c~U_DrmgY8pGP8pqaDzA6mvjyI_OPtcrHD_aKxCvYKJMJSkapmq6RRMcrBOrp29Srtf55XwYn7398tr0QjpN0AdcI4D43n0sWD3HPTRqlPaozfI5B~mGkKROA--.jpg\"><\/picture>\t\t\t<figcaption class=\"wp-caption-text\">\n\t\tWarum Panorama w\u00e4hlen?\t\t<\/figcaption>\n\t\t\t<\/figure>\n\t\n\n\n<h2 class=\"wp-block-heading\">Warum Panorama?<\/h2>\n\n\n\n<p class=\"clearfix\">Entdecken Sie <a href=\"https:\/\/www.panoramamarbella.com\/de\/ueber-uns\/warum-panorama\">, warum unsere Kunden und lokale Immobilienmakler Panorama w\u00e4hlen<\/a>, wenn sie Immobilien in und um Marbella kaufen oder verkaufen m\u00f6chten.<\/p>\n\n\n<hr class=\"w-75 mt-3 mt-md-5 mb-3 mb-md-6 mx-auto border-1 border-secondary opacity-50\">\n\n\n\n\t<figure class=\"wp-caption alignright wp-block-acf-wpimage\">\n\t<picture><source width=\"500\" height=\"500\" srcset=\"https:\/\/media.panoramamarbella.com\/imgV1\/B95mbh8olwFQm~uCT2wPZMb8hll4wghQQQq6YWg0~c~U_DrmgY8pGP8pqaDzA6mvjyI_OPtcrHD_aKxCvYKJMJcPsYlLOvZ3ez3oCvlnncs2HYwALyRbJDD9lneB8nuUlRTgpDXiEdgb4gdwdJRv1KfrNOKBQvczZxP9uXxZkgQdxnUZ_edw0LbG4APO2ZDEetlkSFtWXvC_SL04P57CTL5FWwrGWw--.webp 500w\" type=\"image\/webp\"><img decoding=\"async\" class=\"img-fluid\" loading=\"lazy\" width=\"500\" height=\"500\" alt=\"The Marbella Property Magazine 2023 Edition.\" src=\"https:\/\/media.panoramamarbella.com\/imgV1\/B95mbh8olwFQm~uCT2wPZMb8hll4wghQQQq6YWg0~c~U_DrmgY8pGP8pqaDzA6mvjyI_OPtcrHD_aKxCvYKJMJcPsYlLOvZ3ez3oCvlnncs2HYwALyRbJDD9lneB8nuUlRTgpDXiEdgb4gdwdJRv1KfrNOKBQvczZxP9uXxZkgQdxmupmpLuMVqFQhk4kfWMcaqB.jpg\"><\/picture>\t\t\t<figcaption class=\"wp-caption-text\">\n\t\tThe Marbella Property Magazine\u00ae 2023 Edition.\t\t<\/figcaption>\n\t\t\t<\/figure>\n\t\n\n\n<h2 class=\"wp-block-heading\">Das Magazin von Panorama, The Marbella Property Magazine<sup>\u00ae<\/sup><\/h2>\n\n\n\n<p id=\"block-457ca692-10ae-441e-832b-64ecddf3e537\">Willkommen bei &#8222;The Marbella Property Magazine&#8220;, Ihrer ersten Quelle f\u00fcr die Erkundung der besten Immobilien in Marbella.<\/p>\n\n\n\n<p id=\"block-7473112a-42ba-4e22-a099-461989b59c49\">Das Magazin wird von Panorama, Marbellas \u00e4ltestem Immobilienb\u00fcro, herausgegeben und bietet einen detaillierten Einblick in den <a href=\"https:\/\/www.panoramamarbella.com\/de\/marbella-immobilienmarktbericht\">Immobilienmarkt<\/a> der Region. Sie finden darin den j\u00e4hrlichen Immobilienmarktbericht von Christopher Clover, aufschlussreiche Artikel \u00fcber die Geschichte und Entwicklung von Panorama, umfassende <a href=\"https:\/\/www.panoramamarbella.com\/de\/marbella-immobilien-kaufberatung\">Leitf\u00e4den f\u00fcr K\u00e4ufer<\/a> und <a href=\"https:\/\/www.panoramamarbella.com\/de\/marbella-immobilien-verkaufsberatung\">Verk\u00e4ufer<\/a> sowie eine<strong> exklusive Auswahl der au\u00dfergew\u00f6hnlichsten Immobilien<\/strong>.<\/p>\n\n\n\n<p id=\"block-5791a37c-7a78-4502-89d5-120258775a7a\">Ob Sie nun ein luxuri\u00f6ses Anwesen oder eine stilvolle Ferienwohnung suchen, unser Magazin ist Ihr Tor zu den besten Immobilienangeboten in Marbella.<\/p>\n\n\n\n<p id=\"block-b98064a7-bdf1-4328-a41e-a36cf43dd6d4\">Werfen Sie einen Blick auf die letzte Ausgabe des <a href=\"https:\/\/www.panoramamarbella.com\/de\/marbella-immobilien-magazin\">Marbella Property Magazine<\/a>.<\/p>\n\n\n<hr class=\"w-75 mt-3 mt-md-5 mb-3 mb-md-6 mx-auto border-1 border-secondary opacity-50\">\n\n<\/section>\n","protected":false},"excerpt":{"rendered":"","protected":false},"author":2,"featured_media":4559,"parent":0,"menu_order":35,"comment_status":"closed","ping_status":"closed","template":"","meta":{"_acf_changed":false,"footnotes":""},"class_list":["post-5178","page","type-page","status-publish","has-post-thumbnail","hentry"],"acf":[],"_links":{"self":[{"href":"https:\/\/www.panoramamarbella.com\/de\/wp-json\/wp\/v2\/pages\/5178","targetHints":{"allow":["GET"]}}],"collection":[{"href":"https:\/\/www.panoramamarbella.com\/de\/wp-json\/wp\/v2\/pages"}],"about":[{"href":"https:\/\/www.panoramamarbella.com\/de\/wp-json\/wp\/v2\/types\/page"}],"author":[{"embeddable":true,"href":"https:\/\/www.panoramamarbella.com\/de\/wp-json\/wp\/v2\/users\/2"}],"replies":[{"embeddable":true,"href":"https:\/\/www.panoramamarbella.com\/de\/wp-json\/wp\/v2\/comments?post=5178"}],"version-history":[{"count":1,"href":"https:\/\/www.panoramamarbella.com\/de\/wp-json\/wp\/v2\/pages\/5178\/revisions"}],"predecessor-version":[{"id":17126,"href":"https:\/\/www.panoramamarbella.com\/de\/wp-json\/wp\/v2\/pages\/5178\/revisions\/17126"}],"wp:featuredmedia":[{"embeddable":true,"href":"https:\/\/www.panoramamarbella.com\/de\/wp-json\/wp\/v2\/media\/4559"}],"wp:attachment":[{"href":"https:\/\/www.panoramamarbella.com\/de\/wp-json\/wp\/v2\/media?parent=5178"}],"curies":[{"name":"wp","href":"https:\/\/api.w.org\/{rel}","templated":true}]}}