{"id":5203,"date":"2024-05-30T10:34:47","date_gmt":"2024-05-30T08:34:47","guid":{"rendered":"https:\/\/www.panoramamarbella.com\/ueber-uns\/why-choose-panorama"},"modified":"2024-07-31T18:03:16","modified_gmt":"2024-07-31T16:03:16","slug":"warum-panorama","status":"publish","type":"page","link":"https:\/\/www.panoramamarbella.com\/de\/ueber-uns\/warum-panorama","title":{"rendered":"Why choose Panorama?"},"content":{"rendered":"<div class=\"lead\"><p>Panorama ist, wie Sie vielleicht schon wissen, seit <a href=\"https:\/\/www.panoramamarbella.com\/de\/ueber-uns\/mehr-als-50-jahre-in-marbella\">\u00fcber 50 Jahren auf dem Immobilienmarkt an der Costa del Sol<\/a> vertreten. Unser Erbe und unsere Geschichte haben uns einen un\u00fcbertroffenen Ruf eingebracht, sowohl bei unseren<a href=\"https:\/\/www.panoramamarbella.com\/de\/ueber-uns\/erfahrungsberichte\"> zufriedenen Kunden<\/a> als auch bei den anderen Immobilienmaklern der Region, die regelm\u00e4\u00dfig mit uns zusammenarbeiten, wenn es um den Kauf oder Verkauf von Immobilien in und um Marbella geht.<\/p>\n<p>Entdecken Sie, warum sich so viele treue Kunden und Mitarbeiter f\u00fcr Panorama entscheiden.<\/p>\n<\/div>\n\n<section class=\"hero hero-styled position-relative mt-7 py-lg-5 overflow-hidden wp-block-acf-herostyled\">\n\t<div class=\"container d-flex flex-column-reverse flex-lg-row-reverse align-items-lg-start\">\n\t\t<div class=\"hero-text z-1\">\n\t\t\t<p class=\"fw-semibold fs-6 mb-2\">Experten, die das perfekte Haus f\u00fcr Ihre Bed\u00fcrfnisse finden<\/p><h2 class=\"h1 mt-0 mb-3\">Warum K\u00e4ufer Panorama w\u00e4hlen<\/h2><p class=\"fw-light fs-5\">Entdecken Sie, warum Panorama die perfekte Wahl ist, wenn Sie eine Immobilie in Marbella kaufen m\u00f6chten.<\/p>\n<ul class=\"mw-100 d-flex flex-column flex-lg-row flex-lg-wrap gap-3 list-unstyled mt-5 mb-0\">\n    <li><a class=\"btn btn-primary w-100 px-4 py-2\" href=\"https:\/\/www.panoramamarbella.com\/de\/warum-mit-panorama-kaufen\">Warum mit Panorama kaufen<\/a><\/li><\/ul>\n\t\t<\/div>\n\t\t<figure class=\"hero-image position-relative w-100 ratio ratio-4x3 mb-5\">\n\t\t\t<picture><source sizes=\"(max-width: 575px) calc(100vw - 24px), (max-width: 767px) 516px, (max-width: 991px) 696px, (max-width: 1199) 453px, (max-width: 1399) 570px, 570px\" width=\"569\" height=\"427\" srcset=\"https:\/\/media.panoramamarbella.com\/imgV1\/B95mbh8olwFQm~uCT2wPZMb8hll4wghQQQq6YWg0~c~U_DrmgY8pGP8pqaDzA6mvjyI_OPtcrHD_aKxCvYKIXom_QULtj3qWoGFnUHig3~vXG7BB0TnkmYti~hQ4chqLeGgNMP~xIq0TzIvIfgR45lwW5hdnyMKxFlNMU0c_UIF~BXQ634vvCpwReoBTbCdzIINOXC6~obgAL2o4.webp 569w,https:\/\/media.panoramamarbella.com\/imgV1\/B95mbh8olwFQm~uCT2wPZMb8hll4wghQQQq6YWg0~c~U_DrmgY8pGP8pqaDzA6mvjyI_OPtcrHD_aKxCvYKIXom_QULtj3qWoGFnUHig3~vXG7BB0TnkmYti~hQ4chqLeGgNMP~xIq0TzIvIfgR45lwW5hdnyM0HovP6O65gnjek11RNh6CbtEHaSp7FiPpjasEq1_Jl1Rb8oAOE.webp 569w\" type=\"image\/webp\"><img decoding=\"async\" class=\"position-absolute top-0 w-100 h-100 object-fit-cover shadow\" loading=\"lazy\" alt=\"Buying a Marbella Property with Panorama\" width=\"569\" height=\"427\" src=\"https:\/\/media.panoramamarbella.com\/imgV1\/B95mbh8olwFQm~uCT2wPZMb8hll4wghQQQq6YWg0~c~U_DrmgY8pGP8pqaDzA6mvjyI_OPtcrHD_aKxCvYKIXom_QULtj3qWoGFnUHig3~vXG7BB0TnkmYti~hQ4chqLeGgNMP~xIq0TzIvIfgR45lwW5hdnyMKxCNYBgGBOlbmCsPDoqQmbbyA-.jpg\"><\/picture>\t\t\t\t\t<\/figure>\n\t\t<svg class=\"d-none d-lg-block position-absolute end-0 z-0 h-100 opacity-15\" fill=\"currentColor\" viewBox=\"0 0 155 134\">\n\t\t\t<use href=\"https:\/\/www.panoramamarbella.com\/wp-content\/themes\/panoramamarbella\/dist\/src\/images\/icons.svg#svgWorldPanorama\"><\/use>\n\t\t<\/svg>\n\t<\/div>\n<\/section>\n\n\n<section class=\"hero hero-styled position-relative mt-7 py-lg-5 overflow-hidden wp-block-acf-herostyled\">\n\t<div class=\"container d-flex flex-column-reverse flex-lg-row-reverse align-items-lg-start\">\n\t\t<div class=\"hero-text z-1\">\n\t\t\t<p class=\"fw-semibold fs-6 mb-2\">Ihr Immobilienpartner f\u00fcr den Verkauf Ihres Hauses in Marbella<\/p><h2 class=\"h1 mt-0 mb-3\">Warum Verk\u00e4ufer Panorama w\u00e4hlen<\/h2><p class=\"fw-light fs-5\">Entdecken Sie, warum Panorama die perfekte Wahl ist, wenn Sie eine Immobilie in Marbella kaufen m\u00f6chten.<\/p>\n<ul class=\"mw-100 d-flex flex-column flex-lg-row flex-lg-wrap gap-3 list-unstyled mt-5 mb-0\">\n    <li><a class=\"btn btn-primary w-100 px-4 py-2\" href=\"https:\/\/www.panoramamarbella.com\/de\/verkaufen\/warum-mit-panorama-verkaufen\">Warum mit Panorama verkaufen<\/a><\/li><\/ul>\n\t\t<\/div>\n\t\t<figure class=\"hero-image position-relative w-100 ratio ratio-4x3 mb-5\">\n\t\t\t<picture><source sizes=\"(max-width: 575px) calc(100vw - 24px), (max-width: 767px) 516px, (max-width: 991px) 696px, (max-width: 1199) 453px, (max-width: 1399) 570px, 570px\" width=\"569\" height=\"427\" srcset=\"https:\/\/media.panoramamarbella.com\/imgV1\/B95mbh8olwFQm~uCT2wPZMb8hll4wghQQQq6YWg0~c~U_DrmgY8pGP8pqaDzA6mvjyI_OPtcrHD_aKxCvYKIXptCCa~Povpt6zWhpSgCEakbhoe6D7ZVUYUPjPhpj4_u8Vcu0df3blXRPgo2Zrpsk~vvXOn99aVe8ZLsuQCZj74DIggt2~yFHapBt6BKIzwkDt~MjYuWCSab2Q--.webp 569w,https:\/\/media.panoramamarbella.com\/imgV1\/B95mbh8olwFQm~uCT2wPZMb8hll4wghQQQq6YWg0~c~U_DrmgY8pGP8pqaDzA6mvjyI_OPtcrHD_aKxCvYKIXptCCa~Povpt6zWhpSgCEakbhoe6D7ZVUYUPjPhpj4_u8Vcu0df3blXRPgo2Zrpsk~vvXOny3d9rAA0NmJZK6qwL5UVbCDZx1g~xenUUcodcDighOFLCAGexYA--.webp 569w\" type=\"image\/webp\"><img decoding=\"async\" class=\"position-absolute top-0 w-100 h-100 object-fit-cover shadow\" loading=\"lazy\" alt=\"Panorama&#039;s team of Real Estate experts\" width=\"569\" height=\"427\" src=\"https:\/\/media.panoramamarbella.com\/imgV1\/B95mbh8olwFQm~uCT2wPZMb8hll4wghQQQq6YWg0~c~U_DrmgY8pGP8pqaDzA6mvjyI_OPtcrHD_aKxCvYKIXptCCa~Povpt6zWhpSgCEakbhoe6D7ZVUYUPjPhpj4_u8Vcu0df3blXRPgo2Zrpsk~vvXOn99bsvoYJlxwslRLUs3t4elmeo.jpg\"><\/picture>\t\t\t\t\t<\/figure>\n\t\t<svg class=\"d-none d-lg-block position-absolute end-0 z-0 h-100 opacity-15\" fill=\"currentColor\" viewBox=\"0 0 155 134\">\n\t\t\t<use href=\"https:\/\/www.panoramamarbella.com\/wp-content\/themes\/panoramamarbella\/dist\/src\/images\/icons.svg#svgWorldPanorama\"><\/use>\n\t\t<\/svg>\n\t<\/div>\n<\/section>\n\n\n<section class=\"hero hero-styled position-relative mt-7 py-lg-5 overflow-hidden mb-5 wp-block-acf-herostyled\">\n\t<div class=\"container d-flex flex-column-reverse flex-lg-row-reverse align-items-lg-start\">\n\t\t<div class=\"hero-text z-1\">\n\t\t\t<p class=\"fw-semibold fs-6 mb-2\">Immobilienexperten f\u00fcr die Vermietung Ihres Hauses in Marbella<\/p><h2 class=\"h1 mt-0 mb-3\">Warum Eigent\u00fcmer, die vermieten wollen, Panorama w\u00e4hlen<\/h2><p class=\"fw-light fs-5\">Experten f\u00fcr die F\u00f6rderung und Verwaltung von Mietobjekten in der Region Marbella.<\/p>\n<ul class=\"mw-100 d-flex flex-column flex-lg-row flex-lg-wrap gap-3 list-unstyled mt-5 mb-0\">\n    <li><a class=\"btn btn-primary w-100 px-4 py-2\" href=\"https:\/\/www.panoramamarbella.com\/de\/meine-immobilie-in-marbella-vermieten\">Warum mit Panorama vermieten<\/a><\/li><\/ul>\n\t\t<\/div>\n\t\t<figure class=\"hero-image position-relative w-100 ratio ratio-4x3 mb-5\">\n\t\t\t<picture><source sizes=\"(max-width: 575px) calc(100vw - 24px), (max-width: 767px) 516px, (max-width: 991px) 696px, (max-width: 1199) 453px, (max-width: 1399) 570px, 570px\" width=\"569\" height=\"427\" srcset=\"https:\/\/media.panoramamarbella.com\/imgV1\/B95mbh8olwFQm~uCT2wPZMb8hll4wghQQQq6YWg0~c~U_DrmgY8pGP8pqaDzA6mvjyI_OPtcrHD_aKxCvYKIXpmQm5z9lKuy9nNza2AOTJYekcfI0Qo2tZ5~9SGET3l~DWtNygXrc8KF9qNGBJOFY6eNJ_qxmAijHePD9KAO13G~_~dAYM7qEl1as3SMmjuNEBFTHk4sYm6H1Moy~ptsbE4-.webp 569w,https:\/\/media.panoramamarbella.com\/imgV1\/B95mbh8olwFQm~uCT2wPZMb8hll4wghQQQq6YWg0~c~U_DrmgY8pGP8pqaDzA6mvjyI_OPtcrHD_aKxCvYKIXpmQm5z9lKuy9nNza2AOTJYekcfI0Qo2tZ5~9SGET3l~DWtNygXrc8KF9qNGBJOFY6eNJ_qxmAijHePD_4nTlCuB4HjjzJ4Y1Dq5ZYyd29ibjf4PRWK7RhrJoxA8vmXGJ_Q-.webp 569w\" type=\"image\/webp\"><img decoding=\"async\" class=\"position-absolute top-0 w-100 h-100 object-fit-cover shadow\" loading=\"lazy\" alt=\"Renting out your property with Panorama\" width=\"569\" height=\"427\" src=\"https:\/\/media.panoramamarbella.com\/imgV1\/B95mbh8olwFQm~uCT2wPZMb8hll4wghQQQq6YWg0~c~U_DrmgY8pGP8pqaDzA6mvjyI_OPtcrHD_aKxCvYKIXpmQm5z9lKuy9nNza2AOTJYekcfI0Qo2tZ5~9SGET3l~DWtNygXrc8KF9qNGBJOFY6eNJ_qxmAijHePD9KAQuzUrRSFhm0WGSOiPNS9sOA--.jpg\"><\/picture>\t\t\t\t\t<\/figure>\n\t\t<svg class=\"d-none d-lg-block position-absolute end-0 z-0 h-100 opacity-15\" fill=\"currentColor\" viewBox=\"0 0 155 134\">\n\t\t\t<use href=\"https:\/\/www.panoramamarbella.com\/wp-content\/themes\/panoramamarbella\/dist\/src\/images\/icons.svg#svgWorldPanorama\"><\/use>\n\t\t<\/svg>\n\t<\/div>\n<\/section>\n\n\n<section class=\"hero hero-styled position-relative mt-7 py-lg-5 overflow-hidden mb-5 wp-block-acf-herostyled\">\n\t<div class=\"container d-flex flex-column-reverse flex-lg-row-reverse align-items-lg-start\">\n\t\t<div class=\"hero-text z-1\">\n\t\t\t<p class=\"fw-semibold fs-6 mb-2\">Die beste Wahl, auch f\u00fcr Gesch\u00e4ftspartner<\/p><h2 class=\"h1 mt-0 mb-3\">Warum andere Immobilienagenturen Panorama w\u00e4hlen<\/h2><p class=\"fw-light fs-5\">Entdecken Sie in diesem Artikel 11 zwingende Gr\u00fcnde, warum Immobilienagenturen an der Costa del Sol die Panorama-Angebote als erste anzeigen.<\/p>\n<ul class=\"mw-100 d-flex flex-column flex-lg-row flex-lg-wrap gap-3 list-unstyled mt-5 mb-0\">\n    <li><a class=\"btn btn-primary w-100 px-4 py-2\" href=\"https:\/\/www.panoramamarbella.com\/de\/news\/immobilienmakler-bevorzugen-panorama-immobilien\">Warum Makler Panorama w\u00e4hlen<\/a><\/li><\/ul>\n\t\t<\/div>\n\t\t<figure class=\"hero-image position-relative w-100 ratio ratio-4x3 mb-5\">\n\t\t\t<picture><source sizes=\"(max-width: 575px) calc(100vw - 24px), (max-width: 767px) 516px, (max-width: 991px) 696px, (max-width: 1199) 453px, (max-width: 1399) 570px, 570px\" width=\"569\" height=\"427\" srcset=\"https:\/\/media.panoramamarbella.com\/imgV1\/B95mbh8olwFQm~uCT2wPZMb8hll4wghQQQq6YWg0~c~U_DrmgY8pGP8pqaDzA6mvjyI_OPtcrHD_aKxCvYKIXp8MzX12Q2aj7qLaJd1ygpEnQZJFAM_RbNIzydB1DQDE2qjUuat3SYUKUsYA7hX9L2CovPy4fgt8h7WmKFDQRaT74aI518yNDIxw_INF~D1bY1yDRxQ-.webp 569w,https:\/\/media.panoramamarbella.com\/imgV1\/B95mbh8olwFQm~uCT2wPZMb8hll4wghQQQq6YWg0~c~U_DrmgY8pGP8pqaDzA6mvjyI_OPtcrHD_aKxCvYKIXp8MzX12Q2aj7qLaJd1ygpEnQZJFAM_RbNIzydB1DQDE2qjUuat3SYUKUsYA7hX9II8m0umNPVVbih4txJWm_jl7icqJsGli6TqfFS0vQETCFIJUi1Q-.webp 569w\" type=\"image\/webp\"><img decoding=\"async\" class=\"position-absolute top-0 w-100 h-100 object-fit-cover shadow\" loading=\"lazy\" alt=\"Panorama Team of Real Estate Experts\" width=\"569\" height=\"427\" src=\"https:\/\/media.panoramamarbella.com\/imgV1\/B95mbh8olwFQm~uCT2wPZMb8hll4wghQQQq6YWg0~c~U_DrmgY8pGP8pqaDzA6mvjyI_OPtcrHD_aKxCvYKIXp8MzX12Q2aj7qLaJd1ygpEnQZJFAM_RbNIzydB1DQDE2qjUuat3SYUKUsYA7hX9L2C2xPggk95gcUE7zqF2guL0yw--.jpg\"><\/picture>\t\t\t\t\t<\/figure>\n\t\t<svg class=\"d-none d-lg-block position-absolute end-0 z-0 h-100 opacity-15\" fill=\"currentColor\" viewBox=\"0 0 155 134\">\n\t\t\t<use href=\"https:\/\/www.panoramamarbella.com\/wp-content\/themes\/panoramamarbella\/dist\/src\/images\/icons.svg#svgWorldPanorama\"><\/use>\n\t\t<\/svg>\n\t<\/div>\n<\/section>\n\n\n\n<h2 class=\"wp-block-heading\">M\u00f6chten Sie mit Panorama zusammenarbeiten?<\/h2>\n\n\n\n<p>Sind Sie bereit, dem angesehensten<a href=\"https:\/\/www.panoramamarbella.com\/de\/ueber-uns\/team\"> Immobilienteam in Marbella <\/a>beizutreten? Wir von Panorama haben unseren Ruf als \u00e4ltestes und vertrauensw\u00fcrdigstes Maklerb\u00fcro in der Region aufgebaut, indem wir unseren Kunden und Partnern stets au\u00dfergew\u00f6hnliche Ergebnisse liefern.<\/p>\n\n\n\n<p>Ganz gleich, ob Sie Ihre <a href=\"https:\/\/www.panoramamarbella.com\/de\/immobilien\">Immobilie kaufen <\/a>oder <a href=\"https:\/\/www.panoramamarbella.com\/de\/verkaufen\">verkaufen<\/a> m\u00f6chten, oder ob Sie als Immobilienmakler eine Zusammenarbeit anstreben, wir w\u00fcrden uns freuen, von Ihnen zu h\u00f6ren. F\u00fcllen Sie das untenstehende Formular aus, um mit uns \u00fcber eine m\u00f6gliche Zusammenarbeit zu sprechen.<\/p>\n\n\n\n<div class=\"contact-only bg-light mb-5 wp-block-acf-contactform\">\n\t\t<div class=\"position-relative\">\n\t\t<span id=\"inm-contact-form\" class=\"position-absolute\" style=\"top:-130px\"><\/span>\n\t<\/div>\n\t\t\n\t\t<script src=\"https:\/\/www.google.com\/recaptcha\/api.js?render=6LeWOaYZAAAAAGZM7q40J51QMau9I_gs19mp9lZJ&#038;hl=de\"><\/script>\n\t\n<form id=\"contact_form_1\" class=\"needs-validation h-100 d-flex flex-column p-4 p-md-5\" data-contact=\"contact_form_1\" action=\"localhost\" method=\"POST\" novalidate>\n\t<strong class=\"h3 align-self-start\">Lass uns zusammenarbeiten<\/strong><p class=\"mb-5\">Erz\u00e4hlen Sie uns mehr \u00fcber Ihr Projekt, damit wir wissen, wie wir zusammenarbeiten k\u00f6nnen.<\/p>\t<span id=\"contact_form_1-result\" data-stext=\"source\" data-source=\"contact\"><\/span>\n\t<input type=\"hidden\" name=\"success\" value=\"\/de\/success?source=info\" \/>\n\t<input type=\"hidden\" name=\"lang\" value=\"de\" \/>\n\t<input type=\"hidden\" name=\"agency\" value=\"399\" \/>\n\t<input type=\"hidden\" name=\"recipient\" value=\"info\" \/>\n\t<input type=\"hidden\" name=\"source\" value=\"https:\/\/www.panoramamarbella.com\/de\/wp-json\/wp\/v2\/pages\/5203\" \/>\n\t<input type=\"hidden\" name=\"subject\" value=\"Information Request (DE)\" \/>\n\t\t\t<input type=\"hidden\" name=\"origin\" value=\"Why choose Panorama?\" \/>\n\t\t<div class=\"row g-3\">\n\t\t<div class=\"col-md-6\">\n\t\t\t<label class=\"form-label\" for=\"name\">Vorname*<\/label>\n\t\t\t<input id=\"name\" name=\"name\" type=\"text\" class=\"form-control\" autocomplete=\"off\" required data-error=\"Name erforderlich\">\n\t\t<\/div>\n\t\t<div class=\"col-md-6\">\n\t\t\t<label class=\"form-label\" for=\"name\">Nachname*<\/label>\n\t\t\t<input id=\"lastname\" name=\"lastname\" type=\"text\" class=\"form-control\" autocomplete=\"off\" required data-error=\"Nachname\">\n\t\t<\/div>\n\t\t<div class=\"col-12\">\n\t\t\t<label class=\"form-label\" for=\"email\">E-Mail*<\/label>\n\t\t\t<input id=\"email\" name=\"email\" type=\"email\" class=\"form-control\" autocomplete=\"off\" required data-error=\"E-Mail erforderlich\">\n\t\t<\/div>\n\t\t\t\t<div class=\"col-md-6\">\n\t\t\t<label class=\"form-label\" for=\"phone\">Telefonnummer <small><\/small><\/label>\n\t\t\t<input id=\"phone\" name=\"intphone\" type=\"tel\" class=\"form-control\" autocomplete=\"off\" placeholder=\"Telefon\" required data-error=\"Telefonnummern m\u00fcssen zwischen 8 und 20 Ziffern haben\" pattern=\"(?:\\d\\s*){4,}\">\n\t\t<\/div>\n\t\t<div class=\"col-md-6\">\n\t\t\t<label class=\"form-label\">Beste Zeit zum Anrufen <small><\/small><\/label>\n\t\t\t<select class=\"form-select\" name=\"time\">\n\t\t\t\t<option selected>Jederzeit<\/option>\n\t\t\t\t<option value=\"1\">Am Morgen<\/option>\n\t\t\t\t<option value=\"2\">Am Nachmittag<\/option>\n\t\t\t\t<option value=\"3\">Abends<\/option>\n\t\t\t<\/select>\n\t\t<\/div>\n\t\t<div class=\"col-12\">\n\t\t\t<label for=\"address\" class=\"form-label\">Adresse <small><\/small><\/label>\n\t\t\t<input id=\"address\" name=\"address\" type=\"text\" class=\"form-control\" \/>\n\t\t<\/div>\n\t\t<div class=\"col-12\">\n\t\t\t<label for=\"formComment\" class=\"form-label\">Nachricht<\/label>\n\t\t\t<textarea class=\"form-control\" placeholder=\"Hinterlassen Sie hier einen Kommentar\" name=\"comment\" id=\"formComment\" maxlength=\"8000\" rows=\"5\"><\/textarea>\n\t\t<\/div>\n\t\t\t\t<div class=\"col-12\">\n\t\t\t<div class=\"form-check\">\n\t\t\t\t<input type=\"checkbox\" class=\"form-check-input\" id=\"contact_form_1-customCheck1\" name=\"privacy_policy\" required data-error=\"Pflichtfeld\">\n\t\t\t\t<label class=\"form-check-label\" for=\"contact_form_1-customCheck1\">Ich akzeptiere die <a target=\"_blank\" class=\"text-decoration-none\" href=\"https:\/\/www.panoramamarbella.com\/de\/datenschutzrichtlinie\">Bedingungen und Konditionen<\/a><\/label>\n\t\t\t<\/div>\n\t\t\t<div class=\"form-check\">\n\t\t\t\t<input type=\"checkbox\" class=\"form-check-input\" id=\"contact_form_1-customCheck2\" name=\"commercial_information\">\n\t\t\t\t<label class=\"form-check-label\" for=\"contact_form_1-customCheck2\">Ich stimme zu, Mitteilungen von Panorama zu erhalten<\/label>\n\t\t\t<\/div>\n\t\t<\/div>\n\t<\/div>\n\t<button data-ids=\"contact_form_1\" data-lang=\"de\" data-sitekey=\"6LeWOaYZAAAAAGZM7q40J51QMau9I_gs19mp9lZJ\" class=\"align-self-start btn btn-primary px-4 py-2 mt-4 g-recaptcha\" role=\"button\" aria-label=\"Send\">Senden<\/button>\n<\/form><\/div>\n","protected":false},"excerpt":{"rendered":"<p>M\u00f6chten Sie mit Panorama zusammenarbeiten? Sind Sie bereit, dem angesehensten Immobilienteam in Marbella beizutreten? Wir von Panorama haben unseren Ruf als \u00e4ltestes und vertrauensw\u00fcrdigstes Maklerb\u00fcro in der Region aufgebaut, indem wir unseren Kunden und Partnern stets au\u00dfergew\u00f6hnliche Ergebnisse liefern. Ganz gleich, ob Sie Ihre Immobilie kaufen oder verkaufen m\u00f6chten, oder ob Sie als Immobilienmakler eine&#8230;<\/p>\n","protected":false},"author":2,"featured_media":4817,"parent":5178,"menu_order":3,"comment_status":"closed","ping_status":"closed","template":"","meta":{"_acf_changed":false,"footnotes":""},"class_list":["post-5203","page","type-page","status-publish","has-post-thumbnail","hentry"],"acf":[],"_links":{"self":[{"href":"https:\/\/www.panoramamarbella.com\/de\/wp-json\/wp\/v2\/pages\/5203","targetHints":{"allow":["GET"]}}],"collection":[{"href":"https:\/\/www.panoramamarbella.com\/de\/wp-json\/wp\/v2\/pages"}],"about":[{"href":"https:\/\/www.panoramamarbella.com\/de\/wp-json\/wp\/v2\/types\/page"}],"author":[{"embeddable":true,"href":"https:\/\/www.panoramamarbella.com\/de\/wp-json\/wp\/v2\/users\/2"}],"replies":[{"embeddable":true,"href":"https:\/\/www.panoramamarbella.com\/de\/wp-json\/wp\/v2\/comments?post=5203"}],"version-history":[{"count":0,"href":"https:\/\/www.panoramamarbella.com\/de\/wp-json\/wp\/v2\/pages\/5203\/revisions"}],"up":[{"embeddable":true,"href":"https:\/\/www.panoramamarbella.com\/de\/wp-json\/wp\/v2\/pages\/5178"}],"wp:featuredmedia":[{"embeddable":true,"href":"https:\/\/www.panoramamarbella.com\/de\/wp-json\/wp\/v2\/media\/4817"}],"wp:attachment":[{"href":"https:\/\/www.panoramamarbella.com\/de\/wp-json\/wp\/v2\/media?parent=5203"}],"curies":[{"name":"wp","href":"https:\/\/api.w.org\/{rel}","templated":true}]}}