{"id":5245,"date":"2024-07-02T14:05:26","date_gmt":"2024-07-02T12:05:26","guid":{"rendered":"https:\/\/www.panoramamarbella.com\/marbella-immobilienmarktbericht\/2021-edition"},"modified":"2024-08-01T10:19:38","modified_gmt":"2024-08-01T08:19:38","slug":"2021-auflage","status":"publish","type":"page","link":"https:\/\/www.panoramamarbella.com\/de\/marbella-immobilienmarktbericht\/2021-auflage","title":{"rendered":"Der Immobilienmarktbericht Marbella 2021"},"content":{"rendered":"<div class=\"lead\"><p>Christopher Clover, Gesch\u00e4ftsf\u00fchrer von Panorama, erstellt diesen Bericht \u00fcber den Immobilienmarkt in Marbella 2021, Costa del Sol, Spanien.<\/p>\n<\/div>\n\n\n\n<div style=\"position:relative;padding-top:max(60%,326px);height:0;width:100%\"><iframe allow=\"clipboard-write\" sandbox=\"allow-top-navigation allow-top-navigation-by-user-activation allow-downloads allow-scripts allow-same-origin allow-popups allow-modals allow-popups-to-escape-sandbox allow-forms\" allowfullscreen=\"true\" style=\"position:absolute;border:none;width:100%;height:100%;left:0;right:0;top:0;bottom:0;\" src=\"https:\/\/e.issuu.com\/embed.html?d=the_marbella_property_market_report_2021&#038;u=panorama\" style=\"border:none;width:100%;height:600px;\" class=\"mt-2 mb-5\"><\/iframe><\/div>\n\n\n\n<p class=\"mt-5 mb-5\"><a href=\"https:\/\/www.panoramamarbella.com\/de\/marbella-immobilienmarktbericht\">Lesen Sie den neuesten Bericht \u00fcber den Immobilienmarkt von Marbella<\/a>.<\/p>\n\n\n\n","protected":false},"excerpt":{"rendered":"","protected":false},"author":2,"featured_media":0,"parent":29884,"menu_order":3,"comment_status":"closed","ping_status":"closed","template":"","meta":{"_acf_changed":true,"footnotes":""},"class_list":["post-5245","page","type-page","status-publish","hentry"],"acf":[],"_links":{"self":[{"href":"https:\/\/www.panoramamarbella.com\/de\/wp-json\/wp\/v2\/pages\/5245","targetHints":{"allow":["GET"]}}],"collection":[{"href":"https:\/\/www.panoramamarbella.com\/de\/wp-json\/wp\/v2\/pages"}],"about":[{"href":"https:\/\/www.panoramamarbella.com\/de\/wp-json\/wp\/v2\/types\/page"}],"author":[{"embeddable":true,"href":"https:\/\/www.panoramamarbella.com\/de\/wp-json\/wp\/v2\/users\/2"}],"replies":[{"embeddable":true,"href":"https:\/\/www.panoramamarbella.com\/de\/wp-json\/wp\/v2\/comments?post=5245"}],"version-history":[{"count":0,"href":"https:\/\/www.panoramamarbella.com\/de\/wp-json\/wp\/v2\/pages\/5245\/revisions"}],"up":[{"embeddable":true,"href":"https:\/\/www.panoramamarbella.com\/de\/wp-json\/wp\/v2\/pages\/29884"}],"wp:attachment":[{"href":"https:\/\/www.panoramamarbella.com\/de\/wp-json\/wp\/v2\/media?parent=5245"}],"curies":[{"name":"wp","href":"https:\/\/api.w.org\/{rel}","templated":true}]}}