{"id":5297,"date":"2024-05-30T10:02:07","date_gmt":"2024-05-30T08:02:07","guid":{"rendered":"https:\/\/www.panoramamarbella.com\/verkaufen\/marbella-property-valuation"},"modified":"2026-01-26T14:36:13","modified_gmt":"2026-01-26T13:36:13","slug":"immobilienbewertungen","status":"publish","type":"page","link":"https:\/\/www.panoramamarbella.com\/de\/verkaufen\/immobilienbewertungen","title":{"rendered":"Immobilienbewertung in Marbella durch Panorama"},"content":{"rendered":"\n\n<ul class=\"table-index list-unstyled p-4 p-lg-5 ms-0 bg-light\"><li class=\"text-uppercase fw-bold mb-3\">Inhaltsverzeichnis<\/li><li><a href=\"#warum+sollten+sie+panorama+fur+ihre+immobilienbewertung+wahlen\">\nWarum sollten Sie Panorama f\u00fcr Ihre Immobilienbewertung w\u00e4hlen?\n<\/a><\/li>\n<li><a href=\"#beratungsdienst+zur+bewertung\">\nBeratungsdienst zur Bewertung\n<\/a><\/li>\n<li><a href=\"#wertermittlungsdienst+fur+rechtliche+oder+hypothekarische+zwecke\">\nWertermittlungsdienst f\u00fcr rechtliche oder hypothekarische Zwecke\n<\/a><\/li>\n<li><a href=\"#immobilienexperten\">\nImmobilienexperten\n<\/a><\/li>\n<li><a href=\"#verbinden+sie+sich+mit+einem+experten+fur+immobilienbewertung+von+panorama\">\nVerbinden Sie sich mit einem Experten f\u00fcr Immobilienbewertung von Panorama\n<\/a><\/li><\/ul>\n\n\n\n<h2 class=\"wp-block-heading\">Warum sollten Sie Panorama f\u00fcr Ihre Immobilienbewertung w\u00e4hlen?<\/h2>\n\n\n\n<p>Mit \u00fcber <a href=\"https:\/\/www.panoramamarbella.com\/de\/ueber-uns\/mehr-als-50-jahre-in-marbella\">50 Jahren Erfahrung auf dem Immobilienmarkt von Marbella <\/a>verf\u00fcgt Panorama \u00fcber das Fachwissen und die Ortskenntnis, um Ihnen eine genaue und zuverl\u00e4ssige Immobilienbewertung zu liefern. Hier erfahren Sie, warum Hausbesitzer uns vertrauen:<\/p>\n\n\n\n<ul class=\"wp-block-list\">\n<li><strong>Fundierte Marktkenntnisse<\/strong><br>Unser Expertenteam ist mit dem Immobilienmarkt von Marbella und den umliegenden Gebieten bestens vertraut. Wir kennen die Nuancen, die den Wert einer Immobilie beeinflussen, einschlie\u00dflich Lage, Ausstattung, Zustand, Renovierungspotenzial und mehr.<br>Sie k\u00f6nnen einen Blick auf unseren <a href=\"https:\/\/www.panoramamarbella.com\/de\/marbella-immobilienmarktbericht\" target=\"_blank\" rel=\"noreferrer noopener\">Marbella Immobilienmarktbericht<\/a> werfen.<\/li>\n\n\n\n<li><strong>Umfassende Bewertung<\/strong><br>Wir ber\u00fccksichtigen alle Faktoren, die zum Wert Ihres Hauses beitragen. Von der Nachbarschaft und den lokalen Annehmlichkeiten bis hin zum Zustand und den Merkmalen Ihrer Immobilie &#8211; unsere gr\u00fcndliche Bewertung gew\u00e4hrleistet einen optimalen Verkaufspreis.<\/li>\n\n\n\n<li><strong>Ma\u00dfgeschneiderte Beratung<\/strong><br>Jede Immobilie ist einzigartig, und das gilt auch f\u00fcr unsere Beratung. Wir geben individuelle Empfehlungen, um den Wert Ihrer Immobilie zu maximieren und potenzielle K\u00e4ufer anzuziehen.<\/li>\n\n\n\n<li><strong>Nachgewiesene Erfolgsbilanz<\/strong><br>Unsere umfangreiche Erfahrung und zahlreiche zufriedene Kunden sind ein Beweis f\u00fcr unser Engagement f\u00fcr hervorragende Leistungen. Wir haben unz\u00e4hligen Hausbesitzern erfolgreich geholfen, ihre Verkaufsziele in Marbella zu erreichen.<br>Lesen Sie die <a href=\"https:\/\/www.panoramamarbella.com\/de\/ueber-uns\/erfahrungsberichte\">Kommentare, die uns einige unserer Kunden hinterlassen haben<\/a>.<\/li>\n<\/ul>\n\n\n<article class=\"col w-100 position-relative wp-block-acf-banner\">\n    <div class=\"d-flex flex-wrap flex-column flex-xl-row align-items-start align-items-xl-end gap-4 w-100 bg-primary text-white p-4\">\n        <div class=\"d-flex flex-column\">\n\t\t\t            <a href=\"#contact\" class=\"stretched-link text-white text-decoration-none\" title=\"M\u00f6chten Sie Ihre Immobilie in der Gegend von Marbella verkaufen?\">\n\t\t\t\t<h2 class=\"text-white mb-3\">M\u00f6chten Sie Ihre Immobilie in der Gegend von Marbella verkaufen?<\/h2>            <\/a>\n\t\t\t            <p class=\"mb-0\">\n                Nutzen Sie das volle Potenzial Ihrer Immobilie mit Panorama. <br \/>\r\nSenden Sie uns noch heute Ihre Daten und machen Sie den ersten Schritt zu einem erfolgreichen Verkauf.            <\/p>\n\t\t\t        <\/div>\n\t\t        <span class=\"btn btn-outline-light ms-xl-auto\">Wertsch\u00e4tzung anfordern<\/span>\n\t\t    <\/div>\n<\/article>\n\n\n\n\n<h2 class=\"wp-block-heading\">Beratungsdienst zur Bewertung<\/h2>\n\n\n\n<p>Unser Team verf\u00fcgt \u00fcber ein au\u00dferordentliches Verst\u00e4ndnis des sich st\u00e4ndig ver\u00e4ndernden lokalen Immobilienmarktes und kann aufgrund seiner Erfahrung bestimmen, welchen Preis eine Immobilie haben sollte und zu welchem Preis sie verkauft werden k\u00f6nnte. Unser Immobilienbewertungsservice ist ein wesentlicher Bestandteil unseres Gesch\u00e4fts, und <strong>wir freuen uns, unseren Kunden unseren beratenden Bewertungsdienst kostenlos anbieten zu k\u00f6nnen<\/strong>.<\/p>\n\n\n\n<p>Im Gegensatz zu vielen Agenturen, die sich nur auf ihre Intuition st\u00fctzen, f\u00fchrt Panorama bei jeder Immobilienbewertung eine gr\u00fcndliche Marktanalyse durch, bei der auch die Quadratmeterpreise \u00e4hnlicher, k\u00fcrzlich in Ihrer Gegend verkaufter Immobilien sorgf\u00e4ltig gepr\u00fcft werden. In Verbindung mit der Erfahrung von Panorama tr\u00e4gt dies dazu bei, den kritischsten Teil des Immobilienverkaufs &#8211; den Verkaufspreis &#8211; von Anfang an richtig zu bestimmen.<\/p>\n\n\n\n<h2 class=\"wp-block-heading\">Wertermittlungsdienst f\u00fcr rechtliche oder hypothekarische Zwecke<\/h2>\n\n\n\n<p>F\u00fcr unsere Kunden, die eine formellere Bewertung f\u00fcr Bankzwecke, f\u00fcr Investoren oder aus anderen Gr\u00fcnden ben\u00f6tigen, bei denen ein Dokument mit rechtlichem Gewicht und strengen technischen Anforderungen erforderlich ist, k\u00f6nnen wir diese Dienstleistung gegen eine Geb\u00fchr anbieten. Wir freuen uns, Ihnen mitteilen zu k\u00f6nnen, dass der Architekt <strong>Jos\u00e9 Juan Rodr\u00edguez Castro das Team von Panorama als sehr erfahrener, voll qualifizierter und akkreditierter Immobiliengutachter<\/strong> verst\u00e4rkt hat. Alle eingehenden Bewertungen werden von unseren leitenden Vertriebs- und Listing-Mitarbeitern unter der Leitung von <a href=\"https:\/\/www.panoramamarbella.com\/de\/ueber-uns\/team\/christopher-clover\">Christopher Clover<\/a> \u00fcberpr\u00fcft, um sicherzustellen, dass die ermittelte Immobilienbewertung absolut den besten Angebotspreis f\u00fcr den aktuellen Markt darstellt.<\/p>\n\n\n\t<figure class=\"wp-caption alignright mt-4 wp-block-acf-wpimage\">\n\t<picture><source width=\"500\" height=\"500\" srcset=\"https:\/\/media.panoramamarbella.com\/imgV1\/B95mbh8olwFQm~uCT2wPZMb8hll4wghQQQq6YWg0~c~U_DrmgY8pGP8pqaDzA6mvjyI_OPtcrHD_aKxCvYKIXptRV3lqxWVRpyK6_Qt9brGJjUIs~Ou8~j5wSwovatxbvwkdUx~7q5QDGasrMtkWLUXU5PoAQGqDhaCFeGsRZx_jcNuO0fPasqfuKof_nRxpTfFdHYqENlc-.webp 500w\" type=\"image\/webp\"><img decoding=\"async\" class=\"img-fluid\" loading=\"lazy\" width=\"500\" height=\"500\" alt=\"Immobilienbewertung in Marbella durch Panorama\" src=\"https:\/\/media.panoramamarbella.com\/imgV1\/B95mbh8olwFQm~uCT2wPZMb8hll4wghQQQq6YWg0~c~U_DrmgY8pGP8pqaDzA6mvjyI_OPtcrHD_aKxCvYKIXptRV3lqxWVRpyK6_Qt9brGJjUIs~Ou8~j5wSwovatxbvwkdUx~7q5QDGasrMtkWLUXU5PoeXeFty5SJue4pPgC2_nfgBA--.jpg\"><\/picture>\t\t<\/figure>\n\t\n\n\n<h2 class=\"wp-block-heading\">Immobilienexperten<\/h2>\n\n\n\n<p>Wir verstehen die feinen Details und einzigartigen Qualit\u00e4ten von <a href=\"https:\/\/www.panoramamarbella.com\/de\/immobilien\/luxus\">Luxusimmobilien <\/a>und verf\u00fcgen \u00fcber das Fachwissen, um Ihre Immobilie den Menschen vorzustellen, die am wichtigsten sind. Wir sind Marktf\u00fchrer beim <a href=\"https:\/\/www.panoramamarbella.com\/de\/immobilien\/luxus\">Verkauf der prestigetr\u00e4chtigsten und luxuri\u00f6sesten Immobilien in Marbella <\/a>und an der Costa del Sol. Unsere einzigartigen Strategien, unser lokales Fachwissen und unsere hochpr\u00e4zise und erfahrene Immobilienbewertung bedeuten, dass <strong>Sie sich auf uns verlassen k\u00f6nnen, wenn es um die richtige Bewertung Ihrer Immobilie<\/strong> geht.<\/p>\n\n\n\n<p>Dank unseres starken K\u00e4ufernetzwerks k\u00f6nnen wir Ihre Immobilie nach Ihren Vorgaben zum richtigen Preis auf den Markt bringen. Wenn Sie auf der Suche nach einer Immobilienbewertung sind, der Sie vertrauen k\u00f6nnen, um Ihre Luxusimmobilie nahtlos an die richtigen Leute zu verkaufen, <strong>ist Panorama Ihr perfekter Partner<\/strong>.<\/p>\n\n\n\n<p>Wir haben Verst\u00e4ndnis daf\u00fcr, dass manche Menschen anonym bleiben m\u00f6chten, wenn sie \u00fcber den <a href=\"https:\/\/www.panoramamarbella.com\/de\/verkaufen\">Verkauf ihres Hauses<\/a> nachdenken. Deshalb k\u00f6nnen Sie sich darauf verlassen, dass wir Ihnen einen effektiven und diskreten Bewertungs- und Vermarktungsservice bieten.<\/p>\n\n\n<hr class=\"w-75 mt-3 mt-md-5 mb-3 mb-md-6 mx-auto border-2 border-secondary opacity-50\">\n\n\n\n\n<h2 class=\"wp-block-heading\" id=\"contact\">Verbinden Sie sich mit einem Experten f\u00fcr Immobilienbewertung von Panorama<\/h2>\n\n\n\n<p>Niemand kennt Ihre Nachbarschaft in Marbella besser als Panorama und unsere <a href=\"https:\/\/www.panoramamarbella.com\/de\/ueber-uns\/team\">fachkundigen Listing Consultants<\/a><\/p>\n\n\n\n<div class=\"contact-only bg-light wp-block-acf-contactform\">\n\t\t<div class=\"position-relative\">\n\t\t<span id=\"inm-contact-form\" class=\"position-absolute\" style=\"top:-130px\"><\/span>\n\t<\/div>\n\t\t\n\t\t<script src=\"https:\/\/www.google.com\/recaptcha\/api.js?render=6LeWOaYZAAAAAGZM7q40J51QMau9I_gs19mp9lZJ&#038;hl=de\"><\/script>\n\t\n<form id=\"contact_form_1\" class=\"needs-validation h-100 d-flex flex-column p-4 p-md-5\" data-contact=\"contact_form_1\" action=\"localhost\" method=\"POST\" novalidate>\n\t\t<span id=\"contact_form_1-result\" data-stext=\"source\" data-source=\"contact\"><\/span>\n\t<input type=\"hidden\" name=\"success\" value=\"\/de\/success?source=listings\" \/>\n\t<input type=\"hidden\" name=\"lang\" value=\"de\" \/>\n\t<input type=\"hidden\" name=\"agency\" value=\"399\" \/>\n\t<input type=\"hidden\" name=\"recipient\" value=\"listings\" \/>\n\t<input type=\"hidden\" name=\"source\" value=\"https:\/\/www.panoramamarbella.com\/de\/wp-json\/wp\/v2\/pages\/5297\" \/>\n\t<input type=\"hidden\" name=\"subject\" value=\"Listing Request (DE)\" \/>\n\t\t\t<input type=\"hidden\" name=\"origin\" value=\"Immobilienbewertung in Marbella durch Panorama\" \/>\n\t\t<div class=\"row g-3\">\n\t\t<div class=\"col-md-6\">\n\t\t\t<label class=\"form-label\" for=\"name\">Vorname*<\/label>\n\t\t\t<input id=\"name\" name=\"name\" type=\"text\" class=\"form-control\" autocomplete=\"off\" required data-error=\"Name erforderlich\">\n\t\t<\/div>\n\t\t<div class=\"col-md-6\">\n\t\t\t<label class=\"form-label\" for=\"name\">Nachname*<\/label>\n\t\t\t<input id=\"lastname\" name=\"lastname\" type=\"text\" class=\"form-control\" autocomplete=\"off\" required data-error=\"Nachname\">\n\t\t<\/div>\n\t\t<div class=\"col-12\">\n\t\t\t<label class=\"form-label\" for=\"email\">E-Mail*<\/label>\n\t\t\t<input id=\"email\" name=\"email\" type=\"email\" class=\"form-control\" autocomplete=\"off\" required data-error=\"E-Mail erforderlich\">\n\t\t<\/div>\n\t\t\t\t<div class=\"col-md-6\">\n\t\t\t<label class=\"form-label\" for=\"phone\">Telefonnummer <small><\/small><\/label>\n\t\t\t<input id=\"phone\" name=\"intphone\" type=\"tel\" class=\"form-control\" autocomplete=\"off\" placeholder=\"Telefon\" required data-error=\"Telefonnummern m\u00fcssen zwischen 8 und 20 Ziffern haben\" pattern=\"(?:\\d\\s*){4,}\">\n\t\t<\/div>\n\t\t<div class=\"col-md-6\">\n\t\t\t<label class=\"form-label\">Beste Zeit zum Anrufen <small><\/small><\/label>\n\t\t\t<select class=\"form-select\" name=\"time\">\n\t\t\t\t<option selected>Jederzeit<\/option>\n\t\t\t\t<option value=\"1\">Am Morgen<\/option>\n\t\t\t\t<option value=\"2\">Am Nachmittag<\/option>\n\t\t\t\t<option value=\"3\">Abends<\/option>\n\t\t\t<\/select>\n\t\t<\/div>\n\t\t<div class=\"col-12\">\n\t\t\t<label for=\"address\" class=\"form-label\">Adresse <small><\/small><\/label>\n\t\t\t<input id=\"address\" name=\"address\" type=\"text\" class=\"form-control\" \/>\n\t\t<\/div>\n\t\t<div class=\"col-12\">\n\t\t\t<label for=\"formComment\" class=\"form-label\">Nachricht<\/label>\n\t\t\t<textarea class=\"form-control\" placeholder=\"Hinterlassen Sie hier einen Kommentar\" name=\"comment\" id=\"formComment\" maxlength=\"8000\" rows=\"5\"><\/textarea>\n\t\t<\/div>\n\t\t\t\t<div class=\"col-12\">\n\t\t\t<div class=\"form-check\">\n\t\t\t\t<input type=\"checkbox\" class=\"form-check-input\" id=\"contact_form_1-customCheck1\" name=\"privacy_policy\" required data-error=\"Pflichtfeld\">\n\t\t\t\t<label class=\"form-check-label\" for=\"contact_form_1-customCheck1\">Ich akzeptiere die <a target=\"_blank\" class=\"text-decoration-none\" href=\"https:\/\/www.panoramamarbella.com\/privacy-policy\">Bedingungen und Konditionen<\/a><\/label>\n\t\t\t<\/div>\n\t\t\t<div class=\"form-check\">\n\t\t\t\t<input type=\"checkbox\" class=\"form-check-input\" id=\"contact_form_1-customCheck2\" name=\"commercial_information\">\n\t\t\t\t<label class=\"form-check-label\" for=\"contact_form_1-customCheck2\">Ich stimme zu, Mitteilungen von Panorama zu erhalten<\/label>\n\t\t\t<\/div>\n\t\t<\/div>\n\t<\/div>\n\t<button data-ids=\"contact_form_1\" data-lang=\"de\" data-sitekey=\"6LeWOaYZAAAAAGZM7q40J51QMau9I_gs19mp9lZJ\" class=\"align-self-start btn btn-primary px-4 py-2 mt-4 g-recaptcha\" role=\"button\" aria-label=\"Send\">Senden<\/button>\n<\/form><\/div>\n\n","protected":false},"excerpt":{"rendered":"","protected":false},"author":2,"featured_media":3614,"parent":5294,"menu_order":1,"comment_status":"closed","ping_status":"closed","template":"","meta":{"_acf_changed":false,"footnotes":""},"class_list":["post-5297","page","type-page","status-publish","has-post-thumbnail","hentry"],"acf":[],"_links":{"self":[{"href":"https:\/\/www.panoramamarbella.com\/de\/wp-json\/wp\/v2\/pages\/5297","targetHints":{"allow":["GET"]}}],"collection":[{"href":"https:\/\/www.panoramamarbella.com\/de\/wp-json\/wp\/v2\/pages"}],"about":[{"href":"https:\/\/www.panoramamarbella.com\/de\/wp-json\/wp\/v2\/types\/page"}],"author":[{"embeddable":true,"href":"https:\/\/www.panoramamarbella.com\/de\/wp-json\/wp\/v2\/users\/2"}],"replies":[{"embeddable":true,"href":"https:\/\/www.panoramamarbella.com\/de\/wp-json\/wp\/v2\/comments?post=5297"}],"version-history":[{"count":1,"href":"https:\/\/www.panoramamarbella.com\/de\/wp-json\/wp\/v2\/pages\/5297\/revisions"}],"predecessor-version":[{"id":33725,"href":"https:\/\/www.panoramamarbella.com\/de\/wp-json\/wp\/v2\/pages\/5297\/revisions\/33725"}],"up":[{"embeddable":true,"href":"https:\/\/www.panoramamarbella.com\/de\/wp-json\/wp\/v2\/pages\/5294"}],"wp:featuredmedia":[{"embeddable":true,"href":"https:\/\/www.panoramamarbella.com\/de\/wp-json\/wp\/v2\/media\/3614"}],"wp:attachment":[{"href":"https:\/\/www.panoramamarbella.com\/de\/wp-json\/wp\/v2\/media?parent=5297"}],"curies":[{"name":"wp","href":"https:\/\/api.w.org\/{rel}","templated":true}]}}