{"id":5484,"date":"2024-05-30T09:48:53","date_gmt":"2024-05-30T07:48:53","guid":{"rendered":"https:\/\/www.panoramamarbella.com\/selected-portfolios"},"modified":"2024-07-30T15:58:23","modified_gmt":"2024-07-30T13:58:23","slug":"ausgewaehltes-portfolio","status":"publish","type":"page","link":"https:\/\/www.panoramamarbella.com\/de\/ausgewaehltes-portfolio","title":{"rendered":"Ausgew\u00e4hlte Immobilienportfolios in der Region Marbella, von Panorama"},"content":{"rendered":"\n<div class=\"lead\"><p>Willkommen bei den Ausgew\u00e4hlten Portfolios von Panorama, einer Auswahl von Immobilien, die nach Interessensgebieten geordnet sind und Ihnen dabei helfen k\u00f6nnen, aus den besten auf dem Markt verf\u00fcgbaren Immobilien die ideale Immobilie f\u00fcr Sie zu finden. <\/p>\n<p>Willkommen bei den besten Immobilien in der Region Marbella.<\/p>\n<\/div>\n\n\t<section class=\"hero container d-flex flex-column-reverse flex-lg-row align-items-lg-start mt-7 mt-0 wp-block-acf-hero\">\n\t\t<div class=\"hero-text order-lg-2\">\n\t\t\t<p class=\"fw-bold fs-6 mb-2\">Erleben Sie modernsten Komfort<\/p><h2 class=\"h1 mt-0 mb-3\">Brandneue Bauwerke und frisch renovierte Schmuckst\u00fccke<\/h2><p class=\"fw-light fs-5\">Einzugsfertige Wunderwerke: Die Zukunft des Wohnens ist da. Diese H\u00e4user werden nicht einfach nur gebaut &#8211; sie werden f\u00fcr den anspruchsvollen Hausbesitzer geschaffen, der das Beste verlangt. Treten Sie noch heute in Ihr neues Leben ein.<\/p>\n<ul class=\"mw-100 d-flex flex-column flex-lg-row flex-lg-wrap gap-3 list-unstyled mt-5 mb-0\">\n    <li><a class=\"btn btn-primary w-100 px-4 py-2\" href=\"https:\/\/www.panoramamarbella.com\/de\/immobilien\/neu\">Neue Immobilien in der Region Marbella<\/a><\/li><\/ul>\n\t\t<\/div>\n\t\t<figure class=\"hero-image order-lg-1 position-relative w-100 ratio ratio-4x3 mb-5\">\n\t\t\t<picture><source sizes=\"(max-width: 413px) 388px,(max-width: 575px) calc(100vw - 24px), (max-width: 767px) 516px, (max-width: 991px) 696px, (max-width: 1199px) 453px, (max-width: 1399px) 570px, 570px\" width=\"570\" height=\"428\" srcset=\"https:\/\/media.panoramamarbella.com\/imgV1\/B95mbh8olwFQm~uCT2wPZMb8hll4wghQQQq6YWg0~c~U_DrmgY8pGP8pqaDzA6mvjyI_OPtcrHD_aKxCvYKJMI3uAqwoZIFpvt4HrssmiiHpBcS3pevE0ltBbrhHTrSPY0Po25MwuEhpCG4yBYTiuEwbGvqoQOwh39EP7fUSCMArTowVcGFDgVj9e3s6N1281F7R9pSA.webp 570w,https:\/\/media.panoramamarbella.com\/imgV1\/B95mbh8olwFQm~uCT2wPZMb8hll4wghQQQq6YWg0~c~U_DrmgY8pGP8pqaDzA6mvjyI_OPtcrHD_aKxCvYKJMI3uAqwoZIFpvt4HrssmiiHpBcS3pevE0ltBbrhHTrSPY0Po3R6XJSktZ0wL~fYzePgsTp3_QjnSQpfEgg2hFOQ6sdLxE3WgfNNZaYoJtAFXygaSQvA0.webp 388w\" type=\"image\/webp\"><img decoding=\"async\" class=\"position-absolute top-0 z-1 w-100 h-100 object-fit-cover\" loading=\"lazy\" alt=\"New or recently refurbished properties in Marbella area.\" width=\"570\" height=\"428\" src=\"https:\/\/media.panoramamarbella.com\/imgV1\/B95mbh8olwFQm~uCT2wPZMb8hll4wghQQQq6YWg0~c~U_DrmgY8pGP8pqaDzA6mvjyI_OPtcrHD_aKxCvYKJMI3uAqwoZIFpvt4HrssmiiHpBcS3pevE0ltBbrhHTrSPY0Po25MwuEhpCG4yBYTiuEwbBDnUk3N4H7YgZsPRC6AYKow-.jpg\"><\/picture>\t\t\t\t\t\t\t<figcaption class=\"top-100 w-100 h-auto mb-n4\">\n\t\t\t\t\t<small class=\"mb-0 mt-2 wp-caption\">Durchdacht gestaltete R\u00e4ume, die ein H\u00f6chstma\u00df an Komfort und Funktionalit\u00e4t bieten<\/small>\n\t\t\t\t<\/figcaption>\n\t\t\t\t\t\n\t\t\t\n\t\t<\/figure>\t\n\t<\/section>\n\n\n\t<section class=\"hero container d-flex flex-column-reverse flex-lg-row align-items-lg-start mt-7 wp-block-acf-hero\">\n\t\t<div class=\"hero-text order-lg-2\">\n\t\t\t<p class=\"fw-bold fs-6 mb-2\">Sonne und Strand<\/p><h2 class=\"h1 mt-0 mb-3\">Immobilien in Strandn\u00e4he<\/h2><p class=\"fw-light fs-5\">H\u00e4user, die eine unvergleichliche Lebensqualit\u00e4t direkt am Strand bieten, viele davon mit herrlichem Meerblick, die als Dauerwohnsitz oder als Ferienh\u00e4user konzipiert sind und es den gl\u00fccklichen Besitzern erm\u00f6glichen, das ganze Jahr \u00fcber den Strand und den Paseo zu genie\u00dfen.<\/p>\n<ul class=\"mw-100 d-flex flex-column flex-lg-row flex-lg-wrap gap-3 list-unstyled mt-5 mb-0\">\n    <li><a class=\"btn btn-primary w-100 px-4 py-2\" href=\"https:\/\/www.panoramamarbella.com\/de\/immobilien\/strand\">Immobilien am Strand in Marbella<\/a><\/li><\/ul>\n\t\t<\/div>\n\t\t<figure class=\"hero-image order-lg-1 position-relative w-100 ratio ratio-4x3 mb-5\">\n\t\t\t<picture><source sizes=\"(max-width: 413px) 388px,(max-width: 575px) calc(100vw - 24px), (max-width: 767px) 516px, (max-width: 991px) 696px, (max-width: 1199px) 453px, (max-width: 1399px) 570px, 570px\" width=\"570\" height=\"428\" srcset=\"https:\/\/media.panoramamarbella.com\/imgV1\/B95mbh8olwFQm~uCT2wPZMb8hll4wghQQQq6YWg0~c~U_DrmgY8pGP8pqaDzA6mvjyI_OPtcrHD_aKxCvYKJMIEODK24R_C_GSjOBtKKkr9llAvo3Ti9zNxpRGFwqMT6bq22v9A~P_UdseOB0mdKr0Jn0xW3HxA_uv5nOD8rENe96A2Aj1gT_RMK~hfI4V~7ZI_BTWw88Sk-.webp 570w,https:\/\/media.panoramamarbella.com\/imgV1\/B95mbh8olwFQm~uCT2wPZMb8hll4wghQQQq6YWg0~c~U_DrmgY8pGP8pqaDzA6mvjyI_OPtcrHD_aKxCvYKJMIEODK24R_C_GSjOBtKKkr9llAvo3Ti9zNxpRGFwqMT6bq22v9A52HyRq9zX~LZDA7X6BG3paKLWdR7RJck~6P_aRC_p7vw6EtvPE9EcYHpHgsZm4_uvyRQ-.webp 388w\" type=\"image\/webp\"><img decoding=\"async\" class=\"position-absolute top-0 z-1 w-100 h-100 object-fit-cover\" loading=\"lazy\" alt=\"Property Collections: Frontline Beach properties in Marbella.\" width=\"570\" height=\"428\" src=\"https:\/\/media.panoramamarbella.com\/imgV1\/B95mbh8olwFQm~uCT2wPZMb8hll4wghQQQq6YWg0~c~U_DrmgY8pGP8pqaDzA6mvjyI_OPtcrHD_aKxCvYKJMIEODK24R_C_GSjOBtKKkr9llAvo3Ti9zNxpRGFwqMT6bq22v9A~P_UdseOB0mdKr0Jn0xWpYl0_uJlxjz9ROk5bV_RMrg--.jpg\"><\/picture>\t\t\t\t\t\t\t<figcaption class=\"top-100 w-100 h-auto mb-n4\">\n\t\t\t\t\t<small class=\"mb-0 mt-2 wp-caption\">Immobilienauswahl f\u00fcr Strandliebhaber<\/small>\n\t\t\t\t<\/figcaption>\n\t\t\t\t\t\n\t\t\t\n\t\t<\/figure>\t\n\t<\/section>\n\n\n\t<section class=\"hero container d-flex flex-column-reverse flex-lg-row align-items-lg-start mt-7 mt-0 mb-5 wp-block-acf-hero\">\n\t\t<div class=\"hero-text order-lg-2\">\n\t\t\t<p class=\"fw-bold fs-6 mb-2\">Abschlag zu Ihrem Traumhaus<\/p><h2 class=\"h1 mt-0 mb-3\">Golf &#038; Natur<\/h2><p class=\"fw-light fs-5\">Lassen Sie sich auf einen Lebensstil ein, bei dem Fairways auf W\u00e4lder und das Meer treffen. Eine Auswahl an Grundst\u00fccken, die sich nahtlos in die nat\u00fcrliche Umgebung einf\u00fcgen; ruhige R\u00fcckzugsorte, an denen Vogelgezwitscher den Stadtl\u00e4rm ersetzt. Erleben Sie die perfekte Balance zwischen Sport und Gelassenheit. Ihr St\u00fcckchen Golfparadies wartet auf Sie.<\/p>\n<ul class=\"mw-100 d-flex flex-column flex-lg-row flex-lg-wrap gap-3 list-unstyled mt-5 mb-0\">\n    <li><a class=\"btn btn-primary w-100 px-4 py-2\" href=\"https:\/\/www.panoramamarbella.com\/de\/immobilien\/golf\">Golf Immobilien um Marbella<\/a><\/li><\/ul>\n\t\t<\/div>\n\t\t<figure class=\"hero-image order-lg-1 position-relative w-100 ratio ratio-4x3 mb-5\">\n\t\t\t<picture><source sizes=\"(max-width: 413px) 388px,(max-width: 575px) calc(100vw - 24px), (max-width: 767px) 516px, (max-width: 991px) 696px, (max-width: 1199px) 453px, (max-width: 1399px) 570px, 570px\" width=\"570\" height=\"428\" srcset=\"https:\/\/media.panoramamarbella.com\/imgV1\/B95mbh8olwFQm~uCT2wPZMb8hll4wghQQQq6YWg0~c~U_DrmgY8pGP8pqaDzA6mvjyI_OPtcrHD_aKxCvYKJMITzWrC2T4Btcs8c~U10rpveh73EWEEswarHpCkWyOcC5StYCf4KnupNFqsxbTOGERTivAKsaCiJmZZHGSBKzJz6as4JyBRmtecK3yR_KgrFCMSIxzUqlQ--.webp 570w,https:\/\/media.panoramamarbella.com\/imgV1\/B95mbh8olwFQm~uCT2wPZMb8hll4wghQQQq6YWg0~c~U_DrmgY8pGP8pqaDzA6mvjyI_OPtcrHD_aKxCvYKJMITzWrC2T4Btcs8c~U10rpveh73EWEEswarHpCkWyOcC5StYCfiIkoLbuTiABpFi2CmyRIUPQF7t75sFtW1OW7_4hbVfpYF4qB1njUL4a2KFaiJZhhC2jw--.webp 388w\" type=\"image\/webp\"><img decoding=\"async\" class=\"position-absolute top-0 z-1 w-100 h-100 object-fit-cover\" loading=\"lazy\" alt=\"Property portfolios: Golf Properties.\" width=\"570\" height=\"428\" src=\"https:\/\/media.panoramamarbella.com\/imgV1\/B95mbh8olwFQm~uCT2wPZMb8hll4wghQQQq6YWg0~c~U_DrmgY8pGP8pqaDzA6mvjyI_OPtcrHD_aKxCvYKJMITzWrC2T4Btcs8c~U10rpveh73EWEEswarHpCkWyOcC5StYCf4KnupNFqsxbTOGERTivBw3Rmi9~CwaqWnvrrgdb7AI.jpg\"><\/picture>\t\t\t\t\t\t\t<figcaption class=\"top-100 w-100 h-auto mb-n4\">\n\t\t\t\t\t<small class=\"mb-0 mt-2 wp-caption\">Exklusive Residenzen mit Blick auf Weltklasse-Golfpl\u00e4tze<\/small>\n\t\t\t\t<\/figcaption>\n\t\t\t\t\t\n\t\t\t\n\t\t<\/figure>\t\n\t<\/section>\n\n\n<article class=\"col w-100 position-relative wp-block-acf-banner\">\n    <div class=\"d-flex flex-wrap flex-column flex-xl-row align-items-start align-items-xl-end gap-4 w-100 bg-secondary text-white p-4\">\n        <div class=\"d-flex flex-column\">\n\t\t\t            <a href=\"https:\/\/www.panoramamarbella.com\/de\/kontakt\" class=\"stretched-link text-white text-decoration-none\" title=\"Sie suchen eine ganz besondere Immobilie?\">\n\t\t\t\t<h2 class=\"text-white mb-3\">Sie suchen eine ganz besondere Immobilie?<\/h2>            <\/a>\n\t\t\t            <p class=\"mb-0\">\n                Wenden Sie sich an unser fachkundiges Verkaufsteam und wir helfen Ihnen, Ihr Traumhaus zu finden.            <\/p>\n\t\t\t        <\/div>\n\t\t        <span class=\"btn btn-outline-light ms-xl-auto\">Kontakt zu unserem Vertriebsteam<\/span>\n\t\t    <\/div>\n<\/article>\n\n\n\n\t<section class=\"hero container d-flex flex-column-reverse flex-lg-row align-items-lg-start mt-7 mt-0 wp-block-acf-hero\">\n\t\t<div class=\"hero-text order-lg-2\">\n\t\t\t<p class=\"fw-bold fs-6 mb-2\">Hochmodernes Design trifft auf unvergleichlichen Komfort<\/p><h2 class=\"h1 mt-0 mb-3\">Au\u00dfergew\u00f6hnliches Leben entdecken<\/h2><p class=\"fw-light fs-5\">Unsere kuratierte Auswahl an modernen und zeitgen\u00f6ssischen H\u00e4usern \u00fcberschreitet die Grenzen architektonischer Innovation: Meisterwerke, die Aufmerksamkeit verlangen und die Fantasie befl\u00fcgeln. Erleben Sie die Zukunft der Wohnarchitektur schon heute.<\/p>\n<ul class=\"mw-100 d-flex flex-column flex-lg-row flex-lg-wrap gap-3 list-unstyled mt-5 mb-0\">\n    <li><a class=\"btn btn-primary w-100 px-4 py-2\" href=\"\/de\/immobilien\/modern\">Moderne Immobilien im Raum Marbella <\/a><\/li><\/ul>\n\t\t<\/div>\n\t\t<figure class=\"hero-image order-lg-1 position-relative w-100 ratio ratio-4x3 mb-5\">\n\t\t\t<picture><source sizes=\"(max-width: 413px) 388px,(max-width: 575px) calc(100vw - 24px), (max-width: 767px) 516px, (max-width: 991px) 696px, (max-width: 1199px) 453px, (max-width: 1399px) 570px, 570px\" width=\"570\" height=\"428\" srcset=\"https:\/\/media.panoramamarbella.com\/imgV1\/B95mbh8olwFQm~uCT2wPZMb8hll4wghQQQq6YWg0~c~U_DrmgY8pGP8pqaDzA6mvjyI_OPtcrHD_aKxCvYKJMI6W1leNgynkSFBqJQIsGxTTVAi6tYZTqyATUKB11VMMQb~qA_ysicHWQfpVq_XpyIajhL0tPtPYVtU2UUi4W28LnLsTZx2g3X8akTjvXq3U7CWz4e88WSWV.webp 570w,https:\/\/media.panoramamarbella.com\/imgV1\/B95mbh8olwFQm~uCT2wPZMb8hll4wghQQQq6YWg0~c~U_DrmgY8pGP8pqaDzA6mvjyI_OPtcrHD_aKxCvYKJMI6W1leNgynkSFBqJQIsGxTTVAi6tYZTqyATUKB11VMMQb~qA_ysj6jNc93dHmiqI3vCvaKPuzFLmbrbl69mhv62Qnp4vcxbszlc2Fb1pPiR5UvIpkQXhPu2.webp 388w\" type=\"image\/webp\"><img decoding=\"async\" class=\"position-absolute top-0 z-1 w-100 h-100 object-fit-cover\" loading=\"lazy\" alt=\"Modern and contemporary properties.\" width=\"570\" height=\"428\" src=\"https:\/\/media.panoramamarbella.com\/imgV1\/B95mbh8olwFQm~uCT2wPZMb8hll4wghQQQq6YWg0~c~U_DrmgY8pGP8pqaDzA6mvjyI_OPtcrHD_aKxCvYKJMI6W1leNgynkSFBqJQIsGxTTVAi6tYZTqyATUKB11VMMQb~qA_ysicHWQfpVq_XpyIajhL0tIJBTntD~lSqcjHqAgitJ9AM-.jpg\"><\/picture>\t\t\t\t\t\t\t<figcaption class=\"top-100 w-100 h-auto mb-n4\">\n\t\t\t\t\t<small class=\"mb-0 mt-2 wp-caption\">Nahtlose Innen- und Au\u00dfenbereiche f\u00fcr inspiriertes Wohnen<\/small>\n\t\t\t\t<\/figcaption>\n\t\t\t\t\t\n\t\t\t\n\t\t<\/figure>\t\n\t<\/section>\n\n\n\t<section class=\"hero container d-flex flex-column-reverse flex-lg-row align-items-lg-start mt-7 mb-6 wp-block-acf-hero\">\n\t\t<div class=\"hero-text order-lg-2\">\n\t\t\t<p class=\"fw-bold fs-6 mb-2\">Luxuri\u00f6ses Wohnen<\/p><h2 class=\"h1 mt-0 mb-3\">Exklusive und luxuri\u00f6se H\u00e4user<\/h2><p class=\"fw-light fs-5\">Au\u00dfergew\u00f6hnliche Wohnungen f\u00fcr alle, die auf der Suche nach einzigartigen H\u00e4usern sind: H\u00e4user in exklusiven Gegenden, mit den besten Ausstattungen, den besten Baumaterialien und anderen hervorragenden Eigenschaften.<\/p>\n<ul class=\"mw-100 d-flex flex-column flex-lg-row flex-lg-wrap gap-3 list-unstyled mt-5 mb-0\">\n    <li><a class=\"btn btn-primary w-100 px-4 py-2\" href=\"\/de\/immobilien\/luxus\">Luxusimmobilien Marbella<\/a><\/li><\/ul>\n\t\t<\/div>\n\t\t<figure class=\"hero-image order-lg-1 position-relative w-100 ratio ratio-4x3 mb-5\">\n\t\t\t<picture><source sizes=\"(max-width: 413px) 388px,(max-width: 575px) calc(100vw - 24px), (max-width: 767px) 516px, (max-width: 991px) 696px, (max-width: 1199px) 453px, (max-width: 1399px) 570px, 570px\" width=\"570\" height=\"428\" srcset=\"https:\/\/media.panoramamarbella.com\/imgV1\/B95mbh8olwFQm~uCT2wPZMb8hll4wghQQQq6YWg0~c~U_DrmgY8pGP8pqaDzA6mvjyI_OPtcrHD_aKxCvYKLjak~LDjL8xL5yJWHfwQyxm8ozBxkUG6YbtVhXGv3rQV4GxHvOZkmsHg71Eqi1KljdxFAiqGHlvAcYDP1v6wAliwx21xgZkksAIrLkkRIoBqCJiqfuOc3eKod.webp 570w,https:\/\/media.panoramamarbella.com\/imgV1\/B95mbh8olwFQm~uCT2wPZMb8hll4wghQQQq6YWg0~c~U_DrmgY8pGP8pqaDzA6mvjyI_OPtcrHD_aKxCvYKLjak~LDjL8xL5yJWHfwQyxm8ozBxkUG6YbtVhXGv3rQV4GxHvOZkmtm1Y2ErgC8d12rYzJhmP013xKHoqNy7z8z5rWhyHPs7w~2sQ4_ExZ0eatjKeAmFuZ2s~.webp 388w\" type=\"image\/webp\"><img decoding=\"async\" class=\"position-absolute top-0 z-1 w-100 h-100 object-fit-cover\" loading=\"lazy\" alt=\"Property Collections: Luxury properties on the Costa del Sol.\" width=\"570\" height=\"428\" src=\"https:\/\/media.panoramamarbella.com\/imgV1\/B95mbh8olwFQm~uCT2wPZMb8hll4wghQQQq6YWg0~c~U_DrmgY8pGP8pqaDzA6mvjyI_OPtcrHD_aKxCvYKLjak~LDjL8xL5yJWHfwQyxm8ozBxkUG6YbtVhXGv3rQV4GxHvOZkmsHg71Eqi1KljdxFAiqGHiAYRaSsqlz2VIXaeCqWjwx4-.jpg\"><\/picture>\t\t\t\t\t\t\t<figcaption class=\"top-100 w-100 h-auto mb-n4\">\n\t\t\t\t\t<small class=\"mb-0 mt-2 wp-caption\">Luxusimmobilien f\u00fcr Menschen, die Exklusivit\u00e4t suchen<\/small>\n\t\t\t\t<\/figcaption>\n\t\t\t\t\t\n\t\t\t\n\t\t<\/figure>\t\n\t<\/section>\n\n\n\t<section class=\"hero container d-flex flex-column-reverse flex-lg-row align-items-lg-start mt-7 mb-6 wp-block-acf-hero\">\n\t\t<div class=\"hero-text order-lg-2\">\n\t\t\t<p class=\"fw-bold fs-6 mb-2\">Verborgene Sch\u00e4tze in bester Lage entdecken<\/p><h2 class=\"h1 mt-0 mb-3\">Wertsteigerung \u00e4lterer Immobilien<\/h2><p class=\"fw-light fs-5\">Verwandeln Sie Visionen in Werte. Seien Sie der Architekt Ihres Traumhauses in einer etablierten, elit\u00e4ren Gemeinde. Diese Rohdiamanten bieten eine einzigartige Gelegenheit, Ihren idealen Wohnsitz in begehrten Gegenden zu schaffen.<\/p>\n<ul class=\"mw-100 d-flex flex-column flex-lg-row flex-lg-wrap gap-3 list-unstyled mt-5 mb-0\">\n    <li><a class=\"btn btn-primary w-100 px-4 py-2\" href=\"\/de\/immobilien\/fur-renovierung\">Renovierungsobjekte in der Region Marbella<\/a><\/li><\/ul>\n\t\t<\/div>\n\t\t<figure class=\"hero-image order-lg-1 position-relative w-100 ratio ratio-4x3 mb-5\">\n\t\t\t<picture><source sizes=\"(max-width: 413px) 388px,(max-width: 575px) calc(100vw - 24px), (max-width: 767px) 516px, (max-width: 991px) 696px, (max-width: 1199px) 453px, (max-width: 1399px) 570px, 570px\" width=\"570\" height=\"428\" srcset=\"https:\/\/media.panoramamarbella.com\/imgV1\/B95mbh8olwFQm~uCT2wPZMb8hll4wghQQQq6YWg0~c~U_DrmgY8pGP8pqaDzA6mvjyI_OPtcrHD_aKxCvYKJMJPqE91R5~bn5fZM~HY0AyM0eT2OY_lbzoaMWn08IOcvJJTVwCgcEhJHHqAv6Lr7WYpMbYqI4Rjnxrc_iTrx4FpbN2XSeMTBMsSUDst8uv4BCWnFJRsHKLNtuw13wg--.webp 570w,https:\/\/media.panoramamarbella.com\/imgV1\/B95mbh8olwFQm~uCT2wPZMb8hll4wghQQQq6YWg0~c~U_DrmgY8pGP8pqaDzA6mvjyI_OPtcrHD_aKxCvYKJMJPqE91R5~bn5fZM~HY0AyM0eT2OY_lbzoaMWn08IOcvJJTVwCgcEhJHHqbICKOJALUx6PJh4sxLDn26ZoxKw7fvwQB1DvBTZ2lRiwv_WDkyflk3AxJkYrIr56yVBA--.webp 388w\" type=\"image\/webp\"><img decoding=\"async\" class=\"position-absolute top-0 z-1 w-100 h-100 object-fit-cover\" loading=\"lazy\" alt=\"Properties to refurbish in Marbella.\" width=\"570\" height=\"428\" src=\"https:\/\/media.panoramamarbella.com\/imgV1\/B95mbh8olwFQm~uCT2wPZMb8hll4wghQQQq6YWg0~c~U_DrmgY8pGP8pqaDzA6mvjyI_OPtcrHD_aKxCvYKJMJPqE91R5~bn5fZM~HY0AyM0eT2OY_lbzoaMWn08IOcvJJTVwCgcEhJHHqAv6Lr7WYpMbYqI4Rjnxqn8NneML9CfTKNG6Mls~bZm.jpg\"><\/picture>\t\t\t\t\t\t\t<figcaption class=\"top-100 w-100 h-auto mb-n4\">\n\t\t\t\t\t<small class=\"mb-0 mt-2 wp-caption\">Charaktervolle Immobilien, die auf Ihre pers\u00f6nliche Note warten<\/small>\n\t\t\t\t<\/figcaption>\n\t\t\t\t\t\n\t\t\t\n\t\t<\/figure>\t\n\t<\/section>\n\n","protected":false},"excerpt":{"rendered":"","protected":false},"author":2,"featured_media":2255,"parent":0,"menu_order":25,"comment_status":"closed","ping_status":"closed","template":"","meta":{"_acf_changed":true,"footnotes":""},"class_list":["post-5484","page","type-page","status-publish","has-post-thumbnail","hentry"],"acf":[],"_links":{"self":[{"href":"https:\/\/www.panoramamarbella.com\/de\/wp-json\/wp\/v2\/pages\/5484","targetHints":{"allow":["GET"]}}],"collection":[{"href":"https:\/\/www.panoramamarbella.com\/de\/wp-json\/wp\/v2\/pages"}],"about":[{"href":"https:\/\/www.panoramamarbella.com\/de\/wp-json\/wp\/v2\/types\/page"}],"author":[{"embeddable":true,"href":"https:\/\/www.panoramamarbella.com\/de\/wp-json\/wp\/v2\/users\/2"}],"replies":[{"embeddable":true,"href":"https:\/\/www.panoramamarbella.com\/de\/wp-json\/wp\/v2\/comments?post=5484"}],"version-history":[{"count":0,"href":"https:\/\/www.panoramamarbella.com\/de\/wp-json\/wp\/v2\/pages\/5484\/revisions"}],"wp:featuredmedia":[{"embeddable":true,"href":"https:\/\/www.panoramamarbella.com\/de\/wp-json\/wp\/v2\/media\/2255"}],"wp:attachment":[{"href":"https:\/\/www.panoramamarbella.com\/de\/wp-json\/wp\/v2\/media?parent=5484"}],"curies":[{"name":"wp","href":"https:\/\/api.w.org\/{rel}","templated":true}]}}