{"id":6221,"date":"2024-08-05T10:41:23","date_gmt":"2024-08-05T08:41:23","guid":{"rendered":"https:\/\/www.panoramamarbella.com\/subscription-confirmed"},"modified":"2025-09-17T13:39:27","modified_gmt":"2025-09-17T11:39:27","slug":"abonnementbestatigt","status":"publish","type":"page","link":"https:\/\/www.panoramamarbella.com\/de\/abonnementbestatigt","title":{"rendered":"Vielen Dank f\u00fcr Ihr Abonnement!"},"content":{"rendered":"\n\n<h2 class=\"wp-block-heading\">Willkommen bei Panorama Weekly Property Alerts &amp; News!<\/h2>\n\n\n\n<p>Vielen Dank, dass Sie sich f\u00fcr unseren w\u00f6chentlichen Newsletter angemeldet haben! Wir freuen uns sehr, Sie an Bord zu haben. Ihr Abonnement ist jetzt aktiv, und Sie k\u00f6nnen sich darauf freuen, die neuesten Updates zu Immobilienangeboten, Immobiliennachrichten, Markttrends und Expertentipps direkt in Ihrem Posteingang zu erhalten.<\/p>\n\n\n\n<h3 class=\"wp-block-heading\">Das k\u00f6nnen Sie erwarten:<\/h3>\n\n\n\n<ol class=\"wp-block-list\">\n<li><strong>Exklusive Immobilien-Angebote<\/strong>: Erhalten Sie fr\u00fchzeitigen Zugang zu neuen und interessanten Immobilien, bevor diese auf den Markt kommen.<\/li>\n\n\n\n<li><strong>Market Insights<\/strong>: Bleiben Sie auf dem Laufenden mit detaillierten Analysen der Trends und Prognosen auf dem Immobilienmarkt.<\/li>\n\n\n\n<li><strong>Expertenrat<\/strong>: Profitieren Sie von Tipps und Ratschl\u00e4gen von Branchenexperten, um fundierte Entscheidungen zu treffen.<\/li>\n\n\n\n<li><strong>Nachrichten der Gemeinde<\/strong>: Erfahren Sie mehr \u00fcber lokale Veranstaltungen, Highlights in der Nachbarschaft und Entwicklungen in der Gemeinde.<\/li>\n<\/ol>\n\n\n\n<h3 class=\"wp-block-heading\">Was ist als n\u00e4chstes zu tun?<\/h3>\n\n\n\n<ol class=\"wp-block-list\">\n<li><strong>F\u00fcgen Sie uns zu Ihren Kontakten hinzu<\/strong>: Stellen Sie sicher, dass unsere E-Mails Ihren Posteingang erreichen, indem Sie <a>info@panorama.es<\/a> zu Ihren E-Mail-Kontakten oder Ihrer VIP-Liste hinzuf\u00fcgen.<\/li>\n\n\n\n<li><strong>Folgen Sie uns auf den sozialen Medien<\/strong>: Bleiben Sie in Verbindung und werden Sie Teil unserer Gemeinschaft auf <a href=\"https:\/\/www.facebook.com\/PanoramaMarbella\/\" target=\"_blank\" rel=\"noreferrer noopener\">Facebook<\/a>, <a href=\"https:\/\/www.instagram.com\/panoramamarbella\/\" target=\"_blank\" rel=\"noreferrer noopener\">Instagram<\/a> und <a href=\"https:\/\/x.com\/panoramarbella\" target=\"_blank\" rel=\"noreferrer noopener\">Twitter<\/a>, um aktuelle Informationen und mehr zu erhalten.<\/li>\n\n\n\n<li><strong>Werfen Sie einen Blick auf unseren Blog<\/strong>: Bleiben Sie mit den Nachrichten <a href=\"https:\/\/www.panoramamarbella.com\/de\/news\">und Artikeln von Panorama<\/a> auf dem Laufenden \u00fcber die neuesten Entwicklungen im Immobilienbereich<\/li>\n<\/ol>\n\n\n\n<h2 class=\"wp-block-heading\">Sie haben Fragen oder ben\u00f6tigen Hilfe?<\/h2>\n\n\n\n<p>Unser Team ist f\u00fcr Sie da! Wenn Sie Fragen haben oder weitere Unterst\u00fctzung ben\u00f6tigen, z\u00f6gern Sie bitte nicht, <a href=\"https:\/\/www.panoramamarbella.com\/de\/kontakt\">uns zu kontaktieren<\/a>.<\/p>\n\n\n\n<p>Nochmals vielen Dank, dass Sie uns abonniert haben. Wir freuen uns darauf, Ihnen wertvolle Einblicke in die Welt der Immobilien zu geben und Ihnen zu helfen, Ihr Traumhaus zu finden!<\/p>\n\n\n\n<p>Herzliche Gr\u00fc\u00dfe,<br>Das Panorama-Team<\/p>\n\n\n\n\n\t\t<section class=\"container mt-5 mb-5 wp-block-acf-inmpropselection\">\n\t\t\t<h2>Perhaps you might be interested in<\/h2>\t\t\t<div class=\"row row-cols-1 row-cols-lg-3 gy-5 g-xxl-5\">\n\t\t\t\t\n<article class=\"col card-properties position-relative d-flex flex-column\">\n\t<div id=\"carouselCardProperties-1-0\" class=\"card-properties-images carousel slide carousel-fade lazy\" data-bs-ride=\"carousel\" data-bs-interval=\"200000\" data-id=\"702241\">\n\t\t<div class=\"carousel-inner\">\n\t\t\t<figure class=\"carousel-item mb-0 active ratio ratio-4x3\">\n\t\t\t\t<picture><source sizes=\"(max-width: 575px) calc(100vw - 24px), (max-width: 767px) 516px, (max-width: 991px) 696px, (max-width: 1199px) 296px, (max-width: 1399px) 356px, 400px\" width=\"696\" height=\"522\" srcset=\"https:\/\/media.panoramamarbella.com\/imgV1\/B95mbh8olwFQm~uCUaVOI2kQT0hb0a8sZ9turUNfnwtvuccYCzs0YVPfPbfkc2VnnN1JFDpkYaGfw1gJsS~5hOux_GBAFMm0d1ZB5tX0PmTeWIcboG~vPid3jbIOhxd2oiBZ5wpHt3Kpuw1e8158vsS0g~j7zsFMTpQ7~aF14R_ArNjnjkcI2wKb335EaTdixvceHUJQ7IWDI9_YObllTfZn4WLnrIX1ksim2m~UxdOZx0eUk7KfcFoiN5HkaLyoqcBryy3eusn4YmoOyrQHIf5af6x18oMFQMVfGTIbUc5GjoM_4ox7gt4t7FcpQkZy5c1~ifJQmc9RXn1O5KebXYMJKF81Og9pbehoGFsfsSc2iKIsFhZJomPrgL6a4YAGH5rZSeP_hUQgn8PhMbjA~nKdgnWleoBQa8op24zXCuy6FKEnaX2CxX1hp26~bbC9TsUaupLq5RnTCPzrNLmO.webp 696w,https:\/\/media.panoramamarbella.com\/imgV1\/B95mbh8olwFQm~uCUaVOI2kQT0hb0a8sZ9turUNfnwtvuccYCzs0YVPfPbfkc2VnnN1JFDpkYaGfw1gJsS~5hOux_GBAFMm0d1ZB5tX0PmTeWIcboG~vPid3jbIOhxd2oiBZ5wpHt3Kpuw1e8158vsS0g~j7zsFMTpQ7~aF14~xBAQNiK~jYC8cpiLOo1tC9vT9LTsu~gyjqi5YnJYhoyLJC~~OboGvbmi6lEH5PhoosHHDoOJPUFLzn06TS__FOF7VgjSa1AZMkrLAvskEukVmtU24M9y_~RrXrQL7YRgVoTcuJIpkRxA~dBlGXiWiw4FNrcyxXacd4q~PGyogjVl1CUucy~Zkol~A61g2eF73oArI7~pY3GlyNERpt8vJbBsie_Pp~AfnsKq~AHuhKWKMyVx2tFdOZXakwAaoLFIDFTTn2l1axyt9RBVnpbzIe26acDpqlbHIgz39I_0Lk.webp 400w\" type=\"image\/webp\"><img decoding=\"async\" class=\"position-absolute w-100 h-100 object-fit-cover\" alt=\"Apartment zu verkaufen in El Embrujo Ban\u00fas, Puerto Banus\" loading=\"lazy\" width=\"696\" height=\"522\" src=\"https:\/\/media.panoramamarbella.com\/imgV1\/B95mbh8olwFQm~uCUaVOI2kQT0hb0a8sZ9turUNfnwtvuccYCzs0YVPfPbfkc2VnnN1JFDpkYaGfw1gJsS~5hOux_GBAFMm0d1ZB5tX0PmTeWIcboG~vPid3jbIOhxd2oiBZ5wpHt3Kpuw1e8158vsS0g~j7zsFMTpQ7~aF14R_ArNjnjkcI2wKb335EdzjK4zkQ~y9zSl8gzWgLeni8dQ5Ed080gg4~uvzgiyRETl2KE~ZXNFI0QguIS2h6hOuBGW2O7MC5gkfLC9OMvKId359DGaG69b8ncjRiaXv2FAuh1C7ITcn2uCjQZbvlEl5yk63Yz606LwEycbXGmX32FuXs2h_bybTNBGe~UbTB2OPANx0_e7ZW0QoYmXLW7iSU8J7hv4M0gxBXnCqCqqlvjI2ULpnP9UxtfyZY9CHAX~iLOiAeJAJfg6B7yOo-.jpg\"><\/picture>\t\t\t<\/figure>\n\t\t\t\t\t\t<span class=\"card-properties-ref position-absolute z-2 bottom-0 end-0 bg-white text-primary py-1 px-3 me-3\">\n\t\t\t\tPANR-16386\t\t\t<\/span>\n\t\t\t<button class=\"card-properties-portfolio d-flex align-items-center justify-content-center position-absolute z-3 end-0 text-white bg-primary me-3 border-0 px-0\" data-pfl-id=\"702241\" data-pfl-filter=\"sale\" aria-label=\"Add to portfolio\">\n\t\t\t\t<svg width=\"18\" fill=\"currentColor\" viewBox=\"0 0 512 512\">\n\t\t\t\t\t<use href=\"https:\/\/www.panoramamarbella.com\/wp-content\/themes\/panoramamarbella\/dist\/src\/images\/icons.svg#svgHeart\"><\/use>\n\t\t\t\t<\/svg>\n\t\t\t\t<svg width=\"18\" fill=\"currentColor\" viewBox=\"0 0 512 512\">\n\t\t\t\t\t<use href=\"https:\/\/www.panoramamarbella.com\/wp-content\/themes\/panoramamarbella\/dist\/src\/images\/icons.svg#svgHeartIn\"><\/use>\n\t\t\t\t<\/svg>\n\t\t\t<\/button>\n\t\t<\/div>\n\t\t\t\t<button\n\t\t\tclass=\"carousel-control-prev\"\n\t\t\ttype=\"button\"\n\t\t\tdata-bs-target=\"#carouselCardProperties-1-0\"\n\t\t\tdata-bs-slide=\"prev\">\n\t\t\t<span class=\"carousel-control-prev-icon\" aria-hidden=\"true\"><\/span>\n\t\t\t<span class=\"visually-hidden\">Vorherige<\/span>\n\t\t<\/button>\n\t\t<button\n\t\t\tclass=\"carousel-control-next\"\n\t\t\ttype=\"button\"\n\t\t\tdata-bs-target=\"#carouselCardProperties-1-0\"\n\t\t\tdata-bs-slide=\"next\">\n\t\t\t<span class=\"carousel-control-next-icon\" aria-hidden=\"true\"><\/span>\n\t\t\t<span class=\"visually-hidden\">N\u00e4chste<\/span>\n\t\t<\/button>\n\t\t\t<\/div>\n\t<div class=\"d-flex flex-column h-100 px-3 py-4 shadow\">\n\t\t\t\t<h3 class=\"card-properties-title mb-3\">\n\t\t\t<a class=\"stretched-link\" href=\"\/properties\/marbella\/puerto-banus\/el-embrujo-banus\/apartments\/PANR-16386\">\n\t\t\t\tApartment zu verkaufen in El Embrujo Ban\u00fas, Puerto Banus\t\t\t<\/a>\n\t\t<\/h3>\n\t\t<p class=\"mb-3 text-black-dark\">El Embrujo Ban\u00fas, Puerto Banus<\/p>\n\t\t\t\t\t\t<p class=\"card-properties-description mb-3\">\n\t\t\tApartment zum Verkauf in El Embrujo Ban\u00fas, Puerto Banus mit 3 Schlafzimmer, 3 Badezimmer, 3 Badezimmer en-suite, 1 Toilette, gebaut in 2005 und hat Schwimmbad (communal), Garage (private) und Garten (communal). Abmessungen: 281m&sup2; gebaut, 191m&sup2;&#8230;\t\t<\/p>\n\t\t\t\t<span class=\"card-properties-price mt-auto\">\n\t\t\t\n\t\t\t<span class=\"card-properties-price mt-auto\" data-original-price=\"2300000\">2.300.000\u00a0\u20ac<\/span>\n\t\t\t\t<\/span>\n\t\t\t\t<ul class=\"card-properties-features list-unstyled d-flex flex-wrap align-items-center gap-3 pt-3 border-top mt-3 mb-0\">\n\t\t\t<li class=\"d-flex align-items-center\">3 Schlafzimmer<\/li><li class=\"d-flex align-items-center\">3 B\u00e4der<\/li>\t\t\t\t<li class=\"d-flex align-items-center\">\n\t\t\t\t\t <span class=\"me-1\" data-original-value=\"281\" data-original-unit=\"m&#038;sup2\">281 m&sup2;<\/span>Gesamt\t\t\t\t<\/li>\n\t\t\t\t\t\t\t<li class=\"d-flex align-items-center\">\n\t\t\t\t\t <span class=\"me-1\" data-original-value=\"191\" data-original-unit=\"m&#038;sup2\">191 m&sup2;<\/span>Gebaut\t\t\t\t<\/li>\n\t\t\t\t\t\t\t<li class=\"d-flex align-items-center\">\n\t\t\t\t\t <span class=\"me-1\" data-original-value=\"90\" data-original-unit=\"m&#038;sup2\">90 m&sup2;<\/span>Terrassen\t\t\t\t<\/li>\n\t\t\t\t\t<\/ul>\n\t\t\t<\/div>\n<\/article>\n\n\n<article class=\"col card-properties position-relative d-flex flex-column\">\n\t<div id=\"carouselCardProperties-1-1\" class=\"card-properties-images carousel slide carousel-fade lazy\" data-bs-ride=\"carousel\" data-bs-interval=\"200000\" data-id=\"699667\">\n\t\t<div class=\"carousel-inner\">\n\t\t\t<figure class=\"carousel-item mb-0 active ratio ratio-4x3\">\n\t\t\t\t<picture><source sizes=\"(max-width: 575px) calc(100vw - 24px), (max-width: 767px) 516px, (max-width: 991px) 696px, (max-width: 1199px) 296px, (max-width: 1399px) 356px, 400px\" width=\"696\" height=\"522\" srcset=\"https:\/\/media.panoramamarbella.com\/imgV1\/B95mbh8olwFQm~uCUaVOI2kQT0hb0a8sZ9turUNfnwtvuccYCzs0YVPfPbfkc2VnnN1JFDpkYaGfw1gJsS~5hOu_R4mAe7lxuRjfwfsjmcfC3w2hoBhdvVU7_lTV9j~J97o3ov_bXraJBmnNTx8ukQvwblnqTCzt3RL9~Hrto0JeTfB0z07G70YJQfiHyeZwRf7iUxfJvwK8KxPYFbdmdBMls77s5rMEvsZnSUC5yfByF0eHHT16ghzxwjKD8L1d0xXE4UHlJ3Rd6U6oZTAUDULn79MUyZKJVI~6dmBMht7eEYN632DNkHkehjmnKQjnWnghBBCEGG9oK_bPSNhaxFN9UCrwH2~8YhXgzD3UnXqtRcTqFrg4EBl2ghpVhEA1pGsEyPlENnThuevdjuyQkRVD~S89b58q~amUlfwZrkVhGR~SBQJt~A1QujIqfAD5f~SJdK_mzz8s6CwRFdVS.webp 696w,https:\/\/media.panoramamarbella.com\/imgV1\/B95mbh8olwFQm~uCUaVOI2kQT0hb0a8sZ9turUNfnwtvuccYCzs0YVPfPbfkc2VnnN1JFDpkYaGfw1gJsS~5hOu_R4mAe7lxuRjfwfsjmcfC3w2hoBhdvVU7_lTV9j~J97o3ov_bXraJBmnNTx8ukQvwblnqTCzt3RL9~HrtoY_uu8wnJ9O96fdXDXrlRFjeEyHSKWpdvruCga6vgoGr5OOTe5jklzmodIpo9AG4BroWLAY4rmhHovSjSSFaXTYfIF1doC7CNYe~aIwgJVKwGDcrlcKt852g4I_onzJhAASpdCug1x4EKMEpA38aof7Nj5KIIBZgupiUeLkW3h3u0Cse1PKGPDyhwoeN6AGzSGAyhDeCQmYHrK19NQ8HHTKVJ7cJTCcmcqMYTjDDcUxpyFvDQFAkcVhnl7aopFdfy5EIThZOmqH9KpL3lZBCVFEXh6G1ew7Ad1ggHB5Wfueo.webp 400w\" type=\"image\/webp\"><img decoding=\"async\" class=\"position-absolute w-100 h-100 object-fit-cover\" alt=\"Ground Floor Apartment zu verkaufen in El Embrujo Ban\u00fas, Puerto Banus\" loading=\"lazy\" width=\"696\" height=\"522\" src=\"https:\/\/media.panoramamarbella.com\/imgV1\/B95mbh8olwFQm~uCUaVOI2kQT0hb0a8sZ9turUNfnwtvuccYCzs0YVPfPbfkc2VnnN1JFDpkYaGfw1gJsS~5hOu_R4mAe7lxuRjfwfsjmcfC3w2hoBhdvVU7_lTV9j~J97o3ov_bXraJBmnNTx8ukQvwblnqTCzt3RL9~Hrto0JeTfB0z07G70YJQfiH1z4yeWXZXuMQzOHC1lRdSLNezb0G0DGfBgiY6m3twsgcnYTXi2YXzcA4fT5Bxm_r4_czdywH~lmuHn7U0fitqtdSDRDlG5rrLfPYupyZt3B0I3bf9yneFN6T5GSlOwnPzt5XqIrXT6YL3On5mBTOXYSB5LBUXQ33_1sPECXS0tUes~mk~cNLgGhQzdlL3cO0oM2XLWNk8ZdR4mDRhn69yuQsZpyeK8BBdJg53Jdjzp88lJede0sfAG5GiPV4hcE-.jpg\"><\/picture>\t\t\t<\/figure>\n\t\t\t\t\t\t<span class=\"card-properties-tag position-absolute z-2 top-0 start-0 bg-secondary text-white py-1 px-3 ms-3\">\n\t\t\t\tEmpfohlen\t\t\t<\/span>\n\t\t\t\t\t\t<span class=\"card-properties-ref position-absolute z-2 bottom-0 end-0 bg-white text-primary py-1 px-3 me-3\">\n\t\t\t\tPANR-16370\t\t\t<\/span>\n\t\t\t<button class=\"card-properties-portfolio d-flex align-items-center justify-content-center position-absolute z-3 end-0 text-white bg-primary me-3 border-0 px-0\" data-pfl-id=\"699667\" data-pfl-filter=\"sale\" aria-label=\"Add to portfolio\">\n\t\t\t\t<svg width=\"18\" fill=\"currentColor\" viewBox=\"0 0 512 512\">\n\t\t\t\t\t<use href=\"https:\/\/www.panoramamarbella.com\/wp-content\/themes\/panoramamarbella\/dist\/src\/images\/icons.svg#svgHeart\"><\/use>\n\t\t\t\t<\/svg>\n\t\t\t\t<svg width=\"18\" fill=\"currentColor\" viewBox=\"0 0 512 512\">\n\t\t\t\t\t<use href=\"https:\/\/www.panoramamarbella.com\/wp-content\/themes\/panoramamarbella\/dist\/src\/images\/icons.svg#svgHeartIn\"><\/use>\n\t\t\t\t<\/svg>\n\t\t\t<\/button>\n\t\t<\/div>\n\t\t\t\t<button\n\t\t\tclass=\"carousel-control-prev\"\n\t\t\ttype=\"button\"\n\t\t\tdata-bs-target=\"#carouselCardProperties-1-1\"\n\t\t\tdata-bs-slide=\"prev\">\n\t\t\t<span class=\"carousel-control-prev-icon\" aria-hidden=\"true\"><\/span>\n\t\t\t<span class=\"visually-hidden\">Vorherige<\/span>\n\t\t<\/button>\n\t\t<button\n\t\t\tclass=\"carousel-control-next\"\n\t\t\ttype=\"button\"\n\t\t\tdata-bs-target=\"#carouselCardProperties-1-1\"\n\t\t\tdata-bs-slide=\"next\">\n\t\t\t<span class=\"carousel-control-next-icon\" aria-hidden=\"true\"><\/span>\n\t\t\t<span class=\"visually-hidden\">N\u00e4chste<\/span>\n\t\t<\/button>\n\t\t\t<\/div>\n\t<div class=\"d-flex flex-column h-100 px-3 py-4 shadow\">\n\t\t\t\t<h3 class=\"card-properties-title mb-3\">\n\t\t\t<a class=\"stretched-link\" href=\"\/properties\/marbella\/puerto-banus\/el-embrujo-banus\/apartments\/PANR-16370\">\n\t\t\t\tGround Floor Apartment zu verkaufen in El Embrujo Ban\u00fas, Puerto Banus\t\t\t<\/a>\n\t\t<\/h3>\n\t\t<p class=\"mb-3 text-black-dark\">El Embrujo Ban\u00fas, Puerto Banus<\/p>\n\t\t\t\t\t\t<p class=\"card-properties-description mb-3\">\n\t\t\tGround Floor Apartment zum Verkauf in El Embrujo Ban\u00fas, Puerto Banus mit 3 Schlafzimmer, 3 Badezimmer, 3 Badezimmer en-suite, 1 Toilette, gebaut in 2005 und hat Schwimmbad (private), Garage (private) und Garten (communal). Abmessungen: 300m&sup2;&#8230;\t\t<\/p>\n\t\t\t\t<span class=\"card-properties-price mt-auto\">\n\t\t\t\n\t\t\t<span class=\"card-properties-price mt-auto\" data-original-price=\"1850000\">1.850.000\u00a0\u20ac<\/span>\n\t\t\t\t<\/span>\n\t\t\t\t<ul class=\"card-properties-features list-unstyled d-flex flex-wrap align-items-center gap-3 pt-3 border-top mt-3 mb-0\">\n\t\t\t<li class=\"d-flex align-items-center\">3 Schlafzimmer<\/li><li class=\"d-flex align-items-center\">3 B\u00e4der<\/li>\t\t\t\t<li class=\"d-flex align-items-center\">\n\t\t\t\t\t <span class=\"me-1\" data-original-value=\"300\" data-original-unit=\"m&#038;sup2\">300 m&sup2;<\/span>Gesamt\t\t\t\t<\/li>\n\t\t\t\t\t\t\t<li class=\"d-flex align-items-center\">\n\t\t\t\t\t <span class=\"me-1\" data-original-value=\"200\" data-original-unit=\"m&#038;sup2\">200 m&sup2;<\/span>Gebaut\t\t\t\t<\/li>\n\t\t\t\t\t\t\t<li class=\"d-flex align-items-center\">\n\t\t\t\t\t <span class=\"me-1\" data-original-value=\"100\" data-original-unit=\"m&#038;sup2\">100 m&sup2;<\/span>Terrassen\t\t\t\t<\/li>\n\t\t\t\t\t<\/ul>\n\t\t\t<\/div>\n<\/article>\n\n\n<article class=\"col card-properties position-relative d-flex flex-column\">\n\t<div id=\"carouselCardProperties-1-2\" class=\"card-properties-images carousel slide carousel-fade lazy\" data-bs-ride=\"carousel\" data-bs-interval=\"200000\" data-id=\"698664\">\n\t\t<div class=\"carousel-inner\">\n\t\t\t<figure class=\"carousel-item mb-0 active ratio ratio-4x3\">\n\t\t\t\t<picture><source sizes=\"(max-width: 575px) calc(100vw - 24px), (max-width: 767px) 516px, (max-width: 991px) 696px, (max-width: 1199px) 296px, (max-width: 1399px) 356px, 400px\" width=\"696\" height=\"522\" srcset=\"https:\/\/media.panoramamarbella.com\/imgV1\/B95mbh8olwFQm~uCUaVOI2kQT0hb0a8sZ9turUNfnwtvuccYCzs0YVPfPbfkc2VnnN1JFDpkYaGfw1gJsS~5hOu8ClA27V6xVP6zyKoKPS1Mn7WRHYZMLWv_YHD73v3wTA8HWCCOpMnXwN2uAr5VSPiSO7karRIMiZTPqCu_dZ5fuWR0YCW6_1pG5Bl~Hp5WroeZ3HQAZ5bJuMGEOv79bl9k214P5Nw2k7gr9ANpozAASAFpx51KqYb~IgRpbC3Nm7LGaJqZPuy9KH5g7qzcuC2cvd8aXgZUiX05nn3MiVFBu3_R0uApWqg0GDDTU7GVpDHN0uiwmWHOPGRGcV19lVB5JeSIN5bWCc0XpEoi3uZ0T3eXN37TL0i518tYi19KAllVsHHd0sbTDHyPO_Nw~4KnnSNcB9zdZy_Falf9Nm2Qd8UylRZPY3Up0552~WYpYFfMu6~cQQhix6~xJmlu.webp 696w,https:\/\/media.panoramamarbella.com\/imgV1\/B95mbh8olwFQm~uCUaVOI2kQT0hb0a8sZ9turUNfnwtvuccYCzs0YVPfPbfkc2VnnN1JFDpkYaGfw1gJsS~5hOu8ClA27V6xVP6zyKoKPS1Mn7WRHYZMLWv_YHD73v3wTA8HWCCOpMnXwN2uAr5VSPiSO7karRIMiZTPqCu_dxsgwbeNJ3yUNRGy~HNlq7dkSM2WX~69OJOJ5Rf_OC19ofiiJFxHjWv2u3u0P4hi6O0xoN_eKF2nSgtPXKVIDb6vkB7sMfUcYSFaA8MkPym_Gpt83~i_ztzET0MbhzNjsKTdK5NbqRNgl5yWC5YxwwmAj1QP7QCWT0mNwDbjKvcT6HKFDihRXrRi~rK1hGgEsn~KGSB8yKC8a2ZAlw1Y0g7iH3vxsT0JHikRupGzmmtHsrKXqc6p8M2~T5e5ifxWDLJfJRqdDdAaQRy8mbVTKnDv_ya2ucuiMT0AMrtAXM~J.webp 400w\" type=\"image\/webp\"><img decoding=\"async\" class=\"position-absolute w-100 h-100 object-fit-cover\" alt=\"Ground Floor Apartment zu verkaufen in Marina Puente Romano, Marbella Goldene Meile\" loading=\"lazy\" width=\"696\" height=\"522\" src=\"https:\/\/media.panoramamarbella.com\/imgV1\/B95mbh8olwFQm~uCUaVOI2kQT0hb0a8sZ9turUNfnwtvuccYCzs0YVPfPbfkc2VnnN1JFDpkYaGfw1gJsS~5hOu8ClA27V6xVP6zyKoKPS1Mn7WRHYZMLWv_YHD73v3wTA8HWCCOpMnXwN2uAr5VSPiSO7karRIMiZTPqCu_dZ5fuWR0YCW6_1pG5Bl~AOWCKsfURyq35vm55dIauvG9uVaSivcgS4ajblndO75z1CH0f2jKmqCp4xxFvz8SGfsGZsvJDXqx_1ZOdq6C3Ciw5BdH3mBMTlmpWiwr03l4R5h6rIkh70WK8PZkn3TMc7aMyNa5IHcJVNmTEhV8AxRljU0iGmAWvH9H8Jc12IGx0P0jWsreOMhWj1MxEo9KATyoLWCUe5JwyP7SYClFp7YUmD7e40GOUqwrJuzlqrEiOyMmHv7XqSzouqYV54M-.jpg\"><\/picture>\t\t\t<\/figure>\n\t\t\t\t\t\t<span class=\"card-properties-tag position-absolute z-2 top-0 start-0 bg-secondary text-white py-1 px-3 ms-3\">\n\t\t\t\tEmpfohlen\t\t\t<\/span>\n\t\t\t\t\t\t<span class=\"card-properties-ref position-absolute z-2 bottom-0 end-0 bg-white text-primary py-1 px-3 me-3\">\n\t\t\t\tPANR-16359\t\t\t<\/span>\n\t\t\t<button class=\"card-properties-portfolio d-flex align-items-center justify-content-center position-absolute z-3 end-0 text-white bg-primary me-3 border-0 px-0\" data-pfl-id=\"698664\" data-pfl-filter=\"sale\" aria-label=\"Add to portfolio\">\n\t\t\t\t<svg width=\"18\" fill=\"currentColor\" viewBox=\"0 0 512 512\">\n\t\t\t\t\t<use href=\"https:\/\/www.panoramamarbella.com\/wp-content\/themes\/panoramamarbella\/dist\/src\/images\/icons.svg#svgHeart\"><\/use>\n\t\t\t\t<\/svg>\n\t\t\t\t<svg width=\"18\" fill=\"currentColor\" viewBox=\"0 0 512 512\">\n\t\t\t\t\t<use href=\"https:\/\/www.panoramamarbella.com\/wp-content\/themes\/panoramamarbella\/dist\/src\/images\/icons.svg#svgHeartIn\"><\/use>\n\t\t\t\t<\/svg>\n\t\t\t<\/button>\n\t\t<\/div>\n\t\t\t\t<button\n\t\t\tclass=\"carousel-control-prev\"\n\t\t\ttype=\"button\"\n\t\t\tdata-bs-target=\"#carouselCardProperties-1-2\"\n\t\t\tdata-bs-slide=\"prev\">\n\t\t\t<span class=\"carousel-control-prev-icon\" aria-hidden=\"true\"><\/span>\n\t\t\t<span class=\"visually-hidden\">Vorherige<\/span>\n\t\t<\/button>\n\t\t<button\n\t\t\tclass=\"carousel-control-next\"\n\t\t\ttype=\"button\"\n\t\t\tdata-bs-target=\"#carouselCardProperties-1-2\"\n\t\t\tdata-bs-slide=\"next\">\n\t\t\t<span class=\"carousel-control-next-icon\" aria-hidden=\"true\"><\/span>\n\t\t\t<span class=\"visually-hidden\">N\u00e4chste<\/span>\n\t\t<\/button>\n\t\t\t<\/div>\n\t<div class=\"d-flex flex-column h-100 px-3 py-4 shadow\">\n\t\t\t\t<h3 class=\"card-properties-title mb-3\">\n\t\t\t<a class=\"stretched-link\" href=\"\/properties\/marbella\/marbella-golden-mile\/marina-puente-romano\/apartments\/PANR-16359\">\n\t\t\t\tGround Floor Apartment zu verkaufen in Marina Puente Romano, Marbella Goldene Meile\t\t\t<\/a>\n\t\t<\/h3>\n\t\t<p class=\"mb-3 text-black-dark\">Marina Puente Romano, Marbella Goldene Meile<\/p>\n\t\t\t\t\t\t<p class=\"card-properties-description mb-3\">\n\t\t\tGround Floor Apartment zum Verkauf in Marina Puente Romano, Marbella Goldene Meile mit 3 Schlafzimmer, 3 Badezimmer, 2 Badezimmer en-suite, gebaut in 1992 und hat Schwimmbad (communal), Garage (communal) und Garten (communal). Abmessungen: 180m&sup2; gebaut,&#8230;\t\t<\/p>\n\t\t\t\t<span class=\"card-properties-price mt-auto\">\n\t\t\t\n\t\t\t<span class=\"card-properties-price mt-auto\" data-original-price=\"4950000\">4.950.000\u00a0\u20ac<\/span>\n\t\t\t\t<\/span>\n\t\t\t\t<ul class=\"card-properties-features list-unstyled d-flex flex-wrap align-items-center gap-3 pt-3 border-top mt-3 mb-0\">\n\t\t\t<li class=\"d-flex align-items-center\">3 Schlafzimmer<\/li><li class=\"d-flex align-items-center\">3 B\u00e4der<\/li>\t\t\t\t<li class=\"d-flex align-items-center\">\n\t\t\t\t\t <span class=\"me-1\" data-original-value=\"180\" data-original-unit=\"m&#038;sup2\">180 m&sup2;<\/span>Gesamt\t\t\t\t<\/li>\n\t\t\t\t\t\t\t<li class=\"d-flex align-items-center\">\n\t\t\t\t\t <span class=\"me-1\" data-original-value=\"140\" data-original-unit=\"m&#038;sup2\">140 m&sup2;<\/span>Gebaut\t\t\t\t<\/li>\n\t\t\t\t\t\t\t<li class=\"d-flex align-items-center\">\n\t\t\t\t\t <span class=\"me-1\" data-original-value=\"40\" data-original-unit=\"m&#038;sup2\">40 m&sup2;<\/span>Terrassen\t\t\t\t<\/li>\n\t\t\t\t\t<\/ul>\n\t\t\t<\/div>\n<\/article>\n\t\t\t<\/div>\n\t\t\t<ul class=\"mw-100 d-flex flex-column flex-lg-row flex-lg-wrap justify-content-center gap-3 list-unstyled mt-5 mb-0\">\n    <li><a class=\"btn btn-primary w-100 px-4 py-2\" href=\"\/properties\">Properties for sale in Marbella area<\/a><\/li><\/ul>\n\t\t<\/section>\n\t\t\n","protected":false},"excerpt":{"rendered":"","protected":false},"author":2,"featured_media":0,"parent":0,"menu_order":12,"comment_status":"closed","ping_status":"closed","template":"","meta":{"_acf_changed":false,"footnotes":""},"class_list":["post-6221","page","type-page","status-publish","hentry"],"acf":[],"_links":{"self":[{"href":"https:\/\/www.panoramamarbella.com\/de\/wp-json\/wp\/v2\/pages\/6221","targetHints":{"allow":["GET"]}}],"collection":[{"href":"https:\/\/www.panoramamarbella.com\/de\/wp-json\/wp\/v2\/pages"}],"about":[{"href":"https:\/\/www.panoramamarbella.com\/de\/wp-json\/wp\/v2\/types\/page"}],"author":[{"embeddable":true,"href":"https:\/\/www.panoramamarbella.com\/de\/wp-json\/wp\/v2\/users\/2"}],"replies":[{"embeddable":true,"href":"https:\/\/www.panoramamarbella.com\/de\/wp-json\/wp\/v2\/comments?post=6221"}],"version-history":[{"count":1,"href":"https:\/\/www.panoramamarbella.com\/de\/wp-json\/wp\/v2\/pages\/6221\/revisions"}],"predecessor-version":[{"id":23709,"href":"https:\/\/www.panoramamarbella.com\/de\/wp-json\/wp\/v2\/pages\/6221\/revisions\/23709"}],"wp:attachment":[{"href":"https:\/\/www.panoramamarbella.com\/de\/wp-json\/wp\/v2\/media?parent=6221"}],"curies":[{"name":"wp","href":"https:\/\/api.w.org\/{rel}","templated":true}]}}