{"id":4309,"date":"2024-05-30T09:57:12","date_gmt":"2024-05-30T07:57:12","guid":{"rendered":"https:\/\/www.panoramamarbella.com\/sell"},"modified":"2024-11-18T12:03:34","modified_gmt":"2024-11-18T11:03:34","slug":"vender","status":"publish","type":"page","link":"https:\/\/www.panoramamarbella.com\/es\/vender","title":{"rendered":"Venda su propiedad en Marbella, con Panorama"},"content":{"rendered":"\n<div class=\"lead\"><p>Como <a title=\"Sobre Panorama, la agencia inmobiliaria m\u00e1s antigua de Marbella\" href=\"https:\/\/www.panoramamarbella.com\/es\/sobre-nosotros\">la agencia inmobiliaria m\u00e1s antigua y l\u00edder de Marbella<\/a>, no encontrar\u00e1 a nadie con tanta experiencia como nosotros a la hora de asesorarle sobre c\u00f3mo vender su propiedad en Marbella.<\/p>\n<p>Conocemos el mercado inmobiliario espa\u00f1ol excepcionalmente bien y nuestro conocimiento del \u00e1rea local es extenso. Nuestra experiencia no tiene parang\u00f3n en el cambiante sector inmobiliario actual.<\/p>\n<\/div>\n\n\t<figure class=\"wp-caption aligncenter wp-block-acf-wpimage\">\n\t<picture><source width=\"900\" height=\"560\" srcset=\"https:\/\/media.panoramamarbella.com\/imgV1\/B95mbh8olwFQm~uCT2wPZMb8hll4wghQQQq6YWg0~c~U_DrmgY8pGP8pqaDzA6mvjyI_OPtcrHD_aKxCvYKIXpmQlKyr9zc_unphN~53ITcJ1AkwL~YoKiseyEYBeYAKtRlPtwSglY3qp79sdz7nrkep97Nd2uYWpFFIqMrt3gj1g0MdcURKq~OlKb~6B0cgHw--.webp 900w\" type=\"image\/webp\"><img decoding=\"async\" class=\"img-fluid\" loading=\"lazy\" width=\"900\" height=\"560\" alt=\"Un equipo de expertos inmobiliarios le ayudar\u00e1 a vender su propiedad en Marbella y alrededores\" src=\"https:\/\/media.panoramamarbella.com\/imgV1\/B95mbh8olwFQm~uCT2wPZMb8hll4wghQQQq6YWg0~c~U_DrmgY8pGP8pqaDzA6mvjyI_OPtcrHD_aKxCvYKIXpmQlKyr9zc_unphN~53ITcJ1AkwL~YoKiseyEYBeYAKtRlPtwSglY3qp79sdyAEjRZEZvbfMT8p4CuvTNYS.jpg\"><\/picture>\t\t\t<figcaption class=\"wp-caption-text\">\n\t\tEquipo Panorama en la Oficina de Puente Romano\t\t<\/figcaption>\n\t\t\t<\/figure>\n\t\n\n\n<h2 class=\"wp-block-heading\">\u00bfEst\u00e1 buscando vender su propiedad en Marbella y alrededores? Ha llegado al lugar adecuado<\/h2>\n\n\n\n<p>Ofrecemos un servicio de marketing inmobiliario altamente eficaz para encontrar el comprador adecuado, y despu\u00e9s de haber comercializado y vendido literalmente miles de propiedades con \u00e9xito a lo largo de nuestra historia, somos los expertos a los que la gente acude a la hora de vender propiedades exclusivas en Marbella.<\/p>\n\n\n\n<p>Si desea que un agente inmobiliario de alta calidad en el que pueda confiar venda su propiedad al precio de venta \u00f3ptimo, <strong>rellene el breve formulario que aparece a continuaci\u00f3n<\/strong> y nos pondremos en contacto con usted. Tambi\u00e9n puede llamar directamente a nuestro Departamento de Listados al <a href=\"tel:+34952774266\">(+34) 952 774 266<\/a>.<\/p>\n\n\n\n<p><strong>\u00bfListo para listar su propiedad con Panorama? <a href=\"#contact_form_1\">P\u00f3ngase en contacto con nuestro Departamento de Listados hoy mismo.<\/a><\/strong><\/p>\n\n\n\t<figure class=\"wp-caption alignleft mb-2 mt-2 wp-block-acf-wpimage\">\n\t<picture><source width=\"500\" height=\"500\" srcset=\"https:\/\/media.panoramamarbella.com\/imgV1\/B95mbh8olwFQm~uCT2wPZMb8hll4wghQQQq6YWg0~c~U_DrmgY8pGP8pqaDzA6mvjyI_OPtcrHD_aKxCvYKIXoqN4VXZi1pi_eZtxZZmUhouOl8n7PDUND9K1FMAWszFScEcbeagJNWauwuxzRiyxjp2lelgGFKhnxhUFMbZFYYnorzSWT8KYJPKhqNvQ4Is.webp 500w\" type=\"image\/webp\"><img decoding=\"async\" class=\"img-fluid\" loading=\"lazy\" width=\"500\" height=\"500\" alt=\"Venda su propiedad en Marbella con Panorama\" src=\"https:\/\/media.panoramamarbella.com\/imgV1\/B95mbh8olwFQm~uCT2wPZMb8hll4wghQQQq6YWg0~c~U_DrmgY8pGP8pqaDzA6mvjyI_OPtcrHD_aKxCvYKIXoqN4VXZi1pi_eZtxZZmUhouOl8n7PDUND9K1FMAWszFScEcbeagJNWauwux00ImRiPxZIzxHJ6YbOMOrcY-.jpg\"><\/picture>\t\t\t<figcaption class=\"wp-caption-text\">\n\t\tVenda su propiedad en Marbella con Panorama\t\t<\/figcaption>\n\t\t\t<\/figure>\n\t\n\n\n<h3 class=\"wp-block-heading mt-5\">\u00bfPor qu\u00e9 vender su propiedad con Panorama?<\/h3>\n\n\n\n<p>Hay muchas razones por las que nuestros clientes vienen a Panorama antes que a cualquier otra agencia para poner sus <a href=\"\/es\/propiedades\/lujo\">viviendas de lujo en venta en Marbella y alrededores<\/a>:<\/p>\n\n\n\n<ul class=\"wp-block-list\">\n<li>Nuestra inigualable experiencia de muchos a\u00f1os<\/li>\n\n\n\n<li>Nuestra independencia<\/li>\n\n\n\n<li>Somos la \u00fanica agencia inmobiliaria de servicio completo en el \u00e1rea de Marbella que est\u00e1 regulada de forma independiente.<\/li>\n\n\n\n<li>La satisfacci\u00f3n de nuestros clientes<\/li>\n\n\n\n<li>Los miles de transacciones que hemos facilitado<\/li>\n\n\n\n<li>La visibilidad \u00fanica que podemos dar a su propiedad &#8211; incluyendo ser la \u00fanica agencia con la capacidad de comercializar propiedades directamente en los hoteles Puente Romano y Nobu.<\/li>\n<\/ul>\n\n\n\n<p>Lo decimos en serio cuando decimos que definitivamente tenemos cubiertos los requisitos m\u00e1s exigentes de un propietario de Marbella.<\/p>\n\n\n\n<h3 class=\"wp-block-heading\">\u00bfDesea informaci\u00f3n detallada sobre c\u00f3mo comercializamos los inmuebles?<\/h3>\n\n\n\n<p>Descubra en detalle por qu\u00e9 los propietarios de las <a href=\"\/es\/propiedades\/marbella\/lujo\">viviendas m\u00e1s lujosas de la zona de Marbella<\/a> acuden primero a Panorama:<\/p>\n\n\n\n<ul class=\"wp-block-list\">\n<li><a href=\"https:\/\/www.panoramamarbella.com\/es\/vender\/por-que-vender-con-panorama\" data-type=\"page\" data-id=\"5067\"><strong>\u00bfPor qu\u00e9 vender con Panorama<\/strong><\/a>?<\/li>\n<\/ul>\n\n\n<article class=\"col w-100 position-relative wp-block-acf-banner\">\n    <div class=\"d-flex flex-wrap flex-column flex-xl-row align-items-start align-items-xl-end gap-4 w-100 bg-secondary text-white p-4\">\n        <div class=\"d-flex flex-column\">\n\t\t\t            <a href=\"#contact\" class=\"stretched-link text-white text-decoration-none\" title=\"\u00bfListo para poner su propiedad en venta con Panorama?\">\n\t\t\t\t<h2 class=\"text-white mb-3\">\u00bfListo para poner su propiedad en venta con Panorama?<\/h2>            <\/a>\n\t\t\t            <p class=\"mb-0\">\n                P\u00f3ngase en contacto con nuestro Departamento de Captaciones hoy mismo.            <\/p>\n\t\t\t        <\/div>\n\t\t        <span class=\"btn btn-outline-light ms-xl-auto\">Anuncie su propiedad<\/span>\n\t\t    <\/div>\n<\/article>\n\n\n\n\n<h3 class=\"wp-block-heading\">Nuestros clientes hablan en nuestro nombre.<\/h3>\n\n\n\n<p>Panorama es la agencia inmobiliaria m\u00e1s antigua de Marbella y ha vendido m\u00e1s propiedades de lujo en ubicaciones privilegiadas que cualquier otra agencia inmobiliaria de Marbella. No se f\u00ede s\u00f3lo de nuestra palabra, eche un vistazo a lo que otros propietarios tienen que decir sobre nosotros:<\/p>\n\n\n\t<blockquote class=\"testimonial position-relative p-5 p-lg-7 bg-secondary bg-opacity-10 text-dark mb-0 mb-5 wp-block-acf-testimonial\">\n\t\t<p class=\"testimonial-excerpt lead mb-3\">Nos pusimos en contacto con Panorama para vender nuestro apartamento en Marbella en mayo de 2025, y todo el proceso fue gestionado con gran eficacia. La venta se cerr\u00f3 r\u00e1pidamente y sin complicaciones para ninguna de las partes.<\/p>\t\t\t\t<div class=\"testimonial-text-container collapse\" id=\"collapseTestimonial0\">\n\t\t\t\t\t<p class=\"testimonial-text lead\">Queremos dar las gracias a todo el equipo de Panorama, y en especial a Samia Mohamdi, por su dedicaci\u00f3n y profesionalidad a lo largo de todo el proceso. Recomendamos Panorama sin ninguna duda a quienes est\u00e9n pensando en vender una propiedad en Marbella.<\/p>\t\t\t\t<\/div>\n\t\t\t\t<button class=\"btn btn-link text-primary px-0\" type=\"button\" data-bs-toggle=\"collapse\" data-bs-target=\"#collapseTestimonial0\" aria-expanded=\"false\" aria-controls=\"collapseTestimonial0\">Leer m\u00e1s<\/button>\n\t\t\t\t\t\t\t\t<div class=\"testimonial-author d-flex flex-column position-relative mb-0 pt-4\">\n\t\t\t\t\t<strong>Leila y Timo Pakkala<\/strong><small>Finlandia<\/small>\t\t\t\t<\/div>\n\t\t\t\t<\/blockquote>\n\t\n\n\n<p>Lea m\u00e1s <a href=\"https:\/\/www.panoramamarbella.com\/es\/sobre-nosotros\/opiniones-clientes\" data-type=\"page\" data-id=\"5100\">testimonios de nuestros vendedores<\/a>.<\/p>\n\n\n\n<h3 class=\"wp-block-heading\">\u00bfQu\u00e9 esperar al vender su propiedad con Panorama?<\/h3>\n\n\n\n<p>Mientras que la comercializaci\u00f3n de cada propiedad es tan \u00fanica como la propiedad en s\u00ed, y asegurar una transacci\u00f3n exitosa para un propietario a veces puede ser una tarea dif\u00edcil, los pasos para la venta de una propiedad en la zona de Marbella son bastante sencillos:<\/p>\n\n\n\t<figure class=\"wp-caption aligncenter wp-block-acf-wpimage\">\n\t<picture><source width=\"1140\" height=\"1431\" srcset=\"https:\/\/media.panoramamarbella.com\/imgV1\/B95mbh8olwFQm~uCT2wPZMb8hll4wghQQQq6YWg0~c~U_DrmgY8pGP8pqaDzA6mvjyI_OPtcrHD_aKxCvYKIXptCCe3KVDBvaIwq8OVasKm8K3Pvm_2vxP~3xnURfHhdb0BperBxkKITroZpe4qCj6BXxmy3_Ed0O9ojVU1LJ7LcCj0CZGCwjrv4wokIQ_4QnhbWFX2kPm0TyKA-.webp 1140w\" type=\"image\/webp\"><img decoding=\"async\" class=\"img-fluid\" loading=\"lazy\" width=\"1140\" height=\"1431\" alt=\"Pasos para la venta de su propiedad en Marbella\" src=\"https:\/\/media.panoramamarbella.com\/imgV1\/B95mbh8olwFQm~uCT2wPZMb8hll4wghQQQq6YWg0~c~U_DrmgY8pGP8pqaDzA6mvjyI_OPtcrHD_aKxCvYKIXptCCe3KVDBvaIwq8OVasKm8K3Pvm_2vxP~3xnURfHhdb0BperBxkKITroZpe4qCj6BXxmy3_Edqz100Re1eA2HZ4ItHD57Bdw--.webp\"><\/picture>\t\t\t<figcaption class=\"wp-caption-text\">\n\t\tPasos para la venta de su propiedad\t\t<\/figcaption>\n\t\t\t<\/figure>\n\t\n\n\n<h3 class=\"wp-block-heading\">\u00bfQuiere consejos m\u00e1s detallados?<\/h3>\n\n\n\n<p>Por favor, lea nuestra <a href=\"https:\/\/www.panoramamarbella.com\/es\/guia-del-vendedor-en-marbella\" data-type=\"page\" data-id=\"5089\">Gu\u00eda del Vendedor de Propiedades en Marbella<\/a>, que est\u00e1 llena de consejos de nuestro Director General, <a href=\"https:\/\/www.panoramamarbella.com\/es\/sobre-nosotros\/equipo\/christopher-clover\" type=\"agents\" id=\"981\">Christopher Clover<\/a>, o <strong>p\u00f3ngase en contacto con nosotros sin compromiso<\/strong>.<\/p>\n\n\n\n<p>Nuestro equipo estar\u00e1 encantado de poner a su disposici\u00f3n nuestros muchos a\u00f1os de experiencia y ayudarle con cualquiera de las preguntas que pueda tener.<\/p>\n\n\n\n<h2 class=\"wp-block-heading\" id=\"contact\">\u00bfPreparado para vender su propiedad en Marbella con Panorama?<\/h2>\n\n\n\n<div class=\"contact-only bg-light mb-3 wp-block-acf-contactform\">\n\t\t<div class=\"position-relative\">\n\t\t<span id=\"inm-contact-form\" class=\"position-absolute\" style=\"top:-130px\"><\/span>\n\t<\/div>\n\t\t\n\t\t<script src=\"https:\/\/www.google.com\/recaptcha\/api.js?render=6LeWOaYZAAAAAGZM7q40J51QMau9I_gs19mp9lZJ&#038;hl=es\"><\/script>\n\t\n<form id=\"contact_form_1\" class=\"needs-validation h-100 d-flex flex-column p-4 p-md-5\" data-contact=\"contact_form_1\" action=\"localhost\" method=\"POST\" novalidate>\n\t<strong class=\"h3 align-self-start\">S\u00ed. Por favor, ponga mi propiedad en el mercado con Panorama.<\/strong>\t<span id=\"contact_form_1-result\" data-stext=\"source\" data-source=\"contact\"><\/span>\n\t<input type=\"hidden\" name=\"success\" value=\"\/es\/exito?source=listings\" \/>\n\t<input type=\"hidden\" name=\"lang\" value=\"es\" \/>\n\t<input type=\"hidden\" name=\"agency\" value=\"399\" \/>\n\t<input type=\"hidden\" name=\"recipient\" value=\"listings\" \/>\n\t<input type=\"hidden\" name=\"source\" value=\"https:\/\/www.panoramamarbella.com\/es\/wp-json\/wp\/v2\/pages\/4309\" \/>\n\t<input type=\"hidden\" name=\"subject\" value=\"Listing Request (ES)\" \/>\n\t\t\t<input type=\"hidden\" name=\"origin\" value=\"Venda su propiedad en Marbella, con Panorama\" \/>\n\t\t<div class=\"row g-3\">\n\t\t<div class=\"col-md-6\">\n\t\t\t<label class=\"form-label\" for=\"name\">Nombre*<\/label>\n\t\t\t<input id=\"name\" name=\"name\" type=\"text\" class=\"form-control\" autocomplete=\"off\" required data-error=\"Nombre requerido\">\n\t\t<\/div>\n\t\t<div class=\"col-md-6\">\n\t\t\t<label class=\"form-label\" for=\"name\">Apellido*<\/label>\n\t\t\t<input id=\"lastname\" name=\"lastname\" type=\"text\" class=\"form-control\" autocomplete=\"off\" required data-error=\"Apellido\">\n\t\t<\/div>\n\t\t<div class=\"col-12\">\n\t\t\t<label class=\"form-label\" for=\"email\">Correo electr\u00f3nico*<\/label>\n\t\t\t<input id=\"email\" name=\"email\" type=\"email\" class=\"form-control\" autocomplete=\"off\" required data-error=\"Correo electr\u00f3nico requerido\">\n\t\t<\/div>\n\t\t\t\t<div class=\"col-md-6\">\n\t\t\t<label class=\"form-label\" for=\"phone\">N\u00famero de tel\u00e9fono <small><\/small><\/label>\n\t\t\t<input id=\"phone\" name=\"intphone\" type=\"tel\" class=\"form-control\" autocomplete=\"off\" placeholder=\"Tel\u00e9fono\" required data-error=\"Los n\u00fameros de tel\u00e9fono deben tener entre 8 y 20 d\u00edgitos\" pattern=\"(?:\\d\\s*){4,}\">\n\t\t<\/div>\n\t\t<div class=\"col-md-6\">\n\t\t\t<label class=\"form-label\">Mejor hora para llamar <small><\/small><\/label>\n\t\t\t<select class=\"form-select\" name=\"time\">\n\t\t\t\t<option selected>Cualquier momento<\/option>\n\t\t\t\t<option value=\"1\">Por la ma\u00f1ana<\/option>\n\t\t\t\t<option value=\"2\">Por la tarde<\/option>\n\t\t\t\t<option value=\"3\">Por la noche<\/option>\n\t\t\t<\/select>\n\t\t<\/div>\n\t\t<div class=\"col-12\">\n\t\t\t<label for=\"address\" class=\"form-label\">Direcci\u00f3n <small><\/small><\/label>\n\t\t\t<input id=\"address\" name=\"address\" type=\"text\" class=\"form-control\" \/>\n\t\t<\/div>\n\t\t<div class=\"col-12\">\n\t\t\t<label for=\"formComment\" class=\"form-label\">Mensaje<\/label>\n\t\t\t<textarea class=\"form-control\" placeholder=\"Deje su comentario aqu\u00ed\" name=\"comment\" id=\"formComment\" maxlength=\"8000\" rows=\"5\"><\/textarea>\n\t\t<\/div>\n\t\t\t\t<div class=\"col-12\">\n\t\t\t<div class=\"form-check\">\n\t\t\t\t<input type=\"checkbox\" class=\"form-check-input\" id=\"contact_form_1-customCheck1\" name=\"privacy_policy\" required data-error=\"Campo obligatorio\">\n\t\t\t\t<label class=\"form-check-label\" for=\"contact_form_1-customCheck1\">Acepto la <a target=\"_blank\" class=\"text-decoration-none\" href=\"https:\/\/www.panoramamarbella.com\/privacy-policy\">Condiciones generales<\/a><\/label>\n\t\t\t<\/div>\n\t\t\t<div class=\"form-check\">\n\t\t\t\t<input type=\"checkbox\" class=\"form-check-input\" id=\"contact_form_1-customCheck2\" name=\"commercial_information\">\n\t\t\t\t<label class=\"form-check-label\" for=\"contact_form_1-customCheck2\">Acepto recibir comunicaciones de Panorama<\/label>\n\t\t\t<\/div>\n\t\t<\/div>\n\t<\/div>\n\t<button data-ids=\"contact_form_1\" data-lang=\"es\" data-sitekey=\"6LeWOaYZAAAAAGZM7q40J51QMau9I_gs19mp9lZJ\" class=\"align-self-start btn btn-primary px-4 py-2 mt-4 g-recaptcha\" role=\"button\" aria-label=\"Send\">Enviar<\/button>\n<\/form><\/div>\n\n\n\n<p><strong>Tambi\u00e9n puede llamar directamente a nuestro Departamento de Listados al <a href=\"tel:+34952774266\">(+34) 952 774 266<\/a>.<\/strong><\/p>\n\n\n\n<h3 class=\"wp-block-heading\">\u00bfNecesita una tasaci\u00f3n para fines jur\u00eddicos o hipotecarios?<\/h3>\n\n\n\n<p>Panorama no s\u00f3lo proporciona valoraciones de asesoramiento l\u00edderes en el sector, sino que tambi\u00e9n es una de las pocas agencias de la zona de Marbella que puede ayudar con valoraciones de propiedades con fines legales o hipotecarios.<\/p>\n\n\n\n<p><strong>Para una valoraci\u00f3n de la propiedad para fines legales o hipotecarios por favor visite nuestra secci\u00f3n especial <a href=\"https:\/\/www.panoramamarbella.com\/es\/vender\/valoraciones-tasaciones-propiedades\" data-type=\"page\" data-id=\"5071\">Marbella valoraci\u00f3n de la propiedad<\/a>.<\/strong><\/p>\n\n\n\n\n<section class=\"links-section py-5 text-primary bg-secondary bg-opacity-10 wp-block-acf-linkssection\">\n\t<div class=\"container\">\n\t\t<h3 class=\"mb-3\">Art\u00edculos que pueden ser de su inter\u00e9s<\/h3>\t\t\t\t\t<ul class=\"list-unstyled row row-cols-1 row-cols-md-2 row-cols-xl-4 mt-4 mb-0 w-100\">\n\t\t\t\t<li class=\"col\"><a href=\"https:\/\/www.panoramamarbella.com\/es\/news\/vender-tu-vivienda-mas-rapido\" title=\"\u00bfC\u00f3mo vender su vivienda m\u00e1s r\u00e1pido y a mayor precio? \u00a1Ref\u00f3rmela!\">\u00bfC\u00f3mo vender su vivienda m\u00e1s r\u00e1pido y a mayor precio? \u00a1Ref\u00f3rmela!<\/a><\/li><li class=\"col\"><a href=\"https:\/\/www.panoramamarbella.com\/es\/vender\/valoraciones-tasaciones-propiedades\" title=\"Servicio de valoraci\u00f3n y tasaci\u00f3n de propiedades en Marbella por Panorama\">Servicio de valoraci\u00f3n y tasaci\u00f3n de propiedades en Marbella por Panorama<\/a><\/li>\t\t\t<\/ul>\n\t\t\t<\/div>\n<\/section>\n\n","protected":false},"excerpt":{"rendered":"","protected":false},"author":2,"featured_media":5037,"parent":0,"menu_order":22,"comment_status":"closed","ping_status":"closed","template":"","meta":{"_acf_changed":false,"footnotes":""},"class_list":["post-4309","page","type-page","status-publish","has-post-thumbnail","hentry"],"acf":[],"_links":{"self":[{"href":"https:\/\/www.panoramamarbella.com\/es\/wp-json\/wp\/v2\/pages\/4309","targetHints":{"allow":["GET"]}}],"collection":[{"href":"https:\/\/www.panoramamarbella.com\/es\/wp-json\/wp\/v2\/pages"}],"about":[{"href":"https:\/\/www.panoramamarbella.com\/es\/wp-json\/wp\/v2\/types\/page"}],"author":[{"embeddable":true,"href":"https:\/\/www.panoramamarbella.com\/es\/wp-json\/wp\/v2\/users\/2"}],"replies":[{"embeddable":true,"href":"https:\/\/www.panoramamarbella.com\/es\/wp-json\/wp\/v2\/comments?post=4309"}],"version-history":[{"count":1,"href":"https:\/\/www.panoramamarbella.com\/es\/wp-json\/wp\/v2\/pages\/4309\/revisions"}],"predecessor-version":[{"id":8834,"href":"https:\/\/www.panoramamarbella.com\/es\/wp-json\/wp\/v2\/pages\/4309\/revisions\/8834"}],"wp:featuredmedia":[{"embeddable":true,"href":"https:\/\/www.panoramamarbella.com\/es\/wp-json\/wp\/v2\/media\/5037"}],"wp:attachment":[{"href":"https:\/\/www.panoramamarbella.com\/es\/wp-json\/wp\/v2\/media?parent=4309"}],"curies":[{"name":"wp","href":"https:\/\/api.w.org\/{rel}","templated":true}]}}