{"id":5071,"date":"2024-05-30T10:02:07","date_gmt":"2024-05-30T08:02:07","guid":{"rendered":"https:\/\/www.panoramamarbella.com\/vender\/marbella-property-valuation"},"modified":"2026-01-26T14:12:27","modified_gmt":"2026-01-26T13:12:27","slug":"valoraciones-tasaciones-propiedades","status":"publish","type":"page","link":"https:\/\/www.panoramamarbella.com\/es\/vender\/valoraciones-tasaciones-propiedades","title":{"rendered":"Servicio de valoraci\u00f3n y tasaci\u00f3n de propiedades en Marbella por Panorama"},"content":{"rendered":"\n\n<ul class=\"table-index list-unstyled p-4 p-lg-5 ms-0 bg-light\"><li class=\"text-uppercase fw-bold mb-3\">Tabla de contenidos<\/li><li><a href=\"#por+que+elegir+panorama+para+la+tasacion+de+su+vivienda\">\n\u00bfPor qu\u00e9 elegir Panorama para la tasaci\u00f3n de su vivienda?\n<\/a><\/li>\n<li><a href=\"#servicio+de+asesoramiento+en+valoracion\">\nServicio de asesoramiento en valoraci\u00f3n\n<\/a><\/li>\n<li><a href=\"#servicio+de+valoracion+con+fines+legales+o+hipotecarios\">\nServicio de valoraci\u00f3n con fines legales o hipotecarios.\n<\/a><\/li>\n<li><a href=\"#expertos+inmobiliarios\">\nExpertos inmobiliarios\n<\/a><\/li>\n<li><a href=\"#pongase+en+contacto+con+un+experto+en+valoracion+inmobiliaria+de+panorama\">\nP\u00f3ngase en contacto con un experto en valoraci\u00f3n inmobiliaria de Panorama.\n<\/a><\/li><\/ul>\n\n\n\n<h2 class=\"wp-block-heading\">\u00bfPor qu\u00e9 elegir Panorama para la tasaci\u00f3n de su vivienda?<\/h2>\n\n\n\n<p>Con <a href=\"https:\/\/www.panoramamarbella.com\/es\/sobre-nosotros\" data-type=\"page\" data-id=\"5093\">m\u00e1s de 50 a\u00f1os de experiencia en el mercado inmobiliario de Marbella<\/a>, Panorama cuenta con la experiencia y el conocimiento local necesarios para ofrecerle una valoraci\u00f3n inmobiliaria precisa y fiable. Estas son las razones por las que los propietarios conf\u00edan en nosotros:<\/p>\n\n\n\n<ul class=\"wp-block-list\">\n<li><strong>Profundo conocimiento del mercado<\/strong><br>Nuestro equipo de expertos conoce a la perfecci\u00f3n el mercado inmobiliario de Marbella y sus alrededores. Entendemos los matices que afectan al valor de las propiedades, incluyendo la ubicaci\u00f3n, los servicios, el estado, el potencial de renovaci\u00f3n y mucho m\u00e1s.<br>Eche un vistazo a la \u00faltima edici\u00f3n del <a href=\"https:\/\/www.panoramamarbella.com\/es\/informe-mercado-inmobiliario-marbella\" data-type=\"page\" data-id=\"27074\">Informe sobre el mercado inmobiliario de Marbella<\/a> de Panorama.<\/li>\n\n\n\n<li><strong>Evaluaci\u00f3n exhaustiva<\/strong><br>Tenemos en cuenta todos los factores que contribuyen al valor de su vivienda. Desde el barrio y los servicios locales hasta el estado y las caracter\u00edsticas de su propiedad, nuestra evaluaci\u00f3n exhaustiva garantiza un precio de venta \u00f3ptimo.<\/li>\n\n\n\n<li><strong>Asesoramiento personalizado<\/strong><br>Cada propiedad es \u00fanica, al igual que nuestro asesoramiento. Ofrecemos recomendaciones personalizadas para ayudarle a maximizar el valor de su propiedad y atraer a posibles compradores.<\/li>\n\n\n\n<li><strong>Trayectoria probada<\/strong><br>Nuestra amplia experiencia y numerosos clientes satisfechos son testimonio de nuestro compromiso con la excelencia. Hemos ayudado con \u00e9xito a innumerables propietarios a alcanzar sus objetivos de venta en Marbella.<br>Lea los <a href=\"https:\/\/www.panoramamarbella.com\/es\/sobre-nosotros\/opiniones-clientes\" data-type=\"page\" data-id=\"5100\">comentarios que nos han dejado algunos de nuestros clientes<\/a>.<\/li>\n<\/ul>\n\n\n<article class=\"col w-100 position-relative wp-block-acf-banner\">\n    <div class=\"d-flex flex-wrap flex-column flex-xl-row align-items-start align-items-xl-end gap-4 w-100 bg-primary text-white p-4\">\n        <div class=\"d-flex flex-column\">\n\t\t\t            <a href=\"#contact\" class=\"stretched-link text-white text-decoration-none\" title=\"\u00bfLe gustar\u00eda vender su propiedad en la zona de Marbella?\">\n\t\t\t\t<h2 class=\"text-white mb-3\">\u00bfLe gustar\u00eda vender su propiedad en la zona de Marbella?<\/h2>            <\/a>\n\t\t\t            <p class=\"mb-0\">\n                Aproveche todo el potencial de su propiedad con Panorama. <br \/>\r\nEnv\u00ede sus datos hoy mismo y d\u00e9 el primer paso hacia una venta exitosa.            <\/p>\n\t\t\t        <\/div>\n\t\t        <span class=\"btn btn-outline-light ms-xl-auto\">Solicite una tasaci\u00f3n de su propiedad<\/span>\n\t\t    <\/div>\n<\/article>\n\n\n\n\n<h2 class=\"wp-block-heading\">Servicio de asesoramiento en valoraci\u00f3n<\/h2>\n\n\n\n<p>Nuestro equipo tiene un conocimiento excepcional del mercado inmobiliario local, en constante cambio, y gracias a nuestra experiencia podemos determinar cu\u00e1l deber\u00eda ser el precio de una propiedad y por cu\u00e1nto se podr\u00eda vender. Nuestro servicio de tasaci\u00f3n inmobiliaria es una parte esencial de nuestro negocio y <strong>estamos encantados de ofrecer nuestro servicio de asesoramiento en tasaci\u00f3n a nuestros clientes de forma gratuita<\/strong>.<\/p>\n\n\n\n<p>A diferencia de muchas agencias que solo se basan en su intuici\u00f3n, Panorama realiza un an\u00e1lisis en profundidad del mercado para cada valoraci\u00f3n inmobiliaria, incluyendo un examen minucioso de los precios por metro cuadrado de propiedades similares vendidas recientemente en su zona. Esto, combinado con la experiencia de Panorama, ayuda a acertar desde el principio en la parte m\u00e1s cr\u00edtica de la venta de una propiedad: el precio de venta. Nuestras valoraciones consultivas son revisadas por nuestro personal senior de ventas y listados, dirigido por <a href=\"https:\/\/www.panoramamarbella.com\/es\/sobre-nosotros\/equipo\/christopher-clover\" data-type=\"agents\" data-id=\"981\">Christopher Clover<\/a>, para garantizar que la valoraci\u00f3n inmobiliaria determinada sea absolutamente el mejor precio de venta de acuerdo con el mercado actual.<\/p>\n\n\n\n<h2 class=\"wp-block-heading\">Servicio de valoraci\u00f3n con fines legales o hipotecarios.<\/h2>\n\n\n\n<p>Para nuestros clientes que necesitan una valoraci\u00f3n m\u00e1s formal para fines bancarios, para inversores o cualquier otro motivo en el que se requiera un documento con validez legal y rigor t\u00e9cnico, trabajamos con profesionales altamente cualificados que prestan ese servicio a cambio de una tarifa. Nos complace anunciar que el arquitecto <strong>Jos\u00e9 Juan Rodr\u00edguez Castro se ha incorporado al equipo de Panorama como tasador inmobiliario con amplia experiencia, plenamente cualificado y acreditado<\/strong>, especialmente \u00fatil para valoraciones en Espa\u00f1a. Si se requiere una valoraci\u00f3n con validez internacional, nada mejor que una valoraci\u00f3n RICS; en estos casos, trabajamos con nuestra red de los mejores tasadores cualificados por RICS en la zona.<\/p>\n\n\n\t<figure class=\"wp-caption alignright mt-4 wp-block-acf-wpimage\">\n\t<picture><source width=\"500\" height=\"500\" srcset=\"https:\/\/media.panoramamarbella.com\/imgV1\/B95mbh8olwFQm~uCT2wPZMb8hll4wghQQQq6YWg0~c~U_DrmgY8pGP8pqaDzA6mvjyI_OPtcrHD_aKxCvYKIXptRV3lqxWVRpyK6_Qt9brGJjUIs~Ou8~j5wSwovatxbvwkdUx~7q5QDGasrMtkWLUXU5PoAQGqDhaCFeGsRZx_jcNuO0fPasqfuKof_nRxpTfFdHYqENlc-.webp 500w\" type=\"image\/webp\"><img decoding=\"async\" class=\"img-fluid\" loading=\"lazy\" width=\"500\" height=\"500\" alt=\"Servicio de tasaci\u00f3n de propiedades en Marbella por Panorama\" src=\"https:\/\/media.panoramamarbella.com\/imgV1\/B95mbh8olwFQm~uCT2wPZMb8hll4wghQQQq6YWg0~c~U_DrmgY8pGP8pqaDzA6mvjyI_OPtcrHD_aKxCvYKIXptRV3lqxWVRpyK6_Qt9brGJjUIs~Ou8~j5wSwovatxbvwkdUx~7q5QDGasrMtkWLUXU5PoeXeFty5SJue4pPgC2_nfgBA--.jpg\"><\/picture>\t\t\t<figcaption class=\"wp-caption-text\">\n\t\tServicio de tasaci\u00f3n inmobiliaria en Marbella por Panorama\t\t<\/figcaption>\n\t\t\t<\/figure>\n\t\n\n\n<h2 class=\"wp-block-heading\">Expertos inmobiliarios<\/h2>\n\n\n\n<p>Entendemos los detalles m\u00e1s sutiles y las cualidades \u00fanicas de las propiedades de lujo y contamos con la experiencia necesaria para mostrar su propiedad a las personas que m\u00e1s importan. Somos l\u00edderes del mercado en la venta de las propiedades m\u00e1s prestigiosas y lujosas de Marbella y la Costa del Sol. Nuestras estrategias \u00fanicas, nuestra experiencia local y nuestras valoraciones inmobiliarias altamente precisas y basadas en la experiencia le permiten <strong>confiar en nosotros para obtener la valoraci\u00f3n correcta de su propiedad<\/strong>.<\/p>\n\n\n\n<p>Gracias a nuestra s\u00f3lida red de compradores, podemos poner su propiedad en el mercado seg\u00fan sus instrucciones y al precio de venta adecuado. Si busca una valoraci\u00f3n inmobiliaria en la que pueda confiar para vender su propiedad de lujo sin problemas a las personas adecuadas, <strong>Panorama es su socio perfecto<\/strong>.<\/p>\n\n\n\n<p>Entendemos que algunas personas desean permanecer en el anonimato cuando piensan en vender su vivienda, por lo que puede confiar en nosotros para obtener un servicio de valoraci\u00f3n y comercializaci\u00f3n eficaz y discreto.<\/p>\n\n\n<hr class=\"w-75 mt-3 mt-md-5 mb-3 mb-md-6 mx-auto border-2 border-secondary opacity-50\">\n\n\n\n<h2 class=\"wp-block-heading\" id=\"contact\">P\u00f3ngase en contacto con un experto en valoraci\u00f3n inmobiliaria de Panorama.<\/h2>\n\n\n\n<p>Nadie conoce mejor tu barrio en Marbella que Panorama y nuestros expertos asesores inmobiliarios.<\/p>\n\n\n\n<div class=\"contact-only bg-light wp-block-acf-contactform\">\n\t\t<div class=\"position-relative\">\n\t\t<span id=\"inm-contact-form\" class=\"position-absolute\" style=\"top:-130px\"><\/span>\n\t<\/div>\n\t\t\n\t\t<script src=\"https:\/\/www.google.com\/recaptcha\/api.js?render=6LeWOaYZAAAAAGZM7q40J51QMau9I_gs19mp9lZJ&#038;hl=es\"><\/script>\n\t\n<form id=\"contact_form_1\" class=\"needs-validation h-100 d-flex flex-column p-4 p-md-5\" data-contact=\"contact_form_1\" action=\"localhost\" method=\"POST\" novalidate>\n\t\t<span id=\"contact_form_1-result\" data-stext=\"source\" data-source=\"contact\"><\/span>\n\t<input type=\"hidden\" name=\"success\" value=\"\/es\/exito?source=listings\" \/>\n\t<input type=\"hidden\" name=\"lang\" value=\"es\" \/>\n\t<input type=\"hidden\" name=\"agency\" value=\"399\" \/>\n\t<input type=\"hidden\" name=\"recipient\" value=\"listings\" \/>\n\t<input type=\"hidden\" name=\"source\" value=\"https:\/\/www.panoramamarbella.com\/es\/wp-json\/wp\/v2\/pages\/5071\" \/>\n\t<input type=\"hidden\" name=\"subject\" value=\"Listing Request (ES)\" \/>\n\t\t\t<input type=\"hidden\" name=\"origin\" value=\"Servicio de valoraci\u00f3n y tasaci\u00f3n de propiedades en Marbella por Panorama\" \/>\n\t\t<div class=\"row g-3\">\n\t\t<div class=\"col-md-6\">\n\t\t\t<label class=\"form-label\" for=\"name\">Nombre*<\/label>\n\t\t\t<input id=\"name\" name=\"name\" type=\"text\" class=\"form-control\" autocomplete=\"off\" required data-error=\"Nombre requerido\">\n\t\t<\/div>\n\t\t<div class=\"col-md-6\">\n\t\t\t<label class=\"form-label\" for=\"name\">Apellido*<\/label>\n\t\t\t<input id=\"lastname\" name=\"lastname\" type=\"text\" class=\"form-control\" autocomplete=\"off\" required data-error=\"Apellido\">\n\t\t<\/div>\n\t\t<div class=\"col-12\">\n\t\t\t<label class=\"form-label\" for=\"email\">Correo electr\u00f3nico*<\/label>\n\t\t\t<input id=\"email\" name=\"email\" type=\"email\" class=\"form-control\" autocomplete=\"off\" required data-error=\"Correo electr\u00f3nico requerido\">\n\t\t<\/div>\n\t\t\t\t<div class=\"col-md-6\">\n\t\t\t<label class=\"form-label\" for=\"phone\">N\u00famero de tel\u00e9fono <small><\/small><\/label>\n\t\t\t<input id=\"phone\" name=\"intphone\" type=\"tel\" class=\"form-control\" autocomplete=\"off\" placeholder=\"Tel\u00e9fono\" required data-error=\"Los n\u00fameros de tel\u00e9fono deben tener entre 8 y 20 d\u00edgitos\" pattern=\"(?:\\d\\s*){4,}\">\n\t\t<\/div>\n\t\t<div class=\"col-md-6\">\n\t\t\t<label class=\"form-label\">Mejor hora para llamar <small><\/small><\/label>\n\t\t\t<select class=\"form-select\" name=\"time\">\n\t\t\t\t<option selected>Cualquier momento<\/option>\n\t\t\t\t<option value=\"1\">Por la ma\u00f1ana<\/option>\n\t\t\t\t<option value=\"2\">Por la tarde<\/option>\n\t\t\t\t<option value=\"3\">Por la noche<\/option>\n\t\t\t<\/select>\n\t\t<\/div>\n\t\t<div class=\"col-12\">\n\t\t\t<label for=\"address\" class=\"form-label\">Direcci\u00f3n <small><\/small><\/label>\n\t\t\t<input id=\"address\" name=\"address\" type=\"text\" class=\"form-control\" \/>\n\t\t<\/div>\n\t\t<div class=\"col-12\">\n\t\t\t<label for=\"formComment\" class=\"form-label\">Mensaje<\/label>\n\t\t\t<textarea class=\"form-control\" placeholder=\"Deje su comentario aqu\u00ed\" name=\"comment\" id=\"formComment\" maxlength=\"8000\" rows=\"5\"><\/textarea>\n\t\t<\/div>\n\t\t\t\t<div class=\"col-12\">\n\t\t\t<div class=\"form-check\">\n\t\t\t\t<input type=\"checkbox\" class=\"form-check-input\" id=\"contact_form_1-customCheck1\" name=\"privacy_policy\" required data-error=\"Campo obligatorio\">\n\t\t\t\t<label class=\"form-check-label\" for=\"contact_form_1-customCheck1\">Acepto la <a target=\"_blank\" class=\"text-decoration-none\" href=\"https:\/\/www.panoramamarbella.com\/es\/politica-de-privacidad\">Condiciones generales<\/a><\/label>\n\t\t\t<\/div>\n\t\t\t<div class=\"form-check\">\n\t\t\t\t<input type=\"checkbox\" class=\"form-check-input\" id=\"contact_form_1-customCheck2\" name=\"commercial_information\">\n\t\t\t\t<label class=\"form-check-label\" for=\"contact_form_1-customCheck2\">Acepto recibir comunicaciones de Panorama<\/label>\n\t\t\t<\/div>\n\t\t<\/div>\n\t<\/div>\n\t<button data-ids=\"contact_form_1\" data-lang=\"es\" data-sitekey=\"6LeWOaYZAAAAAGZM7q40J51QMau9I_gs19mp9lZJ\" class=\"align-self-start btn btn-primary px-4 py-2 mt-4 g-recaptcha\" role=\"button\" aria-label=\"Send\">Enviar<\/button>\n<\/form><\/div>\n\n","protected":false},"excerpt":{"rendered":"","protected":false},"author":8,"featured_media":3615,"parent":4309,"menu_order":1,"comment_status":"closed","ping_status":"closed","template":"","meta":{"_acf_changed":false,"footnotes":""},"class_list":["post-5071","page","type-page","status-publish","has-post-thumbnail","hentry"],"acf":[],"_links":{"self":[{"href":"https:\/\/www.panoramamarbella.com\/es\/wp-json\/wp\/v2\/pages\/5071","targetHints":{"allow":["GET"]}}],"collection":[{"href":"https:\/\/www.panoramamarbella.com\/es\/wp-json\/wp\/v2\/pages"}],"about":[{"href":"https:\/\/www.panoramamarbella.com\/es\/wp-json\/wp\/v2\/types\/page"}],"author":[{"embeddable":true,"href":"https:\/\/www.panoramamarbella.com\/es\/wp-json\/wp\/v2\/users\/8"}],"replies":[{"embeddable":true,"href":"https:\/\/www.panoramamarbella.com\/es\/wp-json\/wp\/v2\/comments?post=5071"}],"version-history":[{"count":1,"href":"https:\/\/www.panoramamarbella.com\/es\/wp-json\/wp\/v2\/pages\/5071\/revisions"}],"predecessor-version":[{"id":33705,"href":"https:\/\/www.panoramamarbella.com\/es\/wp-json\/wp\/v2\/pages\/5071\/revisions\/33705"}],"up":[{"embeddable":true,"href":"https:\/\/www.panoramamarbella.com\/es\/wp-json\/wp\/v2\/pages\/4309"}],"wp:featuredmedia":[{"embeddable":true,"href":"https:\/\/www.panoramamarbella.com\/es\/wp-json\/wp\/v2\/media\/3615"}],"wp:attachment":[{"href":"https:\/\/www.panoramamarbella.com\/es\/wp-json\/wp\/v2\/media?parent=5071"}],"curies":[{"name":"wp","href":"https:\/\/api.w.org\/{rel}","templated":true}]}}