{"id":6215,"date":"2024-08-05T10:41:23","date_gmt":"2024-08-05T08:41:23","guid":{"rendered":"https:\/\/www.panoramamarbella.com\/subscription-confirmed"},"modified":"2025-09-17T13:39:27","modified_gmt":"2025-09-17T11:39:27","slug":"suscripcion-confirmada","status":"publish","type":"page","link":"https:\/\/www.panoramamarbella.com\/es\/suscripcion-confirmada","title":{"rendered":"Gracias por suscribirse"},"content":{"rendered":"\n\n<h2 class=\"wp-block-heading\">Bienvenido a las noticias y alertas inmobiliarias semanales de Panorama<\/h2>\n\n\n\n<p>Gracias por suscribirte a nuestro bolet\u00edn semanal. Estamos encantados de tenerle a bordo. Su suscripci\u00f3n ya est\u00e1 activa y puede recibir directamente en su bandeja de entrada las \u00faltimas actualizaciones sobre propiedades, noticias inmobiliarias, tendencias del mercado y consejos de expertos.<\/p>\n\n\n\n<h3 class=\"wp-block-heading\">Esto es lo que puede esperar:<\/h3>\n\n\n\n<ol class=\"wp-block-list\">\n<li><strong>Listados exclusivos de propiedades<\/strong>: Obtenga acceso anticipado a nuevas e interesantes propiedades en venta antes de que lleguen al mercado.<\/li>\n\n\n\n<li><strong>Perspectivas del mercado<\/strong>: Mant\u00e9ngase informado con un an\u00e1lisis en profundidad de las tendencias y previsiones del mercado inmobiliario.<\/li>\n\n\n\n<li><strong>Asesoramiento de expertos<\/strong>: Benef\u00edciese de los consejos y orientaciones de profesionales del sector que le ayudar\u00e1n a tomar decisiones con conocimiento de causa.<\/li>\n\n\n\n<li><strong>Noticias de la comunidad<\/strong>: Inf\u00f3rmese sobre los acontecimientos locales, lo m\u00e1s destacado del barrio y las novedades de la comunidad.<\/li>\n<\/ol>\n\n\n\n<h3 class=\"wp-block-heading\">\u00bfY ahora, qu\u00e9?<\/h3>\n\n\n\n<ol class=\"wp-block-list\">\n<li><strong>A\u00f1\u00e1danos a sus contactos<\/strong>: Aseg\u00farese de que nuestros correos llegan a su bandeja de entrada a\u00f1adiendo <a>info@panorama.es<\/a> a sus contactos de correo electr\u00f3nico o a su lista VIP.<\/li>\n\n\n\n<li><strong>S\u00edganos en las redes sociales<\/strong>: Mant\u00e9ngase conectado y \u00fanase a nuestra comunidad en <a href=\"https:\/\/www.facebook.com\/PanoramaMarbella\/\" target=\"_blank\" rel=\"noreferrer noopener\">Facebook<\/a>, <a href=\"https:\/\/www.instagram.com\/panoramamarbella\/\" target=\"_blank\" rel=\"noreferrer noopener\">Instagram<\/a> y <a href=\"https:\/\/x.com\/panoramarbella\" target=\"_blank\" rel=\"noreferrer noopener\">Twitter<\/a> para recibir actualizaciones en tiempo real y mucho m\u00e1s.<\/li>\n\n\n\n<li><strong>Eche un vistazo a nuestro Blog<\/strong>: Mant\u00e9ngase al d\u00eda de la actualidad inmobiliaria con <a href=\"https:\/\/www.panoramamarbella.com\/es\/news\">las noticias y art\u00edculos de Panorama<\/a>.<\/li>\n<\/ol>\n\n\n\n<h2 class=\"wp-block-heading\">\u00bfTiene preguntas o necesita ayuda?<\/h2>\n\n\n\n<p>Nuestro equipo est\u00e1 aqu\u00ed para ayudarle. Si tiene alguna pregunta o necesita m\u00e1s ayuda, no dude en <a href=\"https:\/\/www.panoramamarbella.com\/es\/contacto\">ponerse en contacto con nosotros<\/a>.<\/p>\n\n\n\n<p>Gracias una vez m\u00e1s por suscribirse. Esperamos poder ofrecerle informaci\u00f3n inmobiliaria valiosa y ayudarle a encontrar la casa de sus sue\u00f1os.<\/p>\n\n\n\n<p>Saludos cordiales,<br>El equipo PanoramaSaludos cordiales,<br>El equipo Panorama<\/p>\n\n\n\n\n\t\t<section class=\"container mt-5 mb-5 wp-block-acf-inmpropselection\">\n\t\t\t<h2>Quiz\u00e1 le interese<\/h2>\t\t\t<div class=\"row row-cols-1 row-cols-lg-3 gy-5 g-xxl-5\">\n\t\t\t\t\n<article class=\"col card-properties position-relative d-flex flex-column\">\n\t<div id=\"carouselCardProperties-1-0\" class=\"card-properties-images carousel slide carousel-fade lazy\" data-bs-ride=\"carousel\" data-bs-interval=\"200000\" data-id=\"698664\">\n\t\t<div class=\"carousel-inner\">\n\t\t\t<figure class=\"carousel-item mb-0 active ratio ratio-4x3\">\n\t\t\t\t<picture><source sizes=\"(max-width: 575px) calc(100vw - 24px), (max-width: 767px) 516px, (max-width: 991px) 696px, (max-width: 1199px) 296px, (max-width: 1399px) 356px, 400px\" width=\"696\" height=\"522\" srcset=\"https:\/\/media.panoramamarbella.com\/imgV1\/B95mbh8olwFQm~uCUaVOI2kQT0hb0a8sZ9turUNfnwtvuccYCzs0YVPfPbfkc2VnnN1JFDpkYaGfw1gJsS~5hOu8ClA27V6xVP6zyKoKPS1Mn7WRHYZMLWv_YHD73v3wTA8HWCCOpMnXwN2uAr5VSPiSO7karRIMiZTPqCu_dZ5fuWR0YCW6_1pG5Bl~Hp5WroeZ3HQAZ5bJuMGEOv79bl9k214P5Nw2k7gr9ANpozAASAFpx51KqYb~IgRpbC3Nm7LGaJqZPuy9KH5g7qzcuC2cvd8aXgZUiX05nn3MiVFBu3_R0uApWqg0GDDTU7GVpDHN0uiwmWHOPGRGcV19lVB5JeSIN5bWCc0XpEoi3uZ0T3eXN37TL0i518tYi19KAllVsHHd0sbTDHyPO_Nw~4KnnSNcB9zdZy_Falf9Nm2Qd8UylRZPY3Up0552~WYpYFfMu6~cQQhix6~xJmlu.webp 696w,https:\/\/media.panoramamarbella.com\/imgV1\/B95mbh8olwFQm~uCUaVOI2kQT0hb0a8sZ9turUNfnwtvuccYCzs0YVPfPbfkc2VnnN1JFDpkYaGfw1gJsS~5hOu8ClA27V6xVP6zyKoKPS1Mn7WRHYZMLWv_YHD73v3wTA8HWCCOpMnXwN2uAr5VSPiSO7karRIMiZTPqCu_dxsgwbeNJ3yUNRGy~HNlq7dkSM2WX~69OJOJ5Rf_OC19ofiiJFxHjWv2u3u0P4hi6O0xoN_eKF2nSgtPXKVIDb6vkB7sMfUcYSFaA8MkPym_Gpt83~i_ztzET0MbhzNjsKTdK5NbqRNgl5yWC5YxwwmAj1QP7QCWT0mNwDbjKvcT6HKFDihRXrRi~rK1hGgEsn~KGSB8yKC8a2ZAlw1Y0g7iH3vxsT0JHikRupGzmmtHsrKXqc6p8M2~T5e5ifxWDLJfJRqdDdAaQRy8mbVTKnDv_ya2ucuiMT0AMrtAXM~J.webp 400w\" type=\"image\/webp\"><img decoding=\"async\" class=\"position-absolute w-100 h-100 object-fit-cover\" alt=\"Exclusivo apartamento en planta baja con vistas al mar en los Jardines Japoneses de Marina Puente Romano\" loading=\"lazy\" width=\"696\" height=\"522\" src=\"https:\/\/media.panoramamarbella.com\/imgV1\/B95mbh8olwFQm~uCUaVOI2kQT0hb0a8sZ9turUNfnwtvuccYCzs0YVPfPbfkc2VnnN1JFDpkYaGfw1gJsS~5hOu8ClA27V6xVP6zyKoKPS1Mn7WRHYZMLWv_YHD73v3wTA8HWCCOpMnXwN2uAr5VSPiSO7karRIMiZTPqCu_dZ5fuWR0YCW6_1pG5Bl~AOWCKsfURyq35vm55dIauvG9uVaSivcgS4ajblndO75z1CH0f2jKmqCp4xxFvz8SGfsGZsvJDXqx_1ZOdq6C3Ciw5BdH3mBMTlmpWiwr03l4R5h6rIkh70WK8PZkn3TMc7aMyNa5IHcJVNmTEhV8AxRljU0iGmAWvH9H8Jc12IGx0P0jWsreOMhWj1MxEo9KATyoLWCUe5JwyP7SYClFp7YUmD7e40GOUqwrJuzlqrEiOyMmHv7XqSzouqYV54M-.jpg\"><\/picture>\t\t\t<\/figure>\n\t\t\t\t\t\t<span class=\"card-properties-tag position-absolute z-2 top-0 start-0 bg-secondary text-white py-1 px-3 ms-3\">\n\t\t\t\tDestacado\t\t\t<\/span>\n\t\t\t\t\t\t<span class=\"card-properties-ref position-absolute z-2 bottom-0 end-0 bg-white text-primary py-1 px-3 me-3\">\n\t\t\t\tPANR-16359\t\t\t<\/span>\n\t\t\t<button class=\"card-properties-portfolio d-flex align-items-center justify-content-center position-absolute z-3 end-0 text-white bg-primary me-3 border-0 px-0\" data-pfl-id=\"698664\" data-pfl-filter=\"sale\" aria-label=\"Add to portfolio\">\n\t\t\t\t<svg width=\"18\" fill=\"currentColor\" viewBox=\"0 0 512 512\">\n\t\t\t\t\t<use href=\"https:\/\/www.panoramamarbella.com\/wp-content\/themes\/panoramamarbella\/dist\/src\/images\/icons.svg#svgHeart\"><\/use>\n\t\t\t\t<\/svg>\n\t\t\t\t<svg width=\"18\" fill=\"currentColor\" viewBox=\"0 0 512 512\">\n\t\t\t\t\t<use href=\"https:\/\/www.panoramamarbella.com\/wp-content\/themes\/panoramamarbella\/dist\/src\/images\/icons.svg#svgHeartIn\"><\/use>\n\t\t\t\t<\/svg>\n\t\t\t<\/button>\n\t\t<\/div>\n\t\t\t\t<button\n\t\t\tclass=\"carousel-control-prev\"\n\t\t\ttype=\"button\"\n\t\t\tdata-bs-target=\"#carouselCardProperties-1-0\"\n\t\t\tdata-bs-slide=\"prev\">\n\t\t\t<span class=\"carousel-control-prev-icon\" aria-hidden=\"true\"><\/span>\n\t\t\t<span class=\"visually-hidden\">Anterior<\/span>\n\t\t<\/button>\n\t\t<button\n\t\t\tclass=\"carousel-control-next\"\n\t\t\ttype=\"button\"\n\t\t\tdata-bs-target=\"#carouselCardProperties-1-0\"\n\t\t\tdata-bs-slide=\"next\">\n\t\t\t<span class=\"carousel-control-next-icon\" aria-hidden=\"true\"><\/span>\n\t\t\t<span class=\"visually-hidden\">Siguiente<\/span>\n\t\t<\/button>\n\t\t\t<\/div>\n\t<div class=\"d-flex flex-column h-100 px-3 py-4 shadow\">\n\t\t\t\t<h3 class=\"card-properties-title mb-3\">\n\t\t\t<a class=\"stretched-link\" href=\"\/es\/propiedades\/marbella\/marbella-golden-mile\/marina-puente-romano\/apartamentos-y-pisos\/PANR-16359\">\n\t\t\t\tExclusivo apartamento en planta baja con vistas al mar en los Jardines Japoneses de Marina Puente Romano\t\t\t<\/a>\n\t\t<\/h3>\n\t\t<p class=\"mb-3 text-black-dark\">Marina Puente Romano, Marbella Golden Mile<\/p>\n\t\t\t\t\t\t<p class=\"card-properties-description mb-3\">\n\t\t\tDescubra el ep\u00edtome del lujo sin esfuerzo en este exquisito apartamento elevado en planta baja, orientado al suroeste, ubicado en el emblem\u00e1tico Puente Romano Beach Resort &amp; Spa, una de las direcciones m\u00e1s prestigiosas y&#8230;\t\t<\/p>\n\t\t\t\t<span class=\"card-properties-price mt-auto\">\n\t\t\t\n\t\t\t<span class=\"card-properties-price mt-auto\" data-original-price=\"4950000\">4.950.000\u00a0\u20ac<\/span>\n\t\t\t\t<\/span>\n\t\t\t\t<ul class=\"card-properties-features list-unstyled d-flex flex-wrap align-items-center gap-3 pt-3 border-top mt-3 mb-0\">\n\t\t\t<li class=\"d-flex align-items-center\">3 Dorms.<\/li><li class=\"d-flex align-items-center\">3 Ba\u00f1os<\/li>\t\t\t\t<li class=\"d-flex align-items-center\">\n\t\t\t\t\t <span class=\"me-1\" data-original-value=\"180\" data-original-unit=\"m&#038;sup2\">180 m&sup2;<\/span>Total\t\t\t\t<\/li>\n\t\t\t\t\t\t\t<li class=\"d-flex align-items-center\">\n\t\t\t\t\t <span class=\"me-1\" data-original-value=\"140\" data-original-unit=\"m&#038;sup2\">140 m&sup2;<\/span>Construido\t\t\t\t<\/li>\n\t\t\t\t\t\t\t<li class=\"d-flex align-items-center\">\n\t\t\t\t\t <span class=\"me-1\" data-original-value=\"40\" data-original-unit=\"m&#038;sup2\">40 m&sup2;<\/span>Terrazas\t\t\t\t<\/li>\n\t\t\t\t\t<\/ul>\n\t\t\t<\/div>\n<\/article>\n\n\n<article class=\"col card-properties position-relative d-flex flex-column\">\n\t<div id=\"carouselCardProperties-1-1\" class=\"card-properties-images carousel slide carousel-fade lazy\" data-bs-ride=\"carousel\" data-bs-interval=\"200000\" data-id=\"698452\">\n\t\t<div class=\"carousel-inner\">\n\t\t\t<figure class=\"carousel-item mb-0 active ratio ratio-4x3\">\n\t\t\t\t<picture><source sizes=\"(max-width: 575px) calc(100vw - 24px), (max-width: 767px) 516px, (max-width: 991px) 696px, (max-width: 1199px) 296px, (max-width: 1399px) 356px, 400px\" width=\"696\" height=\"522\" srcset=\"https:\/\/media.panoramamarbella.com\/imgV1\/B95mbh8olwFQm~uCUaVOI2kQT0hb0a8sZ9turUNfnwtvuccYCzs0YVPfPbfkc2VnnN1JFDpkYaGfw1gJsS~5hOu8AUZEQTHg7CLRX_1curmO2wUT0oMrRL1uiJLedOIKDN8v93fz93HwFQv7mvDjXTJ7lOrU4l83PE~Y7~g4uSwzq7fwptUkt8il_H0dUfDMbhzRCHO11LkysK_bxmVac4BLYh_a2hSE6xc4RNhtWQy0GnsnoQrJccDe7cp8t7Ce6UlO1DWqwXSJYUCDuwP7QwoWCJkTw27ijwwwpB98FcoNDGs~dLIP7I2GDa3nOd4g1SjhL97WDkXGdj2aFX5fwQPpaxEz9JYPNAHCS8LI6VPreTQIillN_1gkADuMHYT2CJSd5rwzlKJJZqM2B1EGJzPLGXSc9ooOUU7qL2ig99dCjaK189Pp7TsIOGVaDX9oXhEFrF_Ia4RltvugvjBP.webp 696w,https:\/\/media.panoramamarbella.com\/imgV1\/B95mbh8olwFQm~uCUaVOI2kQT0hb0a8sZ9turUNfnwtvuccYCzs0YVPfPbfkc2VnnN1JFDpkYaGfw1gJsS~5hOu8AUZEQTHg7CLRX_1curmO2wUT0oMrRL1uiJLedOIKDN8v93fz93HwFQv7mvDjXTJ7lOrU4l83PE~Y7~g4u~df~Tano1nt9Ue6uk~XBWFCGo8b5uz9KD25B9Qw7evRA8SqFZq34AgCn5JX6EuhbeRrvvPVHMrvFUE2AO7h4SlLQw6ob~_m94R0S7sqNgkVrMEquSzkE9nasFMmps2VzAHYdSAQ2wTz4HwlOQKPdZH_kxNfiyNr1LkWz6W0SPGJz_J5jSuIrO8m9wUmUgBw7W4bVwwlZXewN8w4PgVWe867xysmy5y9aWPRh5yB7zWFKCmqm7usE_2JL120Zpd5k0n~nRNSy0VF9XmSJWinpqt3IAb2BAerv9YNOwzXXZg6.webp 400w\" type=\"image\/webp\"><img decoding=\"async\" class=\"position-absolute w-100 h-100 object-fit-cover\" alt=\"Impecable apartamento con vistas al mar en Bah\u00eda del Veler\u00edn, Estepona\" loading=\"lazy\" width=\"696\" height=\"522\" src=\"https:\/\/media.panoramamarbella.com\/imgV1\/B95mbh8olwFQm~uCUaVOI2kQT0hb0a8sZ9turUNfnwtvuccYCzs0YVPfPbfkc2VnnN1JFDpkYaGfw1gJsS~5hOu8AUZEQTHg7CLRX_1curmO2wUT0oMrRL1uiJLedOIKDN8v93fz93HwFQv7mvDjXTJ7lOrU4l83PE~Y7~g4uSwzq7fwptUkt8il_H0dT~d80FU6rzBEPKVvi7_9uKyowpu_WM6HzT2BejtGMxY4Ue4yJKg6tygbAbOs4O2zuBdhFbcIhyEehd0GrogCmXKavWLN_n86mIIQdIrcaS0D4WN6WOtwoDECcJPnCoGASy5m1KGKXUks15kVrhZufydUhekpIBkQZbMRjCpoPPH~gROlE7YzRlNm41NdY7EbPR9x5kL9_LwgSvVMZ6RHdRXrOZjwX9fLz9QxqTZ1Osni6X7J~ihA36h0OX6JJb8-.jpg\"><\/picture>\t\t\t<\/figure>\n\t\t\t\t\t\t<span class=\"card-properties-ref position-absolute z-2 bottom-0 end-0 bg-white text-primary py-1 px-3 me-3\">\n\t\t\t\tPANR-16352\t\t\t<\/span>\n\t\t\t<button class=\"card-properties-portfolio d-flex align-items-center justify-content-center position-absolute z-3 end-0 text-white bg-primary me-3 border-0 px-0\" data-pfl-id=\"698452\" data-pfl-filter=\"sale\" aria-label=\"Add to portfolio\">\n\t\t\t\t<svg width=\"18\" fill=\"currentColor\" viewBox=\"0 0 512 512\">\n\t\t\t\t\t<use href=\"https:\/\/www.panoramamarbella.com\/wp-content\/themes\/panoramamarbella\/dist\/src\/images\/icons.svg#svgHeart\"><\/use>\n\t\t\t\t<\/svg>\n\t\t\t\t<svg width=\"18\" fill=\"currentColor\" viewBox=\"0 0 512 512\">\n\t\t\t\t\t<use href=\"https:\/\/www.panoramamarbella.com\/wp-content\/themes\/panoramamarbella\/dist\/src\/images\/icons.svg#svgHeartIn\"><\/use>\n\t\t\t\t<\/svg>\n\t\t\t<\/button>\n\t\t<\/div>\n\t\t\t\t<button\n\t\t\tclass=\"carousel-control-prev\"\n\t\t\ttype=\"button\"\n\t\t\tdata-bs-target=\"#carouselCardProperties-1-1\"\n\t\t\tdata-bs-slide=\"prev\">\n\t\t\t<span class=\"carousel-control-prev-icon\" aria-hidden=\"true\"><\/span>\n\t\t\t<span class=\"visually-hidden\">Anterior<\/span>\n\t\t<\/button>\n\t\t<button\n\t\t\tclass=\"carousel-control-next\"\n\t\t\ttype=\"button\"\n\t\t\tdata-bs-target=\"#carouselCardProperties-1-1\"\n\t\t\tdata-bs-slide=\"next\">\n\t\t\t<span class=\"carousel-control-next-icon\" aria-hidden=\"true\"><\/span>\n\t\t\t<span class=\"visually-hidden\">Siguiente<\/span>\n\t\t<\/button>\n\t\t\t<\/div>\n\t<div class=\"d-flex flex-column h-100 px-3 py-4 shadow\">\n\t\t\t\t<h3 class=\"card-properties-title mb-3\">\n\t\t\t<a class=\"stretched-link\" href=\"\/es\/propiedades\/estepona\/estepona-este\/bahia-del-velerin\/apartamentos-y-pisos\/PANR-16352\">\n\t\t\t\tImpecable apartamento con vistas al mar en Bah\u00eda del Veler\u00edn, Estepona\t\t\t<\/a>\n\t\t<\/h3>\n\t\t<p class=\"mb-3 text-black-dark\">Bah\u00eda del Veler\u00edn, Estepona Este<\/p>\n\t\t\t\t\t\t<p class=\"card-properties-description mb-3\">\n\t\t\tEste apartamento en primera l\u00ednea de playa ha sido completamente renovado y transformado en una residencia excepcional, terminada con materiales de la m\u00e1s alta calidad y un dise\u00f1o contempor\u00e1neo refinado. Ubicado en una de las&#8230;\t\t<\/p>\n\t\t\t\t<span class=\"card-properties-price mt-auto\">\n\t\t\t\n\t\t\t<span class=\"card-properties-price mt-auto\" data-original-price=\"1895000\">1.895.000\u00a0\u20ac<\/span>\n\t\t\t\t<\/span>\n\t\t\t\t<ul class=\"card-properties-features list-unstyled d-flex flex-wrap align-items-center gap-3 pt-3 border-top mt-3 mb-0\">\n\t\t\t<li class=\"d-flex align-items-center\">3 Dorms.<\/li><li class=\"d-flex align-items-center\">2 Ba\u00f1os<\/li>\t\t\t\t<li class=\"d-flex align-items-center\">\n\t\t\t\t\t <span class=\"me-1\" data-original-value=\"145\" data-original-unit=\"m&#038;sup2\">145 m&sup2;<\/span>Total\t\t\t\t<\/li>\n\t\t\t\t\t\t\t<li class=\"d-flex align-items-center\">\n\t\t\t\t\t <span class=\"me-1\" data-original-value=\"122\" data-original-unit=\"m&#038;sup2\">122 m&sup2;<\/span>Construido\t\t\t\t<\/li>\n\t\t\t\t\t\t\t<li class=\"d-flex align-items-center\">\n\t\t\t\t\t <span class=\"me-1\" data-original-value=\"23\" data-original-unit=\"m&#038;sup2\">23 m&sup2;<\/span>Terrazas\t\t\t\t<\/li>\n\t\t\t\t\t<\/ul>\n\t\t\t<\/div>\n<\/article>\n\n\n<article class=\"col card-properties position-relative d-flex flex-column\">\n\t<div id=\"carouselCardProperties-1-2\" class=\"card-properties-images carousel slide carousel-fade lazy\" data-bs-ride=\"carousel\" data-bs-interval=\"200000\" data-id=\"697054\">\n\t\t<div class=\"carousel-inner\">\n\t\t\t<figure class=\"carousel-item mb-0 active ratio ratio-4x3\">\n\t\t\t\t<picture><source sizes=\"(max-width: 575px) calc(100vw - 24px), (max-width: 767px) 516px, (max-width: 991px) 696px, (max-width: 1199px) 296px, (max-width: 1399px) 356px, 400px\" width=\"696\" height=\"522\" srcset=\"https:\/\/media.panoramamarbella.com\/imgV1\/B95mbh8olwFQm~uCUaVOI2kQT0hb0a8sZ9turUNfnwtvuccYCzs0YVPfPbfkc2VnnN1JFDpkYaGfw1gJsS~5hOu6YifurfJ25badRj49cT~wgCU8gA88h_E73Y1xGOY4iEqZKXXXhu8yWQ~e84UtvlD9epiouKwXC3d1VOy8eEjq2IfeIKMMymyfY4Xj5bRCilik~QKhvoRAy6cBaqTXa8wyypq39Kqm5zzScwS5A6GNcTX8CFB_yK1~KOdtt78StZUHwguqN8XODG9qYWsY8MdvqJnToWcBJ6coBfHLqH98SffC2r72xnFRJaPHOd0fCoU8EJuhotljZIpTUPLFkY9oVG1aggQWae46sULFGQBIRjigtogjCoFPzHNex_FQ_d8Hq~0Ly7i~3XyKEGNfo1EGP7WN_csPp6~p2_hXsouUkL83MNgfgysLsUyuhy3f_h4NHVw5TK7koPK05OH9.webp 696w,https:\/\/media.panoramamarbella.com\/imgV1\/B95mbh8olwFQm~uCUaVOI2kQT0hb0a8sZ9turUNfnwtvuccYCzs0YVPfPbfkc2VnnN1JFDpkYaGfw1gJsS~5hOu6YifurfJ25badRj49cT~wgCU8gA88h_E73Y1xGOY4iEqZKXXXhu8yWQ~e84UtvlD9epiouKwXC3d1VOy8egV7qxq67Oy0cUZHL07oA9s_0zKiKGJNORdErts5_xL5XksUR~CM9qut1BNtuWEBe3c0o2TadF7cjEfDVu4I_oZECgxMK492O9~9NHHsIJHrhE8D6eMeXjuRg~vkRAM5OwAZTGxfBprZGXV9NZ3c0WC8FHyvU137d3K20O1_By~z8sEL1rPRtcT0eaegl1t9fiPnMISXVnnV3nbVteQRofPDokmvLhadVNNQrXOSXpOqWy8C~8KvXw1NrKIgaXeyoZVzIEqNORklDsaCOmdSC0XU~It4phrLx7ik_Qs_WQJ8.webp 400w\" type=\"image\/webp\"><img decoding=\"async\" class=\"position-absolute w-100 h-100 object-fit-cover\" alt=\"Exclusivas villas nuevas cerca de El Campanario Golf en Estepona Este\" loading=\"lazy\" width=\"696\" height=\"522\" src=\"https:\/\/media.panoramamarbella.com\/imgV1\/B95mbh8olwFQm~uCUaVOI2kQT0hb0a8sZ9turUNfnwtvuccYCzs0YVPfPbfkc2VnnN1JFDpkYaGfw1gJsS~5hOu6YifurfJ25badRj49cT~wgCU8gA88h_E73Y1xGOY4iEqZKXXXhu8yWQ~e84UtvlD9epiouKwXC3d1VOy8eEjq2IfeIKMMymyfY4Xj_85Ks_~wdV6y7mC83I4fQ3fH3Q5Filo7arkekjyc5~PqEOc7HcSplU1wVVSxN2WKotAXTG301Hc6NYMbJrr0BTrh0_RumqcSNxvOSxQPkU3SD_N_9XqtlfvArCVN8hok0XXhzW8fZ2nuP47Nbc2jSfnrajBsrhOIaLswkarQmg5l4RhmrwypsfwLPJox6cgcIpXa43QrKRZHpFiGMy9KIbwm8hiixzlkB4AZsEl2G2Sytz~y1W2qwi~4iPzkQNI-.jpg\"><\/picture>\t\t\t<\/figure>\n\t\t\t\t\t\t<span class=\"card-properties-ref position-absolute z-2 bottom-0 end-0 bg-white text-primary py-1 px-3 me-3\">\n\t\t\t\tPANR-16332\t\t\t<\/span>\n\t\t\t<button class=\"card-properties-portfolio d-flex align-items-center justify-content-center position-absolute z-3 end-0 text-white bg-primary me-3 border-0 px-0\" data-pfl-id=\"697054\" data-pfl-filter=\"sale\" aria-label=\"Add to portfolio\">\n\t\t\t\t<svg width=\"18\" fill=\"currentColor\" viewBox=\"0 0 512 512\">\n\t\t\t\t\t<use href=\"https:\/\/www.panoramamarbella.com\/wp-content\/themes\/panoramamarbella\/dist\/src\/images\/icons.svg#svgHeart\"><\/use>\n\t\t\t\t<\/svg>\n\t\t\t\t<svg width=\"18\" fill=\"currentColor\" viewBox=\"0 0 512 512\">\n\t\t\t\t\t<use href=\"https:\/\/www.panoramamarbella.com\/wp-content\/themes\/panoramamarbella\/dist\/src\/images\/icons.svg#svgHeartIn\"><\/use>\n\t\t\t\t<\/svg>\n\t\t\t<\/button>\n\t\t<\/div>\n\t\t\t\t<button\n\t\t\tclass=\"carousel-control-prev\"\n\t\t\ttype=\"button\"\n\t\t\tdata-bs-target=\"#carouselCardProperties-1-2\"\n\t\t\tdata-bs-slide=\"prev\">\n\t\t\t<span class=\"carousel-control-prev-icon\" aria-hidden=\"true\"><\/span>\n\t\t\t<span class=\"visually-hidden\">Anterior<\/span>\n\t\t<\/button>\n\t\t<button\n\t\t\tclass=\"carousel-control-next\"\n\t\t\ttype=\"button\"\n\t\t\tdata-bs-target=\"#carouselCardProperties-1-2\"\n\t\t\tdata-bs-slide=\"next\">\n\t\t\t<span class=\"carousel-control-next-icon\" aria-hidden=\"true\"><\/span>\n\t\t\t<span class=\"visually-hidden\">Siguiente<\/span>\n\t\t<\/button>\n\t\t\t<\/div>\n\t<div class=\"d-flex flex-column h-100 px-3 py-4 shadow\">\n\t\t\t\t<h3 class=\"card-properties-title mb-3\">\n\t\t\t<a class=\"stretched-link\" href=\"\/es\/propiedades\/estepona\/estepona-este\/monte-biarritz\/villas-y-chalets\/PANR-16332\">\n\t\t\t\tExclusivas villas nuevas cerca de El Campanario Golf en Estepona Este\t\t\t<\/a>\n\t\t<\/h3>\n\t\t<p class=\"mb-3 text-black-dark\">Monte Biarritz, Estepona Este<\/p>\n\t\t\t\t\t\t<p class=\"card-properties-description mb-3\">\n\t\t\tPerfectamente situadas entre Estepona y San Pedro de Alc\u00e1ntara, esta exclusiva promoci\u00f3n de dos villas contempor\u00e1neas en Monte Biarritz representa un verdadero santuario de vida refinada en la Costa del Sol.\r\n\r\nDise\u00f1adas cuidadosamente con una elegancia&#8230;\t\t<\/p>\n\t\t\t\t<span class=\"card-properties-price mt-auto\">\n\t\t\t\n\t\t\t<span class=\"card-properties-price mt-auto\" data-original-price=\"1850000\">1.850.000\u00a0\u20ac<\/span>\n\t\t\t\t<\/span>\n\t\t\t\t<ul class=\"card-properties-features list-unstyled d-flex flex-wrap align-items-center gap-3 pt-3 border-top mt-3 mb-0\">\n\t\t\t<li class=\"d-flex align-items-center\">5 Dorms.<\/li><li class=\"d-flex align-items-center\">4 Ba\u00f1os<\/li>\t\t\t\t<li class=\"d-flex align-items-center\">\n\t\t\t\t\t <span class=\"me-1\" data-original-value=\"599\" data-original-unit=\"m&#038;sup2\">599 m&sup2;<\/span>Total\t\t\t\t<\/li>\n\t\t\t\t\t\t\t<li class=\"d-flex align-items-center\">\n\t\t\t\t\t <span class=\"me-1\" data-original-value=\"556\" data-original-unit=\"m&#038;sup2\">556 m&sup2;<\/span>Parcela\t\t\t\t<\/li>\n\t\t\t\t\t\t\t\t<li class=\"d-flex align-items-center\">\n\t\t\t\t\t <span class=\"me-1\" data-original-value=\"330\" data-original-unit=\"m&#038;sup2\">330 m&sup2;<\/span>Construido\t\t\t\t<\/li>\n\t\t\t\t\t\t\t<li class=\"d-flex align-items-center\">\n\t\t\t\t\t <span class=\"me-1\" data-original-value=\"269\" data-original-unit=\"m&#038;sup2\">269 m&sup2;<\/span>Terrazas\t\t\t\t<\/li>\n\t\t\t\t\t<\/ul>\n\t\t\t<\/div>\n<\/article>\n\t\t\t<\/div>\n\t\t\t<ul class=\"mw-100 d-flex flex-column flex-lg-row flex-lg-wrap justify-content-center gap-3 list-unstyled mt-5 mb-0\">\n    <li><a class=\"btn btn-primary w-100 px-4 py-2\" href=\"https:\/\/www.panoramamarbella.com\/es\/propiedades\">Viviendas en venta en Marbella y alrededores<\/a><\/li><\/ul>\n\t\t<\/section>\n\t\t\n","protected":false},"excerpt":{"rendered":"","protected":false},"author":2,"featured_media":0,"parent":0,"menu_order":12,"comment_status":"closed","ping_status":"closed","template":"","meta":{"_acf_changed":false,"footnotes":""},"class_list":["post-6215","page","type-page","status-publish","hentry"],"acf":[],"_links":{"self":[{"href":"https:\/\/www.panoramamarbella.com\/es\/wp-json\/wp\/v2\/pages\/6215","targetHints":{"allow":["GET"]}}],"collection":[{"href":"https:\/\/www.panoramamarbella.com\/es\/wp-json\/wp\/v2\/pages"}],"about":[{"href":"https:\/\/www.panoramamarbella.com\/es\/wp-json\/wp\/v2\/types\/page"}],"author":[{"embeddable":true,"href":"https:\/\/www.panoramamarbella.com\/es\/wp-json\/wp\/v2\/users\/2"}],"replies":[{"embeddable":true,"href":"https:\/\/www.panoramamarbella.com\/es\/wp-json\/wp\/v2\/comments?post=6215"}],"version-history":[{"count":1,"href":"https:\/\/www.panoramamarbella.com\/es\/wp-json\/wp\/v2\/pages\/6215\/revisions"}],"predecessor-version":[{"id":23708,"href":"https:\/\/www.panoramamarbella.com\/es\/wp-json\/wp\/v2\/pages\/6215\/revisions\/23708"}],"wp:attachment":[{"href":"https:\/\/www.panoramamarbella.com\/es\/wp-json\/wp\/v2\/media?parent=6215"}],"curies":[{"name":"wp","href":"https:\/\/api.w.org\/{rel}","templated":true}]}}