{"id":33018,"date":"2025-10-23T17:47:55","date_gmt":"2025-10-23T15:47:55","guid":{"rendered":"https:\/\/www.panoramamarbella.com\/rapport-de-marche-2\/2024-2025-edition"},"modified":"2026-01-12T16:32:40","modified_gmt":"2026-01-12T15:32:40","slug":"edition-2024-2025","status":"publish","type":"page","link":"https:\/\/www.panoramamarbella.com\/fr\/rapport-de-marche\/edition-2024-2025","title":{"rendered":"Rapport sur le march\u00e9 immobilier de Marbella 2024-2025"},"content":{"rendered":"<div class=\"lead\"><p>Une <a href=\"https:\/\/www.panoramamarbella.com\/fr\/rapport-de-marche\">nouvelle version du rapport<\/a> prim\u00e9 sur le march\u00e9 immobilier de Marbella, r\u00e9dig\u00e9 par Christopher Clover, directeur g\u00e9n\u00e9ral de Panorama, l&rsquo;agence immobili\u00e8re la plus ancienne de Marbella, est d\u00e9sormais disponible.<\/p>\n<p>Christopher Clover, directeur g\u00e9n\u00e9ral de Panorama, r\u00e9dige ce rapport 2024-2025 sur le march\u00e9 immobilier \u00e0 Marbella, sur la Costa del Sol, en Espagne.<\/p>\n<\/div>\n\n\n\n<div style=\"position:relative;padding-top:max(60%,326px);height:0;width:100%\" class=\"mb-6\"><iframe allow=\"clipboard-write\" sandbox=\"allow-top-navigation allow-top-navigation-by-user-activation allow-downloads allow-scripts allow-same-origin allow-popups allow-modals allow-popups-to-escape-sandbox allow-forms\" allowfullscreen=\"true\" style=\"position:absolute;border:none;width:100%;height:100%;left:0;right:0;top:0;bottom:0;\" src=\"https:\/\/e.issuu.com\/embed.html?d=rapport_sur_le_marche_immobilier_de_marbella-2024-&#038;u=panorama\" class=\"mt-2\"><\/iframe><\/div>\n\n\n\n\n\n<a href=\"https:\/\/www.panoramamarbella.com\/fr\/rapport-de-marche\" class=\"pb-6\">Lisez la derni\u00e8re \u00e9dition.<\/a>\n<p>&nbsp;<\/p>\n\n","protected":false},"excerpt":{"rendered":"","protected":false},"author":8,"featured_media":0,"parent":32357,"menu_order":0,"comment_status":"closed","ping_status":"closed","template":"","meta":{"_acf_changed":false,"footnotes":""},"class_list":["post-33018","page","type-page","status-publish","hentry"],"acf":[],"_links":{"self":[{"href":"https:\/\/www.panoramamarbella.com\/fr\/wp-json\/wp\/v2\/pages\/33018","targetHints":{"allow":["GET"]}}],"collection":[{"href":"https:\/\/www.panoramamarbella.com\/fr\/wp-json\/wp\/v2\/pages"}],"about":[{"href":"https:\/\/www.panoramamarbella.com\/fr\/wp-json\/wp\/v2\/types\/page"}],"author":[{"embeddable":true,"href":"https:\/\/www.panoramamarbella.com\/fr\/wp-json\/wp\/v2\/users\/8"}],"replies":[{"embeddable":true,"href":"https:\/\/www.panoramamarbella.com\/fr\/wp-json\/wp\/v2\/comments?post=33018"}],"version-history":[{"count":1,"href":"https:\/\/www.panoramamarbella.com\/fr\/wp-json\/wp\/v2\/pages\/33018\/revisions"}],"predecessor-version":[{"id":33031,"href":"https:\/\/www.panoramamarbella.com\/fr\/wp-json\/wp\/v2\/pages\/33018\/revisions\/33031"}],"up":[{"embeddable":true,"href":"https:\/\/www.panoramamarbella.com\/fr\/wp-json\/wp\/v2\/pages\/32357"}],"wp:attachment":[{"href":"https:\/\/www.panoramamarbella.com\/fr\/wp-json\/wp\/v2\/media?parent=33018"}],"curies":[{"name":"wp","href":"https:\/\/api.w.org\/{rel}","templated":true}]}}