{"id":4005,"date":"2024-06-14T11:36:11","date_gmt":"2024-06-14T09:36:11","guid":{"rendered":"https:\/\/www.panoramamarbella.com\/?page_id=4005"},"modified":"2024-06-14T12:22:00","modified_gmt":"2024-06-14T10:22:00","slug":"informations-juridiques","status":"publish","type":"page","link":"https:\/\/www.panoramamarbella.com\/fr\/informations-juridiques","title":{"rendered":"Informations juridiques et r\u00e9glementaires"},"content":{"rendered":"\n\n<h2 class=\"wp-block-heading\">1. Informations juridiques et acceptation<\/h2>\n\n\n\n<p>Conform\u00e9ment \u00e0 l&rsquo;article <strong>10 de la loi 34\/2002<\/strong>, du 11 juillet, sur les services de la soci\u00e9t\u00e9 de l&rsquo;information et le commerce \u00e9lectronique, les donn\u00e9es d&rsquo;identification de l&rsquo;entreprise sont indiqu\u00e9es ci-dessous. Ce portail Internet est mis \u00e0 la disposition des utilisateurs par l&rsquo;entit\u00e9 dont les donn\u00e9es d&rsquo;identification sont les suivantes :<\/p>\n\n\n\n<table class=\"table table-bordered table-striped\"><tbody><tr><td>Nom de l&rsquo;entreprise<\/td><td><strong>Panorama Properties, S.L<\/strong><\/td><\/tr><tr><td>C.I.F.<\/td><td>B29748340<\/td><\/tr><tr><td>Si\u00e8ge social<\/td><td>Avenida Alfonso de Hohenlohe s\/n, Edificio Centro Expo. Local 30 29602 Marbella M\u00e1laga<\/td><\/tr><tr><td>T\u00e9l\u00e9phone<\/td><td>952774266<\/td><\/tr><tr><td>Email<\/td><td>info@panorama.es<\/td><\/tr><tr><td>Donn\u00e9es d&rsquo;enregistrement:<\/td><td>Registro Mercantil de M\u00e1laga, Tomo 1744, Libro 657, Folio 5, Secci\u00f3n 8, Hoja MA 22614, Inscripci\u00f3n 5\u00aa (8.02.06)<\/td><\/tr><\/tbody><\/table>\n\n\n\n<p>Le pr\u00e9sent avis juridique d\u00e9finit les conditions g\u00e9n\u00e9rales r\u00e9gissant l&rsquo;acc\u00e8s et l&rsquo;utilisation de ce site web, ci-apr\u00e8s d\u00e9nomm\u00e9 \u00ab\u00a0le site web\u00a0\u00bb. L&rsquo;utilisation du site web implique l&rsquo;acceptation expresse et totale de ces conditions g\u00e9n\u00e9rales dans la version publi\u00e9e au moment o\u00f9 l&rsquo;utilisateur acc\u00e8de au site web, sans pr\u00e9judice des conditions particuli\u00e8res qui peuvent s&rsquo;appliquer \u00e0 certains des services sp\u00e9cifiques du site web.<\/p>\n\n\n\n<p>L&rsquo;acc\u00e8s au site est gratuit, \u00e0 l&rsquo;exception du co\u00fbt de la connexion au r\u00e9seau de t\u00e9l\u00e9communications fourni par le fournisseur d&rsquo;acc\u00e8s contract\u00e9 par les utilisateurs. Certains services sont exclusifs \u00e0 nos clients et leur acc\u00e8s est restreint.<\/p>\n\n\n\n<p>L&rsquo;utilisation du portail conf\u00e8re la condition d&rsquo;utilisateur du portail (ci-apr\u00e8s, l'\u00a0\u00bbutilisateur\u00a0\u00bb) et implique l&rsquo;acceptation de toutes les conditions incluses dans le pr\u00e9sent avis juridique. La prestation du service du portail est limit\u00e9e \u00e0 la p\u00e9riode pendant laquelle l&rsquo;utilisateur est connect\u00e9 au portail ou \u00e0 l&rsquo;un des services fournis par l&rsquo;interm\u00e9diaire de celui-ci. Par cons\u00e9quent, l&rsquo;utilisateur doit lire attentivement le pr\u00e9sent avis juridique chaque fois qu&rsquo;il a l&rsquo;intention d&rsquo;utiliser le portail, \u00e9tant donn\u00e9 que le portail et les conditions d&rsquo;utilisation \u00e9nonc\u00e9es dans le pr\u00e9sent avis juridique peuvent faire l&rsquo;objet de modifications.<\/p>\n\n\n\n<p>Certains services du Portail accessibles aux internautes ou exclusifs aux clients de <strong>Panorama Properties, S.L<\/strong>, peuvent \u00eatre soumis \u00e0 des conditions, r\u00e9glementations et instructions particuli\u00e8res qui, le cas \u00e9ch\u00e9ant, remplacent, compl\u00e8tent et\/ou modifient le pr\u00e9sent Avis L\u00e9gal et qui doivent \u00eatre accept\u00e9es par l&rsquo;Utilisateur avant la prestation du service correspondant.<\/p>\n\n\n\n<h2 class=\"wp-block-heading\">2. Propri\u00e9t\u00e9 intellectuelle et industrielle<\/h2>\n\n\n\n<p>Ce site web et son contenu sont prot\u00e9g\u00e9s par la l\u00e9gislation en vigueur en mati\u00e8re de propri\u00e9t\u00e9 intellectuelle.<\/p>\n\n\n\n<p>est titulaire ou licenci\u00e9 de tous les droits de propri\u00e9t\u00e9 intellectuelle et industrielle de son site web, ainsi que des \u00e9l\u00e9ments qu&rsquo;il contient. Par cons\u00e9quent, la reproduction, la distribution, la communication publique et la transformation de tout ou partie du contenu de ce site Web, \u00e0 des fins commerciales, sur n&rsquo;importe quel support et par n&rsquo;importe quel moyen technique, sont express\u00e9ment interdites sans l&rsquo;autorisation de <strong>Panorama Properties, S.L<\/strong> dans ses conditions g\u00e9n\u00e9rales.<\/p>\n\n\n\n<p>Les marques, noms commerciaux ou signes distinctifs sont la propri\u00e9t\u00e9 de <strong>Panorama Properties, S.L<\/strong>, que ce soit au titre de la propri\u00e9t\u00e9 industrielle ou intellectuelle, et l&rsquo;acc\u00e8s au portail ne peut \u00eatre interpr\u00e9t\u00e9 comme l&rsquo;attribution d&rsquo;un quelconque droit sur les marques, noms commerciaux et\/ou signes distinctifs susmentionn\u00e9s.<\/p>\n\n\n\n<p>Tous les produits et services figurant sur ces pages qui ne sont PAS d\u00e9tenus par <strong>Panorama Properties, S.L<\/strong> sont des marques d\u00e9pos\u00e9es de leurs propri\u00e9taires respectifs et sont reconnues comme telles par notre soci\u00e9t\u00e9. Elles n&rsquo;apparaissent sur le site Web de <strong>Panorama Properties, S.L<\/strong> qu&rsquo;\u00e0 des fins promotionnelles et de collecte d&rsquo;informations. Ces propri\u00e9taires peuvent demander la modification ou l&rsquo;\u00e9limination des informations qui leur appartiennent.<\/p>\n\n\n\n<h2 class=\"wp-block-heading\">3. Conditions d&rsquo;utilisation du portail<\/h2>\n\n\n\n<h3 class=\"wp-block-heading\">3.1 G\u00e9n\u00e9ral<\/h3>\n\n\n\n<p>L&rsquo;utilisateur s&rsquo;engage \u00e0 utiliser correctement le portail conform\u00e9ment \u00e0 la loi et au pr\u00e9sent avis juridique. L&rsquo;utilisateur sera responsable envers <strong>Panorama Properties, S.L<\/strong> ou envers des tiers de tout dommage pouvant r\u00e9sulter de la violation de cette obligation.<\/p>\n\n\n\n<p>Il est express\u00e9ment interdit d&rsquo;utiliser le portail \u00e0 des fins pr\u00e9judiciables \u00e0 la propri\u00e9t\u00e9 ou aux int\u00e9r\u00eats de <strong>Panorama Properties, S.L<\/strong> ou de tiers ou qui, de toute autre mani\u00e8re, surchargent, endommagent ou rendent inutilisables les r\u00e9seaux, serveurs et autres \u00e9quipements informatiques (hardware) ou les produits et applications informatiques (software) de <strong>Panorama Properties, S.L<\/strong> ou de tiers.<\/p>\n\n\n\n<h3 class=\"wp-block-heading\">3.2 Contenu<\/h3>\n\n\n\n<p>L&rsquo;utilisateur s&rsquo;engage \u00e0 utiliser les contenus conform\u00e9ment \u00e0 la loi et au pr\u00e9sent avis juridique, ainsi qu&rsquo;\u00e0 toute autre condition, r\u00e9glementation et instruction applicable conform\u00e9ment aux dispositions de la clause 1.<\/p>\n\n\n\n<p>A titre d&rsquo;exemple, l&rsquo;Utilisateur, conform\u00e9ment \u00e0 la l\u00e9gislation en vigueur, doit s&rsquo;abstenir :<\/p>\n\n\n\n<ul class=\"wp-block-list\">\n<li>Reproduire, copier, distribuer, mettre \u00e0 disposition, communiquer publiquement, transformer ou modifier les contenus, sauf dans les cas autoris\u00e9s par la loi ou express\u00e9ment consentis par <strong>Panorama Properties, S.L<\/strong> ou par celui qui d\u00e9tient les droits d&rsquo;exploitation, selon le cas.<\/li>\n\n\n\n<li>Reproduire ou copier pour un usage priv\u00e9 les contenus qui peuvent \u00eatre consid\u00e9r\u00e9s comme des logiciels ou des bases de donn\u00e9es conform\u00e9ment \u00e0 la l\u00e9gislation en vigueur en mati\u00e8re de propri\u00e9t\u00e9 intellectuelle, ainsi que les communiquer publiquement ou les mettre \u00e0 la disposition de tiers lorsque ces actes impliquent n\u00e9cessairement une reproduction par l&rsquo;utilisateur ou un tiers.<\/li>\n\n\n\n<li>Extraire et\/ou r\u00e9utiliser la totalit\u00e9 ou une partie substantielle du contenu du portail et des bases de donn\u00e9es que <strong>Panorama Properties, S.L<\/strong> met \u00e0 la disposition des utilisateurs.<\/li>\n<\/ul>\n\n\n\n<h3 class=\"wp-block-heading\">3.3 Introduction de liens vers le portail<\/h3>\n\n\n\n<p>Les utilisateurs d&rsquo;Internet qui souhaitent introduire des liens depuis leurs propres pages web vers le portail doivent respecter les conditions d\u00e9taill\u00e9es ci-dessous, sans que la m\u00e9connaissance de ces conditions n&rsquo;entra\u00eene les responsabilit\u00e9s d\u00e9riv\u00e9es de la loi :<\/p>\n\n\n\n<ul class=\"wp-block-list\">\n<li>Le lien renverra uniquement \u00e0 la page d&rsquo;accueil ou \u00e0 la page principale du portail, mais ne pourra en aucun cas le reproduire (liens en ligne, copie de textes, de graphiques, etc.).<\/li>\n\n\n\n<li>Il est interdit dans tous les cas, conform\u00e9ment \u00e0 la l\u00e9gislation en vigueur \u00e0 tout moment, d&rsquo;\u00e9tablir des cadres de quelque nature que ce soit qui entourent le portail ou qui permettent de visualiser les contenus \u00e0 travers des adresses Internet autres que celles du portail et, en tout \u00e9tat de cause, lorsqu&rsquo;ils sont visualis\u00e9s avec des contenus ext\u00e9rieurs au portail de telle sorte que : (I) produise, ou puisse produire, une erreur, une confusion ou une tromperie chez les utilisateurs quant \u00e0 la v\u00e9ritable origine du service ou des contenus ; (II) implique un acte de comparaison ou d&rsquo;imitation d\u00e9loyale ; (III) sert \u00e0 tirer profit de la r\u00e9putation de la marque et du prestige de <strong>Panorama Properties, S.L<\/strong> ou (IV) est autrement interdit par la l\u00e9gislation en vigueur.<\/li>\n\n\n\n<li>La page qui introduit le lien ne peut faire aucune d\u00e9claration fausse, inexacte ou incorrecte sur <strong>Panorama Properties, S.L<\/strong>, ses partenaires, ses employ\u00e9s, ses clients ou sur la qualit\u00e9 des services qu&rsquo;elle fournit.<\/li>\n\n\n\n<li>En aucun cas il ne sera indiqu\u00e9 sur la page o\u00f9 se trouve le lien que <strong>Panorama Properties, S.L<\/strong> a donn\u00e9 son accord \u00e0 l&rsquo;insertion du lien ou qu&rsquo;elle sponsorise, collabore, v\u00e9rifie ou supervise les services de l&rsquo;exp\u00e9diteur.<\/li>\n\n\n\n<li>L&rsquo;utilisation de tout mot, graphique ou marque mixte ou tout autre signe distinctif de <strong>Panorama Properties, S.L<\/strong> dans la page de l&rsquo;exp\u00e9diteur est interdite sauf dans les cas permis par la loi ou express\u00e9ment autoris\u00e9s par <strong>Panorama Properties, S.L<\/strong> et \u00e0 condition que, dans ces cas, un lien direct vers le Portail soit autoris\u00e9 de la mani\u00e8re \u00e9tablie dans cette clause.<\/li>\n\n\n\n<li>La page qui \u00e9tablit le lien doit se conformer fid\u00e8lement \u00e0 la loi et ne peut en aucun cas fournir ou renvoyer \u00e0 des contenus propres ou de tiers qui : (I) sont illicites, nuisibles ou contraires \u00e0 la morale et aux bonnes m\u0153urs (pornographiques, violents, racistes, etc.) ; (II) induisent ou peuvent induire l&rsquo;utilisateur \u00e0 la fausse id\u00e9e que <strong>Panorama Properties, S.L<\/strong> souscrit, approuve, adh\u00e8re ou soutient de quelque mani\u00e8re que ce soit les id\u00e9es, d\u00e9clarations ou expressions, licites ou illicites, de l&rsquo;exp\u00e9diteur ; (III) sont inappropri\u00e9s ou sans rapport avec l&rsquo;activit\u00e9 de <strong>Panorama Properties, S.L<\/strong> compte tenu du lieu, du contenu et de l&rsquo;objet du site web de l&rsquo;exp\u00e9diteur.<\/li>\n<\/ul>\n\n\n\n<h2 class=\"wp-block-heading\">4. Exclusion de la responsabilit\u00e9<\/h2>\n\n\n\n<h3 class=\"wp-block-heading\">4.1 A partir de l&rsquo;information<\/h3>\n\n\n\n<p><strong>Panorama Properties, S.L.<\/strong> d\u00e9cline toute responsabilit\u00e9 pour les d\u00e9cisions prises sur la base des informations fournies sur le portail ou pour les dommages caus\u00e9s \u00e0 l&rsquo;utilisateur ou \u00e0 des tiers \u00e0 la suite d&rsquo;actions bas\u00e9es uniquement sur les informations obtenues sur le portail.<\/p>\n\n\n\n<h3 class=\"wp-block-heading\">4.2 Qualit\u00e9 du service<\/h3>\n\n\n\n<p>L&rsquo;acc\u00e8s au portail n&rsquo;implique aucune obligation de la part de <strong>Panorama Properties, S.L<\/strong> de contr\u00f4ler l&rsquo;absence de virus, de vers ou de tout autre \u00e9l\u00e9ment informatique nuisible.<\/p>\n\n\n\n<p>Il incombe \u00e0 l&rsquo;utilisateur, en tout \u00e9tat de cause, de s&rsquo;assurer de la disponibilit\u00e9 d&rsquo;outils ad\u00e9quats pour la d\u00e9tection et la d\u00e9sinfection des programmes informatiques nuisibles.<\/p>\n\n\n\n<p><strong>Panorama Properties, S.L.<\/strong> n&rsquo;est pas responsable des dommages caus\u00e9s \u00e0 l&rsquo;\u00e9quipement informatique des utilisateurs ou de tiers au cours de la prestation du service du portail.<\/p>\n\n\n\n<h3 class=\"wp-block-heading\">4.3 Disponibilit\u00e9 du service<\/h3>\n\n\n\n<p>L&rsquo;acc\u00e8s au Portail requiert des services et des fournitures de tiers, y compris le transport \u00e0 travers des r\u00e9seaux de t\u00e9l\u00e9communications dont la fiabilit\u00e9, la qualit\u00e9, la continuit\u00e9 et le fonctionnement ne correspondent pas \u00e0 <strong>Panorama Properties, S.L<\/strong>. Par cons\u00e9quent, les services fournis \u00e0 travers le Portail peuvent \u00eatre suspendus, annul\u00e9s ou devenir inaccessibles, avant ou en m\u00eame temps que la prestation du service du Portail.<\/p>\n\n\n\n<p><strong>Panorama Properties, S.L.<\/strong> n&rsquo;est pas responsable des dommages de toute nature caus\u00e9s \u00e0 l&rsquo;utilisateur en raison de d\u00e9faillances ou de d\u00e9connexions des r\u00e9seaux de t\u00e9l\u00e9communications qui entra\u00eenent la suspension, l&rsquo;annulation ou l&rsquo;interruption du service du portail pendant ou avant la prestation de ce dernier.<\/p>\n\n\n\n<h3 class=\"wp-block-heading\">4.4 Contenu et services li\u00e9s au portail<\/h3>\n\n\n\n<p>Le service d&rsquo;acc\u00e8s au portail comprend des dispositifs techniques de liaison, des r\u00e9pertoires et m\u00eame des outils de recherche qui permettent \u00e0 l&rsquo;utilisateur d&rsquo;acc\u00e9der \u00e0 d&rsquo;autres pages et portails Internet (ci-apr\u00e8s d\u00e9nomm\u00e9s \u00ab\u00a0sites li\u00e9s\u00a0\u00bb). Dans ces cas, <strong>Panorama Properties, S.L<\/strong> agit en tant que prestataire de services d&rsquo;interm\u00e9diation conform\u00e9ment \u00e0 l&rsquo;article 17 de la loi 34\/2002, du 12 juillet, sur les services de la soci\u00e9t\u00e9 de l&rsquo;information et le commerce \u00e9lectronique (LSSI) et ne sera responsable des contenus et des services fournis sur les sites li\u00e9s que dans la mesure o\u00f9 elle a eu une connaissance effective de l&rsquo;ill\u00e9galit\u00e9 et n&rsquo;a pas d\u00e9sactiv\u00e9 le lien avec la diligence requise. Dans le cas o\u00f9 l&rsquo;Utilisateur consid\u00e8re qu&rsquo;il existe un Site Li\u00e9 avec des contenus illicites ou inappropri\u00e9s, il peut le notifier \u00e0 <strong>Panorama Properties, S.L<\/strong> conform\u00e9ment \u00e0 la proc\u00e9dure et aux effets \u00e9tablis dans la clause 6, sans que cette notification n&rsquo;entra\u00eene en aucun cas l&rsquo;obligation de supprimer le lien correspondant.<\/p>\n\n\n\n<p>En aucun cas, l&rsquo;existence de sites li\u00e9s ne pr\u00e9suppose l&rsquo;existence d&rsquo;accords avec leurs gestionnaires ou propri\u00e9taires, ni la recommandation, la promotion ou l&rsquo;identification de <strong>Panorama Properties, S.L<\/strong> avec les d\u00e9clarations, les contenus ou les services fournis.<\/p>\n\n\n\n<p><strong>Panorama Properties, S.L.<\/strong> n&rsquo;a aucune connaissance du contenu et des services des sites li\u00e9s et n&rsquo;est donc pas responsable des dommages caus\u00e9s par l&rsquo;ill\u00e9galit\u00e9, la qualit\u00e9, l&rsquo;absence de mise \u00e0 jour, l&rsquo;indisponibilit\u00e9, l&rsquo;erreur ou l&rsquo;inutilit\u00e9 du contenu et\/ou des services des sites li\u00e9s ou de tout autre dommage qui n&rsquo;est pas directement imputable \u00e0 <strong>Panorama Properties, S.L.<\/strong><\/p>\n\n\n\n<h2 class=\"wp-block-heading\">5. Protection des donn\u00e9es<\/h2>\n\n\n\n<p>Veuillez consulter notre <a href=\"https:\/\/www.panoramamarbella.com\/es\/politica-de-privacidad\" rel=\"nofollow\">Politique de protection des donn\u00e9es<\/a> pour en savoir plus sur la mani\u00e8re dont nous utilisons vos informations personnelles.<\/p>\n\n\n\n<h2 class=\"wp-block-heading\">6. Signalement d&rsquo;activit\u00e9s de nature ill\u00e9gale ou inappropri\u00e9e<\/h2>\n\n\n\n<p>Dans le cas o\u00f9 l&rsquo;utilisateur ou tout autre utilisateur d&rsquo;Internet aurait connaissance que les sites li\u00e9s renvoient \u00e0 des pages dont le contenu ou les services sont illicites, nuisibles, d\u00e9nigrants, violents ou contraires aux bonnes m\u0153urs, il peut contacter <strong>Panorama Properties, S.L<\/strong> en indiquant ce qui suit :<\/p>\n\n\n\n<ol class=\"wp-block-list\">\n<li>Donn\u00e9es personnelles de l&rsquo;appelant : nom, adresse, num\u00e9ro de t\u00e9l\u00e9phone et adresse \u00e9lectronique ;<\/li>\n\n\n\n<li>Description des faits qui r\u00e9v\u00e8lent le caract\u00e8re illicite ou inappropri\u00e9 du site li\u00e9 ;<\/li>\n\n\n\n<li>En cas d&rsquo;atteinte \u00e0 des droits, tels que les droits de propri\u00e9t\u00e9 intellectuelle et industrielle, les donn\u00e9es \u00e0 caract\u00e8re personnel du d\u00e9tenteur du droit enfreint lorsqu&rsquo;il s&rsquo;agit d&rsquo;une personne autre que le communicateur.<\/li>\n\n\n\n<li>Il doit \u00e9galement fournir le titre accr\u00e9ditant l&rsquo;habilitation du titulaire des droits et, le cas \u00e9ch\u00e9ant, celui de la repr\u00e9sentation pour agir au nom du titulaire lorsqu&rsquo;il s&rsquo;agit d&rsquo;une personne autre que la partie communicante ;<\/li>\n\n\n\n<li>D\u00e9claration expresse que les informations contenues dans la demande sont exactes.<\/li>\n<\/ol>\n\n\n\n<p>La r\u00e9ception par <strong>Panorama Properties, S.L<\/strong> de la communication pr\u00e9vue dans cette clause n&rsquo;implique pas, conform\u00e9ment aux dispositions de la LSSI, la connaissance effective des activit\u00e9s et\/ou des contenus indiqu\u00e9s par la partie qui communique.<\/p>\n\n\n\n<p>Il doit \u00e9galement fournir le titre accr\u00e9ditant l&rsquo;habilitation du titulaire des droits et, le cas \u00e9ch\u00e9ant, celui de la repr\u00e9sentation pour agir au nom du titulaire lorsqu&rsquo;il s&rsquo;agit d&rsquo;une personne autre que la partie communicante.<\/p>\n\n\n\n<h2 class=\"wp-block-heading\">7. Notifications<\/h2>\n\n\n\n<p>Toutes les notifications et communications effectu\u00e9es par les parties sont valables conform\u00e9ment aux moyens autoris\u00e9s par la loi. Celles relatives \u00e0 ce portail seront consid\u00e9r\u00e9es comme effectives, \u00e0 toutes fins utiles, si elles sont effectu\u00e9es par l&rsquo;interm\u00e9diaire du portail lui-m\u00eame.<\/p>\n\n\n\n<h2 class=\"wp-block-heading\">8. Modifications<\/h2>\n\n\n\n<p><strong>Panorama Properties, S.L.<\/strong> se r\u00e9serve le droit d&rsquo;apporter toutes les modifications qu&rsquo;elle juge opportunes \u00e0 son site Web sans pr\u00e9avis, et peut changer, supprimer ou ajouter \u00e0 la fois le contenu et les services fournis par le biais du site Web et la mani\u00e8re dont ils sont pr\u00e9sent\u00e9s.<\/p>\n\n\n\n<p>En outre, les pr\u00e9sentes conditions g\u00e9n\u00e9rales peuvent \u00eatre modifi\u00e9es \u00e0 tout moment. Les modifications entreront en vigueur au moment de leur publication.<\/p>\n\n\n\n<h2 class=\"wp-block-heading\">9. R\u00e9seaux sociaux<\/h2>\n\n\n\n<p><strong>Panorama Properties, S.L.<\/strong> est pr\u00e9sent sur diff\u00e9rents r\u00e9seaux sociaux et plateformes, par cons\u00e9quent, lors de l&rsquo;acc\u00e8s \u00e0 l&rsquo;un de ces r\u00e9seaux ou \u00e0 d&rsquo;autres, il faut tenir compte du fait que les conditions d&rsquo;utilisation applicables sont celles \u00e9tablies par chaque plateforme, dans laquelle <strong>Panorama Properties, S.L.<\/strong> n&rsquo;intervient pas.<\/p>\n\n\n\n<h2 class=\"wp-block-heading\">10. L\u00e9gislation<\/h2>\n\n\n\n<p>Le pr\u00e9sent avis juridique est r\u00e9gi, dans chacun de ses aspects, par la l\u00e9gislation espagnole, dans la mesure o\u00f9 la loi applicable permet de renoncer \u00e0 la juridiction \u00e9tablie, les tribunaux de Malaga \u00e9tant d\u00e9sign\u00e9s comme juridiction pour r\u00e9gler les \u00e9ventuels litiges, l&rsquo;utilisateur renon\u00e7ant express\u00e9ment \u00e0 toute autre juridiction qui pourrait s&rsquo;appliquer.<\/p>\n\n","protected":false},"excerpt":{"rendered":"","protected":false},"author":2,"featured_media":0,"parent":0,"menu_order":20,"comment_status":"closed","ping_status":"closed","template":"","meta":{"_acf_changed":false,"footnotes":""},"class_list":["post-4005","page","type-page","status-publish","hentry"],"acf":[],"_links":{"self":[{"href":"https:\/\/www.panoramamarbella.com\/fr\/wp-json\/wp\/v2\/pages\/4005","targetHints":{"allow":["GET"]}}],"collection":[{"href":"https:\/\/www.panoramamarbella.com\/fr\/wp-json\/wp\/v2\/pages"}],"about":[{"href":"https:\/\/www.panoramamarbella.com\/fr\/wp-json\/wp\/v2\/types\/page"}],"author":[{"embeddable":true,"href":"https:\/\/www.panoramamarbella.com\/fr\/wp-json\/wp\/v2\/users\/2"}],"replies":[{"embeddable":true,"href":"https:\/\/www.panoramamarbella.com\/fr\/wp-json\/wp\/v2\/comments?post=4005"}],"version-history":[{"count":0,"href":"https:\/\/www.panoramamarbella.com\/fr\/wp-json\/wp\/v2\/pages\/4005\/revisions"}],"wp:attachment":[{"href":"https:\/\/www.panoramamarbella.com\/fr\/wp-json\/wp\/v2\/media?parent=4005"}],"curies":[{"name":"wp","href":"https:\/\/api.w.org\/{rel}","templated":true}]}}