{"id":4013,"date":"2024-02-26T13:38:10","date_gmt":"2024-02-26T12:38:10","guid":{"rendered":"https:\/\/www.panoramamarbella.com\/?page_id=4013"},"modified":"2024-06-14T17:02:07","modified_gmt":"2024-06-14T15:02:07","slug":"politique-de-confidentialite","status":"publish","type":"page","link":"https:\/\/www.panoramamarbella.com\/fr\/politique-de-confidentialite","title":{"rendered":"Politique de confidentialit\u00e9"},"content":{"rendered":"\n<section class=\"wp-block-inm-maincontent mb-5\">\n<p>Ce texte juridique d\u00e9taille la mani\u00e8re dont nous collectons et traitons vos donn\u00e9es personnelles dans le cadre de votre utilisation de notre site web <a href=\"\/fr\">https:\/\/www.panoramamarbella.com<\/a>, y compris toute information que vous pouvez nous fournir par l&rsquo;interm\u00e9diaire du site lorsque vous vous inscrivez \u00e0 notre lettre d&rsquo;information ou que vous fournissez vos coordonn\u00e9es par le biais du formulaire pr\u00e9vu \u00e0 cet effet.<\/p>\n\n\n\n<p>Lorsque vous nous fournissez vos donn\u00e9es, nous vous informons que nos services ne sont pas possibles pour les personnes qui ne sont pas en mesure de donner leur consentement, de sorte que lorsque vous nous envoyez les formulaires, vous garantissez que vous avez la capacit\u00e9 suffisante pour donner votre consentement.<\/p>\n\n\n\n<p>Nous vous informons ci-dessous de la politique de protection des donn\u00e9es de:&nbsp;<strong>Panorama Properties, S.L<\/strong>.<\/p>\n\n\n\n<h2 class=\"wp-block-heading\">1. Responsable du traitement des donn\u00e9es<\/h2>\n\n\n\n<p>Coordonn\u00e9es de la personne responsable:<\/p>\n\n\n\n<p>Panorama Properties, S.L, avec CIF : B29748340 et adresse \u00e0 : Avenida Alfonso de Hohenlohe s\/n, Edificio Centro Expo. Local 30, 29602 Marbella, M\u00e1laga et t\u00e9l\u00e9phone : 952774266. Email:&nbsp;<a href=\"mailto:info@panorama.es\" target=\"_blank\" rel=\"noreferrer noopener\">info@panorama.es<\/a><\/p>\n\n\n\n<p>Registre du commerce de Malaga, Volume 1744, Livre 657, Folio 5, Section 8, Page MA 22614, Inscription 5 (8.02.06)&nbsp; ;<\/p>\n\n\n\n<p>Panorama Properties, S.L., est le contr\u00f4leur des donn\u00e9es (ci-apr\u00e8s d\u00e9nomm\u00e9 \u00ab\u00a0nous\u00a0\u00bb ou \u00ab\u00a0notre\u00a0\u00bb) ;<\/p>\n\n\n\n<h2 class=\"wp-block-heading\">2. Quelles sont les donn\u00e9es collect\u00e9es ?<\/h2>\n\n\n\n<p>Le r\u00e8glement g\u00e9n\u00e9ral sur la protection des donn\u00e9es d\u00e9finit les donn\u00e9es \u00e0 caract\u00e8re personnel comme toute information relative \u00e0 une personne physique identifi\u00e9e ou identifiable, c&rsquo;est-\u00e0-dire toute information permettant d&rsquo;identifier une personne. Cela n&rsquo;inclut pas les donn\u00e9es anonymes, ni les donn\u00e9es en pourcentage.<\/p>\n\n\n\n<p>Les donn\u00e9es personnelles qui peuvent \u00eatre collect\u00e9es directement aupr\u00e8s de l&rsquo;int\u00e9ress\u00e9 seront trait\u00e9es de mani\u00e8re confidentielle et seront incluses dans les activit\u00e9s de traitement correspondantes, propri\u00e9t\u00e9 de Panorama Properties, S.L.<\/p>\n\n\n\n<p>Nous pouvons traiter certains types de donn\u00e9es \u00e0 caract\u00e8re personnel sur notre site web :<\/p>\n\n\n\n<p>\u2022&nbsp;&nbsp; &nbsp;Donn\u00e9es d&rsquo;identit\u00e9 : nom et pr\u00e9nom.<br>\u2022&nbsp;&nbsp; &nbsp;Donn\u00e9es sur les caract\u00e9ristiques personnelles : sexe<br>\u2022&nbsp;&nbsp; &nbsp;Coordonn\u00e9es : courriel et t\u00e9l\u00e9phone.<br>\u2022&nbsp;&nbsp; &nbsp;Donn\u00e9es relatives au marketing et \u00e0 la communication : pr\u00e9f\u00e9rences en mati\u00e8re de r\u00e9ception de communications marketing de notre part et moyens de communication pr\u00e9f\u00e9r\u00e9s.<\/p>\n\n\n\n<p>Nous ne collectons aucune donn\u00e9e relative \u00e0 des cat\u00e9gories particuli\u00e8res de donn\u00e9es \u00e0 caract\u00e8re personnel (donn\u00e9es r\u00e9v\u00e9lant l&rsquo;origine raciale ou ethnique, les opinions politiques, les convictions religieuses ou philosophiques, l&rsquo;appartenance syndicale et les informations relatives \u00e0 la sant\u00e9, les donn\u00e9es g\u00e9n\u00e9tiques ou biom\u00e9triques).<\/p>\n\n\n\n<p>Si vous \u00eates tenu de collecter des donn\u00e9es \u00e0 caract\u00e8re personnel en vertu de la loi ou d&rsquo;un contrat conclu entre nous et que vous refusez de nous les fournir, il se peut que nous ne soyons pas en mesure de conclure le contrat ou de fournir le service et vous devez nous en informer \u00e0 l&rsquo;avance.<\/p>\n\n\n\n<h2 class=\"wp-block-heading\">3. Comment recueillons-nous vos donn\u00e9es personnelles ?<\/h2>\n\n\n\n<p>Les moyens que nous utilisons pour collecter les donn\u00e9es personnelles sont les suivants :<\/p>\n\n\n\n<p>sur notre site web, par notre courriel de contact, par t\u00e9l\u00e9phone ou par courrier, lorsque vous avez besoin de nous contacter :<\/p>\n\n\n\n<ul class=\"wp-block-list\">\n<li>Demander des informations sur nos produits ou services<\/li>\n\n\n\n<li>Vous vous abonnez \u00e0 l&rsquo;un de nos services ou \u00e0 l&rsquo;une de nos publications<\/li>\n<\/ul>\n\n\n\n<p>Afin de garantir la qualit\u00e9 de notre site, nous nous r\u00e9servons le droit de refuser toute demande d&rsquo;enregistrement ou de suspendre ou d&rsquo;annuler un enregistrement d\u00e9j\u00e0 accept\u00e9 si nous estimons qu&rsquo;il n&rsquo;est pas conforme \u00e0 ces exigences ou \u00e0 toute autre loi ou r\u00e9glementation. Dans ce cas, nous nous efforcerons de motiver notre d\u00e9cision, mais nous ne pouvons pas nous engager \u00e0 le faire dans tous les cas.<\/p>\n\n\n\n<p><strong>Par le biais de la technologie ou d&rsquo;interactions automatis\u00e9es<\/strong> : sur notre site, nous pouvons collecter automatiquement des donn\u00e9es techniques sur votre \u00e9quipement, vos actions de navigation et vos habitudes d&rsquo;utilisation. Ces donn\u00e9es sont collect\u00e9es par le biais de cookies ou de technologies similaires. Pour plus d&rsquo;informations, veuillez consulter notre <a href=\"https:\/\/www.panoramamarbella.com\/fr\/politique-de-cookies\" data-type=\"page\" data-id=\"4027\" rel=\"nofollow\">politique en mati\u00e8re de cookies<\/a>.<\/p>\n\n\n\n<p><strong>Par l&rsquo;interm\u00e9diaire de tiers<\/strong> :<\/p>\n\n\n\n<ul class=\"wp-block-list\">\n<li>Google: les donn\u00e9es analytiques ou les donn\u00e9es de recherche. En dehors de l&rsquo;Union europ\u00e9enne.<\/li>\n<\/ul>\n\n\n\n<h2 class=\"wp-block-heading\">4. Finalit\u00e9 et l\u00e9gitimit\u00e9 de l&rsquo;utilisation de vos donn\u00e9es<\/h2>\n\n\n\n<p>Les utilisations les plus courantes de vos donn\u00e9es personnelles sont les suivantes :<\/p>\n\n\n\n<ul class=\"wp-block-list\">\n<li>Pour la formalisation d&rsquo;un contrat entre &nbsp;Panorama Properties, S.L. et vous.<\/li>\n\n\n\n<li>Lorsque vous consentez au traitement de vos donn\u00e9es.<\/li>\n\n\n\n<li>Lorsque nous en avons besoin pour nous conformer \u00e0 une obligation l\u00e9gale ou r\u00e9glementaire.<\/li>\n\n\n\n<li>Lorsque cela est n\u00e9cessaire pour notre int\u00e9r\u00eat l\u00e9gitime ou celui d&rsquo;un tiers.<\/li>\n<\/ul>\n\n\n\n<p>Vous pouvez r\u00e9voquer votre consentement \u00e0 tout moment en envoyant un courrier \u00e9lectronique \u00e0 <a href=\"mailto:info@panorama.es\">info@panorama.es<\/a>&nbsp; ou en consultant la section <a href=\"#exercise-rights\">exercice des droits<\/a> ci-dessous.<\/p>\n\n\n\n<p>Vous trouverez ci-dessous un tableau indiquant la mani\u00e8re dont nous utiliserons vos donn\u00e9es \u00e0 caract\u00e8re personnel et la l\u00e9galit\u00e9 de cette utilisation, ainsi que les donn\u00e9es \u00e0 caract\u00e8re personnel que nous traiterons. Nous pouvons traiter certaines donn\u00e9es \u00e0 caract\u00e8re personnel pour d&rsquo;autres raisons l\u00e9gales. Si vous avez besoin de d\u00e9tails, veuillez envoyer un courriel \u00e0 <a href=\"mailto:info@panorama.es\">info@panorama.es<\/a>.<\/p>\n\n\n\n<table class=\"table table-bordered table-striped\"><tbody><tr><td><strong>Formulaire<\/strong><\/td><td><strong>Objectif<\/strong><\/td><td><strong>Type de donn\u00e9es<\/strong><\/td><td><strong>L\u00e9gitimit\u00e9 du traitement<\/strong><\/td><\/tr><tr><td><strong>Contact<\/strong><\/td><td>La finalidad es la gesti\u00f3n de contactos y solicitudes de informaci\u00f3n recibidas v\u00eda web<\/td><td>Pr\u00e9nom<br>Nom de famille Sexe<br>Email<br>T\u00e9l\u00e9phone<\/td><td>Consentement de la personne concern\u00e9e (art. 6.1.a RGPD)<br>Mesures pr\u00e9contractuelles (art. 6.1.b RGPD)<br>Le traitement est n\u00e9cessaire aux fins des int\u00e9r\u00eats l\u00e9gitimes poursuivis par le responsable du traitement (art. 6.1f RGPD)<\/td><\/tr><tr><td><strong>Bulletin d&rsquo;information<\/strong><\/td><td>L&rsquo;objectif est de g\u00e9rer les donn\u00e9es fournies afin d&rsquo;envoyer des informations sur nos services et nos promotions.<\/td><td>Pr\u00e9nom<br>Nom de famille<br>Email<\/td><td>Consentement de la personne concern\u00e9e (art. 6.1.a RGPD)<br>Mesures pr\u00e9contractuelles (art. 6.1.b RGPD)<br>Le traitement est n\u00e9cessaire aux fins des int\u00e9r\u00eats l\u00e9gitimes poursuivis par le responsable du traitement (art. 6.1f RGPD)<\/td><\/tr><tr><td><strong>Contactez-nous pour obtenir des informations sur un bien immobilier<\/strong><\/td><td>Recrutement et offres d&#8217;emploi<\/td><td>Pr\u00e9nom<br>Nom de famille<br>Email<br>T\u00e9l\u00e9phone<\/td><td>Consentement de la personne concern\u00e9e (art. 6.1.a RGPD)<br>Mesures pr\u00e9contractuelles (art. 6.1.b RGPD)<br>Le traitement est n\u00e9cessaire aux fins des int\u00e9r\u00eats l\u00e9gitimes poursuivis par le responsable du traitement (art. 6.1f RGPD)<\/td><\/tr><\/tbody><\/table>\n\n\n\n<p>&nbsp;<strong>Communications commerciales<\/strong>.&nbsp;Vous ne recevrez des communications que si.. :<\/p>\n\n\n\n<ul class=\"wp-block-list\">\n<li>Vous nous avez demand\u00e9 des informations ou avez souscrit un produit ou un service aupr\u00e8s de nous.<\/li>\n\n\n\n<li>Si vous nous avez fourni vos coordonn\u00e9es, en acceptant la case pr\u00e9vue \u00e0 cet effet sur notre formulaire.<\/li>\n\n\n\n<li>\u00c0 condition que vous n&rsquo;ayez pas exprim\u00e9 le souhait de ne plus recevoir ces communications ;<\/li>\n<\/ul>\n\n\n\n<p>Nous obtenons votre consentement expr\u00e8s avant de vous envoyer toute communication, et vous pouvez \u00e0 tout moment nous demander de cesser de vous envoyer des communications \u00e0 l&rsquo;adresse \u00e9lectronique &nbsp;<a href=\"mailto:info@panorama.es\" target=\"_blank\" rel=\"noreferrer noopener\">info@panorama.es<\/a>.<\/p>\n\n\n\n<p>Lorsque vous choisissez de ne plus recevoir de communications de notre part, vos donn\u00e9es personnelles continueront d&rsquo;\u00eatre stock\u00e9es dans le cadre du contrat que vous avez conclu avec nous afin de respecter les exigences l\u00e9gales.<\/p>\n\n\n\n<p><strong>Finalit\u00e9<\/strong> : nous n&rsquo;utiliserons vos donn\u00e9es qu&rsquo;aux fins pour lesquelles nous les avons collect\u00e9es, sauf si nous estimons raisonnablement que nous devrions les utiliser \u00e0 d&rsquo;autres fins, \u00e0 condition que nous vous en informions \u00e0 l&rsquo;avance afin que vous connaissiez la finalit\u00e9 licite du traitement et que cette finalit\u00e9 soit compatible avec la finalit\u00e9 d&rsquo;origine ;<\/p>\n\n\n\n<h2 class=\"wp-block-heading\">5. Combien de temps conserverons-nous vos donn\u00e9es ?<\/h2>\n\n\n\n<p>Elles seront conserv\u00e9es pendant la dur\u00e9e n\u00e9cessaire \u00e0 la r\u00e9alisation de l&rsquo;objectif pour lequel elles ont \u00e9t\u00e9 collect\u00e9es et \u00e0 la d\u00e9termination de toute responsabilit\u00e9 \u00e9ventuelle pouvant d\u00e9couler de cet objectif et du traitement des donn\u00e9es. Les dispositions des diff\u00e9rents r\u00e8glements concernant la p\u00e9riode de conservation s&rsquo;appliquent, dans la mesure o\u00f9 elles sont applicables \u00e0 ce traitement.<\/p>\n\n\n\n<p>Donn\u00e9es relatives aux abonn\u00e9s par courrier \u00e9lectronique ou formulaire : \u00e0 partir du moment o\u00f9 l&rsquo;utilisateur s&rsquo;inscrit jusqu&rsquo;\u00e0 ce qu&rsquo;il se d\u00e9sinscrive.<\/p>\n\n\n\n<h2 class=\"wp-block-heading\">6. Mineurs<\/h2>\n\n\n\n<p>Panorama Properties, S.L. n&rsquo;autorise pas les personnes \u00e2g\u00e9es de moins de 14 ans \u00e0 fournir leurs donn\u00e9es personnelles par le biais des moyens mis \u00e0 disposition sur ce site Web (en remplissant des formulaires de demande de services, en nous contactant ou en nous envoyant des courriers \u00e9lectroniques). Par cons\u00e9quent, les personnes qui fournissent des donn\u00e9es personnelles par ces moyens d\u00e9clarent formellement qu&rsquo;elles ont plus de 14 ans et Panorama Properties, S.L. est exon\u00e9r\u00e9e de toute responsabilit\u00e9 en cas de non-respect de cette exigence.<br>&nbsp; &nbsp;<br><\/p>\n\n\n\n<p>Si votre enfant n&rsquo;ayant pas atteint l&rsquo;\u00e2ge limite a fourni des informations personnelles \u00e0 Panorama Properties, S.L., veuillez nous contacter pour demander l&rsquo;exercice de vos droits applicables.<br>Dans les cas o\u00f9 les services offerts par Panorama Properties, S.L. sont destin\u00e9s \u00e0 des enfants de moins de 14 ans, les moyens d&rsquo;obtenir l&rsquo;autorisation des parents ou des tuteurs l\u00e9gaux du mineur seront mis en place.<\/p>\n\n\n\n<h2 class=\"wp-block-heading\" id=\"ejercicioderechos\">7. Exercer ses droits en mati\u00e8re de protection des donn\u00e9es<\/h2>\n\n\n\n<p>Comment exercer ces droits ? Les utilisateurs peuvent envoyer une communication au si\u00e8ge social de Panorama Properties, S.L ou \u00e0 l&rsquo;adresse \u00e9lectronique&nbsp;<a href=\"mailto:info@panorama.es\" target=\"_blank\" rel=\"noreferrer noopener\">info@panorama.es<\/a>, en joignant dans les deux cas une photocopie de leur carte d&rsquo;identit\u00e9 ou d&rsquo;un autre document d&rsquo;identification similaire, pour demander l&rsquo;exercice des droits suivants :<\/p>\n\n\n\n<ul class=\"wp-block-list\">\n<li><strong>Acc\u00e8s \u00e0 vos donn\u00e9es personnelles<\/strong> : vous pouvez demander \u00e0 Panorama Properties, S.L. si elle utilise vos donn\u00e9es personnelles.<\/li>\n\n\n\n<li>Demander leur rectification, si elles ne sont pas correctes, ou exercer le droit \u00e0 l&rsquo;oubli \u00e0 leur \u00e9gard.<\/li>\n\n\n\n<li>Pour <strong>demander la limitation du traitement<\/strong>, dans ce cas, elles ne seront conserv\u00e9es par Panorama Properties, S.L. que pour l&rsquo;exercice ou la d\u00e9fense de r\u00e9clamations.<\/li>\n\n\n\n<li>S&rsquo;opposer \u00e0 son traitement : Panorama Properties, S.L. cessera de traiter les donn\u00e9es de la mani\u00e8re dont vous nous l&rsquo;indiquez, \u00e0 moins que pour des raisons l\u00e9gitimes ou pour l&rsquo;exercice ou la d\u00e9fense d&rsquo;\u00e9ventuelles r\u00e9clamations, celles-ci doivent continuer \u00e0 \u00eatre trait\u00e9es.<\/li>\n\n\n\n<li>A la <strong>portabilit\u00e9 des donn\u00e9es<\/strong> : dans le cas o\u00f9 vous souhaiteriez que vos donn\u00e9es soient trait\u00e9es par une autre soci\u00e9t\u00e9, Panorama Properties, S.L. facilitera la portabilit\u00e9 de vos donn\u00e9es vers le nouveau responsable du traitement.<\/li>\n<\/ul>\n\n\n\n<p>Vous pouvez utiliser les formulaires mis \u00e0 votre disposition par l&rsquo;Agence espagnole de protection des donn\u00e9es pour exercer vos droits ant\u00e9rieurs.<\/p>\n\n\n\n<p>R\u00e9clamation aupr\u00e8s de l&rsquo;AEPD : si vous consid\u00e9rez qu&rsquo;il y a un probl\u00e8me avec la mani\u00e8re dont Panorama Properties, S.L. traite vos donn\u00e9es, vous pourrez adresser vos r\u00e9clamations \u00e0 l&rsquo;autorit\u00e9 de contr\u00f4le correspondante, qui est, en Espagne, l&rsquo;autorit\u00e9 comp\u00e9tente : <a href=\"https:\/\/www.aepd.es\/\" target=\"_blank\" rel=\"noreferrer noopener nofollow\">Agence Espagnole de Protection des Donn\u00e9es<\/a>.<\/p>\n\n\n\n<p>Nous vous demanderons des informations sp\u00e9cifiques pour nous aider \u00e0 confirmer votre identit\u00e9 et pour garantir votre droit d&rsquo;acc\u00e9der \u00e0 vos donn\u00e9es personnelles (ou d&rsquo;exercer l&rsquo;un des autres droits mentionn\u00e9s ci-dessus). Il s&rsquo;agit d&rsquo;une mesure de s\u00e9curit\u00e9 visant \u00e0 garantir que les donn\u00e9es \u00e0 caract\u00e8re personnel ne sont pas divulgu\u00e9es \u00e0 des personnes qui ne sont pas habilit\u00e9es \u00e0 les recevoir.<\/p>\n\n\n\n<p>Toutes les demandes seront trait\u00e9es dans le d\u00e9lai l\u00e9gal d&rsquo;un mois. Toutefois, ce d\u00e9lai peut \u00eatre d\u00e9pass\u00e9 si votre demande est particuli\u00e8rement complexe. Dans ce cas, nous vous en informerons et vous tiendrons au courant.<\/p>\n\n\n\n<h2 class=\"wp-block-heading\">8. Communication de donn\u00e9es : fourniture de services<\/h2>\n\n\n\n<p>Il est possible que, dans le cadre de notre travail, nous ayons besoin de l&rsquo;assistance de tiers, qui ne traiteront les donn\u00e9es que pour fournir le service contract\u00e9, et avec lesquels nous avons mis en place les mesures correspondantes pour garantir vos droits :<\/p>\n\n\n\n<ul class=\"wp-block-list\">\n<li>Prestataires de services fournissant des services de technologie de l&rsquo;information et de gestion des syst\u00e8mes.<\/li>\n\n\n\n<li>Conseillers professionnels comprenant des avocats, des auditeurs et des souscripteurs fournissant des services de conseil en mati\u00e8re de banque, de droit, d&rsquo;assurance et de comptabilit\u00e9.<\/li>\n<\/ul>\n\n\n\n<p>Tous les sous-traitants auxquels nous transf\u00e9rons vos donn\u00e9es respecteront la s\u00e9curit\u00e9 de vos donn\u00e9es personnelles et les traiteront conform\u00e9ment au GDPR.<\/p>\n\n\n\n<p>Nous n&rsquo;autorisons ces prestataires de services \u00e0 traiter vos donn\u00e9es qu&rsquo;\u00e0 des fins sp\u00e9cifiques et conform\u00e9ment \u00e0 nos instructions. Toutefois, dans un souci de transparence, vous pouvez demander une liste des entreprises qui nous fournissent des services en envoyant un courriel \u00e0:&nbsp;<a href=\"mailto:info@panorama.es\" target=\"_blank\" rel=\"noreferrer noopener\">info@panorama.es<\/a>.<\/p>\n\n\n\n<h2 class=\"wp-block-heading\">9. S\u00e9curit\u00e9 des donn\u00e9es<\/h2>\n\n\n\n<p>Nous avons mis en \u0153uvre des mesures de s\u00e9curit\u00e9 appropri\u00e9es pour \u00e9viter que vos donn\u00e9es \u00e0 caract\u00e8re personnel ne soient accidentellement perdues, utilis\u00e9es ou consult\u00e9es de mani\u00e8re non autoris\u00e9e, modifi\u00e9es ou divulgu\u00e9es. En outre, nous limitons l&rsquo;acc\u00e8s \u00e0 vos donn\u00e9es \u00e0 caract\u00e8re personnel aux employ\u00e9s, agents, sous-traitants et autres tiers qui ont un besoin professionnel de conna\u00eetre ces donn\u00e9es. Ils ne traiteront vos donn\u00e9es personnelles que conform\u00e9ment \u00e0 nos instructions et sont soumis \u00e0 un devoir de confidentialit\u00e9.<\/p>\n\n\n\n<p>Nous avons mis en place des proc\u00e9dures pour traiter toute violation pr\u00e9sum\u00e9e de vos donn\u00e9es personnelles et nous vous informerons, ainsi que l&rsquo;autorit\u00e9 de surveillance, en cas de violation de la s\u00e9curit\u00e9, comme le pr\u00e9voient les articles 33 et 34 du RGPD.<\/p>\n<\/section>\n","protected":false},"excerpt":{"rendered":"","protected":false},"author":2,"featured_media":0,"parent":0,"menu_order":28,"comment_status":"closed","ping_status":"closed","template":"","meta":{"_acf_changed":false,"footnotes":""},"class_list":["post-4013","page","type-page","status-publish","hentry"],"acf":[],"_links":{"self":[{"href":"https:\/\/www.panoramamarbella.com\/fr\/wp-json\/wp\/v2\/pages\/4013","targetHints":{"allow":["GET"]}}],"collection":[{"href":"https:\/\/www.panoramamarbella.com\/fr\/wp-json\/wp\/v2\/pages"}],"about":[{"href":"https:\/\/www.panoramamarbella.com\/fr\/wp-json\/wp\/v2\/types\/page"}],"author":[{"embeddable":true,"href":"https:\/\/www.panoramamarbella.com\/fr\/wp-json\/wp\/v2\/users\/2"}],"replies":[{"embeddable":true,"href":"https:\/\/www.panoramamarbella.com\/fr\/wp-json\/wp\/v2\/comments?post=4013"}],"version-history":[{"count":0,"href":"https:\/\/www.panoramamarbella.com\/fr\/wp-json\/wp\/v2\/pages\/4013\/revisions"}],"wp:attachment":[{"href":"https:\/\/www.panoramamarbella.com\/fr\/wp-json\/wp\/v2\/media?parent=4013"}],"curies":[{"name":"wp","href":"https:\/\/api.w.org\/{rel}","templated":true}]}}