{"id":5125,"date":"2024-05-30T09:48:53","date_gmt":"2024-05-30T07:48:53","guid":{"rendered":"https:\/\/www.panoramamarbella.com\/selected-portfolios"},"modified":"2024-07-26T14:09:24","modified_gmt":"2024-07-26T12:09:24","slug":"collections-de-proprietes","status":"publish","type":"page","link":"https:\/\/www.panoramamarbella.com\/fr\/collections-de-proprietes","title":{"rendered":"S\u00e9lection de portefeuilles de propri\u00e9t\u00e9s dans la r\u00e9gion de Marbella, par Panorama"},"content":{"rendered":"\n<div class=\"lead\"><p>Bienvenue dans la S\u00e9lection de portefeuilles de propri\u00e9t\u00e9s dans la r\u00e9gion de Marbella de Panorama, une s\u00e9lection de biens cat\u00e9goris\u00e9s par int\u00e9r\u00eat pour vous aider \u00e0 trouver la propri\u00e9t\u00e9 id\u00e9ale parmi les meilleures offres du march\u00e9.<\/p>\n<p>Bienvenue dans les meilleures maisons de la r\u00e9gion de Marbella.<\/p>\n<\/div>\n\n\t<section class=\"hero container d-flex flex-column-reverse flex-lg-row align-items-lg-start mt-7 mt-0 wp-block-acf-hero\">\n\t\t<div class=\"hero-text order-lg-2\">\n\t\t\t<p class=\"fw-bold fs-6 mb-2\">Un confort \u00e0 la pointe de la technologie<\/p><h2 class=\"h1 mt-0 mb-3\">Constructions flambant neuves et joyaux fra\u00eechement r\u00e9nov\u00e9s<\/h2><p class=\"fw-light fs-5\">Des merveilles pr\u00eates \u00e0 \u00eatre emm\u00e9nag\u00e9es : l&rsquo;avenir de la vie est ici.<br \/>\nCes maisons ne sont pas seulement construites &#8211; elles sont con\u00e7ues pour les propri\u00e9taires exigeants qui demandent ce qu&rsquo;il y a de mieux.<\/p>\n<p class=\"fw-light fs-5\">Entrez dans votre nouvelle vie d\u00e8s aujourd&rsquo;hui.<\/p>\n<ul class=\"mw-100 d-flex flex-column flex-lg-row flex-lg-wrap gap-3 list-unstyled mt-5 mb-0\">\n    <li><a class=\"btn btn-primary w-100 px-4 py-2\" href=\"\/fr\/proprietes\/neuf\">Nouvelles propri\u00e9t\u00e9s dans la r\u00e9gion de Marbella<\/a><\/li><\/ul>\n\t\t<\/div>\n\t\t<figure class=\"hero-image order-lg-1 position-relative w-100 ratio ratio-4x3 mb-5\">\n\t\t\t<picture><source sizes=\"(max-width: 413px) 388px,(max-width: 575px) calc(100vw - 24px), (max-width: 767px) 516px, (max-width: 991px) 696px, (max-width: 1199px) 453px, (max-width: 1399px) 570px, 570px\" width=\"570\" height=\"428\" srcset=\"https:\/\/media.panoramamarbella.com\/imgV1\/B95mbh8olwFQm~uCT2wPZMb8hll4wghQQQq6YWg0~c~U_DrmgY8pGP8pqaDzA6mvjyI_OPtcrHD_aKxCvYKJMI3uAqwoZIFpvt4HrssmiiHpBcS3pevE0ltBbrhHTrSPY0Po25MwuEhpCG4yBYTiuEwbGvqoQOwh39EP7fUSCMArTowVcGFDgVj9e3s6N1281F7R9pSA.webp 570w,https:\/\/media.panoramamarbella.com\/imgV1\/B95mbh8olwFQm~uCT2wPZMb8hll4wghQQQq6YWg0~c~U_DrmgY8pGP8pqaDzA6mvjyI_OPtcrHD_aKxCvYKJMI3uAqwoZIFpvt4HrssmiiHpBcS3pevE0ltBbrhHTrSPY0Po3R6XJSktZ0wL~fYzePgsTp3_QjnSQpfEgg2hFOQ6sdLxE3WgfNNZaYoJtAFXygaSQvA0.webp 388w\" type=\"image\/webp\"><img decoding=\"async\" class=\"position-absolute top-0 z-1 w-100 h-100 object-fit-cover\" loading=\"lazy\" alt=\"Propri\u00e9t\u00e9s neuves ou r\u00e9cemment r\u00e9nov\u00e9es dans la r\u00e9gion de Marbella.\" width=\"570\" height=\"428\" src=\"https:\/\/media.panoramamarbella.com\/imgV1\/B95mbh8olwFQm~uCT2wPZMb8hll4wghQQQq6YWg0~c~U_DrmgY8pGP8pqaDzA6mvjyI_OPtcrHD_aKxCvYKJMI3uAqwoZIFpvt4HrssmiiHpBcS3pevE0ltBbrhHTrSPY0Po25MwuEhpCG4yBYTiuEwbBDnUk3N4H7YgZsPRC6AYKow-.jpg\"><\/picture>\t\t\t\t\t\t\t<figcaption class=\"top-100 w-100 h-auto mb-n4\">\n\t\t\t\t\t<small class=\"mb-0 mt-2 wp-caption\">Des espaces bien con\u00e7us qui maximisent le confort et la fonctionnalit\u00e9<\/small>\n\t\t\t\t<\/figcaption>\n\t\t\t\t\t\n\t\t\t\n\t\t<\/figure>\t\n\t<\/section>\n\n\n\t<section class=\"hero container d-flex flex-column-reverse flex-lg-row align-items-lg-start mt-7 wp-block-acf-hero\">\n\t\t<div class=\"hero-text order-lg-2\">\n\t\t\t<p class=\"fw-bold fs-6 mb-2\">Soleil et plage<\/p><h2 class=\"h1 mt-0 mb-3\">Propri\u00e9t\u00e9s pr\u00e8s de la plage<\/h2><p class=\"fw-light fs-5\">Des maisons qui offrent une qualit\u00e9 de vie in\u00e9gal\u00e9e au bord de la plage, dont beaucoup b\u00e9n\u00e9ficient d&rsquo;une vue imprenable sur la mer.<\/p>\n<p class=\"fw-light fs-5\">Con\u00e7ues pour \u00eatre des r\u00e9sidences permanentes ou des maisons de vacances, elles permettent aux heureux propri\u00e9taires de profiter de la plage et du paseo tout au long de l&rsquo;ann\u00e9e.<\/p>\n<ul class=\"mw-100 d-flex flex-column flex-lg-row flex-lg-wrap gap-3 list-unstyled mt-5 mb-0\">\n    <li><a class=\"btn btn-primary w-100 px-4 py-2\" href=\"\/fr\/proprietes\/plage\">Propri\u00e9t\u00e9s en bord de mer \u00e0 Marbella<\/a><\/li><\/ul>\n\t\t<\/div>\n\t\t<figure class=\"hero-image order-lg-1 position-relative w-100 ratio ratio-4x3 mb-5\">\n\t\t\t<picture><source sizes=\"(max-width: 413px) 388px,(max-width: 575px) calc(100vw - 24px), (max-width: 767px) 516px, (max-width: 991px) 696px, (max-width: 1199px) 453px, (max-width: 1399px) 570px, 570px\" width=\"570\" height=\"428\" srcset=\"https:\/\/media.panoramamarbella.com\/imgV1\/B95mbh8olwFQm~uCT2wPZMb8hll4wghQQQq6YWg0~c~U_DrmgY8pGP8pqaDzA6mvjyI_OPtcrHD_aKxCvYKJMIEODK24R_C_GSjOBtKKkr9llAvo3Ti9zNxpRGFwqMT6bq22v9A~P_UdseOB0mdKr0Jn0xW3HxA_uv5nOD8rENe96A2Aj1gT_RMK~hfI4V~7ZI_BTWw88Sk-.webp 570w,https:\/\/media.panoramamarbella.com\/imgV1\/B95mbh8olwFQm~uCT2wPZMb8hll4wghQQQq6YWg0~c~U_DrmgY8pGP8pqaDzA6mvjyI_OPtcrHD_aKxCvYKJMIEODK24R_C_GSjOBtKKkr9llAvo3Ti9zNxpRGFwqMT6bq22v9A52HyRq9zX~LZDA7X6BG3paKLWdR7RJck~6P_aRC_p7vw6EtvPE9EcYHpHgsZm4_uvyRQ-.webp 388w\" type=\"image\/webp\"><img decoding=\"async\" class=\"position-absolute top-0 z-1 w-100 h-100 object-fit-cover\" loading=\"lazy\" alt=\"Property Collections: Frontline Beach properties in Marbella.\" width=\"570\" height=\"428\" src=\"https:\/\/media.panoramamarbella.com\/imgV1\/B95mbh8olwFQm~uCT2wPZMb8hll4wghQQQq6YWg0~c~U_DrmgY8pGP8pqaDzA6mvjyI_OPtcrHD_aKxCvYKJMIEODK24R_C_GSjOBtKKkr9llAvo3Ti9zNxpRGFwqMT6bq22v9A~P_UdseOB0mdKr0Jn0xWpYl0_uJlxjz9ROk5bV_RMrg--.jpg\"><\/picture>\t\t\t\t\t\t\t<figcaption class=\"top-100 w-100 h-auto mb-n4\">\n\t\t\t\t\t<small class=\"mb-0 mt-2 wp-caption\">S\u00e9lection de biens pour les amoureux de la plage<\/small>\n\t\t\t\t<\/figcaption>\n\t\t\t\t\t\n\t\t\t\n\t\t<\/figure>\t\n\t<\/section>\n\n\n\t<section class=\"hero container d-flex flex-column-reverse flex-lg-row align-items-lg-start mt-7 mt-0 mb-5 wp-block-acf-hero\">\n\t\t<div class=\"hero-text order-lg-2\">\n\t\t\t<p class=\"fw-bold fs-6 mb-2\">La maison de vos r\u00eaves \u00e0 proximit\u00e9 des meilleurs terrains de golf<\/p><h2 class=\"h1 mt-0 mb-3\">Golf et nature<\/h2><p class=\"fw-light fs-5\">Adoptez un style de vie o\u00f9 les fairways rencontrent les for\u00eats et la mer. Une s\u00e9lection de propri\u00e9t\u00e9s qui s&rsquo;int\u00e8grent parfaitement \u00e0 l&rsquo;environnement naturel ; des retraites tranquilles o\u00f9 le chant des oiseaux remplace le bruit de la ville.<\/p>\n<p class=\"fw-light fs-5\">D\u00e9couvrez l&rsquo;\u00e9quilibre parfait entre sport et s\u00e9r\u00e9nit\u00e9. Votre part de paradis golfique vous attend.<\/p>\n<ul class=\"mw-100 d-flex flex-column flex-lg-row flex-lg-wrap gap-3 list-unstyled mt-5 mb-0\">\n    <li><a class=\"btn btn-primary w-100 px-4 py-2\" href=\"\/fr\/proprietes\/golf\">Propri\u00e9t\u00e9s de golf dans la r\u00e9gion de Marbella<\/a><\/li><\/ul>\n\t\t<\/div>\n\t\t<figure class=\"hero-image order-lg-1 position-relative w-100 ratio ratio-4x3 mb-5\">\n\t\t\t<picture><source sizes=\"(max-width: 413px) 388px,(max-width: 575px) calc(100vw - 24px), (max-width: 767px) 516px, (max-width: 991px) 696px, (max-width: 1199px) 453px, (max-width: 1399px) 570px, 570px\" width=\"570\" height=\"428\" srcset=\"https:\/\/media.panoramamarbella.com\/imgV1\/B95mbh8olwFQm~uCT2wPZMb8hll4wghQQQq6YWg0~c~U_DrmgY8pGP8pqaDzA6mvjyI_OPtcrHD_aKxCvYKJMITzWrC2T4Btcs8c~U10rpveh73EWEEswarHpCkWyOcC5StYCf4KnupNFqsxbTOGERTivAKsaCiJmZZHGSBKzJz6as4JyBRmtecK3yR_KgrFCMSIxzUqlQ--.webp 570w,https:\/\/media.panoramamarbella.com\/imgV1\/B95mbh8olwFQm~uCT2wPZMb8hll4wghQQQq6YWg0~c~U_DrmgY8pGP8pqaDzA6mvjyI_OPtcrHD_aKxCvYKJMITzWrC2T4Btcs8c~U10rpveh73EWEEswarHpCkWyOcC5StYCfiIkoLbuTiABpFi2CmyRIUPQF7t75sFtW1OW7_4hbVfpYF4qB1njUL4a2KFaiJZhhC2jw--.webp 388w\" type=\"image\/webp\"><img decoding=\"async\" class=\"position-absolute top-0 z-1 w-100 h-100 object-fit-cover\" loading=\"lazy\" alt=\"Portefeuilles de biens immobiliers : Propri\u00e9t\u00e9s de golf.\" width=\"570\" height=\"428\" src=\"https:\/\/media.panoramamarbella.com\/imgV1\/B95mbh8olwFQm~uCT2wPZMb8hll4wghQQQq6YWg0~c~U_DrmgY8pGP8pqaDzA6mvjyI_OPtcrHD_aKxCvYKJMITzWrC2T4Btcs8c~U10rpveh73EWEEswarHpCkWyOcC5StYCf4KnupNFqsxbTOGERTivBw3Rmi9~CwaqWnvrrgdb7AI.jpg\"><\/picture>\t\t\t\t\t\t\t<figcaption class=\"top-100 w-100 h-auto mb-n4\">\n\t\t\t\t\t<small class=\"mb-0 mt-2 wp-caption\">R\u00e9sidences exclusives surplombant des terrains de golf de classe mondiale<\/small>\n\t\t\t\t<\/figcaption>\n\t\t\t\t\t\n\t\t\t\n\t\t<\/figure>\t\n\t<\/section>\n\n\n<article class=\"col w-100 position-relative wp-block-acf-banner\">\n    <div class=\"d-flex flex-wrap flex-column flex-xl-row align-items-start align-items-xl-end gap-4 w-100 bg-secondary text-white p-4\">\n        <div class=\"d-flex flex-column\">\n\t\t\t            <a href=\"\/fr\/contactez\" class=\"stretched-link text-white text-decoration-none\" title=\"Vous cherchez une propri\u00e9t\u00e9 tr\u00e8s sp\u00e9ciale ?\">\n\t\t\t\t<h2 class=\"text-white mb-3\">Vous cherchez une propri\u00e9t\u00e9 tr\u00e8s sp\u00e9ciale ?<\/h2>            <\/a>\n\t\t\t            <p class=\"mb-0\">\n                Contactez notre \u00e9quipe d&rsquo;experts en vente et nous vous aiderons \u00e0 trouver la maison de vos r\u00eaves.            <\/p>\n\t\t\t        <\/div>\n\t\t        <span class=\"btn btn-outline-light ms-xl-auto\">Contactez notre \u00e9quipe de vente<\/span>\n\t\t    <\/div>\n<\/article>\n\n\n\n\t<section class=\"hero container d-flex flex-column-reverse flex-lg-row align-items-lg-start mt-7 mt-0 wp-block-acf-hero\">\n\t\t<div class=\"hero-text order-lg-2\">\n\t\t\t<p class=\"fw-bold fs-6 mb-2\">Un design d&rsquo;avant-garde pour un confort in\u00e9gal\u00e9<\/p><h2 class=\"h1 mt-0 mb-3\">D\u00e9couvrez une vie extraordinaire<\/h2><p class=\"fw-light fs-5\">Notre s\u00e9lection de maisons modernes et contemporaines repousse les limites de l&rsquo;innovation architecturale.<\/p>\n<p class=\"fw-light fs-5\">Des chefs-d&rsquo;\u0153uvre qui attirent l&rsquo;attention et enflamment l&rsquo;imagination. D\u00e9couvrez d\u00e8s aujourd&rsquo;hui l&rsquo;avenir de l&rsquo;architecture r\u00e9sidentielle.<\/p>\n<ul class=\"mw-100 d-flex flex-column flex-lg-row flex-lg-wrap gap-3 list-unstyled mt-5 mb-0\">\n    <li><a class=\"btn btn-primary w-100 px-4 py-2\" href=\"\/fr\/proprietes\/moderne\">Propri\u00e9t\u00e9s modernes dans la r\u00e9gion de Marbella<\/a><\/li><\/ul>\n\t\t<\/div>\n\t\t<figure class=\"hero-image order-lg-1 position-relative w-100 ratio ratio-4x3 mb-5\">\n\t\t\t<picture><source sizes=\"(max-width: 413px) 388px,(max-width: 575px) calc(100vw - 24px), (max-width: 767px) 516px, (max-width: 991px) 696px, (max-width: 1199px) 453px, (max-width: 1399px) 570px, 570px\" width=\"570\" height=\"428\" srcset=\"https:\/\/media.panoramamarbella.com\/imgV1\/B95mbh8olwFQm~uCT2wPZMb8hll4wghQQQq6YWg0~c~U_DrmgY8pGP8pqaDzA6mvjyI_OPtcrHD_aKxCvYKJMI6W1leNgynkSFBqJQIsGxTTVAi6tYZTqyATUKB11VMMQb~qA_ysicHWQfpVq_XpyIajhL0tPtPYVtU2UUi4W28LnLsTZx2g3X8akTjvXq3U7CWz4e88WSWV.webp 570w,https:\/\/media.panoramamarbella.com\/imgV1\/B95mbh8olwFQm~uCT2wPZMb8hll4wghQQQq6YWg0~c~U_DrmgY8pGP8pqaDzA6mvjyI_OPtcrHD_aKxCvYKJMI6W1leNgynkSFBqJQIsGxTTVAi6tYZTqyATUKB11VMMQb~qA_ysj6jNc93dHmiqI3vCvaKPuzFLmbrbl69mhv62Qnp4vcxbszlc2Fb1pPiR5UvIpkQXhPu2.webp 388w\" type=\"image\/webp\"><img decoding=\"async\" class=\"position-absolute top-0 z-1 w-100 h-100 object-fit-cover\" loading=\"lazy\" alt=\"Propri\u00e9t\u00e9s modernes et contemporaines.\" width=\"570\" height=\"428\" src=\"https:\/\/media.panoramamarbella.com\/imgV1\/B95mbh8olwFQm~uCT2wPZMb8hll4wghQQQq6YWg0~c~U_DrmgY8pGP8pqaDzA6mvjyI_OPtcrHD_aKxCvYKJMI6W1leNgynkSFBqJQIsGxTTVAi6tYZTqyATUKB11VMMQb~qA_ysicHWQfpVq_XpyIajhL0tIJBTntD~lSqcjHqAgitJ9AM-.jpg\"><\/picture>\t\t\t\t\t\t\t<figcaption class=\"top-100 w-100 h-auto mb-n4\">\n\t\t\t\t\t<small class=\"mb-0 mt-2 wp-caption\">Des espaces int\u00e9rieurs et ext\u00e9rieurs transparents pour une vie inspir\u00e9e<\/small>\n\t\t\t\t<\/figcaption>\n\t\t\t\t\t\n\t\t\t\n\t\t<\/figure>\t\n\t<\/section>\n\n\n\t<section class=\"hero container d-flex flex-column-reverse flex-lg-row align-items-lg-start mt-7 mb-6 wp-block-acf-hero\">\n\t\t<div class=\"hero-text order-lg-2\">\n\t\t\t<p class=\"fw-bold fs-6 mb-2\">Vie de luxe<\/p><h2 class=\"h1 mt-0 mb-3\">Maisons exclusives et de luxe<\/h2><p class=\"fw-light fs-5\">Des r\u00e9sidences d&rsquo;exception, pour ceux qui recherchent des maisons uniques.<\/p>\n<p class=\"fw-light fs-5\">Des maisons dans des zones exclusives, avec les meilleures finitions, les meilleurs mat\u00e9riaux de construction et d&rsquo;autres caract\u00e9ristiques exceptionnelles.<\/p>\n<ul class=\"mw-100 d-flex flex-column flex-lg-row flex-lg-wrap gap-3 list-unstyled mt-5 mb-0\">\n    <li><a class=\"btn btn-primary w-100 px-4 py-2\" href=\"\/fr\/proprietes\/luxe\">Propri\u00e9t\u00e9s de luxe dans la r\u00e9gion de Marbella<\/a><\/li><\/ul>\n\t\t<\/div>\n\t\t<figure class=\"hero-image order-lg-1 position-relative w-100 ratio ratio-4x3 mb-5\">\n\t\t\t<picture><source sizes=\"(max-width: 413px) 388px,(max-width: 575px) calc(100vw - 24px), (max-width: 767px) 516px, (max-width: 991px) 696px, (max-width: 1199px) 453px, (max-width: 1399px) 570px, 570px\" width=\"570\" height=\"428\" srcset=\"https:\/\/media.panoramamarbella.com\/imgV1\/B95mbh8olwFQm~uCT2wPZMb8hll4wghQQQq6YWg0~c~U_DrmgY8pGP8pqaDzA6mvjyI_OPtcrHD_aKxCvYKLjak~LDjL8xL5yJWHfwQyxm8ozBxkUG6YbtVhXGv3rQV4GxHvOZkmsHg71Eqi1KljdxFAiqGHlvAcYDP1v6wAliwx21xgZkksAIrLkkRIoBqCJiqfuOc3eKod.webp 570w,https:\/\/media.panoramamarbella.com\/imgV1\/B95mbh8olwFQm~uCT2wPZMb8hll4wghQQQq6YWg0~c~U_DrmgY8pGP8pqaDzA6mvjyI_OPtcrHD_aKxCvYKLjak~LDjL8xL5yJWHfwQyxm8ozBxkUG6YbtVhXGv3rQV4GxHvOZkmtm1Y2ErgC8d12rYzJhmP013xKHoqNy7z8z5rWhyHPs7w~2sQ4_ExZ0eatjKeAmFuZ2s~.webp 388w\" type=\"image\/webp\"><img decoding=\"async\" class=\"position-absolute top-0 z-1 w-100 h-100 object-fit-cover\" loading=\"lazy\" alt=\"Property Collections: Luxury properties on the Costa del Sol.\" width=\"570\" height=\"428\" src=\"https:\/\/media.panoramamarbella.com\/imgV1\/B95mbh8olwFQm~uCT2wPZMb8hll4wghQQQq6YWg0~c~U_DrmgY8pGP8pqaDzA6mvjyI_OPtcrHD_aKxCvYKLjak~LDjL8xL5yJWHfwQyxm8ozBxkUG6YbtVhXGv3rQV4GxHvOZkmsHg71Eqi1KljdxFAiqGHiAYRaSsqlz2VIXaeCqWjwx4-.jpg\"><\/picture>\t\t\t\t\t\t\t<figcaption class=\"top-100 w-100 h-auto mb-n4\">\n\t\t\t\t\t<small class=\"mb-0 mt-2 wp-caption\">Propri\u00e9t\u00e9s de luxe pour ceux qui recherchent l&rsquo;exclusivit\u00e9<\/small>\n\t\t\t\t<\/figcaption>\n\t\t\t\t\t\n\t\t\t\n\t\t<\/figure>\t\n\t<\/section>\n\n\n\t<section class=\"hero container d-flex flex-column-reverse flex-lg-row align-items-lg-start mt-7 mb-6 wp-block-acf-hero\">\n\t\t<div class=\"hero-text order-lg-2\">\n\t\t\t<p class=\"fw-bold fs-6 mb-2\">D\u00e9couvrez des joyaux cach\u00e9s dans des lieux privil\u00e9gi\u00e9s<\/p><h2 class=\"h1 mt-0 mb-3\">Adding Value to Older Properties<\/h2><p class=\"fw-light fs-5\">Transformez votre vision en valeur. Soyez l&rsquo;architecte de la maison de vos r\u00eaves dans une communaut\u00e9 d&rsquo;\u00e9lite bien \u00e9tablie.<\/p>\n<p class=\"fw-light fs-5\">Ces propri\u00e9t\u00e9s en forme de diamant offrent une occasion unique de cr\u00e9er votre r\u00e9sidence id\u00e9ale dans des lieux convoit\u00e9s.<\/p>\n<ul class=\"mw-100 d-flex flex-column flex-lg-row flex-lg-wrap gap-3 list-unstyled mt-5 mb-0\">\n    <li><a class=\"btn btn-primary w-100 px-4 py-2\" href=\"\/fr\/proprietes\/a-renover\">Propri\u00e9t\u00e9s \u00e0 r\u00e9nover dans la r\u00e9gion de Marbella<\/a><\/li><\/ul>\n\t\t<\/div>\n\t\t<figure class=\"hero-image order-lg-1 position-relative w-100 ratio ratio-4x3 mb-5\">\n\t\t\t<picture><source sizes=\"(max-width: 413px) 388px,(max-width: 575px) calc(100vw - 24px), (max-width: 767px) 516px, (max-width: 991px) 696px, (max-width: 1199px) 453px, (max-width: 1399px) 570px, 570px\" width=\"570\" height=\"428\" srcset=\"https:\/\/media.panoramamarbella.com\/imgV1\/B95mbh8olwFQm~uCT2wPZMb8hll4wghQQQq6YWg0~c~U_DrmgY8pGP8pqaDzA6mvjyI_OPtcrHD_aKxCvYKJMJPqE91R5~bn5fZM~HY0AyM0eT2OY_lbzoaMWn08IOcvJJTVwCgcEhJHHqAv6Lr7WYpMbYqI4Rjnxrc_iTrx4FpbN2XSeMTBMsSUDst8uv4BCWnFJRsHKLNtuw13wg--.webp 570w,https:\/\/media.panoramamarbella.com\/imgV1\/B95mbh8olwFQm~uCT2wPZMb8hll4wghQQQq6YWg0~c~U_DrmgY8pGP8pqaDzA6mvjyI_OPtcrHD_aKxCvYKJMJPqE91R5~bn5fZM~HY0AyM0eT2OY_lbzoaMWn08IOcvJJTVwCgcEhJHHqbICKOJALUx6PJh4sxLDn26ZoxKw7fvwQB1DvBTZ2lRiwv_WDkyflk3AxJkYrIr56yVBA--.webp 388w\" type=\"image\/webp\"><img decoding=\"async\" class=\"position-absolute top-0 z-1 w-100 h-100 object-fit-cover\" loading=\"lazy\" alt=\"Propri\u00e9t\u00e9s \u00e0 r\u00e9nover dans la r\u00e9gion de Marbella\" width=\"570\" height=\"428\" src=\"https:\/\/media.panoramamarbella.com\/imgV1\/B95mbh8olwFQm~uCT2wPZMb8hll4wghQQQq6YWg0~c~U_DrmgY8pGP8pqaDzA6mvjyI_OPtcrHD_aKxCvYKJMJPqE91R5~bn5fZM~HY0AyM0eT2OY_lbzoaMWn08IOcvJJTVwCgcEhJHHqAv6Lr7WYpMbYqI4Rjnxqn8NneML9CfTKNG6Mls~bZm.jpg\"><\/picture>\t\t\t\t\t\t\t<figcaption class=\"top-100 w-100 h-auto mb-n4\">\n\t\t\t\t\t<small class=\"mb-0 mt-2 wp-caption\">Des propri\u00e9t\u00e9s de caract\u00e8re qui attendent votre touche personnelle<\/small>\n\t\t\t\t<\/figcaption>\n\t\t\t\t\t\n\t\t\t\n\t\t<\/figure>\t\n\t<\/section>\n\n","protected":false},"excerpt":{"rendered":"","protected":false},"author":2,"featured_media":2254,"parent":0,"menu_order":25,"comment_status":"closed","ping_status":"closed","template":"","meta":{"_acf_changed":true,"footnotes":""},"class_list":["post-5125","page","type-page","status-publish","has-post-thumbnail","hentry"],"acf":[],"_links":{"self":[{"href":"https:\/\/www.panoramamarbella.com\/fr\/wp-json\/wp\/v2\/pages\/5125","targetHints":{"allow":["GET"]}}],"collection":[{"href":"https:\/\/www.panoramamarbella.com\/fr\/wp-json\/wp\/v2\/pages"}],"about":[{"href":"https:\/\/www.panoramamarbella.com\/fr\/wp-json\/wp\/v2\/types\/page"}],"author":[{"embeddable":true,"href":"https:\/\/www.panoramamarbella.com\/fr\/wp-json\/wp\/v2\/users\/2"}],"replies":[{"embeddable":true,"href":"https:\/\/www.panoramamarbella.com\/fr\/wp-json\/wp\/v2\/comments?post=5125"}],"version-history":[{"count":0,"href":"https:\/\/www.panoramamarbella.com\/fr\/wp-json\/wp\/v2\/pages\/5125\/revisions"}],"wp:featuredmedia":[{"embeddable":true,"href":"https:\/\/www.panoramamarbella.com\/fr\/wp-json\/wp\/v2\/media\/2254"}],"wp:attachment":[{"href":"https:\/\/www.panoramamarbella.com\/fr\/wp-json\/wp\/v2\/media?parent=5125"}],"curies":[{"name":"wp","href":"https:\/\/api.w.org\/{rel}","templated":true}]}}