{"id":5127,"date":"2024-06-06T15:06:15","date_gmt":"2024-06-06T13:06:15","guid":{"rendered":"https:\/\/www.panoramamarbella.com\/client-services"},"modified":"2024-08-07T17:29:12","modified_gmt":"2024-08-07T15:29:12","slug":"services-a-la-clientele","status":"publish","type":"page","link":"https:\/\/www.panoramamarbella.com\/fr\/services-a-la-clientele","title":{"rendered":"D\u00e9partement des services \u00e0 la client\u00e8le de Panorama"},"content":{"rendered":"\n<div class=\"lead\"><p>Le service client de Panorama a \u00e9t\u00e9 cr\u00e9\u00e9 en 2016 afin de poursuivre son engagement \u00e0 offrir le meilleur service possible \u00e0 ses clients, ann\u00e9e apr\u00e8s ann\u00e9e.<\/p>\n<\/div>\n\n\n<p>Nos clients sont confront\u00e9s \u00e0 de nombreuses questions lorsqu&rsquo;ils vendent ou ach\u00e8tent une maison sur la Costa del Sol. C&rsquo;est la raison pour laquelle <a href=\"https:\/\/www.panoramamarbella.com\/fr\/a-propos\/equipe-panorama\/jo-borda\">Jo Borda<\/a>, directeur de notre d\u00e9partement des services \u00e0 la client\u00e8le, s&rsquo;est donn\u00e9 pour mission d&rsquo;aider tous les clients dans tout ce dont ils peuvent avoir besoin avant, pendant et apr\u00e8s le processus d&rsquo;achat ou de vente.<\/p>\n\n\n\n<ul class=\"table-index list-unstyled p-4 p-lg-5 ms-0 bg-light\"><li class=\"text-uppercase fw-bold mb-3\">Table des mati\u00e8res<\/li><li><a href=\"#la+demande+pour+des+biens+entierement+renoves+est+bien+reelle\">\nLa demande pour des biens enti\u00e8rement r\u00e9nov\u00e9s est bien r\u00e9elle\n<\/a><\/li>\n<li><a href=\"#quel+budget+consacrer+a+une+renovation+\">\nQuel budget consacrer \u00e0 une r\u00e9novation ?\n<\/a><\/li>\n<li><a href=\"#avantages+fiscaux+et+juridiques+lies+a+la+renovation\">\nAvantages fiscaux et juridiques li\u00e9s \u00e0 la r\u00e9novation\n<\/a><\/li>\n<li><a href=\"#daccord+je+veux+renover+par+ou+commencer+\">\nD\u2019accord, je veux r\u00e9nover. Par o\u00f9 commencer ?\n<\/a><\/li>\n<li><a href=\"#comment+panorama+peut+vous+accompagner\">\nComment Panorama peut vous accompagner\n<\/a><\/li><\/ul>\n\n\n\t<figure class=\"wp-caption aligncenter wp-block-acf-wpimage\">\n\t<picture><source width=\"740\" height=\"496\" srcset=\"https:\/\/media.panoramamarbella.com\/imgV1\/B95mbh8olwFQm~uCT2wPZMb8hll4wghQQQq6YWg0~c~U_DrmgY8pGP8pqaDzA6mvjyI_OPtcrHD_aKxCvYKIXoglPbuVlTbY7uzA6di9OCH8fzjxL9pMJjOAX1243LlcuAO9rIfgG_S28U~KevbLl9AX~4RzKoLDTJtFBcPm_RlzwQZXNDQqhQ7II6Jk.webp 740w\" type=\"image\/webp\"><img decoding=\"async\" class=\"img-fluid\" loading=\"lazy\" width=\"740\" height=\"496\" alt=\"D\u00e9partement des services \u00e0 la client\u00e8le de Panorama\" src=\"https:\/\/media.panoramamarbella.com\/imgV1\/B95mbh8olwFQm~uCT2wPZMb8hll4wghQQQq6YWg0~c~U_DrmgY8pGP8pqaDzA6mvjyI_OPtcrHD_aKxCvYKIXoglPbuVlTbY7uzA6di9OCH8fzjxL9pMJjOAX1243LlcuAO9rIfgG_S277iidBR7V~EFRw3dne1pjzQ-.jpg\"><\/picture>\t\t\t<figcaption class=\"wp-caption-text\">\n\t\tLes services \u00e0 la client\u00e8le de Panorama\t\t<\/figcaption>\n\t\t\t<\/figure>\n\t\n\n\n<h2 class=\"wp-block-heading\">Services<\/h2>\n\n\n\t<figure class=\"wp-caption alignright wp-block-acf-wpimage\">\n\t<picture><source width=\"450\" height=\"504\" srcset=\"https:\/\/media.panoramamarbella.com\/imgV1\/B95mbh8olwFQm~uCT2wPZMb8hll4wghQQQq6YWg0~c~U_DrmgY8pGP8pqaDzA6mvjyI_OPtcrHD_aKxCvYKIXoHifSfIHFjDZ5nFgw5ZpSwGeqDcb_nO6w1C~9yOsx4BJlYL4QQHI3V26lNjEWDCmYwWm8WSTb2pWRY8tg3THp2wu6F4014nSZ~PtHS3bVUR.webp 450w\" type=\"image\/webp\"><img decoding=\"async\" class=\"img-fluid\" loading=\"lazy\" width=\"450\" height=\"504\" alt=\"Jo Borda, directeur des services \u00e0 la client\u00e8le de Panorama\" src=\"https:\/\/media.panoramamarbella.com\/imgV1\/B95mbh8olwFQm~uCT2wPZMb8hll4wghQQQq6YWg0~c~U_DrmgY8pGP8pqaDzA6mvjyI_OPtcrHD_aKxCvYKIXoHifSfIHFjDZ5nFgw5ZpSwGeqDcb_nO6w1C~9yOsx4BJlYL4QQHI3V26lNjD~XUxv3l2Q7e8ogzgz95nNk-.jpg\"><\/picture>\t\t\t<figcaption class=\"wp-caption-text\">\n\t\tJo Borda, directeur des services \u00e0 la client\u00e8le de Panorama\t\t<\/figcaption>\n\t\t\t<\/figure>\n\t\n\n\n<p>Avec <a href=\"https:\/\/www.panoramamarbella.com\/fr\/a-propos\/plus-de-50-ans-a-marbella\">plus de 50 ans d&rsquo;exp\u00e9rience \u00e0 Marbella<\/a>, Panorama a soigneusement s\u00e9lectionn\u00e9 les entreprises et les professionnels avec lesquels elle travaille pour garantir les meilleurs services et qualit\u00e9s possibles \u00e0 tous ses clients :<\/p>\n\n\n\n<ul class=\"wp-block-list\">\n<li>Construction et r\u00e9novation<\/li>\n\n\n\n<li>Am\u00e9nagement int\u00e9rieur<\/li>\n\n\n\n<li>Am\u00e9nagement paysager et jardinage<\/li>\n\n\n\n<li>Architecture<\/li>\n\n\n\n<li>Am\u00e9nagement et d\u00e9coration d&rsquo;int\u00e9rieur et d&rsquo;ext\u00e9rieur<\/li>\n\n\n\n<li>S\u00e9curit\u00e9<\/li>\n\n\n\n<li>Courtage en assurance<\/li>\n\n\n\n<li>Banques : hypoth\u00e8ques, financement<\/li>\n\n\n\n<li>Personnel de service : nettoyage, entretien, etc.<\/li>\n\n\n\n<li class=\"clearfix\">Et bien d&rsquo;autres<\/li>\n<\/ul>\n\n\n\n<h2 class=\"wp-block-heading\">Project management<\/h2>\n\n\n\n<p>Renovation and interior design are two of the most demanded services and thanks to the extensive experience of our department in these areas the process generally runs quite easily and smoothly.<\/p>\n\n\n<blockquote class=\"testimonial bg-secondary bg-opacity-10 text-dark wp-block-acf-blockquote\">\n    <p>\u00ab\u00a0C&rsquo;est un plaisir et un honneur pour moi de prendre la direction du d\u00e9partement des services \u00e0 la client\u00e8le de Panorama, de trouver des solutions simples ou \u00e9tendues pour nos clients acheteurs et de consacrer tous mes efforts \u00e0 garantir qu&rsquo;ils re\u00e7oivent la meilleure qualit\u00e9 de service possible\u00a0\u00bb.<br \/>\n\u2013 Jo Borda \u2013<\/p>\n    \n<\/blockquote>\n\n\n\n<p>Nous proposons plusieurs options de projets g\u00e9r\u00e9s par diff\u00e9rentes entreprises qui s&rsquo;adaptent le mieux au budget et aux besoins de chaque client, parmi lesquelles il peut choisir celle qui lui convient le mieux. Nous garantissons un projet \u00ab\u00a0cl\u00e9 en main\u00a0\u00bb, en assistant le client tout au long du processus et en surveillant attentivement l&rsquo;ex\u00e9cution des travaux, du d\u00e9but \u00e0 la fin.<\/p>\n\n\n\n<h2 class=\"wp-block-heading\">Choisir les meilleurs professionnels<\/h2>\n\n\n\n<p>Notre <strong>service client\u00e8le<\/strong> est tr\u00e8s accessible et direct : une fois que le client nous a fait part de ses besoins et de ses exigences, notre t\u00e2che consiste \u00e0 le mettre en contact avec les entreprises et les professionnels qui peuvent lui offrir les meilleures solutions. Une fois que notre client a choisi le projet le plus appropri\u00e9, nous l&rsquo;accompagnons, ainsi que l&rsquo;entreprise ou le professionnel, \u00e0 chaque \u00e9tape du processus. Dans la plupart des cas, nos clients ne se trouvent pas en Espagne, et nous agissons donc en tant que leur \u00ab\u00a0partie repr\u00e9sentative\u00a0\u00bb pour nous assurer que tous les travaux sont r\u00e9alis\u00e9s conform\u00e9ment au plan.<\/p>\n\n\n\n<p>Jo dirige personnellement tous les projets et nos clients sont ravis et reconnaissants de son professionnalisme, de sa transparence, de son d\u00e9vouement et de son engagement.<\/p>\n\n\n\n<p>Pour plus d&rsquo;informations ou pour toute question, veuillez m&rsquo;appeler au <a href=\"tel:+34 952 774 266\" target=\"_blank\" rel=\"noreferrer noopener\">+34 952 774 266 <\/a>ou sur mon portable, <a href=\"tel:+34 664 225 667\" target=\"_blank\" rel=\"noreferrer noopener\">+34 664 225 667<\/a> ou remplissez le formulaire suivant avec vos coordonn\u00e9es.<\/p>\n\n\n\n<h2 class=\"wp-block-heading\">Contacter le service client\u00e8le de Panorama<\/h2>\n\n\n\n<div class=\"contact-only bg-light wp-block-acf-contactform\">\n\t\t<div class=\"position-relative\">\n\t\t<span id=\"inm-contact-form\" class=\"position-absolute\" style=\"top:-130px\"><\/span>\n\t<\/div>\n\t\t\n\t\t<script src=\"https:\/\/www.google.com\/recaptcha\/api.js?render=6LeWOaYZAAAAAGZM7q40J51QMau9I_gs19mp9lZJ&#038;hl=fr\"><\/script>\n\t\n<form id=\"contact_form_1\" class=\"needs-validation h-100 d-flex flex-column p-4 p-md-5\" data-contact=\"contact_form_1\" action=\"localhost\" method=\"POST\" novalidate>\n\t\t<span id=\"contact_form_1-result\" data-stext=\"source\" data-source=\"contact\"><\/span>\n\t<input type=\"hidden\" name=\"success\" value=\"\/fr\/success?source=info\" \/>\n\t<input type=\"hidden\" name=\"lang\" value=\"fr\" \/>\n\t<input type=\"hidden\" name=\"agency\" value=\"399\" \/>\n\t<input type=\"hidden\" name=\"recipient\" value=\"info\" \/>\n\t<input type=\"hidden\" name=\"source\" value=\"https:\/\/www.panoramamarbella.com\/fr\/wp-json\/wp\/v2\/pages\/5127\" \/>\n\t<input type=\"hidden\" name=\"subject\" value=\"Information Request (FR)\" \/>\n\t\t\t<input type=\"hidden\" name=\"origin\" value=\"D\u00e9partement des services \u00e0 la client\u00e8le de Panorama\" \/>\n\t\t<div class=\"row g-3\">\n\t\t<div class=\"col-md-6\">\n\t\t\t<label class=\"form-label\" for=\"name\">Pr\u00e9nom*<\/label>\n\t\t\t<input id=\"name\" name=\"name\" type=\"text\" class=\"form-control\" autocomplete=\"off\" required data-error=\"Nom requis\">\n\t\t<\/div>\n\t\t<div class=\"col-md-6\">\n\t\t\t<label class=\"form-label\" for=\"name\">Nom de famille*<\/label>\n\t\t\t<input id=\"lastname\" name=\"lastname\" type=\"text\" class=\"form-control\" autocomplete=\"off\" required data-error=\"Nom de famille\">\n\t\t<\/div>\n\t\t<div class=\"col-12\">\n\t\t\t<label class=\"form-label\" for=\"email\">E-mail*<\/label>\n\t\t\t<input id=\"email\" name=\"email\" type=\"email\" class=\"form-control\" autocomplete=\"off\" required data-error=\"E-mail requis\">\n\t\t<\/div>\n\t\t\t\t<div class=\"col-md-6\">\n\t\t\t<label class=\"form-label\" for=\"phone\">Num\u00e9ro de t\u00e9l\u00e9phone <small><\/small><\/label>\n\t\t\t<input id=\"phone\" name=\"intphone\" type=\"tel\" class=\"form-control\" autocomplete=\"off\" placeholder=\"T\u00e9l\u00e9phone\" required data-error=\"Les num\u00e9ros de t\u00e9l\u00e9phone doivent comporter entre 8 et 20 chiffres\" pattern=\"(?:\\d\\s*){4,}\">\n\t\t<\/div>\n\t\t<div class=\"col-md-6\">\n\t\t\t<label class=\"form-label\">Meilleur moment pour appeler <small><\/small><\/label>\n\t\t\t<select class=\"form-select\" name=\"time\">\n\t\t\t\t<option selected>\u00c0 tout moment<\/option>\n\t\t\t\t<option value=\"1\">Le matin<\/option>\n\t\t\t\t<option value=\"2\">L&rsquo;apr\u00e8s-midi<\/option>\n\t\t\t\t<option value=\"3\">Le soir<\/option>\n\t\t\t<\/select>\n\t\t<\/div>\n\t\t<div class=\"col-12\">\n\t\t\t<label for=\"address\" class=\"form-label\">Adresse <small><\/small><\/label>\n\t\t\t<input id=\"address\" name=\"address\" type=\"text\" class=\"form-control\" \/>\n\t\t<\/div>\n\t\t<div class=\"col-12\">\n\t\t\t<label for=\"formComment\" class=\"form-label\">Message<\/label>\n\t\t\t<textarea class=\"form-control\" placeholder=\"Laissez un commentaire ici\" name=\"comment\" id=\"formComment\" maxlength=\"8000\" rows=\"5\"><\/textarea>\n\t\t<\/div>\n\t\t\t\t<div class=\"col-12\">\n\t\t\t<div class=\"form-check\">\n\t\t\t\t<input type=\"checkbox\" class=\"form-check-input\" id=\"contact_form_1-customCheck1\" name=\"privacy_policy\" required data-error=\"Champ obligatoire\">\n\t\t\t\t<label class=\"form-check-label\" for=\"contact_form_1-customCheck1\">J&rsquo;accepte le <a target=\"_blank\" class=\"text-decoration-none\" href=\"https:\/\/www.panoramamarbella.com\/privacy-policy\">Conditions g\u00e9n\u00e9rales d&rsquo;utilisation<\/a><\/label>\n\t\t\t<\/div>\n\t\t\t<div class=\"form-check\">\n\t\t\t\t<input type=\"checkbox\" class=\"form-check-input\" id=\"contact_form_1-customCheck2\" name=\"commercial_information\">\n\t\t\t\t<label class=\"form-check-label\" for=\"contact_form_1-customCheck2\">J&rsquo;accepte de recevoir des communications de Panorama<\/label>\n\t\t\t<\/div>\n\t\t<\/div>\n\t<\/div>\n\t<button data-ids=\"contact_form_1\" data-lang=\"fr\" data-sitekey=\"6LeWOaYZAAAAAGZM7q40J51QMau9I_gs19mp9lZJ\" class=\"align-self-start btn btn-primary px-4 py-2 mt-4 g-recaptcha\" role=\"button\" aria-label=\"Send\">Envoyer<\/button>\n<\/form><\/div>\n\n\n<hr class=\"w-75 mt-3 mt-md-5 mb-3 mb-md-6 mx-auto border-1 border-secondary opacity-50\">\n\n\n\n\n\n\n\t\t<section class=\"container mb-5 wp-block-acf-cardmosaic\">\n\t\t\t<h2 class=\"mb-4\">Vous pouvez \u00e9galement trouver int\u00e9ressant<\/h2>\t\t\t<div class=\"card-mosaic row gy-4\">\n\t\t\t\t<div class=\"col-xl-6 col-xxl-8\">\n\t\t\t\t\t<article class=\"card-mosaic-featured position-relative\">\n    <figure class=\"ratio ratio-16x9 mb-0 overflow-hidden\">\n        <picture><source sizes=\"(max-width: 575px) calc(100vw - 24px), (max-width: 767px) 516px, (max-width: 991px) 696px, (max-width: 1199) 936px, (max-width: 1399) 546px, 856px\" width=\"936\" height=\"527\" srcset=\"https:\/\/media.panoramamarbella.com\/imgV1\/B95mbh8olwFQm~uCT2wPZMb8hll4wghQQQq6YWg0~c~U_DrmgY8pGP8pqaDzA6mvjyI_OPtcrHD_aKxDZZG4taWcE5usyFv7Mt1AMuyW8e6R5gYifsbK9vdh9iQRFyODYyWtUsrEc7bzFdBZwkR6QXVZDBqbLQYLYaIdTjrqo4zF42d~zHMhRSJ3tOXaRlMNvSNyPTDvh7AQ.webp 936w,https:\/\/media.panoramamarbella.com\/imgV1\/B95mbh8olwFQm~uCT2wPZMb8hll4wghQQQq6YWg0~c~U_DrmgY8pGP8pqaDzA6mvjyI_OPtcrHD_aKxDZZG4taWcE5usyFv7Mt1AMuyW8e6R5gYifsbK9vdh9iQRFyODYyWtUsrEcget0lWX2p_XpLOs9z4Z8bNK0Gyzl2i2fK8q4g19EOraH7d6rfOkCuJUcQ497M7q3Doc.webp 856w\" type=\"image\/webp\"><img decoding=\"async\" class=\"position-absolute w-100 h-100 top-0 start-0 object-fit-cover\" loading=\"lazy\" alt=\"Terrasse ensoleill\u00e9e avec canap\u00e9 en osier, coussins, plantes en pot et vue sur la montagne sous un ciel bleu.\" width=\"936\" height=\"527\" src=\"https:\/\/media.panoramamarbella.com\/imgV1\/B95mbh8olwFQm~uCT2wPZMb8hll4wghQQQq6YWg0~c~U_DrmgY8pGP8pqaDzA6mvjyI_OPtcrHD_aKxDZZG4taWcE5usyFv7Mt1AMuyW8e6R5gYifsbK9vdh9iQRFyODYyWtUsrEc7bzFdBZwkR6QXVZDBqbM16GQGs0l_Mpt7PMyhy5tbQ-.jpg\"><\/picture>    <\/figure>\n    <div class=\"px-3 py-4 shadow\">\n        <a href=\"https:\/\/www.panoramamarbella.com\/fr\/news\/conseils-pour-votre-propriete\" title=\"Vous vendez \u00e0 Marbella? Conseils pour pr\u00e9senter votre propri\u00e9t\u00e9 de luxe\" class=\"stretched-link\">\n            <strong class=\"card-mosaic-title fs-4 lh-1\">Vous vendez \u00e0 Marbella? Conseils pour pr\u00e9senter votre propri\u00e9t\u00e9 de luxe<\/strong>\n        <\/a>\n        Pr\u00e9parez votre maison \u00e0 Marbella avec style et attrait afin de vous d\u00e9marquer et d\u2019obtenir la meilleure offre    <\/div>\n<\/article>\t\t\t\t<\/div>\n\t\t\t\t<div class=\"col-xl-6 col-xxl-4 d-flex flex-column gap-4\">\n\t\t\t\t\t<article class=\"card-mosaic-item position-relative d-flex align-items-center flex-nowrap shadow\">\n    <figure class=\"ratio ratio-1x1 mb-0 overflow-hidden\">\n        <picture><source width=\"130\" height=\"130\" srcset=\"https:\/\/media.panoramamarbella.com\/imgV1\/B95mbh8olwFQm~uCT2wPZMb8hll4wghQQQq6YWg0~c~U_DrmgY8pGP8pqaDzA6mvjyI_OPtcrHD_aKxDZZGzdMrlxux2GewoNBrrv2DVeEkYeePUgJoO4c8oEE_SxrqRMHUCUvygtdEJeFR7CVx7tSbesYH~O7cyDHaCAwMKiYVxmp3gQlp6ferEjR9QoGHGHYODDgrsLQ--.webp 130w\" type=\"image\/webp\"><img decoding=\"async\" class=\"position-absolute start-0 top-0 w-100 h-100 object-fit-cover\" loading=\"lazy\" alt=\"Assurance habitation. La pluie tombe et le parapluie se prot\u00e8ge de la pluie\" width=\"130\" height=\"130\" src=\"https:\/\/media.panoramamarbella.com\/imgV1\/B95mbh8olwFQm~uCT2wPZMb8hll4wghQQQq6YWg0~c~U_DrmgY8pGP8pqaDzA6mvjyI_OPtcrHD_aKxDZZGzdMrlxux2GewoNBrrv2DVeEkYeePUgJoO4c8oEE_SxrqRMHUCUvygtdEJeFR7CVx7tSbesZ~rL2SUR3Ox8e7dMdfuRHWM.jpg\"><\/picture>    <\/figure>\n\t<p class=\"p-3 mb-0\">\n        <a href=\"https:\/\/www.panoramamarbella.com\/fr\/news\/assurance-habitation-en-espagne\" title=\"\u00cates-vous compl\u00e8tement couvert? Comprendre l&rsquo;assurance habitation\" class=\"stretched-link\">\n            <strong class=\"card-mosaic-title fs-5 lh-1\">\u00cates-vous compl\u00e8tement couvert? Comprendre l&rsquo;assurance habitation<\/strong>\n        <\/a>\n    <\/p>\n<\/article><article class=\"card-mosaic-item position-relative d-flex align-items-center flex-nowrap shadow\">\n    <figure class=\"ratio ratio-1x1 mb-0 overflow-hidden\">\n        <picture><source width=\"130\" height=\"130\" srcset=\"https:\/\/media.panoramamarbella.com\/imgV1\/B95mbh8olwFQm~uCT2wPZMb8hll4wghQQQq6YWg0~c~U_DrmgY8pGP8pqaDzA6mvjyI_OPtcrHD_aKxCvYKKgTdZepAooaPh1tI8nUAOpn~dscsqWEtHVoZTlrAZ~LvK60BeglJMwBo~WaEOuxx3lWEBs93j~7xL1naWFGQt7Ngn7MfG~nTkr8CFFgMnO0liA7Yi3c9qIkI-.webp 130w\" type=\"image\/webp\"><img decoding=\"async\" class=\"position-absolute start-0 top-0 w-100 h-100 object-fit-cover\" loading=\"lazy\" alt=\"Comment vendre votre bien plus rapidement et \u00e0 un meilleur prix\" width=\"130\" height=\"130\" src=\"https:\/\/media.panoramamarbella.com\/imgV1\/B95mbh8olwFQm~uCT2wPZMb8hll4wghQQQq6YWg0~c~U_DrmgY8pGP8pqaDzA6mvjyI_OPtcrHD_aKxCvYKKgTdZepAooaPh1tI8nUAOpn~dscsqWEtHVoZTlrAZ~LvK60BeglJMwBo~WaEOuxx3lWEBs939eWRfVkYaWMC7vvOAXXwtdA--.jpg\"><\/picture>    <\/figure>\n\t<p class=\"p-3 mb-0\">\n        <a href=\"https:\/\/www.panoramamarbella.com\/fr\/news\/comment-vendre-votre-bien-plus-rapidement\" title=\"Comment vendre votre bien immobilier plus rapidement et pour plus d&rsquo;argent : r\u00e9novez-le!\" class=\"stretched-link\">\n            <strong class=\"card-mosaic-title fs-5 lh-1\">Comment vendre votre bien immobilier plus rapidement et pour plus d&rsquo;argent : r\u00e9novez-le!<\/strong>\n        <\/a>\n    <\/p>\n<\/article>\t\t\t\t\t<a href=\"\/fr\/news\" class=\"btn btn-primary py-3 mt-auto\">Nouvelles et articles<\/a>\t\t\t\t<\/div>\n\t\t\t<\/div>\n\t\t<\/section>\n\n","protected":false},"excerpt":{"rendered":"","protected":false},"author":2,"featured_media":3921,"parent":0,"menu_order":26,"comment_status":"closed","ping_status":"closed","template":"","meta":{"_acf_changed":true,"footnotes":""},"class_list":["post-5127","page","type-page","status-publish","has-post-thumbnail","hentry"],"acf":[],"_links":{"self":[{"href":"https:\/\/www.panoramamarbella.com\/fr\/wp-json\/wp\/v2\/pages\/5127","targetHints":{"allow":["GET"]}}],"collection":[{"href":"https:\/\/www.panoramamarbella.com\/fr\/wp-json\/wp\/v2\/pages"}],"about":[{"href":"https:\/\/www.panoramamarbella.com\/fr\/wp-json\/wp\/v2\/types\/page"}],"author":[{"embeddable":true,"href":"https:\/\/www.panoramamarbella.com\/fr\/wp-json\/wp\/v2\/users\/2"}],"replies":[{"embeddable":true,"href":"https:\/\/www.panoramamarbella.com\/fr\/wp-json\/wp\/v2\/comments?post=5127"}],"version-history":[{"count":0,"href":"https:\/\/www.panoramamarbella.com\/fr\/wp-json\/wp\/v2\/pages\/5127\/revisions"}],"wp:featuredmedia":[{"embeddable":true,"href":"https:\/\/www.panoramamarbella.com\/fr\/wp-json\/wp\/v2\/media\/3921"}],"wp:attachment":[{"href":"https:\/\/www.panoramamarbella.com\/fr\/wp-json\/wp\/v2\/media?parent=5127"}],"curies":[{"name":"wp","href":"https:\/\/api.w.org\/{rel}","templated":true}]}}