{"id":5136,"date":"2024-05-30T10:02:07","date_gmt":"2024-05-30T08:02:07","guid":{"rendered":"https:\/\/www.panoramamarbella.com\/vendre\/marbella-property-valuation"},"modified":"2024-08-07T17:29:30","modified_gmt":"2024-08-07T15:29:30","slug":"evaluations-et-estimations-immobilieres","status":"publish","type":"page","link":"https:\/\/www.panoramamarbella.com\/fr\/vendre\/evaluations-et-estimations-immobilieres","title":{"rendered":"Service d&rsquo;\u00e9valuation immobili\u00e8re de Marbella par Panorama"},"content":{"rendered":"\n\n<ul class=\"table-index list-unstyled p-4 p-lg-5 ms-0 bg-light\"><li class=\"text-uppercase fw-bold mb-3\">Table des mati\u00e8res<\/li><li><a href=\"#pourquoi+choisir+panorama+pour+levaluation+de+votre+maison+\">\nPourquoi choisir Panorama pour l'\u00e9valuation de votre maison ?\n<\/a><\/li>\n<li><a href=\"#service+de+conseil+en+evaluation\">\nService de conseil en \u00e9valuation\n<\/a><\/li>\n<li><a href=\"#service+devaluation+a+des+fins+juridiques+ou+hypothecaires\">\nService d'\u00e9valuation \u00e0 des fins juridiques ou hypoth\u00e9caires\n<\/a><\/li>\n<li><a href=\"#experts+immobiliers\">\nExperts immobiliers\n<\/a><\/li>\n<li><a href=\"#entrez+en+contact+avec+un+expert+en+evaluation+immobiliere+de+panorama\">\nEntrez en contact avec un expert en \u00e9valuation immobili\u00e8re de Panorama\n<\/a><\/li><\/ul>\n\n\n\n<h2 class=\"wp-block-heading\">Pourquoi choisir Panorama pour l&rsquo;\u00e9valuation de votre maison ?<\/h2>\n\n\n\n<p>Avec plus de <a href=\"https:\/\/www.panoramamarbella.com\/fr\/a-propos\/plus-de-50-ans-a-marbella\" data-type=\"page\" data-id=\"5170\">50 ans d&rsquo;exp\u00e9rience sur le march\u00e9 immobilier de Marbella<\/a>, Panorama poss\u00e8de l&rsquo;expertise et les connaissances locales n\u00e9cessaires pour vous fournir une \u00e9valuation pr\u00e9cise et fiable de votre propri\u00e9t\u00e9. Voici pourquoi les propri\u00e9taires nous font confiance :<\/p>\n\n\n\n<ul class=\"wp-block-list\">\n<li><strong>Connaissance approfondie du march\u00e9<\/strong><br>Notre \u00e9quipe d&rsquo;experts conna\u00eet parfaitement le march\u00e9 immobilier de Marbella et de ses environs. Nous comprenons les nuances qui affectent la valeur des propri\u00e9t\u00e9s, y compris l&#8217;emplacement, les \u00e9quipements, l&rsquo;\u00e9tat, le potentiel de r\u00e9novation, et plus encore.<br><br>Vous pouvez consulter notre <a href=\"https:\/\/www.panoramamarbella.com\/fr\/rapport-de-marche\" data-type=\"page\" data-id=\"5145\">rapport sur le march\u00e9 immobilier de Marbella<\/a>.<\/li>\n\n\n\n<li><strong>\u00c9valuation compl\u00e8te<\/strong><br>Nous prenons en compte tous les facteurs qui contribuent \u00e0 la valeur de votre maison. Qu&rsquo;il s&rsquo;agisse du quartier, des commodit\u00e9s locales ou de l&rsquo;\u00e9tat et des caract\u00e9ristiques de votre propri\u00e9t\u00e9, notre \u00e9valuation approfondie garantit un prix de vente optimal.<\/li>\n\n\n\n<li><strong>Conseils sur mesure<\/strong><br>Chaque bien est unique et nos conseils le sont tout autant. Nous fournissons des recommandations personnalis\u00e9es pour vous aider \u00e0 maximiser la valeur de votre propri\u00e9t\u00e9 et \u00e0 attirer des acheteurs potentiels.<\/li>\n\n\n\n<li><strong>Exp\u00e9rience confirm\u00e9e<\/strong><br>Notre vaste exp\u00e9rience et nos nombreux clients satisfaits t\u00e9moignent de notre engagement en faveur de l&rsquo;excellence. Nous avons aid\u00e9 avec succ\u00e8s d&rsquo;innombrables propri\u00e9taires \u00e0 atteindre leurs objectifs de vente \u00e0 Marbella.<br>Lisez <a href=\"https:\/\/www.panoramamarbella.com\/fr\/a-propos\/avis-clients\" data-type=\"page\" data-id=\"5165\">les commentaires que certains de nos clients nous ont laiss\u00e9s<\/a>.<\/li>\n<\/ul>\n\n\n<article class=\"col w-100 position-relative wp-block-acf-banner\">\n    <div class=\"d-flex flex-wrap flex-column flex-xl-row align-items-start align-items-xl-end gap-4 w-100 bg-primary text-white p-4\">\n        <div class=\"d-flex flex-column\">\n\t\t\t            <a href=\"#contact\" class=\"stretched-link text-white text-decoration-none\" title=\"Vous souhaitez vendre votre propri\u00e9t\u00e9 dans la r\u00e9gion de Marbella ?\">\n\t\t\t\t<h2 class=\"text-white mb-3\">Vous souhaitez vendre votre propri\u00e9t\u00e9 dans la r\u00e9gion de Marbella ?<\/h2>            <\/a>\n\t\t\t            <p class=\"mb-0\">\n                Lib\u00e9rez le potentiel de votre propri\u00e9t\u00e9 avec Panorama. <br \/>\r\nSoumettez vos coordonn\u00e9es d\u00e8s aujourd&rsquo;hui et faites le premier pas vers une vente r\u00e9ussie.            <\/p>\n\t\t\t        <\/div>\n\t\t        <span class=\"btn btn-outline-light ms-xl-auto\">Demandez une \u00e9valuation de votre bien<\/span>\n\t\t    <\/div>\n<\/article>\n\n\n\n\n<h2 class=\"wp-block-heading\">Service de conseil en \u00e9valuation<\/h2>\n\n\n\n<p>Notre \u00e9quipe a une connaissance exceptionnelle du march\u00e9 immobilier local en constante \u00e9volution et, gr\u00e2ce \u00e0 notre exp\u00e9rience, nous pouvons d\u00e9terminer le prix d&rsquo;un bien immobilier et le prix auquel il pourrait \u00eatre vendu. Notre service d&rsquo;\u00e9valuation des biens immobiliers est un \u00e9l\u00e9ment essentiel de notre activit\u00e9 et <strong>nous sommes ravis d&rsquo;offrir gratuitement \u00e0 nos clients notre service de conseil en \u00e9valuation<\/strong>.<\/p>\n\n\n\n<p>Contrairement \u00e0 de nombreuses agences qui n&rsquo;ont recours qu&rsquo;\u00e0 leur intuition, Panorama proc\u00e8de \u00e0 une analyse approfondie du march\u00e9 pour chaque \u00e9valuation de propri\u00e9t\u00e9, notamment en examinant attentivement les prix au m\u00e8tre carr\u00e9 de propri\u00e9t\u00e9s similaires r\u00e9cemment vendues dans votre r\u00e9gion. Cette analyse, combin\u00e9e \u00e0 l&rsquo;exp\u00e9rience de Panorama, permet d&rsquo;obtenir d\u00e8s le d\u00e9part l&rsquo;\u00e9l\u00e9ment le plus important de la vente d&rsquo;un bien immobilier, \u00e0 savoir le prix demand\u00e9.<\/p>\n\n\n\n<h2 class=\"wp-block-heading\">Service d&rsquo;\u00e9valuation \u00e0 des fins juridiques ou hypoth\u00e9caires<\/h2>\n\n\n\n<p>Pour nos clients qui ont besoin d&rsquo;une \u00e9valuation plus formelle \u00e0 des fins bancaires, pour des investisseurs ou pour toute autre raison n\u00e9cessitant un document ayant un poids juridique et une technicit\u00e9 rigoureuse, nous pouvons fournir ce service moyennant des honoraires. Nous avons le plaisir d&rsquo;annoncer que l&rsquo;architecte <strong>Jos\u00e9 Juan Rodr\u00edguez Castro a rejoint l&rsquo;\u00e9quipe de Panorama en tant qu&rsquo;expert immobilier tr\u00e8s exp\u00e9riment\u00e9, pleinement qualifi\u00e9 et accr\u00e9dit\u00e9<\/strong>. Toutes les \u00e9valuations approfondies sont examin\u00e9es par notre \u00e9quipe de vente et de cotation, dirig\u00e9e par <a href=\"https:\/\/www.panoramamarbella.com\/fr\/a-propos\/equipe-panorama\/christopher-clover\">Christopher Clover<\/a>, afin de s&rsquo;assurer que l&rsquo;\u00e9valuation de la propri\u00e9t\u00e9 d\u00e9termin\u00e9e est absolument le meilleur prix demand\u00e9 sur le march\u00e9 actuel.<\/p>\n\n\n\t<figure class=\"wp-caption alignright mt-4 wp-block-acf-wpimage\">\n\t<picture><source width=\"500\" height=\"500\" srcset=\"https:\/\/media.panoramamarbella.com\/imgV1\/B95mbh8olwFQm~uCT2wPZMb8hll4wghQQQq6YWg0~c~U_DrmgY8pGP8pqaDzA6mvjyI_OPtcrHD_aKxCvYKIXptRV3lqxWVRpyK6_Qt9brGJjUIs~Ou8~j5wSwovatxbvwkdUx~7q5QDGasrMtkWLUXU5PoAQGqDhaCFeGsRZx_jcNuO0fPasqfuKof_nRxpTfFdHYqENlc-.webp 500w\" type=\"image\/webp\"><img decoding=\"async\" class=\"img-fluid\" loading=\"lazy\" width=\"500\" height=\"500\" alt=\"Service d&#039;\u00e9valuation de biens immobiliers \u00e0 Marbella par Panorama\" src=\"https:\/\/media.panoramamarbella.com\/imgV1\/B95mbh8olwFQm~uCT2wPZMb8hll4wghQQQq6YWg0~c~U_DrmgY8pGP8pqaDzA6mvjyI_OPtcrHD_aKxCvYKIXptRV3lqxWVRpyK6_Qt9brGJjUIs~Ou8~j5wSwovatxbvwkdUx~7q5QDGasrMtkWLUXU5PoeXeFty5SJue4pPgC2_nfgBA--.jpg\"><\/picture>\t\t\t<figcaption class=\"wp-caption-text\">\n\t\tService d&rsquo;\u00e9valuation de biens immobiliers \u00e0 Marbella par Panorama\t\t<\/figcaption>\n\t\t\t<\/figure>\n\t\n\n\n<h2 class=\"wp-block-heading\">Experts immobiliers<\/h2>\n\n\n\n<p>Nous comprenons les d\u00e9tails et les qualit\u00e9s uniques des propri\u00e9t\u00e9s de luxe et nous avons l&rsquo;expertise n\u00e9cessaire pour mettre votre propri\u00e9t\u00e9 en avant aupr\u00e8s des personnes qui comptent le plus. Nous sommes leaders sur le march\u00e9 de la vente des propri\u00e9t\u00e9s les plus prestigieuses et les plus luxueuses de Marbella et de la Costa del Sol. Nos strat\u00e9gies uniques, notre expertise locale et nos \u00e9valuations de propri\u00e9t\u00e9s tr\u00e8s pr\u00e9cises et exp\u00e9riment\u00e9es signifient que <strong>vous pouvez compter sur nous pour obtenir une \u00e9valuation correcte de votre propri\u00e9t\u00e9<\/strong>.<\/p>\n\n\n\n<p>Gr\u00e2ce \u00e0 notre solide r\u00e9seau d&rsquo;acheteurs, nous pouvons mettre votre propri\u00e9t\u00e9 sur le march\u00e9 selon vos instructions et au prix demand\u00e9. Si vous \u00eates \u00e0 la recherche d&rsquo;une \u00e9valuation immobili\u00e8re en laquelle vous pouvez avoir confiance pour vendre votre propri\u00e9t\u00e9 de luxe en toute transparence aux bonnes personnes, <strong>Panorama est votre partenaire id\u00e9al<\/strong>.<\/p>\n\n\n\n<p>Nous comprenons que certaines personnes souhaitent rester anonymes lorsqu&rsquo;elles envisagent de vendre leur maison. Vous pouvez donc compter sur nous pour vous offrir un service d&rsquo;\u00e9valuation et de marketing efficace et discret.<\/p>\n\n\n<hr class=\"w-75 mt-3 mt-md-5 mb-3 mb-md-6 mx-auto border-2 border-secondary opacity-50\">\n\n\n\n\n<h2 class=\"wp-block-heading\" id=\"contact\">Entrez en contact avec un expert en \u00e9valuation immobili\u00e8re de Panorama<\/h2>\n\n\n\n<p>Personne ne conna\u00eet mieux votre quartier de Marbella que Panorama et ses conseillers experts.<\/p>\n\n\n\n<div class=\"contact-only bg-light wp-block-acf-contactform\">\n\t\t<div class=\"position-relative\">\n\t\t<span id=\"inm-contact-form\" class=\"position-absolute\" style=\"top:-130px\"><\/span>\n\t<\/div>\n\t\t\n\t\t<script src=\"https:\/\/www.google.com\/recaptcha\/api.js?render=6LeWOaYZAAAAAGZM7q40J51QMau9I_gs19mp9lZJ&#038;hl=fr\"><\/script>\n\t\n<form id=\"contact_form_1\" class=\"needs-validation h-100 d-flex flex-column p-4 p-md-5\" data-contact=\"contact_form_1\" action=\"localhost\" method=\"POST\" novalidate>\n\t\t<span id=\"contact_form_1-result\" data-stext=\"source\" data-source=\"contact\"><\/span>\n\t<input type=\"hidden\" name=\"success\" value=\"\/fr\/success?source=listings\" \/>\n\t<input type=\"hidden\" name=\"lang\" value=\"fr\" \/>\n\t<input type=\"hidden\" name=\"agency\" value=\"399\" \/>\n\t<input type=\"hidden\" name=\"recipient\" value=\"listings\" \/>\n\t<input type=\"hidden\" name=\"source\" value=\"https:\/\/www.panoramamarbella.com\/fr\/wp-json\/wp\/v2\/pages\/5136\" \/>\n\t<input type=\"hidden\" name=\"subject\" value=\"Listing Request (FR)\" \/>\n\t\t\t<input type=\"hidden\" name=\"origin\" value=\"Service d&rsquo;\u00e9valuation immobili\u00e8re de Marbella par Panorama\" \/>\n\t\t<div class=\"row g-3\">\n\t\t<div class=\"col-md-6\">\n\t\t\t<label class=\"form-label\" for=\"name\">Pr\u00e9nom*<\/label>\n\t\t\t<input id=\"name\" name=\"name\" type=\"text\" class=\"form-control\" autocomplete=\"off\" required data-error=\"Nom requis\">\n\t\t<\/div>\n\t\t<div class=\"col-md-6\">\n\t\t\t<label class=\"form-label\" for=\"name\">Nom de famille*<\/label>\n\t\t\t<input id=\"lastname\" name=\"lastname\" type=\"text\" class=\"form-control\" autocomplete=\"off\" required data-error=\"Nom de famille\">\n\t\t<\/div>\n\t\t<div class=\"col-12\">\n\t\t\t<label class=\"form-label\" for=\"email\">E-mail*<\/label>\n\t\t\t<input id=\"email\" name=\"email\" type=\"email\" class=\"form-control\" autocomplete=\"off\" required data-error=\"E-mail requis\">\n\t\t<\/div>\n\t\t\t\t<div class=\"col-md-6\">\n\t\t\t<label class=\"form-label\" for=\"phone\">Num\u00e9ro de t\u00e9l\u00e9phone <small><\/small><\/label>\n\t\t\t<input id=\"phone\" name=\"intphone\" type=\"tel\" class=\"form-control\" autocomplete=\"off\" placeholder=\"T\u00e9l\u00e9phone\" required data-error=\"Les num\u00e9ros de t\u00e9l\u00e9phone doivent comporter entre 8 et 20 chiffres\" pattern=\"(?:\\d\\s*){4,}\">\n\t\t<\/div>\n\t\t<div class=\"col-md-6\">\n\t\t\t<label class=\"form-label\">Meilleur moment pour appeler <small><\/small><\/label>\n\t\t\t<select class=\"form-select\" name=\"time\">\n\t\t\t\t<option selected>\u00c0 tout moment<\/option>\n\t\t\t\t<option value=\"1\">Le matin<\/option>\n\t\t\t\t<option value=\"2\">L&rsquo;apr\u00e8s-midi<\/option>\n\t\t\t\t<option value=\"3\">Le soir<\/option>\n\t\t\t<\/select>\n\t\t<\/div>\n\t\t<div class=\"col-12\">\n\t\t\t<label for=\"address\" class=\"form-label\">Adresse <small><\/small><\/label>\n\t\t\t<input id=\"address\" name=\"address\" type=\"text\" class=\"form-control\" \/>\n\t\t<\/div>\n\t\t<div class=\"col-12\">\n\t\t\t<label for=\"formComment\" class=\"form-label\">Message<\/label>\n\t\t\t<textarea class=\"form-control\" placeholder=\"Laissez un commentaire ici\" name=\"comment\" id=\"formComment\" maxlength=\"8000\" rows=\"5\"><\/textarea>\n\t\t<\/div>\n\t\t\t\t<div class=\"col-12\">\n\t\t\t<div class=\"form-check\">\n\t\t\t\t<input type=\"checkbox\" class=\"form-check-input\" id=\"contact_form_1-customCheck1\" name=\"privacy_policy\" required data-error=\"Champ obligatoire\">\n\t\t\t\t<label class=\"form-check-label\" for=\"contact_form_1-customCheck1\">J&rsquo;accepte le <a target=\"_blank\" class=\"text-decoration-none\" href=\"https:\/\/www.panoramamarbella.com\/privacy-policy\">Conditions g\u00e9n\u00e9rales d&rsquo;utilisation<\/a><\/label>\n\t\t\t<\/div>\n\t\t\t<div class=\"form-check\">\n\t\t\t\t<input type=\"checkbox\" class=\"form-check-input\" id=\"contact_form_1-customCheck2\" name=\"commercial_information\">\n\t\t\t\t<label class=\"form-check-label\" for=\"contact_form_1-customCheck2\">J&rsquo;accepte de recevoir des communications de Panorama<\/label>\n\t\t\t<\/div>\n\t\t<\/div>\n\t<\/div>\n\t<button data-ids=\"contact_form_1\" data-lang=\"fr\" data-sitekey=\"6LeWOaYZAAAAAGZM7q40J51QMau9I_gs19mp9lZJ\" class=\"align-self-start btn btn-primary px-4 py-2 mt-4 g-recaptcha\" role=\"button\" aria-label=\"Send\">Envoyer<\/button>\n<\/form><\/div>\n\n","protected":false},"excerpt":{"rendered":"","protected":false},"author":2,"featured_media":3613,"parent":5130,"menu_order":1,"comment_status":"closed","ping_status":"closed","template":"","meta":{"_acf_changed":true,"footnotes":""},"class_list":["post-5136","page","type-page","status-publish","has-post-thumbnail","hentry"],"acf":[],"_links":{"self":[{"href":"https:\/\/www.panoramamarbella.com\/fr\/wp-json\/wp\/v2\/pages\/5136","targetHints":{"allow":["GET"]}}],"collection":[{"href":"https:\/\/www.panoramamarbella.com\/fr\/wp-json\/wp\/v2\/pages"}],"about":[{"href":"https:\/\/www.panoramamarbella.com\/fr\/wp-json\/wp\/v2\/types\/page"}],"author":[{"embeddable":true,"href":"https:\/\/www.panoramamarbella.com\/fr\/wp-json\/wp\/v2\/users\/2"}],"replies":[{"embeddable":true,"href":"https:\/\/www.panoramamarbella.com\/fr\/wp-json\/wp\/v2\/comments?post=5136"}],"version-history":[{"count":0,"href":"https:\/\/www.panoramamarbella.com\/fr\/wp-json\/wp\/v2\/pages\/5136\/revisions"}],"up":[{"embeddable":true,"href":"https:\/\/www.panoramamarbella.com\/fr\/wp-json\/wp\/v2\/pages\/5130"}],"wp:featuredmedia":[{"embeddable":true,"href":"https:\/\/www.panoramamarbella.com\/fr\/wp-json\/wp\/v2\/media\/3613"}],"wp:attachment":[{"href":"https:\/\/www.panoramamarbella.com\/fr\/wp-json\/wp\/v2\/media?parent=5136"}],"curies":[{"name":"wp","href":"https:\/\/api.w.org\/{rel}","templated":true}]}}