{"id":5149,"date":"2024-07-02T14:05:26","date_gmt":"2024-07-02T12:05:26","guid":{"rendered":"https:\/\/www.panoramamarbella.com\/rapport-de-marche\/2021-edition"},"modified":"2024-08-02T15:16:08","modified_gmt":"2024-08-02T13:16:08","slug":"edition-2021","status":"publish","type":"page","link":"https:\/\/www.panoramamarbella.com\/fr\/rapport-de-marche\/edition-2021","title":{"rendered":"Rapport sur le march\u00e9 immobilier de Marbella 2021"},"content":{"rendered":"<div class=\"lead\"><p>Christopher Clover, directeur g\u00e9n\u00e9ral de Panorama, produit ce rapport de 2021 sur le march\u00e9 immobilier de Marbella, Costa del Sol, Espagne.<\/p>\n<\/div>\n\n\n\n<div style=\"position:relative;padding-top:max(60%,326px);height:0;width:100%\"><iframe allow=\"clipboard-write\" sandbox=\"allow-top-navigation allow-top-navigation-by-user-activation allow-downloads allow-scripts allow-same-origin allow-popups allow-modals allow-popups-to-escape-sandbox allow-forms\" allowfullscreen=\"true\" style=\"position:absolute;border:none;width:100%;height:100%;left:0;right:0;top:0;bottom:0;\" src=\"https:\/\/e.issuu.com\/embed.html?d=rapport_sur_le_marche_immobilier_de_marbella_2021&#038;u=panorama\" style=\"border:none;width:100%;height:600px;\" class=\"mt-2 mb-5\"><\/iframe><\/div>\n\n\n\n<p class=\"mt-5 mb-5\"><a href=\"https:\/\/www.panoramamarbella.com\/fr\/rapport-de-marche\">Lire le dernier rapport sur le march\u00e9 immobilier de Marbella<\/a>.<\/p>\n\n\n\n","protected":false},"excerpt":{"rendered":"","protected":false},"author":2,"featured_media":0,"parent":32357,"menu_order":3,"comment_status":"closed","ping_status":"closed","template":"","meta":{"_acf_changed":true,"footnotes":""},"class_list":["post-5149","page","type-page","status-publish","hentry"],"acf":[],"_links":{"self":[{"href":"https:\/\/www.panoramamarbella.com\/fr\/wp-json\/wp\/v2\/pages\/5149","targetHints":{"allow":["GET"]}}],"collection":[{"href":"https:\/\/www.panoramamarbella.com\/fr\/wp-json\/wp\/v2\/pages"}],"about":[{"href":"https:\/\/www.panoramamarbella.com\/fr\/wp-json\/wp\/v2\/types\/page"}],"author":[{"embeddable":true,"href":"https:\/\/www.panoramamarbella.com\/fr\/wp-json\/wp\/v2\/users\/2"}],"replies":[{"embeddable":true,"href":"https:\/\/www.panoramamarbella.com\/fr\/wp-json\/wp\/v2\/comments?post=5149"}],"version-history":[{"count":0,"href":"https:\/\/www.panoramamarbella.com\/fr\/wp-json\/wp\/v2\/pages\/5149\/revisions"}],"up":[{"embeddable":true,"href":"https:\/\/www.panoramamarbella.com\/fr\/wp-json\/wp\/v2\/pages\/32357"}],"wp:attachment":[{"href":"https:\/\/www.panoramamarbella.com\/fr\/wp-json\/wp\/v2\/media?parent=5149"}],"curies":[{"name":"wp","href":"https:\/\/api.w.org\/{rel}","templated":true}]}}