{"id":5158,"date":"2024-03-04T11:25:56","date_gmt":"2024-03-04T10:25:56","guid":{"rendered":"https:\/\/www.panoramamarbella.com\/about"},"modified":"2024-11-04T16:41:55","modified_gmt":"2024-11-04T15:41:55","slug":"a-propos","status":"publish","type":"page","link":"https:\/\/www.panoramamarbella.com\/fr\/a-propos","title":{"rendered":"\u00c0 propos de Panorama, l&rsquo;agence immobili\u00e8re la plus ancienne de Marbella"},"content":{"rendered":"\n<section class=\"wp-block-inm-maincontent wp-content mt-5\"><div class=\"lead\"><p>Panorama, la plus ancienne agence immobili\u00e8re de Marbella, a ouvert son premier bureau \u00e0 Marbella en 1970. Elle est dirig\u00e9e par son propri\u00e9taire et directeur g\u00e9n\u00e9ral, <a href=\"https:\/\/www.panoramamarbella.com\/fr\/a-propos\/equipe-panorama\/christopher-clover\">Christopher Clover<\/a>, avec la collaboration de sa fille <a href=\"https:\/\/www.panoramamarbella.com\/fr\/a-propos\/equipe-panorama\/katinka-clover\">Katinka<\/a> et de son fils <a href=\"https:\/\/www.panoramamarbella.com\/fr\/a-propos\/equipe-panorama\/alex-clover\">Alex<\/a>.<\/p>\n<\/div>\n\n\n<p>Panorama est sp\u00e9cialis\u00e9e dans la <a href=\"\/fr\/proprietes\">vente<\/a> et la <a href=\"\/fr\/locations\">location<\/a> de <a href=\"\/fr\/proprietes\/villas-maisons-isolee\">villas<\/a>, <a href=\"\/fr\/proprietes\/appartements-habitats\">appartements<\/a> et <a href=\"\/fr\/proprietes\/maisons-de-ville\">maisons de ville<\/a> de haute qualit\u00e9 le long de <a href=\"https:\/\/www.panoramamarbella.com\/fr\/zones\/le-mille-dor-de-marbella\" data-type=\"areas\" data-id=\"1496\">la prestigieuse Golden Mile de Marbella<\/a> et dans les zones environnantes, y compris Benahav\u00eds et Estepona-Est.<\/p>\n\n\n\n<p>En plus de nos services de vente et de location, nous offrons des <a href=\"\/fr\/proprietes\/locaux-commerciaux\">ventes de propri\u00e9t\u00e9s commerciales et d&rsquo;investissement<\/a> \u2013 y compris <a href=\"\/fr\/proprietes\/parcelles-terrains\">des terrains \u00e0 d\u00e9velopper <\/a>\u2013 ainsi que des <a href=\"\/fr\/consultation-investissement-immobilier-marbella\">services de conseil expert pour les investisseurs et promoteurs<\/a>.<br><br>Notre <a href=\"https:\/\/www.panoramamarbella.com\/fr\/services-a-la-clientele\" data-type=\"page\" data-id=\"5127\">Service Client<\/a> d\u00e9di\u00e9 assiste les clients dans tous les aspects de leur achat, des r\u00e9novations et de la d\u00e9coration int\u00e9rieure \u00e0 l&rsquo;organisation de pr\u00eats hypoth\u00e9caires et autres services essentiels pour garantir une exp\u00e9rience fluide.<\/p>\n\n\n\n<ul class=\"table-index list-unstyled p-4 p-lg-5 ms-0 bg-light\"><li class=\"text-uppercase fw-bold mb-3\">Table des mati\u00e8res<\/li><li><a href=\"#un+peu+dhistoire\">\nUn peu d'histoire\n<\/a><\/li>\n<li><a href=\"#nos+bureaux\">\nNos bureaux\n<\/a><\/li>\n<li><a href=\"#nos+experts+immobiliers\">\nNos experts immobiliers\n<\/a><\/li>\n<li><a href=\"#ce+que+nos+clients+disent+de+nous\">\nCe que nos clients disent de nous\n<\/a><\/li>\n<li><a href=\"#pourquoi+panorama+\">\nPourquoi Panorama ?\n<\/a><\/li>\n<li><a href=\"#le+magazine+de+panorama+the+marbella+property+magazine\">\nLe magazine de Panorama, The Marbella Property Magazine\u00ae.\n<\/a><\/li><\/ul>\n\n\n\n<h2 class=\"wp-block-heading\">Un peu d&rsquo;histoire<\/h2>\n\n\n\n<p>Fond\u00e9e en 1970, Panorama est l&rsquo;agence immobili\u00e8re la plus ancienne et la plus respect\u00e9e de Marbella. Sous la direction de Christopher Clover, Panorama a re\u00e7u de nombreuses r\u00e9compenses, dont le prestigieux prix 5 \u00e9toiles de la meilleure agence immobili\u00e8re d&rsquo;Espagne d\u00e9cern\u00e9 par les International Property Awards pendant trois ann\u00e9es cons\u00e9cutives.<\/p>\n\n\n\n<p>Vous trouverez ci-dessous un certain nombre d&rsquo;articles d\u00e9taill\u00e9s sur notre riche histoire et notre h\u00e9ritage.<\/p>\n\n\n\t<figure class=\"wp-caption alignright wp-block-acf-wpimage\">\n\t<picture><source width=\"500\" height=\"500\" srcset=\"https:\/\/media.panoramamarbella.com\/imgV1\/B95mbh8olwFQm~uCT2wPZMb8hll4wghQQQq6YWg0~c~U_DrmgY8pGP8pqaDzA6mvjyI_OPtcrHD_aKxCvYKJMNaVAFRLTr2rPMoo31H4NyLTsYeMiLSuX74X9Tqdjd~ALLOfp9SL9oey3fvOnjT_Ts4RHkA78LOXTeFmXThD13hL8I14J_c-.webp 500w\" type=\"image\/webp\"><img decoding=\"async\" class=\"img-fluid\" loading=\"lazy\" width=\"500\" height=\"500\" alt=\"Panorama: Over 50 years in Marbella.\" src=\"https:\/\/media.panoramamarbella.com\/imgV1\/B95mbh8olwFQm~uCT2wPZMb8hll4wghQQQq6YWg0~c~U_DrmgY8pGP8pqaDzA6mvjyI_OPtcrHD_aKxCvYKJMNaVAFRLTr2rPMoo31H4NyLTsYeMiLSuX74X9Tqdjd~ALLOBTrIbxn8W_C92Q~jxO8OEHg--.jpg\"><\/picture>\t\t\t<figcaption class=\"wp-caption-text\">\n\t\tPanorama : Plus de 50 ans \u00e0 Marbella\t\t<\/figcaption>\n\t\t\t<\/figure>\n\t\n\n\n<h3 class=\"wp-block-heading\">C\u00e9l\u00e9bration de plus de 50 ans \u00e0 Marbella<\/h3>\n\n\n\n<p>Pour toute entreprise, atteindre 50 ans d&rsquo;activit\u00e9 ininterrompue est une \u00e9tape importante, mais le faire sur le march\u00e9 hautement comp\u00e9titif de l&rsquo;immobilier de Marbella, peut-\u00eatre le secteur immobilier le plus comp\u00e9titif au monde, est un v\u00e9ritable accomplissement. <\/p>\n\n\n\n<p class=\"clearfix\">D\u00e9couvrez l&rsquo;histoire de Panorama, qui <a href=\"https:\/\/www.panoramamarbella.com\/fr\/a-propos\/plus-de-50-ans-a-marbella\" data-type=\"page\" data-id=\"5170\">f\u00eate ses 50 ans d&rsquo;existence \u00e0 Marbella<\/a>.<\/p>\n\n\n\t<figure class=\"wp-caption alignleft wp-block-acf-wpimage\">\n\t<picture><source width=\"500\" height=\"500\" srcset=\"https:\/\/media.panoramamarbella.com\/imgV1\/B95mbh8olwFQm~uCT2wPZMb8hll4wghQQQq6YWg0~c~U_DrmgY8pGP8pqaDzA6mvjyI_OPtcrHD_aKxCvYKJMJcOwFD_onKbUMM43ehHLIBpWSr0zgrFxcn04ccksyuCiOpiRy8aI_w8Yxa4DVtWwY0bg2Jrbf2FFBn_idVeMbXLijohzYxGijKJJ13HLq29L8I-.webp 500w\" type=\"image\/webp\"><img decoding=\"async\" class=\"img-fluid\" loading=\"lazy\" width=\"500\" height=\"500\" alt=\"Chronologie du Panorama\" src=\"https:\/\/media.panoramamarbella.com\/imgV1\/B95mbh8olwFQm~uCT2wPZMb8hll4wghQQQq6YWg0~c~U_DrmgY8pGP8pqaDzA6mvjyI_OPtcrHD_aKxCvYKJMJcOwFD_onKbUMM43ehHLIBpWSr0zgrFxcn04ccksyuCiOpiRy8aI_w8Yxa4DVtIZdLa8r2WQxBnoN2AX3pqRg--.jpg\"><\/picture>\t\t\t<figcaption class=\"wp-caption-text\">\n\t\tUne famille d\u00e9di\u00e9e \u00e0 l&rsquo;immobilier\t\t<\/figcaption>\n\t\t\t<\/figure>\n\t\n\n\n<h3 class=\"wp-block-heading\">Une famille d\u00e9di\u00e9e \u00e0 l&rsquo;immobilier depuis plus de 120 ans<\/h3>\n\n\n\n<p>La plupart des gens ignorent que Christopher Clover, propri\u00e9taire et directeur g\u00e9n\u00e9ral de Panorama, est issu d&rsquo;une famille d&rsquo;agents immobiliers et d&rsquo;entrepreneurs de trois g\u00e9n\u00e9rations. Quatri\u00e8me g\u00e9n\u00e9ration de professionnels, les enfants de Christopher, Alex et Katinka, font aujourd&rsquo;hui partie int\u00e9grante de l&rsquo;histoire de Panorama.<\/p>\n\n\n\n<p class=\"clearfix\">D\u00e9couvrez l&rsquo;histoire de la famille \u00e0 l&rsquo;origine de Panorama : <a href=\"https:\/\/www.panoramamarbella.com\/fr\/a-propos\/famille-dediee-immobilier-plus-120-ans\" data-type=\"page\" data-id=\"5167\">une famille qui se consacre \u00e0 l&rsquo;immobilier depuis plus de 120 ans<\/a>.<\/p>\n\n\n\n<p class=\"clearfix\">D\u00e9couvrez les premi\u00e8res ann\u00e9es du Panorama \u00e0 Marbella dans les ann\u00e9es 1970 : <a href=\"https:\/\/www.panoramamarbella.com\/fr\/a-propos\/comment-panorama-a-commence-a-marbella\" data-type=\"page\" data-id=\"5172\">Les d\u00e9buts du Panorama \u00e0 Marbella dans les ann\u00e9es 1970<\/a>.<\/p>\n\n\n\n<p>&nbsp;<\/p>\n\n\n\t<figure class=\"wp-caption alignright wp-block-acf-wpimage\">\n\t<picture><source width=\"500\" height=\"400\" srcset=\"https:\/\/media.panoramamarbella.com\/imgV1\/B95mbh8olwFQm~uCT2wPZMb8hll4wghQQQq6YWg0~c~U_DrmgY8pGP8pqaDzA6mvjyI_OPtcrHD_aKxCvYKJMI6YlmbAZirzGgB4hKbRxMify8vz_igKvy85_enp29LFNIyygq9ha2uIDAJNsNHvnm9MrtEh1Qmopza0zeVO0Zt6tiitHyFy_m2Y6WPtGvm00w--.webp 500w\" type=\"image\/webp\"><img decoding=\"async\" class=\"img-fluid\" loading=\"lazy\" width=\"500\" height=\"400\" alt=\"Les d\u00e9buts du Panorama \u00e0 Marbella dans les ann\u00e9es 1970\" src=\"https:\/\/media.panoramamarbella.com\/imgV1\/B95mbh8olwFQm~uCT2wPZMb8hll4wghQQQq6YWg0~c~U_DrmgY8pGP8pqaDzA6mvjyI_OPtcrHD_aKxCvYKJMI6YlmbAZirzGgB4hKbRxMify8vz_igKvy85_enp29LFNIyygq9ha2uIDAJNsM8LZgyefGrZn9Hoh9m5zIIc.jpg\"><\/picture>\t\t\t<figcaption class=\"wp-caption-text\">\n\t\tLes d\u00e9buts du Panorama \u00e0 Marbella dans les ann\u00e9es 1970\t\t<\/figcaption>\n\t\t\t<\/figure>\n\t\n\n\n<h3 class=\"wp-block-heading\">Les d\u00e9buts du Panorama \u00e0 Marbella dans les ann\u00e9es 1970<\/h3>\n\n\n\n<p>L&rsquo;histoire des premi\u00e8res ann\u00e9es de Panorama \u00e0 Marbella et les raisons pour lesquelles Marbella est devenue si attrayante pour nous en 1970 que nous avons d\u00e9cid\u00e9 d&rsquo;y ouvrir un bureau.<\/p>\n\n\n\n<p class=\"clearfix\">D\u00e9couvrez les premi\u00e8res ann\u00e9es du Panorama \u00e0 Marbella dans les ann\u00e9es 1970 : Les <a href=\"https:\/\/www.panoramamarbella.com\/fr\/a-propos\/famille-dediee-immobilier-plus-120-ans\" data-type=\"page\" data-id=\"5167\">d\u00e9buts du Panorama \u00e0 Marbella<\/a> dans les ann\u00e9es 1970.<\/p>\n\n\n\t<figure class=\"wp-caption alignleft wp-block-acf-wpimage\">\n\t<picture><source width=\"500\" height=\"352\" srcset=\"https:\/\/media.panoramamarbella.com\/imgV1\/B95mbh8olwFQm~uCT2wPZMb8hll4wghQQQq6YWg0~c~U_DrmgY8pGP8pqaDzA6mvjyI_OPtcrHD_aKxCvYKJMIUQAU5IasXufdyk5ygjyd8ZDtB1aY3i_CVysbjv7qM_t7meePiv8aad1_S7cZniNKmS0QwMlAt9CrE7NcdDuSgxF5BOiYvH~bTfBwBbGN60.webp 500w\" type=\"image\/webp\"><img decoding=\"async\" class=\"img-fluid\" loading=\"lazy\" width=\"500\" height=\"352\" alt=\"Une famille d\u00e9di\u00e9e \u00e0 l&#039;immobilier.\" src=\"https:\/\/media.panoramamarbella.com\/imgV1\/B95mbh8olwFQm~uCT2wPZMb8hll4wghQQQq6YWg0~c~U_DrmgY8pGP8pqaDzA6mvjyI_OPtcrHD_aKxCvYKJMIUQAU5IasXufdyk5ygjyd8ZDtB1aY3i_CVysbjv7qM_t7meePiv8aad1_S7b1G7vzas_hWMzoW6HP2fsQk-.jpg\"><\/picture>\t\t\t<figcaption class=\"wp-caption-text\">\n\t\tUne chronologie visuelle de l&rsquo;histoire de Panorama\t\t<\/figcaption>\n\t\t\t<\/figure>\n\t\n\n\n<h3 class=\"wp-block-heading\">Panorama : une chronologie visuelle<\/h3>\n\n\n\n<p>Depuis les origines de la famille Clover dans l&rsquo;immobilier \u00e0 Chicago en 1904, jusqu&rsquo;\u00e0 la consolidation de son statut d&rsquo;institution moderne de Marbella, jetez un coup d&rsquo;\u0153il \u00e0 une documentation visuelle sur la fa\u00e7on dont Panorama est arriv\u00e9 l\u00e0 o\u00f9 il est aujourd&rsquo;hui.<\/p>\n\n\n\n<p class=\"clearfix\">Pour en savoir plus, consultez la <a href=\"https:\/\/www.panoramamarbella.com\/fr\/a-propos\/chronologie-panorama\" data-type=\"page\" data-id=\"5174\">chronologie de Panorama<\/a>.<\/p>\n\n\n<hr class=\"w-75 mt-3 mt-md-5 mb-3 mb-md-6 mx-auto border-1 border-secondary opacity-50\">\n\n\n\n\t<figure class=\"wp-caption alignright wp-block-acf-wpimage\">\n\t<picture><source width=\"500\" height=\"500\" srcset=\"https:\/\/media.panoramamarbella.com\/imgV1\/B95mbh8olwFQm~uCT2wPZMb8hll4wghQQQq6YWg0~c~U_DrmgY8pGP8pqaDzA6mvjyI_OPtcrHD_aKxCvYKJMIxJB8FgNJIAWdCknu3UgCDo6mBfrEBL0dcp4eJ68blsuaIclNqqlSGn_yA5xOm7kvX~w7xGhaKt3My8Dfb1K7~ClokkPfwidA0-.webp 500w\" type=\"image\/webp\"><img decoding=\"async\" class=\"img-fluid\" loading=\"lazy\" width=\"500\" height=\"500\" alt=\"Bureau \u00e0 Puente Romano, Marbella, inaugur\u00e9 le 11 d\u00e9cembre 2020\" src=\"https:\/\/media.panoramamarbella.com\/imgV1\/B95mbh8olwFQm~uCT2wPZMb8hll4wghQQQq6YWg0~c~U_DrmgY8pGP8pqaDzA6mvjyI_OPtcrHD_aKxCvYKJMIxJB8FgNJIAWdCknu3UgCDo6mBfrEBL0dcp4eJ68blsuaIclNq0fXvI2uLK1zrJJFj2oHL_LQ--.jpg\"><\/picture>\t\t\t<figcaption class=\"wp-caption-text\">\n\t\tPanorama : Nos bureaux\t\t<\/figcaption>\n\t\t\t<\/figure>\n\t\n\n\n<h2 class=\"wp-block-heading\">Nos bureaux<\/h2>\n\n\n\n<p>Panorama s&rsquo;est forg\u00e9 une r\u00e9putation rare dans le secteur pour son approche professionnelle, honn\u00eate et transparente dans toutes les interactions avec les clients. Avec une vaste exp\u00e9rience de tous les aspects de l&rsquo;immobilier, notre \u00e9quipe comprend l&rsquo;importance d&rsquo;une communication claire et offre un service incomparable avant et apr\u00e8s la vente \u00e0 nos clients. Chez Panorama, nous nous engageons \u00e0 offrir le meilleur service immobilier disponible, partout.<\/p>\n\n\n\n<p>Panorama op\u00e8re \u00e0 partir de deux bureaux strat\u00e9giquement situ\u00e9s sur le Golden Mile de Marbella. Notre principal bureau de vente est situ\u00e9 dans le luxueux <strong>Puente Romano Beach Resort<\/strong>, tandis que notre si\u00e8ge social se trouve en face du c\u00e9l\u00e8bre <strong>Marbella Club Hotel<\/strong>.<\/p>\n\n\n\n<p>Ces emplacements de choix nous permettent de fournir un service in\u00e9gal\u00e9 \u00e0 nos clients.<\/p>\n\n\n\n<p class=\"clearfix\">Vous trouverez la localisation et les coordonn\u00e9es de nos bureaux \u00e0 Marbella dans notre section <a href=\"https:\/\/www.panoramamarbella.com\/fr\/a-propos\/bureaux-panorama\" data-type=\"page\" data-id=\"5160\">Bureaux Panorama<\/a>.<\/p>\n\n\n<hr class=\"w-75 mt-3 mt-md-5 mb-3 mb-md-6 mx-auto border-1 border-secondary opacity-50\">\n\n\n\n\t<figure class=\"wp-caption alignright wp-block-acf-wpimage\">\n\t<picture><source width=\"500\" height=\"500\" srcset=\"https:\/\/media.panoramamarbella.com\/imgV1\/B95mbh8olwFQm~uCT2wPZMb8hll4wghQQQq6YWg0~c~U_DrmgY8pGP8pqaDzA6mvjyI_OPtcrHD_aKxCvYKJMJP54VPSZ7AvK60kWoC~hMLCP~PE7aJjxQF0dfI5hRzIwySncWiVIM9FuQVtoBViuBjK3mDUFZ2CVgvzfnHTp7jRt1fl47dGisPX4RzMXiHn.webp 500w\" type=\"image\/webp\"><img decoding=\"async\" class=\"img-fluid\" loading=\"lazy\" width=\"500\" height=\"500\" alt=\"L&#039;\u00e9quipe du Panorama en 2024.\" src=\"https:\/\/media.panoramamarbella.com\/imgV1\/B95mbh8olwFQm~uCT2wPZMb8hll4wghQQQq6YWg0~c~U_DrmgY8pGP8pqaDzA6mvjyI_OPtcrHD_aKxCvYKJMJP54VPSZ7AvK60kWoC~hMLCP~PE7aJjxQF0dfI5hRzIwySncWiVIM9FuQVtvpSEamyLD2_FmusOr_o6JWs-.jpg\"><\/picture>\t\t\t<figcaption class=\"wp-caption-text\">\n\t\tL&rsquo;\u00e9quipe du Panorama en 2024\t\t<\/figcaption>\n\t\t\t<\/figure>\n\t\n\n\n<h2 class=\"wp-block-heading\">Nos experts immobiliers<\/h2>\n\n\n\n<p>Notre \u00e9quipe est compos\u00e9e de plus de 30 professionnels multilingues, parlant collectivement 13 langues diff\u00e9rentes. Chaque membre de l&rsquo;\u00e9quipe se consacre \u00e0 fournir un service exceptionnel, en s&rsquo;appuyant sur une connaissance approfondie du march\u00e9 immobilier de Marbella. Notre engagement en faveur du professionnalisme, de l&rsquo;int\u00e9grit\u00e9 et de la satisfaction du client nous a valu la r\u00e9putation de leaders du secteur.<\/p>\n\n\n\n<p>Rencontrez chacun des professionnels de l&rsquo;immobilier qui font partie de cette grande famille : <a href=\"https:\/\/www.panoramamarbella.com\/fr\/a-propos\/equipe-panorama\" data-type=\"page\" data-id=\"5161\">l&rsquo;\u00e9quipe Panorama.<\/a><\/p>\n\n\n<blockquote class=\"testimonial bg-secondary bg-opacity-10 text-dark wp-block-acf-blockquote\">\n    <p>\u00ab\u00a0Nous avons progressivement constitu\u00e9 la meilleure \u00e9quipe de champions de l&rsquo;industrie que nous ayons jamais eue, y compris notre \u00e9quipe de soutien, ce qui est peut-\u00eatre le facteur cl\u00e9 de notre succ\u00e8s et de notre long\u00e9vit\u00e9\u00a0\u00bb<\/p>\n<p>\u2013 Christopher Clover \u2013<\/p>\n    \n<\/blockquote>\n\n\n<hr class=\"w-75 mt-3 mt-md-5 mb-3 mb-md-6 mx-auto border-1 border-secondary opacity-50\">\n\n\n\n\t<figure class=\"wp-caption alignright wp-block-acf-wpimage\">\n\t<picture><source width=\"500\" height=\"500\" srcset=\"https:\/\/media.panoramamarbella.com\/imgV1\/B95mbh8olwFQm~uCT2wPZMb8hll4wghQQQq6YWg0~c~U_DrmgY8pGP8pqaDzA6mvjyI_OPtcrHD_aKxCvYKJMJcCorffxjbrLXtG3QUVLUX4jUUQCcak3Ooy0SIcXm8CsOZlWQiV2anbjknvqPa6WCBUDZuTPLfQCkyZ6eDxfp3_xDe6o4m7lQk6.webp 500w\" type=\"image\/webp\"><img decoding=\"async\" class=\"img-fluid\" loading=\"lazy\" width=\"500\" height=\"500\" alt=\"T\u00e9moignages sur Panorama.\" src=\"https:\/\/media.panoramamarbella.com\/imgV1\/B95mbh8olwFQm~uCT2wPZMb8hll4wghQQQq6YWg0~c~U_DrmgY8pGP8pqaDzA6mvjyI_OPtcrHD_aKxCvYKJMJcCorffxjbrLXtG3QUVLUX4jUUQCcak3Ooy0SIcXm8CsOZlWQiVx~Y__gAfV_cEVbRiwiMyURA-.jpg\"><\/picture>\t\t\t<figcaption class=\"wp-caption-text\">\n\t\tT\u00e9moignages sur Panorama\t\t<\/figcaption>\n\t\t\t<\/figure>\n\t\n\n\n<h2 class=\"wp-block-heading\">Ce que nos clients disent de nous<\/h2>\n\n\n\n<p>La satisfaction de nos clients est notre priorit\u00e9 absolue, et leurs commentaires positifs refl\u00e8tent notre d\u00e9vouement. Les clients font l&rsquo;\u00e9loge de notre communication transparente, de notre expertise et de notre service exceptionnel avant et apr\u00e8s la vente.<\/p>\n\n\n\n<p>Nous sommes fiers d&rsquo;entretenir des relations durables, en aidant nos clients \u00e0 atteindre leurs objectifs immobiliers en toute confiance et tranquillit\u00e9 d&rsquo;esprit.<\/p>\n\n\n\n<p class=\"clearfix\">Nous sommes ravis de partager avec vous quelques-uns des commentaires aimables <a href=\"https:\/\/www.panoramamarbella.com\/fr\/a-propos\/avis-clients\" data-type=\"page\" data-id=\"5165\">que nos distingu\u00e9s clients nous ont laiss\u00e9s<\/a>.<\/p>\n\n\n<hr class=\"w-75 mt-3 mt-md-5 mb-3 mb-md-6 mx-auto border-1 border-secondary opacity-50\">\n\n\n\n\t<figure class=\"wp-caption alignright wp-block-acf-wpimage\">\n\t<picture><source width=\"500\" height=\"500\" srcset=\"https:\/\/media.panoramamarbella.com\/imgV1\/B95mbh8olwFQm~uCT2wPZMb8hll4wghQQQq6YWg0~c~U_DrmgY8pGP8pqaDzA6mvjyI_OPtcrHD_aKxCvYKJMJSkapmq6RRMcrBOrp29Srtf55XwYn7398tr0QjpN0AdcI4D43n0sWDpA3jrl~Z0NCfngcitrzlNXUvpNK3IVfhwG~rRIhKYsfv0bP4-.webp 500w\" type=\"image\/webp\"><img decoding=\"async\" class=\"img-fluid\" loading=\"lazy\" width=\"500\" height=\"500\" alt=\"Pourquoi choisir Panorama ?\" src=\"https:\/\/media.panoramamarbella.com\/imgV1\/B95mbh8olwFQm~uCT2wPZMb8hll4wghQQQq6YWg0~c~U_DrmgY8pGP8pqaDzA6mvjyI_OPtcrHD_aKxCvYKJMJSkapmq6RRMcrBOrp29Srtf55XwYn7398tr0QjpN0AdcI4D43n0sWD3HPTRqlPaozfI5B~mGkKROA--.jpg\"><\/picture>\t\t\t<figcaption class=\"wp-caption-text\">\n\t\tPourquoi choisir Panorama ?\t\t<\/figcaption>\n\t\t\t<\/figure>\n\t\n\n\n<h2 class=\"wp-block-heading\">Pourquoi Panorama ?<\/h2>\n\n\n\n<p class=\"clearfix\">D\u00e9couvrez <a href=\"https:\/\/www.panoramamarbella.com\/fr\/a-propos\/pourquoi-choisir-panorama\" data-type=\"page\" data-id=\"5168\">pourquoi nos clients et les agents immobiliers locaux choisissent Panorama<\/a> pour acheter ou vendre des biens immobiliers \u00e0 Marbella et dans les environs.<\/p>\n\n\n<hr class=\"w-75 mt-3 mt-md-5 mb-3 mb-md-6 mx-auto border-1 border-secondary opacity-50\">\n\n\n\n\t<figure class=\"wp-caption alignright wp-block-acf-wpimage\">\n\t<picture><source width=\"500\" height=\"500\" srcset=\"https:\/\/media.panoramamarbella.com\/imgV1\/B95mbh8olwFQm~uCT2wPZMb8hll4wghQQQq6YWg0~c~U_DrmgY8pGP8pqaDzA6mvjyI_OPtcrHD_aKxCvYKJMJcPsYlLOvZ3ez3oCvlnncs2HYwALyRbJDD9lneB8nuUlRTgpDXiEdgb4gdwdJRv1KfrNOKBQvczZxP9uXxZkgQdxnUZ_edw0LbG4APO2ZDEetlkSFtWXvC_SL04P57CTL5FWwrGWw--.webp 500w\" type=\"image\/webp\"><img decoding=\"async\" class=\"img-fluid\" loading=\"lazy\" width=\"500\" height=\"500\" alt=\"Le Marbella Property Magazine\u00ae \u00e9dition 2023.\" src=\"https:\/\/media.panoramamarbella.com\/imgV1\/B95mbh8olwFQm~uCT2wPZMb8hll4wghQQQq6YWg0~c~U_DrmgY8pGP8pqaDzA6mvjyI_OPtcrHD_aKxCvYKJMJcPsYlLOvZ3ez3oCvlnncs2HYwALyRbJDD9lneB8nuUlRTgpDXiEdgb4gdwdJRv1KfrNOKBQvczZxP9uXxZkgQdxmupmpLuMVqFQhk4kfWMcaqB.jpg\"><\/picture>\t\t\t<figcaption class=\"wp-caption-text\">\n\t\tLe Marbella Property Magazine\u00ae \u00e9dition 2023\t\t<\/figcaption>\n\t\t\t<\/figure>\n\t\n\n\n<h2 class=\"wp-block-heading\">Le magazine de Panorama, The Marbella Property Magazine<sup>\u00ae<\/sup>.<\/h2>\n\n\n\n<p>Bienvenue au \u00ab\u00a0Marbella Property Magazine\u00a0\u00bb, votre premi\u00e8re ressource pour d\u00e9couvrir les meilleurs biens immobiliers de Marbella.<\/p>\n\n\n\n<p>Publi\u00e9 par Panorama, la plus ancienne agence immobili\u00e8re de Marbella, ce magazine offre un aper\u00e7u approfondi du <a href=\"https:\/\/www.panoramamarbella.com\/fr\/rapport-de-marche\">march\u00e9 immobilier de<\/a> la r\u00e9gion. Vous y trouverez le rapport annuel de Christopher Clover sur le march\u00e9 immobilier de Marbella, des articles int\u00e9ressants sur l&rsquo;histoire et l&rsquo;\u00e9volution de Panorama, des <a href=\"https:\/\/www.panoramamarbella.com\/fr\/guide-acheteur\">guides compets our les acheteurs<\/a> et les <a href=\"https:\/\/www.panoramamarbella.com\/fr\/guide-vendeur\">vendeurs<\/a>, ainsi qu&rsquo;une<strong> s\u00e9lection exclusive des propri\u00e9t\u00e9s les plus exceptionnelles<\/strong>.<\/p>\n\n\n\n<p>Que vous recherchiez une propri\u00e9t\u00e9 luxueuse ou un appartement de vacances \u00e9l\u00e9gant, notre magazine est votre porte d&rsquo;entr\u00e9e vers les meilleures opportunit\u00e9s immobili\u00e8res de Marbella.<\/p>\n\n\n\n<p>Jetez un coup d&rsquo;\u0153il \u00e0 la derni\u00e8re \u00e9dition du <a href=\"https:\/\/www.panoramamarbella.com\/fr\/magazine-proprietes-immobilieres-marbella\" data-type=\"page\" data-id=\"5177\">Marbella Property Magazine<\/a>.<\/p>\n\n\n<hr class=\"w-75 mt-3 mt-md-5 mb-3 mb-md-6 mx-auto border-1 border-secondary opacity-50\">\n\n<\/section>\n","protected":false},"excerpt":{"rendered":"","protected":false},"author":2,"featured_media":4558,"parent":0,"menu_order":35,"comment_status":"closed","ping_status":"closed","template":"","meta":{"_acf_changed":false,"footnotes":""},"class_list":["post-5158","page","type-page","status-publish","has-post-thumbnail","hentry"],"acf":[],"_links":{"self":[{"href":"https:\/\/www.panoramamarbella.com\/fr\/wp-json\/wp\/v2\/pages\/5158","targetHints":{"allow":["GET"]}}],"collection":[{"href":"https:\/\/www.panoramamarbella.com\/fr\/wp-json\/wp\/v2\/pages"}],"about":[{"href":"https:\/\/www.panoramamarbella.com\/fr\/wp-json\/wp\/v2\/types\/page"}],"author":[{"embeddable":true,"href":"https:\/\/www.panoramamarbella.com\/fr\/wp-json\/wp\/v2\/users\/2"}],"replies":[{"embeddable":true,"href":"https:\/\/www.panoramamarbella.com\/fr\/wp-json\/wp\/v2\/comments?post=5158"}],"version-history":[{"count":1,"href":"https:\/\/www.panoramamarbella.com\/fr\/wp-json\/wp\/v2\/pages\/5158\/revisions"}],"predecessor-version":[{"id":8465,"href":"https:\/\/www.panoramamarbella.com\/fr\/wp-json\/wp\/v2\/pages\/5158\/revisions\/8465"}],"wp:featuredmedia":[{"embeddable":true,"href":"https:\/\/www.panoramamarbella.com\/fr\/wp-json\/wp\/v2\/media\/4558"}],"wp:attachment":[{"href":"https:\/\/www.panoramamarbella.com\/fr\/wp-json\/wp\/v2\/media?parent=5158"}],"curies":[{"name":"wp","href":"https:\/\/api.w.org\/{rel}","templated":true}]}}