{"id":5160,"date":"2024-05-27T15:51:34","date_gmt":"2024-05-27T13:51:34","guid":{"rendered":"https:\/\/www.panoramamarbella.com\/a-propos\/panorama-offices"},"modified":"2024-07-28T12:08:29","modified_gmt":"2024-07-28T10:08:29","slug":"bureaux-panorama","status":"publish","type":"page","link":"https:\/\/www.panoramamarbella.com\/fr\/a-propos\/bureaux-panorama","title":{"rendered":"Bureaux Panorama \u00e0 Marbella"},"content":{"rendered":"\n<div class=\"lead\"><p>Panorama op\u00e8re \u00e0 partir de <strong>deux bureaux strat\u00e9giquement situ\u00e9s sur le Golden Mile de Marbella<\/strong>.<\/p>\n<p>Notre bureau de vente principal est situ\u00e9 dans le luxueux Puente Romano Beach Resort, tandis que notre si\u00e8ge social se trouve en face du c\u00e9l\u00e8bre Marbella Club Hotel.<\/p>\n<\/div>\n\n\t<section class=\"hero container d-flex flex-column-reverse flex-lg-row align-items-lg-start mt-7 wp-block-acf-hero\">\n\t\t<div class=\"hero-text order-lg-2\">\n\t\t\t<p class=\"fw-bold fs-6 mb-2\">Puente Romano<\/p><h2 class=\"h1 mt-0 mb-3\">Bureau de vente principal<\/h2><p class=\"fw-light fs-5\">Bv. Alfonso de Hohenlohe. Hotel Puente Romano, Local 23<br \/>\n29602 Marbella &#8211; <a href=\"https:\/\/maps.app.goo.gl\/f35QnjjjE9UngjeM7\" target=\"_blank\" rel=\"noopener\"><strong>Google Maps <em>direct link<\/em><\/strong><\/a><br \/>\n(\u00e0 c\u00f4t\u00e9 de la r\u00e9ception Nobu)<\/p>\n<p class=\"fw-light fs-5\">Tel. (+34) 952 863 750<br \/>\n<a href=\"tel:+34952863750\">Appelez-nous<\/a> \u00b7 <a href=\"https:\/\/www.panoramamarbella.com\/fr\/contactez\">Envoyer un message<\/a><\/p>\n<p class=\"fw-light fs-5\"><strong>Heures de bureau<\/strong><br \/>\nDu lundi au vendredi: 9:30h \u00e0 19:00h<br \/>\nLe samedi: 10:00h \u00e0 14:00h<br \/>\nFerm\u00e9: D\u00e9cembre 25, Janvier 1 et Janvier 6<\/p>\n\t\t<\/div>\n\t\t<figure class=\"hero-image order-lg-1 position-relative w-100 ratio ratio-4x3 mb-5\">\n\t\t\t<picture><source sizes=\"(max-width: 413px) 388px,(max-width: 575px) calc(100vw - 24px), (max-width: 767px) 516px, (max-width: 991px) 696px, (max-width: 1199px) 453px, (max-width: 1399px) 570px, 570px\" width=\"696\" height=\"522\" srcset=\"https:\/\/media.panoramamarbella.com\/imgV1\/B95mbh8olwFQm~uCT2wPZMb8hll4wghQQQq6YWg0~c~U_DrmgY8pGP8pqaDzA6mvjyI_OPtcrHD_aKxCvYKLjbWMda7VRztOP6qHe6bGAgwW2C2nG324xs4aTIq0QtC8UW9ZEG4gvaFryo1xEbSbAb4sqoEgyfSz5iFygwRg71COGbG8QEvS4W5XPEEUA3mP7j8E6dxg.webp 696w,https:\/\/media.panoramamarbella.com\/imgV1\/B95mbh8olwFQm~uCT2wPZMb8hll4wghQQQq6YWg0~c~U_DrmgY8pGP8pqaDzA6mvjyI_OPtcrHD_aKxCvYKLjbWMda7VRztOP6qHe6bGAgwW2C2nG324xs4aTIq0QtC8UW9ZEwsTSX30Wr9FSHP6z7NjF8f4R3y3pPjFpEX7MYtREjtL3Fgb60_teLdFiMWNonUqx78a.webp 570w,https:\/\/media.panoramamarbella.com\/imgV1\/B95mbh8olwFQm~uCT2wPZMb8hll4wghQQQq6YWg0~c~U_DrmgY8pGP8pqaDzA6mvjyI_OPtcrHD_aKxCvYKLjbWMda7VRztOP6qHe6bGAgwW2C2nG324xs4aTIq0QtC8UW9ZFfqlr3iqWvt3tK6d4x0ACp7AoaPPWNKalntEiVgYBEuA0~5SeD0fvC_dcgnzVC~R28Af.webp 388w\" type=\"image\/webp\"><img decoding=\"async\" class=\"position-absolute top-0 z-1 w-100 h-100 object-fit-cover\" loading=\"lazy\" alt=\"Puente Romano Office. Panorama Offices in Marbella\" width=\"696\" height=\"522\" src=\"https:\/\/media.panoramamarbella.com\/imgV1\/B95mbh8olwFQm~uCT2wPZMb8hll4wghQQQq6YWg0~c~U_DrmgY8pGP8pqaDzA6mvjyI_OPtcrHD_aKxCvYKLjbWMda7VRztOP6qHe6bGAgwW2C2nG324xs4aTIq0QtC8UW9ZEG4gvaFryo1xEbSbAb4stIc6QW27_AHilewRIwHNzf0-.webp\"><\/picture>\t\t\t\t\t\t\t<figcaption class=\"top-100 w-100 h-auto mb-n4\">\n\t\t\t\t\t<small class=\"mb-0 mt-2 wp-caption\">Puente Romano Panorama Office \u00e0 Marbella<\/small>\n\t\t\t\t<\/figcaption>\n\t\t\t\t\t\n\t\t\t\n\t\t<\/figure>\t\n\t<\/section>\n\n\n\t<section class=\"hero container d-flex flex-column-reverse flex-lg-row align-items-lg-start mt-7 mb-5 wp-block-acf-hero\">\n\t\t<div class=\"hero-text order-lg-2\">\n\t\t\t<p class=\"fw-bold fs-6 mb-2\">Marbella Club<\/p><h2 class=\"h1 mt-0 mb-3\">Si\u00e8ge social<\/h2><p class=\"fw-light fs-5\">Bv. Alfonso de Hohenlohe 3, Ed. Centro Expo, Local 30<br \/>\n(opposite Marbella Club Hotel)<br \/>\n29602 Marbella &#8211; <a title=\"Marbella Club Panorama Office in Marbella\" href=\"https:\/\/maps.app.goo.gl\/aEvcMSiWtMBn6Zrm9\" target=\"_blank\" rel=\"noopener\"><strong>Google Maps <em>direct link<\/em><\/strong><\/a><\/p>\n<p class=\"fw-light fs-5\">Tel. (+34) 952 774 266<br \/>\n<a href=\"tel:+34951127179\">Appelez-nous<\/a> \u00b7\u00a0<a href=\"https:\/\/www.panoramamarbella.com\/fr\/contactez\">Envoyer un message<\/a><\/p>\n<p class=\"fw-light fs-5\"><strong>Heures de bureau<\/strong><br \/>\nDu lundi au vendredi: 9:30h \u00e0 19:00h<br \/>\nLe samedi: 10:00h \u00e0 14:00h<br \/>\nFerm\u00e9: D\u00e9cembre 25, Janvier 1 et Janvier 6<\/p>\n<p class=\"fw-light fs-5\">&nbsp;<\/p>\n\t\t<\/div>\n\t\t<figure class=\"hero-image order-lg-1 position-relative w-100 ratio ratio-4x3 mb-5\">\n\t\t\t<picture><source sizes=\"(max-width: 413px) 388px,(max-width: 575px) calc(100vw - 24px), (max-width: 767px) 516px, (max-width: 991px) 696px, (max-width: 1199px) 453px, (max-width: 1399px) 570px, 570px\" width=\"696\" height=\"522\" srcset=\"https:\/\/media.panoramamarbella.com\/imgV1\/B95mbh8olwFQm~uCT2wPZMb8hll4wghQQQq6YWg0~c~U_DrmgY8pGP8pqaDzA6mvjyI_OPtcrHD_aKxCvYKLjabPikXx1r1BhmgjA1vIFin0S0flc6AIx_~QdCFquK8gPWFelDZsv25Ehcu3Q1cg16F2b7sO_GDCKlY5~yN2g84Eem6xYiQm3rGgX4P2YyBriw--.webp 696w,https:\/\/media.panoramamarbella.com\/imgV1\/B95mbh8olwFQm~uCT2wPZMb8hll4wghQQQq6YWg0~c~U_DrmgY8pGP8pqaDzA6mvjyI_OPtcrHD_aKxCvYKLjabPikXx1r1BhmgjA1vIFin0S0flc6AIx_~QdCFquKy~B8uzCo1fE2PVK6O1kCYWbViXY~Qk6~GE_njlhjBeAWiDzrMkBmSWkmAswqXskojltw--.webp 570w,https:\/\/media.panoramamarbella.com\/imgV1\/B95mbh8olwFQm~uCT2wPZMb8hll4wghQQQq6YWg0~c~U_DrmgY8pGP8pqaDzA6mvjyI_OPtcrHD_aKxCvYKLjabPikXx1r1BhmgjA1vIFin0S0flc6AIx_~QdCFquKpi0DcERvqQ64zLe_DMW1DjqykMc8a7yeoEJALzicYUWNuJ6~yohoLCz4KnJOlcQDol1A--.webp 388w\" type=\"image\/webp\"><img decoding=\"async\" class=\"position-absolute top-0 z-1 w-100 h-100 object-fit-cover\" loading=\"lazy\" alt=\"Panorama Corporate Headquarters. Panorama Offices in Marbella\" width=\"696\" height=\"522\" src=\"https:\/\/media.panoramamarbella.com\/imgV1\/B95mbh8olwFQm~uCT2wPZMb8hll4wghQQQq6YWg0~c~U_DrmgY8pGP8pqaDzA6mvjyI_OPtcrHD_aKxCvYKLjabPikXx1r1BhmgjA1vIFin0S0flc6AIx_~QdCFquK8gPWFelDZsv25Ehcu3Q0kwKd6B_Ao90a~lVk6WFIHZ.webp\"><\/picture>\t\t\t\t\t\t\t<figcaption class=\"top-100 w-100 h-auto mb-n4\">\n\t\t\t\t\t<small class=\"mb-0 mt-2 wp-caption\">Marbella Club Panorama Office \u00e0 Marbella<\/small>\n\t\t\t\t<\/figcaption>\n\t\t\t\t\t\n\t\t\t\n\t\t<\/figure>\t\n\t<\/section>\n\n\n<article class=\"col w-100 position-relative mb-7 wp-block-acf-banner\">\n    <div class=\"d-flex flex-wrap flex-column flex-xl-row align-items-start align-items-xl-end gap-4 w-100 bg-secondary text-white p-4\">\n        <div class=\"d-flex flex-column\">\n\t\t\t            <a href=\"https:\/\/www.panoramamarbella.com\/fr\/contactez\" class=\"stretched-link text-white text-decoration-none\" title=\"Vous souhaitez acheter, vendre ou louer votre bien immobilier ?\">\n\t\t\t\t<h2 class=\"text-white mb-3\">Vous souhaitez acheter, vendre ou louer votre bien immobilier ?<\/h2>            <\/a>\n\t\t\t            <p class=\"mb-0\">\n                Venez nous voir dans nos bureaux \u00e0 Marbella, notre \u00e9quipe est disponible pour r\u00e9pondre \u00e0 vos questions et vous offrir le meilleur service. N&rsquo;h\u00e9sitez pas \u00e0 nous contacter par t\u00e9l\u00e9phone ou \u00e0 nous rendre visite dans nos bureaux de Marbella, nous vous attendons avec impatience !            <\/p>\n\t\t\t        <\/div>\n\t\t        <span class=\"btn btn-outline-light ms-xl-auto\">Contacter Panorama<\/span>\n\t\t    <\/div>\n<\/article>\n\n\n\n<hr class=\"w-75 mt-3 mt-md-5 mb-3 mb-md-6 mx-auto border-1 border-secondary opacity-50\">\n\n\n","protected":false},"excerpt":{"rendered":"","protected":false},"author":2,"featured_media":1513,"parent":5158,"menu_order":9,"comment_status":"closed","ping_status":"closed","template":"","meta":{"_acf_changed":true,"footnotes":""},"class_list":["post-5160","page","type-page","status-publish","has-post-thumbnail","hentry"],"acf":[],"_links":{"self":[{"href":"https:\/\/www.panoramamarbella.com\/fr\/wp-json\/wp\/v2\/pages\/5160","targetHints":{"allow":["GET"]}}],"collection":[{"href":"https:\/\/www.panoramamarbella.com\/fr\/wp-json\/wp\/v2\/pages"}],"about":[{"href":"https:\/\/www.panoramamarbella.com\/fr\/wp-json\/wp\/v2\/types\/page"}],"author":[{"embeddable":true,"href":"https:\/\/www.panoramamarbella.com\/fr\/wp-json\/wp\/v2\/users\/2"}],"replies":[{"embeddable":true,"href":"https:\/\/www.panoramamarbella.com\/fr\/wp-json\/wp\/v2\/comments?post=5160"}],"version-history":[{"count":0,"href":"https:\/\/www.panoramamarbella.com\/fr\/wp-json\/wp\/v2\/pages\/5160\/revisions"}],"up":[{"embeddable":true,"href":"https:\/\/www.panoramamarbella.com\/fr\/wp-json\/wp\/v2\/pages\/5158"}],"wp:featuredmedia":[{"embeddable":true,"href":"https:\/\/www.panoramamarbella.com\/fr\/wp-json\/wp\/v2\/media\/1513"}],"wp:attachment":[{"href":"https:\/\/www.panoramamarbella.com\/fr\/wp-json\/wp\/v2\/media?parent=5160"}],"curies":[{"name":"wp","href":"https:\/\/api.w.org\/{rel}","templated":true}]}}