{"id":5168,"date":"2024-05-30T10:34:47","date_gmt":"2024-05-30T08:34:47","guid":{"rendered":"https:\/\/www.panoramamarbella.com\/a-propos\/why-choose-panorama"},"modified":"2024-07-28T11:56:15","modified_gmt":"2024-07-28T09:56:15","slug":"pourquoi-choisir-panorama","status":"publish","type":"page","link":"https:\/\/www.panoramamarbella.com\/fr\/a-propos\/pourquoi-choisir-panorama","title":{"rendered":"Pourquoi choisir Panorama ?"},"content":{"rendered":"<div class=\"lead\"><p>Panorama, comme vous le savez peut-\u00eatre d\u00e9j\u00e0, est <a href=\"https:\/\/www.panoramamarbella.com\/fr\/a-propos\/plus-de-50-ans-a-marbella\">pr\u00e9sent sur le march\u00e9 immobilier de la Costa del Sol depuis plus de 50 ans<\/a>. Notre h\u00e9ritage et notre histoire nous ont permis d&rsquo;acqu\u00e9rir une r\u00e9putation in\u00e9gal\u00e9e, tant aupr\u00e8s de nos <a href=\"https:\/\/www.panoramamarbella.com\/fr\/a-propos\/avis-clients\">clients satisfaits<\/a> qu&rsquo;aupr\u00e8s des autres agents immobiliers de la r\u00e9gion qui collaborent r\u00e9guli\u00e8rement avec nous pour <a href=\"\/fr\/proprietes\">l&rsquo;achat<\/a> et la <a href=\"https:\/\/www.panoramamarbella.com\/fr\/vendre\">vente de biens immobiliers \u00e0 Marbella et dans ses environs<\/a>.<\/p>\n<p>D\u00e9couvrez pourquoi tant de clients et de collaborateurs fid\u00e8les choisissent Panorama.<\/p>\n<\/div>\n\n<section class=\"hero hero-styled position-relative mt-7 py-lg-5 overflow-hidden wp-block-acf-herostyled\">\n\t<div class=\"container d-flex flex-column-reverse flex-lg-row-reverse align-items-lg-start\">\n\t\t<div class=\"hero-text z-1\">\n\t\t\t<p class=\"fw-semibold fs-6 mb-2\">Des experts pour trouver la maison id\u00e9ale en fonction de vos besoins<\/p><h2 class=\"h1 mt-0 mb-3\">Pourquoi les acheteurs choisissent Panorama<\/h2><p class=\"fw-light fs-5\">D\u00e9couvrez pourquoi Panorama est le choix immobilier id\u00e9al si vous cherchez \u00e0 acheter une propri\u00e9t\u00e9 \u00e0 Marbella.<\/p>\n<ul class=\"mw-100 d-flex flex-column flex-lg-row flex-lg-wrap gap-3 list-unstyled mt-5 mb-0\">\n    <li><a class=\"btn btn-primary w-100 px-4 py-2\" href=\"https:\/\/www.panoramamarbella.com\/fr\/pourquoi-acheter-avec-panorama\">Pourquoi acheter avec Panorama<\/a><\/li><\/ul>\n\t\t<\/div>\n\t\t<figure class=\"hero-image position-relative w-100 ratio ratio-4x3 mb-5\">\n\t\t\t<picture><source sizes=\"(max-width: 575px) calc(100vw - 24px), (max-width: 767px) 516px, (max-width: 991px) 696px, (max-width: 1199) 453px, (max-width: 1399) 570px, 570px\" width=\"569\" height=\"427\" srcset=\"https:\/\/media.panoramamarbella.com\/imgV1\/B95mbh8olwFQm~uCT2wPZMb8hll4wghQQQq6YWg0~c~U_DrmgY8pGP8pqaDzA6mvjyI_OPtcrHD_aKxCvYKIXom_QULtj3qWoGFnUHig3~vXG7BB0TnkmYti~hQ4chqLeGgNMP~xIq0TzIvIfgR45lwW5hdnyMKxFlNMU0c_UIF~BXQ634vvCpwReoBTbCdzIINOXC6~obgAL2o4.webp 569w,https:\/\/media.panoramamarbella.com\/imgV1\/B95mbh8olwFQm~uCT2wPZMb8hll4wghQQQq6YWg0~c~U_DrmgY8pGP8pqaDzA6mvjyI_OPtcrHD_aKxCvYKIXom_QULtj3qWoGFnUHig3~vXG7BB0TnkmYti~hQ4chqLeGgNMP~xIq0TzIvIfgR45lwW5hdnyM0HovP6O65gnjek11RNh6CbtEHaSp7FiPpjasEq1_Jl1Rb8oAOE.webp 569w\" type=\"image\/webp\"><img decoding=\"async\" class=\"position-absolute top-0 w-100 h-100 object-fit-cover shadow\" loading=\"lazy\" alt=\"Acheter une propri\u00e9t\u00e9 \u00e0 Marbella avec Panorama\" width=\"569\" height=\"427\" src=\"https:\/\/media.panoramamarbella.com\/imgV1\/B95mbh8olwFQm~uCT2wPZMb8hll4wghQQQq6YWg0~c~U_DrmgY8pGP8pqaDzA6mvjyI_OPtcrHD_aKxCvYKIXom_QULtj3qWoGFnUHig3~vXG7BB0TnkmYti~hQ4chqLeGgNMP~xIq0TzIvIfgR45lwW5hdnyMKxCNYBgGBOlbmCsPDoqQmbbyA-.jpg\"><\/picture>\t\t\t\t\t<\/figure>\n\t\t<svg class=\"d-none d-lg-block position-absolute end-0 z-0 h-100 opacity-15\" fill=\"currentColor\" viewBox=\"0 0 155 134\">\n\t\t\t<use href=\"https:\/\/www.panoramamarbella.com\/wp-content\/themes\/panoramamarbella\/dist\/src\/images\/icons.svg#svgWorldPanorama\"><\/use>\n\t\t<\/svg>\n\t<\/div>\n<\/section>\n\n\n<section class=\"hero hero-styled position-relative mt-7 py-lg-5 overflow-hidden wp-block-acf-herostyled\">\n\t<div class=\"container d-flex flex-column-reverse flex-lg-row-reverse align-items-lg-start\">\n\t\t<div class=\"hero-text z-1\">\n\t\t\t<p class=\"fw-semibold fs-6 mb-2\">Votre partenaire immobilier pour vendre votre maison \u00e0 Marbella<\/p><h2 class=\"h1 mt-0 mb-3\">Pourquoi les vendeurs choisissent-ils Panorama ?<\/h2><p class=\"fw-light fs-5\">D\u00e9couvrez pourquoi Panorama est le choix immobilier id\u00e9al si vous cherchez \u00e0 acheter une propri\u00e9t\u00e9 \u00e0 Marbella.<\/p>\n<ul class=\"mw-100 d-flex flex-column flex-lg-row flex-lg-wrap gap-3 list-unstyled mt-5 mb-0\">\n    <li><a class=\"btn btn-primary w-100 px-4 py-2\" href=\"https:\/\/www.panoramamarbella.com\/fr\/vendre\/pourquoi-vendre-avec-panorama\">Pourquoi vendre avec Panorama<\/a><\/li><\/ul>\n\t\t<\/div>\n\t\t<figure class=\"hero-image position-relative w-100 ratio ratio-4x3 mb-5\">\n\t\t\t<picture><source sizes=\"(max-width: 575px) calc(100vw - 24px), (max-width: 767px) 516px, (max-width: 991px) 696px, (max-width: 1199) 453px, (max-width: 1399) 570px, 570px\" width=\"569\" height=\"427\" srcset=\"https:\/\/media.panoramamarbella.com\/imgV1\/B95mbh8olwFQm~uCT2wPZMb8hll4wghQQQq6YWg0~c~U_DrmgY8pGP8pqaDzA6mvjyI_OPtcrHD_aKxCvYKIXptCCa~Povpt6zWhpSgCEakYEUsKr8~qx95ITMd2t6T9aCgD1_ikDj_wCfjlygm3AHkL2H2t28wcHKggOlRTFE~R8xmaBOesySFG34Y2eoqrjfEtjRd1STs-.webp 569w,https:\/\/media.panoramamarbella.com\/imgV1\/B95mbh8olwFQm~uCT2wPZMb8hll4wghQQQq6YWg0~c~U_DrmgY8pGP8pqaDzA6mvjyI_OPtcrHD_aKxCvYKIXptCCa~Povpt6zWhpSgCEakYEUsKr8~qx95ITMd2t6T9aCgD1_ikDj_wCfjlygm3AHkL1xGsGHJc9pVXDLCzzP0DqBbOtl4c7sR_N5OdowsmQByvTZXe65M-.webp 569w\" type=\"image\/webp\"><img decoding=\"async\" class=\"position-absolute top-0 w-100 h-100 object-fit-cover shadow\" loading=\"lazy\" alt=\"L&#039;\u00e9quipe d&#039;experts immobiliers de Panorama\" width=\"569\" height=\"427\" src=\"https:\/\/media.panoramamarbella.com\/imgV1\/B95mbh8olwFQm~uCT2wPZMb8hll4wghQQQq6YWg0~c~U_DrmgY8pGP8pqaDzA6mvjyI_OPtcrHD_aKxCvYKIXptCCa~Povpt6zWhpSgCEakYEUsKr8~qx95ITMd2t6T9aCgD1_ikDj_wCfjlygm3AHkL2H2za3HVvOl09ry86k__5js0XQ--.jpg\"><\/picture>\t\t\t\t\t<\/figure>\n\t\t<svg class=\"d-none d-lg-block position-absolute end-0 z-0 h-100 opacity-15\" fill=\"currentColor\" viewBox=\"0 0 155 134\">\n\t\t\t<use href=\"https:\/\/www.panoramamarbella.com\/wp-content\/themes\/panoramamarbella\/dist\/src\/images\/icons.svg#svgWorldPanorama\"><\/use>\n\t\t<\/svg>\n\t<\/div>\n<\/section>\n\n\n<section class=\"hero hero-styled position-relative mt-7 py-lg-5 overflow-hidden mb-5 wp-block-acf-herostyled\">\n\t<div class=\"container d-flex flex-column-reverse flex-lg-row-reverse align-items-lg-start\">\n\t\t<div class=\"hero-text z-1\">\n\t\t\t<p class=\"fw-semibold fs-6 mb-2\">Des experts immobiliers pour louer votre maison \u00e0 Marbella<\/p><h2 class=\"h1 mt-0 mb-3\">Pourquoi les propri\u00e9taires d\u00e9sireux de louer choisissent-ils Panorama ?<\/h2><p class=\"fw-light fs-5\">Experts dans la promotion et la gestion de propri\u00e9t\u00e9s locatives dans la r\u00e9gion de Marbella.<\/p>\n<ul class=\"mw-100 d-flex flex-column flex-lg-row flex-lg-wrap gap-3 list-unstyled mt-5 mb-0\">\n    <li><a class=\"btn btn-primary w-100 px-4 py-2\" href=\"https:\/\/www.panoramamarbella.com\/fr\/pourquoi-louer-votre-maison-avec-panorama\">Pourquoi louer avec Panorama ?<\/a><\/li><\/ul>\n\t\t<\/div>\n\t\t<figure class=\"hero-image position-relative w-100 ratio ratio-4x3 mb-5\">\n\t\t\t<picture><source sizes=\"(max-width: 575px) calc(100vw - 24px), (max-width: 767px) 516px, (max-width: 991px) 696px, (max-width: 1199) 453px, (max-width: 1399) 570px, 570px\" width=\"569\" height=\"427\" srcset=\"https:\/\/media.panoramamarbella.com\/imgV1\/B95mbh8olwFQm~uCT2wPZMb8hll4wghQQQq6YWg0~c~U_DrmgY8pGP8pqaDzA6mvjyI_OPtcrHD_aKxCvYKIXpmQm5z9lKuy9nNza2AOTJYekcfI0Qo2tZ5~9SGET3l~DWtNygXrc8KF9qNGBJOFY6eNJ_qxmAijHePD9KAO13G~_~dAYM7qEl1as3SMmjuNEBFTHk4sYm6H1Moy~ptsbE4-.webp 569w,https:\/\/media.panoramamarbella.com\/imgV1\/B95mbh8olwFQm~uCT2wPZMb8hll4wghQQQq6YWg0~c~U_DrmgY8pGP8pqaDzA6mvjyI_OPtcrHD_aKxCvYKIXpmQm5z9lKuy9nNza2AOTJYekcfI0Qo2tZ5~9SGET3l~DWtNygXrc8KF9qNGBJOFY6eNJ_qxmAijHePD_4nTlCuB4HjjzJ4Y1Dq5ZYyd29ibjf4PRWK7RhrJoxA8vmXGJ_Q-.webp 569w\" type=\"image\/webp\"><img decoding=\"async\" class=\"position-absolute top-0 w-100 h-100 object-fit-cover shadow\" loading=\"lazy\" alt=\"Louer votre bien avec Panorama\" width=\"569\" height=\"427\" src=\"https:\/\/media.panoramamarbella.com\/imgV1\/B95mbh8olwFQm~uCT2wPZMb8hll4wghQQQq6YWg0~c~U_DrmgY8pGP8pqaDzA6mvjyI_OPtcrHD_aKxCvYKIXpmQm5z9lKuy9nNza2AOTJYekcfI0Qo2tZ5~9SGET3l~DWtNygXrc8KF9qNGBJOFY6eNJ_qxmAijHePD9KAQuzUrRSFhm0WGSOiPNS9sOA--.jpg\"><\/picture>\t\t\t\t\t<\/figure>\n\t\t<svg class=\"d-none d-lg-block position-absolute end-0 z-0 h-100 opacity-15\" fill=\"currentColor\" viewBox=\"0 0 155 134\">\n\t\t\t<use href=\"https:\/\/www.panoramamarbella.com\/wp-content\/themes\/panoramamarbella\/dist\/src\/images\/icons.svg#svgWorldPanorama\"><\/use>\n\t\t<\/svg>\n\t<\/div>\n<\/section>\n\n\n<section class=\"hero hero-styled position-relative mt-7 py-lg-5 overflow-hidden mb-5 wp-block-acf-herostyled\">\n\t<div class=\"container d-flex flex-column-reverse flex-lg-row-reverse align-items-lg-start\">\n\t\t<div class=\"hero-text z-1\">\n\t\t\t<p class=\"fw-semibold fs-6 mb-2\">Le meilleur choix, m\u00eame pour les collaborateurs<\/p><h2 class=\"h1 mt-0 mb-3\">Pourquoi d&rsquo;autres agences immobili\u00e8res choisissent Panorama<\/h2><p class=\"fw-light fs-5\">D\u00e9couvrez dans cet article 11 raisons convaincantes pour lesquelles les agences immobili\u00e8res de la Costa del Sol choisissent d&rsquo;afficher en premier les annonces Panorama.<\/p>\n<ul class=\"mw-100 d-flex flex-column flex-lg-row flex-lg-wrap gap-3 list-unstyled mt-5 mb-0\">\n    <li><a class=\"btn btn-primary w-100 px-4 py-2\" href=\"https:\/\/www.panoramamarbella.com\/fr\/news\/11-raisons-les-agents-choisissent-panorama\">Pourquoi les agents choisissent Panorama<\/a><\/li><\/ul>\n\t\t<\/div>\n\t\t<figure class=\"hero-image position-relative w-100 ratio ratio-4x3 mb-5\">\n\t\t\t<picture><source sizes=\"(max-width: 575px) calc(100vw - 24px), (max-width: 767px) 516px, (max-width: 991px) 696px, (max-width: 1199) 453px, (max-width: 1399) 570px, 570px\" width=\"569\" height=\"427\" srcset=\"https:\/\/media.panoramamarbella.com\/imgV1\/B95mbh8olwFQm~uCT2wPZMb8hll4wghQQQq6YWg0~c~U_DrmgY8pGP8pqaDzA6mvjyI_OPtcrHD_aKxCvYKIXptCCa~Povpt6zWhpSgCEakYEUsKr8~qx95ITMd2t6T9aCgD1_ikDj_wCfjlygm3AHkL2H2t28wcHKggOlRTFE~R8xmaBOesySFG34Y2eoqrjfEtjRd1STs-.webp 569w,https:\/\/media.panoramamarbella.com\/imgV1\/B95mbh8olwFQm~uCT2wPZMb8hll4wghQQQq6YWg0~c~U_DrmgY8pGP8pqaDzA6mvjyI_OPtcrHD_aKxCvYKIXptCCa~Povpt6zWhpSgCEakYEUsKr8~qx95ITMd2t6T9aCgD1_ikDj_wCfjlygm3AHkL1xGsGHJc9pVXDLCzzP0DqBbOtl4c7sR_N5OdowsmQByvTZXe65M-.webp 569w\" type=\"image\/webp\"><img decoding=\"async\" class=\"position-absolute top-0 w-100 h-100 object-fit-cover shadow\" loading=\"lazy\" alt=\"L&#039;\u00e9quipe d&#039;experts immobiliers de Panorama\" width=\"569\" height=\"427\" src=\"https:\/\/media.panoramamarbella.com\/imgV1\/B95mbh8olwFQm~uCT2wPZMb8hll4wghQQQq6YWg0~c~U_DrmgY8pGP8pqaDzA6mvjyI_OPtcrHD_aKxCvYKIXptCCa~Povpt6zWhpSgCEakYEUsKr8~qx95ITMd2t6T9aCgD1_ikDj_wCfjlygm3AHkL2H2za3HVvOl09ry86k__5js0XQ--.jpg\"><\/picture>\t\t\t\t\t<\/figure>\n\t\t<svg class=\"d-none d-lg-block position-absolute end-0 z-0 h-100 opacity-15\" fill=\"currentColor\" viewBox=\"0 0 155 134\">\n\t\t\t<use href=\"https:\/\/www.panoramamarbella.com\/wp-content\/themes\/panoramamarbella\/dist\/src\/images\/icons.svg#svgWorldPanorama\"><\/use>\n\t\t<\/svg>\n\t<\/div>\n<\/section>\n\n\n\n<h2 class=\"wp-block-heading\">Voulez-vous travailler avec Panorama ?<\/h2>\n\n\n\n<p>\u00cates-vous pr\u00eat \u00e0 rejoindre <a href=\"https:\/\/www.panoramamarbella.com\/fr\/a-propos\/equipe-panorama\" data-type=\"page\" data-id=\"5161\">l&rsquo;\u00e9quipe immobili\u00e8re la plus respect\u00e9e de Marbella<\/a>? Chez Panorama, nous avons b\u00e2ti notre r\u00e9putation d&rsquo;agence la plus ancienne et la plus fiable de la r\u00e9gion en obtenant constamment des r\u00e9sultats exceptionnels pour nos clients et nos partenaires.<\/p>\n\n\n\n<p>Que vous <a href=\"\/fr\/proprietes\">cherchiez \u00e0 acheter<\/a> ou \u00e0 <a href=\"https:\/\/www.panoramamarbella.com\/fr\/vendre\">vendre votre propri\u00e9t\u00e9<\/a> ou que vous soyez un professionnel de l&rsquo;immobilier cherchant \u00e0 collaborer, nous serions ravis d&rsquo;entendre parler de vous. Remplissez le formulaire ci-dessous pour entamer une conversation sur la fa\u00e7on dont nous pouvons travailler ensemble.<\/p>\n\n\n\n<div class=\"contact-only bg-light mb-5 wp-block-acf-contactform\">\n\t\t<div class=\"position-relative\">\n\t\t<span id=\"inm-contact-form\" class=\"position-absolute\" style=\"top:-130px\"><\/span>\n\t<\/div>\n\t\t\n\t\t<script src=\"https:\/\/www.google.com\/recaptcha\/api.js?render=6LeWOaYZAAAAAGZM7q40J51QMau9I_gs19mp9lZJ&#038;hl=fr\"><\/script>\n\t\n<form id=\"contact_form_1\" class=\"needs-validation h-100 d-flex flex-column p-4 p-md-5\" data-contact=\"contact_form_1\" action=\"localhost\" method=\"POST\" novalidate>\n\t<strong class=\"h3 align-self-start\">Travaillons ensemble<\/strong><p class=\"mb-5\">Parlez-nous de votre projet pour savoir comment nous pouvons travailler ensemble.<\/p>\t<span id=\"contact_form_1-result\" data-stext=\"source\" data-source=\"contact\"><\/span>\n\t<input type=\"hidden\" name=\"success\" value=\"\/fr\/success?source=info\" \/>\n\t<input type=\"hidden\" name=\"lang\" value=\"fr\" \/>\n\t<input type=\"hidden\" name=\"agency\" value=\"399\" \/>\n\t<input type=\"hidden\" name=\"recipient\" value=\"info\" \/>\n\t<input type=\"hidden\" name=\"source\" value=\"https:\/\/www.panoramamarbella.com\/fr\/wp-json\/wp\/v2\/pages\/5168\" \/>\n\t<input type=\"hidden\" name=\"subject\" value=\"Information Request (FR)\" \/>\n\t\t\t<input type=\"hidden\" name=\"origin\" value=\"Pourquoi choisir Panorama ?\" \/>\n\t\t<div class=\"row g-3\">\n\t\t<div class=\"col-md-6\">\n\t\t\t<label class=\"form-label\" for=\"name\">Pr\u00e9nom*<\/label>\n\t\t\t<input id=\"name\" name=\"name\" type=\"text\" class=\"form-control\" autocomplete=\"off\" required data-error=\"Nom requis\">\n\t\t<\/div>\n\t\t<div class=\"col-md-6\">\n\t\t\t<label class=\"form-label\" for=\"name\">Nom de famille*<\/label>\n\t\t\t<input id=\"lastname\" name=\"lastname\" type=\"text\" class=\"form-control\" autocomplete=\"off\" required data-error=\"Nom de famille\">\n\t\t<\/div>\n\t\t<div class=\"col-12\">\n\t\t\t<label class=\"form-label\" for=\"email\">E-mail*<\/label>\n\t\t\t<input id=\"email\" name=\"email\" type=\"email\" class=\"form-control\" autocomplete=\"off\" required data-error=\"E-mail requis\">\n\t\t<\/div>\n\t\t\t\t<div class=\"col-md-6\">\n\t\t\t<label class=\"form-label\" for=\"phone\">Num\u00e9ro de t\u00e9l\u00e9phone <small><\/small><\/label>\n\t\t\t<input id=\"phone\" name=\"intphone\" type=\"tel\" class=\"form-control\" autocomplete=\"off\" placeholder=\"T\u00e9l\u00e9phone\" required data-error=\"Les num\u00e9ros de t\u00e9l\u00e9phone doivent comporter entre 8 et 20 chiffres\" pattern=\"(?:\\d\\s*){4,}\">\n\t\t<\/div>\n\t\t<div class=\"col-md-6\">\n\t\t\t<label class=\"form-label\">Meilleur moment pour appeler <small><\/small><\/label>\n\t\t\t<select class=\"form-select\" name=\"time\">\n\t\t\t\t<option selected>\u00c0 tout moment<\/option>\n\t\t\t\t<option value=\"1\">Le matin<\/option>\n\t\t\t\t<option value=\"2\">L&rsquo;apr\u00e8s-midi<\/option>\n\t\t\t\t<option value=\"3\">Le soir<\/option>\n\t\t\t<\/select>\n\t\t<\/div>\n\t\t<div class=\"col-12\">\n\t\t\t<label for=\"address\" class=\"form-label\">Adresse <small><\/small><\/label>\n\t\t\t<input id=\"address\" name=\"address\" type=\"text\" class=\"form-control\" \/>\n\t\t<\/div>\n\t\t<div class=\"col-12\">\n\t\t\t<label for=\"formComment\" class=\"form-label\">Message<\/label>\n\t\t\t<textarea class=\"form-control\" placeholder=\"Laissez un commentaire ici\" name=\"comment\" id=\"formComment\" maxlength=\"8000\" rows=\"5\"><\/textarea>\n\t\t<\/div>\n\t\t\t\t<div class=\"col-12\">\n\t\t\t<div class=\"form-check\">\n\t\t\t\t<input type=\"checkbox\" class=\"form-check-input\" id=\"contact_form_1-customCheck1\" name=\"privacy_policy\" required data-error=\"Champ obligatoire\">\n\t\t\t\t<label class=\"form-check-label\" for=\"contact_form_1-customCheck1\">J&rsquo;accepte le <a target=\"_blank\" class=\"text-decoration-none\" href=\"https:\/\/www.panoramamarbella.com\/privacy-policy\">Conditions g\u00e9n\u00e9rales d&rsquo;utilisation<\/a><\/label>\n\t\t\t<\/div>\n\t\t\t<div class=\"form-check\">\n\t\t\t\t<input type=\"checkbox\" class=\"form-check-input\" id=\"contact_form_1-customCheck2\" name=\"commercial_information\">\n\t\t\t\t<label class=\"form-check-label\" for=\"contact_form_1-customCheck2\">J&rsquo;accepte de recevoir des communications de Panorama<\/label>\n\t\t\t<\/div>\n\t\t<\/div>\n\t<\/div>\n\t<button data-ids=\"contact_form_1\" data-lang=\"fr\" data-sitekey=\"6LeWOaYZAAAAAGZM7q40J51QMau9I_gs19mp9lZJ\" class=\"align-self-start btn btn-primary px-4 py-2 mt-4 g-recaptcha\" role=\"button\" aria-label=\"Send\">Envoyer<\/button>\n<\/form><\/div>\n","protected":false},"excerpt":{"rendered":"<p>Voulez-vous travailler avec Panorama ? \u00cates-vous pr\u00eat \u00e0 rejoindre l&rsquo;\u00e9quipe immobili\u00e8re la plus respect\u00e9e de Marbella? Chez Panorama, nous avons b\u00e2ti notre r\u00e9putation d&rsquo;agence la plus ancienne et la plus fiable de la r\u00e9gion en obtenant constamment des r\u00e9sultats exceptionnels pour nos clients et nos partenaires. Que vous cherchiez \u00e0 acheter ou \u00e0 vendre votre&#8230;<\/p>\n","protected":false},"author":2,"featured_media":4816,"parent":5158,"menu_order":3,"comment_status":"closed","ping_status":"closed","template":"","meta":{"_acf_changed":true,"footnotes":""},"class_list":["post-5168","page","type-page","status-publish","has-post-thumbnail","hentry"],"acf":[],"_links":{"self":[{"href":"https:\/\/www.panoramamarbella.com\/fr\/wp-json\/wp\/v2\/pages\/5168","targetHints":{"allow":["GET"]}}],"collection":[{"href":"https:\/\/www.panoramamarbella.com\/fr\/wp-json\/wp\/v2\/pages"}],"about":[{"href":"https:\/\/www.panoramamarbella.com\/fr\/wp-json\/wp\/v2\/types\/page"}],"author":[{"embeddable":true,"href":"https:\/\/www.panoramamarbella.com\/fr\/wp-json\/wp\/v2\/users\/2"}],"replies":[{"embeddable":true,"href":"https:\/\/www.panoramamarbella.com\/fr\/wp-json\/wp\/v2\/comments?post=5168"}],"version-history":[{"count":0,"href":"https:\/\/www.panoramamarbella.com\/fr\/wp-json\/wp\/v2\/pages\/5168\/revisions"}],"up":[{"embeddable":true,"href":"https:\/\/www.panoramamarbella.com\/fr\/wp-json\/wp\/v2\/pages\/5158"}],"wp:featuredmedia":[{"embeddable":true,"href":"https:\/\/www.panoramamarbella.com\/fr\/wp-json\/wp\/v2\/media\/4816"}],"wp:attachment":[{"href":"https:\/\/www.panoramamarbella.com\/fr\/wp-json\/wp\/v2\/media?parent=5168"}],"curies":[{"name":"wp","href":"https:\/\/api.w.org\/{rel}","templated":true}]}}