{"id":6223,"date":"2024-08-05T10:41:23","date_gmt":"2024-08-05T08:41:23","guid":{"rendered":"https:\/\/www.panoramamarbella.com\/subscription-confirmed"},"modified":"2025-09-17T13:39:27","modified_gmt":"2025-09-17T11:39:27","slug":"abonnement-confirme","status":"publish","type":"page","link":"https:\/\/www.panoramamarbella.com\/fr\/abonnement-confirme","title":{"rendered":"Merci pour votre abonnement !"},"content":{"rendered":"\n\n<h2 class=\"wp-block-heading\">Bienvenue \u00e0 nos insights immobiliers hebdomadaires !<\/h2>\n\n\n\n<p>Merci de vous \u00eatre abonn\u00e9(e) \u00e0 notre newsletter hebdomadaire ! Nous sommes ravis de vous compter parmi nos abonn\u00e9s. Votre abonnement est d\u00e9sormais actif, et vous pouvez vous attendre \u00e0 recevoir les derni\u00e8res mises \u00e0 jour sur les annonces immobili\u00e8res, les nouvelles du march\u00e9 immobilier, les tendances du march\u00e9 et des conseils d&rsquo;experts directement dans votre bo\u00eete de r\u00e9ception.<\/p>\n\n\n\n<h3 class=\"wp-block-heading\">Voici ce \u00e0 quoi vous pouvez vous attendre:<\/h3>\n\n\n\n<ol class=\"wp-block-list\">\n<li><strong>Annonces exclusives <\/strong>: Acc\u00e9dez en avant-premi\u00e8re \u00e0 de nouvelles propri\u00e9t\u00e9s passionnantes mises en vente avant qu&rsquo;elles ne soient disponibles sur le march\u00e9.<\/li>\n\n\n\n<li><strong>Analyses du march\u00e9 <\/strong>: Restez inform\u00e9(e) avec des analyses approfondies des tendances et des pr\u00e9visions du march\u00e9 immobilier.<\/li>\n\n\n\n<li><strong>Conseils d&rsquo;experts <\/strong>: Profitez de conseils et d&rsquo;orientations donn\u00e9s par des professionnels du secteur pour vous aider \u00e0 prendre des d\u00e9cisions \u00e9clair\u00e9es.<\/li>\n\n\n\n<li><strong>Nouvelles communautaires <\/strong>: D\u00e9couvrez les \u00e9v\u00e9nements locaux, les points forts des quartiers et les d\u00e9veloppements communautaires.<\/li>\n<\/ol>\n\n\n\n<h3 class=\"wp-block-heading\">Que faire ensuite ?<\/h3>\n\n\n\n<ol class=\"wp-block-list\">\n<li>Ajoutez-nous \u00e0 vos contacts : Assurez-vous que nos emails arrivent dans votre bo\u00eete de r\u00e9ception en ajoutant <a>info@panorama.es<\/a> \u00e0 vos contacts.<\/li>\n\n\n\n<li><strong>Suivez-nous sur les r\u00e9seaux sociaux <\/strong>: Restez connect\u00e9(e) et rejoignez notre communaut\u00e9 sur <a href=\"https:\/\/www.facebook.com\/PanoramaMarbella\/\" target=\"_blank\" rel=\"noreferrer noopener\">Facebook<\/a>, <a href=\"https:\/\/www.instagram.com\/panoramamarbella\/\" target=\"_blank\" rel=\"noreferrer noopener\">Instagram<\/a> et <a href=\"https:\/\/x.com\/panoramarbella\" target=\"_blank\" rel=\"noreferrer noopener\">Twitter<\/a> pour des mises \u00e0 jour en temps r\u00e9el et plus encore.<\/li>\n\n\n\n<li>Jetez un coup d&rsquo;\u0153il \u00e0 notre blog : Restez au courant de l&rsquo;actualit\u00e9 immobili\u00e8re avec <a href=\"https:\/\/www.panoramamarbella.com\/fr\/news\" data-type=\"page\" data-id=\"6\">les nouvelles et les articles de Panorama<\/a>.<\/li>\n<\/ol>\n\n\n\n<h2 class=\"wp-block-heading\">Vous avez des questions ou besoin d&rsquo;assistance ?<\/h2>\n\n\n\n<p>Notre \u00e9quipe est l\u00e0 pour vous aider ! Si vous avez des questions ou besoin d&rsquo;assistance, n&rsquo;h\u00e9sitez pas \u00e0 <a href=\"https:\/\/www.panoramamarbella.com\/fr\/contactez\" data-type=\"page\" data-id=\"5194\">nous contacter<\/a>.<\/p>\n\n\n\n<p>Merci encore une fois pour votre abonnement. Nous sommes impatients de vous fournir des insights immobiliers pr\u00e9cieux et de vous aider \u00e0 trouver la maison de vos r\u00eaves !<\/p>\n\n\n\n<p>Cordialement,<br>L&rsquo;\u00e9quipe Panorama<\/p>\n\n\n\n\n\t\t<section class=\"container mt-5 mb-5 wp-block-acf-inmpropselection\">\n\t\t\t<h2>Vous pourriez \u00eatre int\u00e9ress\u00e9 par<\/h2>\t\t\t<div class=\"row row-cols-1 row-cols-lg-3 gy-5 g-xxl-5\">\n\t\t\t\t\n<article class=\"col card-properties position-relative d-flex flex-column\">\n\t<div id=\"carouselCardProperties-1-0\" class=\"card-properties-images carousel slide carousel-fade lazy\" data-bs-ride=\"carousel\" data-bs-interval=\"200000\" data-id=\"693005\">\n\t\t<div class=\"carousel-inner\">\n\t\t\t<figure class=\"carousel-item mb-0 active ratio ratio-4x3\">\n\t\t\t\t<picture><source sizes=\"(max-width: 575px) calc(100vw - 24px), (max-width: 767px) 516px, (max-width: 991px) 696px, (max-width: 1199px) 296px, (max-width: 1399px) 356px, 400px\" width=\"696\" height=\"522\" srcset=\"https:\/\/media.panoramamarbella.com\/imgV1\/B95mbh8olwFQm~uCUaVOI2kQT0hb0a8sZ9turUNfnwtvuccYCzs0YVPfPbfkc2VnnN1JFDpkYaGfw1gJsS~5hOp6Va7l8qiXSigRxLaNuxD6YlUNlb9CuZrq~AQx7pYPCFVPBNpyX378yd_NQq5xkYxdsiQfxKXbyr0ytrL6Q4RI4FVuFoI3gpz_s1htrTYxZufXidr0_DOej0dHrGOWGSDCBuQcoWSih5CzeI32T8Yx~OKmgDSXoJEF8G~TRYIuU_nYqaxc7AtEvGkZy8YMB3MwWR3nT4tXFJb8whYQOb69PFlblwBNb0Q0fFEe41uRSgKnxV67MlooAvX~Kd58_60eF_5hSWx8g~fPUmKz0PAV06ao86uTISAmUe4zd7MyGVHD3TOaDy4Aa6MotadfbBNm2SGYE~JjU3vKI32KVN2WmqsV0BMSOmESmv4Sgn3m9MrVioV17LJu2m9FWFOC.webp 696w,https:\/\/media.panoramamarbella.com\/imgV1\/B95mbh8olwFQm~uCUaVOI2kQT0hb0a8sZ9turUNfnwtvuccYCzs0YVPfPbfkc2VnnN1JFDpkYaGfw1gJsS~5hOp6Va7l8qiXSigRxLaNuxD6YlUNlb9CuZrq~AQx7pYPCFVPBNpyX378yd_NQq5xkYxdsiQfxKXbyr0ytrL6QQ2eHZ3fEkH4dLMi6bnpwUQ0zgRpGhsH5Vh8ibDYM6oOcvfByVrHNQaWEqPTXPdNAisGlNTzMt5sl5t2fwaSDjmrWqkdNDGVwQ0b5cNwirkwt3~Ev~qEV9GyuZ1Gn1yfT~O6gZDC2dX8plIJRCZlf0k4LI_ijBWAMR0YIRXwL~HSt86w9zLnqxIlxR61Nl80HModbRJRviLuSqsDtvvKy2VhtYTAYtVj~5PD~JfhS0LrQD1pCjmVvYzPmodyPyoiKId4m5h9kHaORV7_WDvzEcj8u2WRLhihIISI8wrGplw4.webp 400w\" type=\"image\/webp\"><img decoding=\"async\" class=\"position-absolute w-100 h-100 object-fit-cover\" alt=\"Appartement triplex avec piscine priv\u00e9e et vue sur la mer \u00e0 Benal\u00fas, sur le Golden Mile\" loading=\"lazy\" width=\"696\" height=\"522\" src=\"https:\/\/media.panoramamarbella.com\/imgV1\/B95mbh8olwFQm~uCUaVOI2kQT0hb0a8sZ9turUNfnwtvuccYCzs0YVPfPbfkc2VnnN1JFDpkYaGfw1gJsS~5hOp6Va7l8qiXSigRxLaNuxD6YlUNlb9CuZrq~AQx7pYPCFVPBNpyX378yd_NQq5xkYxdsiQfxKXbyr0ytrL6Q4RI4FVuFoI3gpz_s1hts5WnJWOpQZ4c7tAi72BINNZvISz491l04SlHZf5tQfBP9PpCt5CQSPkrqCd6jsoDQQDz8GXao_8yCVVr83~ZlZ5KVpdWgTm7YVsg6YFCKkbtTat96mlsGHbDXvFeLVU8tW7bLt02ZgppVC9RLQAWpSPdU~WPPLyPAdSP3CZ6issdhoSK32iJJyGCZjPw44vGx9A1oTvwmniLcczJ6IfP0BwhsBcGA~3YDPzEF6jOyTPmGtjQeD2pZztdtyOw6kI-.jpg\"><\/picture>\t\t\t<\/figure>\n\t\t\t\t\t\t<span class=\"card-properties-ref position-absolute z-2 bottom-0 end-0 bg-white text-primary py-1 px-3 me-3\">\n\t\t\t\tPANR-16292\t\t\t<\/span>\n\t\t\t<button class=\"card-properties-portfolio d-flex align-items-center justify-content-center position-absolute z-3 end-0 text-white bg-primary me-3 border-0 px-0\" data-pfl-id=\"693005\" data-pfl-filter=\"sale\" aria-label=\"Add to portfolio\">\n\t\t\t\t<svg width=\"18\" fill=\"currentColor\" viewBox=\"0 0 512 512\">\n\t\t\t\t\t<use href=\"https:\/\/www.panoramamarbella.com\/wp-content\/themes\/panoramamarbella\/dist\/src\/images\/icons.svg#svgHeart\"><\/use>\n\t\t\t\t<\/svg>\n\t\t\t\t<svg width=\"18\" fill=\"currentColor\" viewBox=\"0 0 512 512\">\n\t\t\t\t\t<use href=\"https:\/\/www.panoramamarbella.com\/wp-content\/themes\/panoramamarbella\/dist\/src\/images\/icons.svg#svgHeartIn\"><\/use>\n\t\t\t\t<\/svg>\n\t\t\t<\/button>\n\t\t<\/div>\n\t\t\t\t<button\n\t\t\tclass=\"carousel-control-prev\"\n\t\t\ttype=\"button\"\n\t\t\tdata-bs-target=\"#carouselCardProperties-1-0\"\n\t\t\tdata-bs-slide=\"prev\">\n\t\t\t<span class=\"carousel-control-prev-icon\" aria-hidden=\"true\"><\/span>\n\t\t\t<span class=\"visually-hidden\">Pr\u00e9c\u00e9dent<\/span>\n\t\t<\/button>\n\t\t<button\n\t\t\tclass=\"carousel-control-next\"\n\t\t\ttype=\"button\"\n\t\t\tdata-bs-target=\"#carouselCardProperties-1-0\"\n\t\t\tdata-bs-slide=\"next\">\n\t\t\t<span class=\"carousel-control-next-icon\" aria-hidden=\"true\"><\/span>\n\t\t\t<span class=\"visually-hidden\">Suivant<\/span>\n\t\t<\/button>\n\t\t\t<\/div>\n\t<div class=\"d-flex flex-column h-100 px-3 py-4 shadow\">\n\t\t\t\t<h3 class=\"card-properties-title mb-3\">\n\t\t\t<a class=\"stretched-link\" href=\"\/fr\/proprietes\/marbella\/marbella-golden-mile\/benalus\/appartements-habitats\/PANR-16292\">\n\t\t\t\tAppartement triplex avec piscine priv\u00e9e et vue sur la mer \u00e0 Benal\u00fas, sur le Golden Mile\t\t\t<\/a>\n\t\t<\/h3>\n\t\t<p class=\"mb-3 text-black-dark\">Benal\u00fas, Marbella Golden Mile<\/p>\n\t\t\t\t\t\t<p class=\"card-properties-description mb-3\">\n\t\t\tSitu\u00e9 le long de l\u2019embl\u00e9matique Golden Mile de Marbella, Benal\u00fas est une enclave r\u00e9sidentielle exclusive qui allie \u00e0 la perfection \u00e9l\u00e9gance architecturale contemporaine et emplacement d\u2019exception \u00e0 c\u00f4t\u00e9 du prestigieux secteur Puente Romano. Compos\u00e9e de&#8230;\t\t<\/p>\n\t\t\t\t<span class=\"card-properties-price mt-auto\">\n\t\t\t\n\t\t\t<span class=\"card-properties-price mt-auto\" data-original-price=\"4450000\">4\u202f450\u202f000\u00a0\u20ac<\/span>\n\t\t\t\t<\/span>\n\t\t\t\t<ul class=\"card-properties-features list-unstyled d-flex flex-wrap align-items-center gap-3 pt-3 border-top mt-3 mb-0\">\n\t\t\t<li class=\"d-flex align-items-center\">4 Chambres<\/li><li class=\"d-flex align-items-center\">4 Bains<\/li>\t\t\t\t<li class=\"d-flex align-items-center\">\n\t\t\t\t\t <span class=\"me-1\" data-original-value=\"748\" data-original-unit=\"m&#038;sup2\">748 m&sup2;<\/span>Total\t\t\t\t<\/li>\n\t\t\t\t\t\t\t<li class=\"d-flex align-items-center\">\n\t\t\t\t\t <span class=\"me-1\" data-original-value=\"157\" data-original-unit=\"m&#038;sup2\">157 m&sup2;<\/span>Terrain\t\t\t\t<\/li>\n\t\t\t\t\t\t\t\t<li class=\"d-flex align-items-center\">\n\t\t\t\t\t <span class=\"me-1\" data-original-value=\"482\" data-original-unit=\"m&#038;sup2\">482 m&sup2;<\/span>Construit\t\t\t\t<\/li>\n\t\t\t\t\t\t\t<li class=\"d-flex align-items-center\">\n\t\t\t\t\t <span class=\"me-1\" data-original-value=\"266\" data-original-unit=\"m&#038;sup2\">266 m&sup2;<\/span>Terrasses\t\t\t\t<\/li>\n\t\t\t\t\t<\/ul>\n\t\t\t<\/div>\n<\/article>\n\n\n<article class=\"col card-properties position-relative d-flex flex-column\">\n\t<div id=\"carouselCardProperties-1-1\" class=\"card-properties-images carousel slide carousel-fade lazy\" data-bs-ride=\"carousel\" data-bs-interval=\"200000\" data-id=\"692958\">\n\t\t<div class=\"carousel-inner\">\n\t\t\t<figure class=\"carousel-item mb-0 active ratio ratio-4x3\">\n\t\t\t\t<picture><source sizes=\"(max-width: 575px) calc(100vw - 24px), (max-width: 767px) 516px, (max-width: 991px) 696px, (max-width: 1199px) 296px, (max-width: 1399px) 356px, 400px\" width=\"696\" height=\"522\" srcset=\"https:\/\/media.panoramamarbella.com\/imgV1\/B95mbh8olwFQm~uCUaVOI2kQT0hb0a8sZ9turUNfnwtvuccYCzs0YVPfPbfkc2VnnN1JFDpkYaGfw1gJsS~5hOp6VuaarS4VhBdLIeCHKx_KLMjDaJRQqWVGAi9oYjxqEvJfdfls5I8tHxsSl5bJkLfSNxE4Oga209sii9j5i2NyZxYAOk4zTtLqP594I3QCAA_OUObdUzfjOFFvHhkINRrOSjFfIVBUhwzTwfzgtL2YErtgDLgytK_jTMcP2K7TqSXDNqvGEDcVEdwYCGLP6ZeW5o~pCLj7NI4_Cy2rKWV6CQ~yt9WSNdsoy8~3dX5gybAXieg6E47aS0HqqSeORY~sWxfOGCm7xLGqe3Ag3d2xOZnMQaNHpYUGGQMrbFFaJqeA_FOJRg5txEpN_3NW5qd2VZwatBdTl53nmTJbdSLkoGcLcYTj6AzHBk1BlwAY2Gh1GX_LzNqrdhuaynec.webp 696w,https:\/\/media.panoramamarbella.com\/imgV1\/B95mbh8olwFQm~uCUaVOI2kQT0hb0a8sZ9turUNfnwtvuccYCzs0YVPfPbfkc2VnnN1JFDpkYaGfw1gJsS~5hOp6VuaarS4VhBdLIeCHKx_KLMjDaJRQqWVGAi9oYjxqEvJfdfls5I8tHxsSl5bJkLfSNxE4Oga209sii9j5iQux1UUTndNeN7PdpvS9Ggd19HQPgLbUBClwMi~YImzhpGCEpSTW2je3b7c7mp5YA5bRyVamC2vEWGVYDJ6iqXXMb6ZDYoFC5QhUd56JkPe00_0R5ZSwYqfCqU43p~~w88ykAsjplShu91WzRGg4SoW2qod~uhqMhpbDL~rSYfRjZSiqUXb0VodwqYx9dz42b9Jgy4mZf_uvMsj3uq2~jVBna6iTDmNMQCVFJCtUcfcWPCfbqPVoRsSK2QyvicqJHnEE62Egoztn0zTBZ3iD8s0a1unVoM7Y0x629OTZbJfe.webp 400w\" type=\"image\/webp\"><img decoding=\"async\" class=\"position-absolute w-100 h-100 object-fit-cover\" alt=\"Appartement avec vue sur la mer \u00e0 La Trinidad, au c\u0153ur du Golden Mile, \u00e0 proximit\u00e9 de tout\" loading=\"lazy\" width=\"696\" height=\"522\" src=\"https:\/\/media.panoramamarbella.com\/imgV1\/B95mbh8olwFQm~uCUaVOI2kQT0hb0a8sZ9turUNfnwtvuccYCzs0YVPfPbfkc2VnnN1JFDpkYaGfw1gJsS~5hOp6VuaarS4VhBdLIeCHKx_KLMjDaJRQqWVGAi9oYjxqEvJfdfls5I8tHxsSl5bJkLfSNxE4Oga209sii9j5i2NyZxYAOk4zTtLqP594PbAoKwR9GBaIhZ037AkJtBA30IUMZ5xenGR2zK60ofe1p6Ca4YzJ6r6R~UdusCfYnhfD3Zp_DX~N6EMnANsmC_xQQIgY8BS_DWxiQCwAzktLmATPNSJIBq8dCjNUJFknbmoFSMq5jUKVSk3GKnRlF1S1_kAhxlpEYRvKpDX_IvecSpDPAYA5RRfJElGFTKB_sZoslfym5dg80_wn8NQlpzAH_lEum2QRPLYcImz3gZOYOT4hLoed08W~vrYZWBo-.jpg\"><\/picture>\t\t\t<\/figure>\n\t\t\t\t\t\t<span class=\"card-properties-ref position-absolute z-2 bottom-0 end-0 bg-white text-primary py-1 px-3 me-3\">\n\t\t\t\tPANR-16291\t\t\t<\/span>\n\t\t\t<button class=\"card-properties-portfolio d-flex align-items-center justify-content-center position-absolute z-3 end-0 text-white bg-primary me-3 border-0 px-0\" data-pfl-id=\"692958\" data-pfl-filter=\"sale\" aria-label=\"Add to portfolio\">\n\t\t\t\t<svg width=\"18\" fill=\"currentColor\" viewBox=\"0 0 512 512\">\n\t\t\t\t\t<use href=\"https:\/\/www.panoramamarbella.com\/wp-content\/themes\/panoramamarbella\/dist\/src\/images\/icons.svg#svgHeart\"><\/use>\n\t\t\t\t<\/svg>\n\t\t\t\t<svg width=\"18\" fill=\"currentColor\" viewBox=\"0 0 512 512\">\n\t\t\t\t\t<use href=\"https:\/\/www.panoramamarbella.com\/wp-content\/themes\/panoramamarbella\/dist\/src\/images\/icons.svg#svgHeartIn\"><\/use>\n\t\t\t\t<\/svg>\n\t\t\t<\/button>\n\t\t<\/div>\n\t\t\t\t<button\n\t\t\tclass=\"carousel-control-prev\"\n\t\t\ttype=\"button\"\n\t\t\tdata-bs-target=\"#carouselCardProperties-1-1\"\n\t\t\tdata-bs-slide=\"prev\">\n\t\t\t<span class=\"carousel-control-prev-icon\" aria-hidden=\"true\"><\/span>\n\t\t\t<span class=\"visually-hidden\">Pr\u00e9c\u00e9dent<\/span>\n\t\t<\/button>\n\t\t<button\n\t\t\tclass=\"carousel-control-next\"\n\t\t\ttype=\"button\"\n\t\t\tdata-bs-target=\"#carouselCardProperties-1-1\"\n\t\t\tdata-bs-slide=\"next\">\n\t\t\t<span class=\"carousel-control-next-icon\" aria-hidden=\"true\"><\/span>\n\t\t\t<span class=\"visually-hidden\">Suivant<\/span>\n\t\t<\/button>\n\t\t\t<\/div>\n\t<div class=\"d-flex flex-column h-100 px-3 py-4 shadow\">\n\t\t\t\t<h3 class=\"card-properties-title mb-3\">\n\t\t\t<a class=\"stretched-link\" href=\"\/fr\/proprietes\/marbella\/marbella-golden-mile\/la-trinidad\/appartements-habitats\/PANR-16291\">\n\t\t\t\tAppartement avec vue sur la mer \u00e0 La Trinidad, au c\u0153ur du Golden Mile, \u00e0 proximit\u00e9 de tout\t\t\t<\/a>\n\t\t<\/h3>\n\t\t<p class=\"mb-3 text-black-dark\">La Trinidad, Marbella Golden Mile<\/p>\n\t\t\t\t\t\t<p class=\"card-properties-description mb-3\">\n\t\t\tCe magnifique appartement est situ\u00e9 dans une urbanisation embl\u00e9matique du Mille d&#039;Or de Marbella, offrant des vues imprenables sur la mer M\u00e9diterran\u00e9e.\r\n\r\nLa propri\u00e9t\u00e9 b\u00e9n\u00e9ficie d&#039;un cadre \u00e9l\u00e9gant, moderne et exclusif, au sein d&#039;un complexe con\u00e7u&#8230;\t\t<\/p>\n\t\t\t\t<span class=\"card-properties-price mt-auto\">\n\t\t\t\n\t\t\t<span class=\"card-properties-price mt-auto\" data-original-price=\"2680000\">2\u202f680\u202f000\u00a0\u20ac<\/span>\n\t\t\t\t<\/span>\n\t\t\t\t<ul class=\"card-properties-features list-unstyled d-flex flex-wrap align-items-center gap-3 pt-3 border-top mt-3 mb-0\">\n\t\t\t<li class=\"d-flex align-items-center\">2 Chambres<\/li><li class=\"d-flex align-items-center\">2 Bains<\/li>\t\t\t\t<li class=\"d-flex align-items-center\">\n\t\t\t\t\t <span class=\"me-1\" data-original-value=\"235\" data-original-unit=\"m&#038;sup2\">235 m&sup2;<\/span>Total\t\t\t\t<\/li>\n\t\t\t\t\t\t\t<li class=\"d-flex align-items-center\">\n\t\t\t\t\t <span class=\"me-1\" data-original-value=\"174\" data-original-unit=\"m&#038;sup2\">174 m&sup2;<\/span>Construit\t\t\t\t<\/li>\n\t\t\t\t\t\t\t<li class=\"d-flex align-items-center\">\n\t\t\t\t\t <span class=\"me-1\" data-original-value=\"61\" data-original-unit=\"m&#038;sup2\">61 m&sup2;<\/span>Terrasses\t\t\t\t<\/li>\n\t\t\t\t\t<\/ul>\n\t\t\t<\/div>\n<\/article>\n\n\n<article class=\"col card-properties position-relative d-flex flex-column\">\n\t<div id=\"carouselCardProperties-1-2\" class=\"card-properties-images carousel slide carousel-fade lazy\" data-bs-ride=\"carousel\" data-bs-interval=\"200000\" data-id=\"691965\">\n\t\t<div class=\"carousel-inner\">\n\t\t\t<figure class=\"carousel-item mb-0 active ratio ratio-4x3\">\n\t\t\t\t<picture><source sizes=\"(max-width: 575px) calc(100vw - 24px), (max-width: 767px) 516px, (max-width: 991px) 696px, (max-width: 1199px) 296px, (max-width: 1399px) 356px, 400px\" width=\"696\" height=\"522\" srcset=\"https:\/\/media.panoramamarbella.com\/imgV1\/B95mbh8olwFQm~uCUaVOI2kQT0hb0a8sZ9turUNfnwtvuccYCzs0YVPfPbfkc2VnnN1JFDpkYaGfw1gJsS~5hOp7UjUPgmO51i1oHiYK52Xcec1w~yGTtgasolSKbgOKXDIuiuEbR83W_M1bJuXB7do3NSxLDpq7mF53YwQAVEwpkvdEwYS_ixppMeH1CHPOMHFm5wlvEg8nuYoZ~O8P5B_ShX53A_Hys6ZuSvqH0WB9j3f1Yjeca7J9XeQiGc4s3KaULRpDo~JntXxJ1N88id~nUdF2fTpg~aj0GH6sWcMMYVDB3tAPBOxrScmxvU6ri9CmQclcmF~AwkLW0Z5L_Uw2bwh6NfmqqdHAZ1gWx~7VXWh_e69GeOXZE2u8C9ZNNVc~o9gL3m4DIHBdnqsoNjl~UShw1GaiQZTaDBh~GDH8IfGQ9XpS5_~pVAOAMWZ~Z_VkEXVmaEpsURQB1t33.webp 696w,https:\/\/media.panoramamarbella.com\/imgV1\/B95mbh8olwFQm~uCUaVOI2kQT0hb0a8sZ9turUNfnwtvuccYCzs0YVPfPbfkc2VnnN1JFDpkYaGfw1gJsS~5hOp7UjUPgmO51i1oHiYK52Xcec1w~yGTtgasolSKbgOKXDIuiuEbR83W_M1bJuXB7do3NSxLDpq7mF53YwQAVlZoIYWhYyL9gz2PhbV3bj6DRucUhYzX7x8F02unjgPo58u7S0QBFz4pPMPp_a~mhLj7dVg3jjKVTh2eWnhhKNz~ntozghyzWXLn669g1MOnEMO1ghOkk8_8ID0867vF6DL1DX0cao6eHloD05CpQZkotgYB0t3ad0kmqhtljlJigQAZPLgZDlz_0KoXvaDT~UT0hieBlFe~BCkREq0ySLpgwMukNUIrPpAf595jAGf5WmtopGEf_CjX2sDjtqAw6~MMCkXRqewvnS4DaO0_WTz3~ckyg6g0fyliS50EEdoJ.webp 400w\" type=\"image\/webp\"><img decoding=\"async\" class=\"position-absolute w-100 h-100 object-fit-cover\" alt=\"Appartement impeccable en bord de mer avec vue sur les jardins matures de Marina Puente Romano\" loading=\"lazy\" width=\"696\" height=\"522\" src=\"https:\/\/media.panoramamarbella.com\/imgV1\/B95mbh8olwFQm~uCUaVOI2kQT0hb0a8sZ9turUNfnwtvuccYCzs0YVPfPbfkc2VnnN1JFDpkYaGfw1gJsS~5hOp7UjUPgmO51i1oHiYK52Xcec1w~yGTtgasolSKbgOKXDIuiuEbR83W_M1bJuXB7do3NSxLDpq7mF53YwQAVEwpkvdEwYS_ixppMeH1FiGGodhRm3lro3T0LPD1Vv7hZ4s5UUcrPbAxrl1iUcECinNbkLZ1kRlPB0qLRhUu07CKq6iKxhQRI0hW7EkYb4kupOF2Qv6w1GGe79u5JIZNBSRFxTrBcAnV2BVq1ebChs3dC~9mgqz8IBfMxSzRPELDFQXRv_bfp2AndN5rchYVIo0CoQ7X5GRyZ6M~t8S1l8SOpWSj7JAUsRU6amLfyJQ2ds1gAjFF4i_1xrZc60VXXQX8iRIksm8YtjztyZA-.jpg\"><\/picture>\t\t\t<\/figure>\n\t\t\t\t\t\t<span class=\"card-properties-ref position-absolute z-2 bottom-0 end-0 bg-white text-primary py-1 px-3 me-3\">\n\t\t\t\tPANR-16289\t\t\t<\/span>\n\t\t\t<button class=\"card-properties-portfolio d-flex align-items-center justify-content-center position-absolute z-3 end-0 text-white bg-primary me-3 border-0 px-0\" data-pfl-id=\"691965\" data-pfl-filter=\"sale\" aria-label=\"Add to portfolio\">\n\t\t\t\t<svg width=\"18\" fill=\"currentColor\" viewBox=\"0 0 512 512\">\n\t\t\t\t\t<use href=\"https:\/\/www.panoramamarbella.com\/wp-content\/themes\/panoramamarbella\/dist\/src\/images\/icons.svg#svgHeart\"><\/use>\n\t\t\t\t<\/svg>\n\t\t\t\t<svg width=\"18\" fill=\"currentColor\" viewBox=\"0 0 512 512\">\n\t\t\t\t\t<use href=\"https:\/\/www.panoramamarbella.com\/wp-content\/themes\/panoramamarbella\/dist\/src\/images\/icons.svg#svgHeartIn\"><\/use>\n\t\t\t\t<\/svg>\n\t\t\t<\/button>\n\t\t<\/div>\n\t\t\t\t<button\n\t\t\tclass=\"carousel-control-prev\"\n\t\t\ttype=\"button\"\n\t\t\tdata-bs-target=\"#carouselCardProperties-1-2\"\n\t\t\tdata-bs-slide=\"prev\">\n\t\t\t<span class=\"carousel-control-prev-icon\" aria-hidden=\"true\"><\/span>\n\t\t\t<span class=\"visually-hidden\">Pr\u00e9c\u00e9dent<\/span>\n\t\t<\/button>\n\t\t<button\n\t\t\tclass=\"carousel-control-next\"\n\t\t\ttype=\"button\"\n\t\t\tdata-bs-target=\"#carouselCardProperties-1-2\"\n\t\t\tdata-bs-slide=\"next\">\n\t\t\t<span class=\"carousel-control-next-icon\" aria-hidden=\"true\"><\/span>\n\t\t\t<span class=\"visually-hidden\">Suivant<\/span>\n\t\t<\/button>\n\t\t\t<\/div>\n\t<div class=\"d-flex flex-column h-100 px-3 py-4 shadow\">\n\t\t\t\t<h3 class=\"card-properties-title mb-3\">\n\t\t\t<a class=\"stretched-link\" href=\"\/fr\/proprietes\/marbella\/marbella-golden-mile\/marina-puente-romano\/appartements-habitats\/PANR-16289\">\n\t\t\t\tAppartement impeccable en bord de mer avec vue sur les jardins matures de Marina Puente Romano\t\t\t<\/a>\n\t\t<\/h3>\n\t\t<p class=\"mb-3 text-black-dark\">Marina Puente Romano, Marbella Golden Mile<\/p>\n\t\t\t\t\t\t<p class=\"card-properties-description mb-3\">\n\t\t\tSuperbe appartement de 2 chambres et 2 salles de bains situ\u00e9 dans le complexe exclusif Marina Puente Romano. Situ\u00e9 au sein du prestigieux resort Puente Romano, cet appartement r\u00e9nov\u00e9 allie \u00e9l\u00e9gance moderne, finitions haut de&#8230;\t\t<\/p>\n\t\t\t\t<span class=\"card-properties-price mt-auto\">\n\t\t\t\n\t\t\t<span class=\"card-properties-price mt-auto\" data-original-price=\"2600000\">2\u202f600\u202f000\u00a0\u20ac<\/span>\n\t\t\t\t<\/span>\n\t\t\t\t<ul class=\"card-properties-features list-unstyled d-flex flex-wrap align-items-center gap-3 pt-3 border-top mt-3 mb-0\">\n\t\t\t<li class=\"d-flex align-items-center\">2 Chambres<\/li><li class=\"d-flex align-items-center\">2 Bains<\/li>\t\t\t\t<li class=\"d-flex align-items-center\">\n\t\t\t\t\t <span class=\"me-1\" data-original-value=\"135\" data-original-unit=\"m&#038;sup2\">135 m&sup2;<\/span>Total\t\t\t\t<\/li>\n\t\t\t\t\t\t\t<li class=\"d-flex align-items-center\">\n\t\t\t\t\t <span class=\"me-1\" data-original-value=\"115\" data-original-unit=\"m&#038;sup2\">115 m&sup2;<\/span>Construit\t\t\t\t<\/li>\n\t\t\t\t\t\t\t<li class=\"d-flex align-items-center\">\n\t\t\t\t\t <span class=\"me-1\" data-original-value=\"20\" data-original-unit=\"m&#038;sup2\">20 m&sup2;<\/span>Terrasses\t\t\t\t<\/li>\n\t\t\t\t\t<\/ul>\n\t\t\t<\/div>\n<\/article>\n\t\t\t<\/div>\n\t\t\t<ul class=\"mw-100 d-flex flex-column flex-lg-row flex-lg-wrap justify-content-center gap-3 list-unstyled mt-5 mb-0\">\n    <li><a class=\"btn btn-primary w-100 px-4 py-2\" href=\"https:\/\/www.panoramamarbella.com\/fr\/proprietes\">Propri\u00e9t\u00e9s \u00e0 vendre dans la r\u00e9gion de Marbella<\/a><\/li><\/ul>\n\t\t<\/section>\n\t\n","protected":false},"excerpt":{"rendered":"","protected":false},"author":2,"featured_media":0,"parent":0,"menu_order":12,"comment_status":"closed","ping_status":"closed","template":"","meta":{"_acf_changed":false,"footnotes":""},"class_list":["post-6223","page","type-page","status-publish","hentry"],"acf":[],"_links":{"self":[{"href":"https:\/\/www.panoramamarbella.com\/fr\/wp-json\/wp\/v2\/pages\/6223","targetHints":{"allow":["GET"]}}],"collection":[{"href":"https:\/\/www.panoramamarbella.com\/fr\/wp-json\/wp\/v2\/pages"}],"about":[{"href":"https:\/\/www.panoramamarbella.com\/fr\/wp-json\/wp\/v2\/types\/page"}],"author":[{"embeddable":true,"href":"https:\/\/www.panoramamarbella.com\/fr\/wp-json\/wp\/v2\/users\/2"}],"replies":[{"embeddable":true,"href":"https:\/\/www.panoramamarbella.com\/fr\/wp-json\/wp\/v2\/comments?post=6223"}],"version-history":[{"count":1,"href":"https:\/\/www.panoramamarbella.com\/fr\/wp-json\/wp\/v2\/pages\/6223\/revisions"}],"predecessor-version":[{"id":23710,"href":"https:\/\/www.panoramamarbella.com\/fr\/wp-json\/wp\/v2\/pages\/6223\/revisions\/23710"}],"wp:attachment":[{"href":"https:\/\/www.panoramamarbella.com\/fr\/wp-json\/wp\/v2\/media?parent=6223"}],"curies":[{"name":"wp","href":"https:\/\/api.w.org\/{rel}","templated":true}]}}